{"id":7496,"date":"2019-09-26T15:35:50","date_gmt":"2019-09-26T15:35:50","guid":{"rendered":"https:\/\/showmotion.it\/prodotti\/non class\u00e9\/rotation\/"},"modified":"2019-09-26T15:35:50","modified_gmt":"2019-09-26T15:35:50","slug":"rotation","status":"publish","type":"product","link":"https:\/\/showmotion.it\/fr\/produit\/presentoirs-pour-ceramique-et-carrelagee\/rotation\/","title":{"rendered":"Rotation"},"content":{"rendered":"<p><a href=\"https:\/\/showmotion.it\/wp-content\/uploads\/2021\/04\/Icona_04_FR.jpg\"><img decoding=\"async\" class=\"alignnone size-full wp-image-7117\" src=\"https:\/\/showmotion.it\/wp-content\/uploads\/2021\/04\/Icona_04_FR.jpg\" alt=\"\" width=\"220\" height=\"72\" srcset=\"https:\/\/showmotion.it\/wp-content\/uploads\/2021\/04\/Icona_04_FR-200x65.jpg 200w, https:\/\/showmotion.it\/wp-content\/uploads\/2021\/04\/Icona_04_FR.jpg 220w\" sizes=\"(max-width: 220px) 100vw, 220px\" \/><\/a><\/p>\n<p>Pr\u00e9sentoir autoportant avec ch\u00e2ssis extractibles pivotants..<\/p>\n<p>Le ch\u00e2ssis rotatif est \u00e9quip\u00e9 d\u2019aimants qui \u00e9vitent le renversement ind\u00e9sirable avec un blocage du ch\u00e2ssis pivotant en position verticale.<\/p>\n<p>Le ch\u00e2ssis est \u00e9quip\u00e9 d\u2019un syst\u00e8me de s\u00e9curit\u00e9 qui limite la rotation \u00e0 90 degr\u00e9s.<\/p>\n<p>Le carreau de carrelage est bloqu\u00e9 \u00e0 l\u2019int\u00e9rieur du ch\u00e2ssis avec des vis r\u00e9glables.<\/p>\n<table style=\"width: 100%; height: 504px;\" border=\"1\" cellpadding=\"5px\">\n<thead>\n<tr style=\"height: 48px;\">\n<th style=\"width: 10%; height: 48px;\"><\/th>\n<th style=\"width: 12%; height: 48px;\"><strong>Carreau 60&#215;120<\/strong><\/th>\n<th style=\"width: 12%; height: 48px;\"><strong>Carreau 120&#215;120<\/strong><\/th>\n<th style=\"width: 12%; height: 48px;\"><strong>Carreau 80&#215;80<\/strong><\/th>\n<th style=\"width: 12%; height: 48px;\"><strong>Grande lastra 80&#215;160<\/strong><\/th>\n<th style=\"width: 12%; height: 48px;\"><strong>Carreau 90&#215;90<\/strong><\/th>\n<th style=\"width: 12%; height: 48px;\"><strong>Carreau 100&#215;100<\/strong><\/th>\n<th style=\"width: 12%; height: 48px;\"><strong>Grande plaque 75&#215;150<\/strong><\/th>\n<\/tr>\n<\/thead>\n<tbody>\n<tr style=\"height: 144px;\">\n<td style=\"width: 10%; height: 144px;\"><span style=\"font-size: 14pt;\"><strong>Rotation 5<\/strong><\/span><\/td>\n<td style=\"width: 12%; height: 144px;\">10 Carreaux<\/p>\n<p>Dimensions: 520 x 960\/1672 x H.1495 mm<\/td>\n<td style=\"width: 12%; height: 144px;\">10 Carreaux<\/p>\n<p>Dimensions: 520 x 1560\/2872 x H.1495 mm<\/td>\n<td style=\"width: 12%; height: 144px;\">10 Carreaux<\/p>\n<p>Dimensions: 520 x 1160\/2072 x H.1194 mm<\/td>\n<td style=\"width: 12%; height: 144px;\">10 lastre<\/p>\n<p>Dimensions: 520 x 1160\/2072 x H.1895\u00a0mm<\/td>\n<td style=\"width: 12%; height: 144px;\">10 Carreaux<\/p>\n<p>Dimensions: 520 x 1260\/2272 \u00a0x H.1294 mm<\/td>\n<td style=\"width: 12%; height: 144px;\">10 Carreaux<\/p>\n<p>Dimensions: 520 x 1260\/2472 \u00a0x H.1394 mm<\/td>\n<td style=\"width: 12%; height: 144px;\">10 lastre<\/p>\n<p>Dimensions: 520 x 1110\/1972 x H.1795\u00a0mm<\/td>\n<\/tr>\n<tr style=\"height: 144px;\">\n<td style=\"width: 10%; height: 144px;\"><span style=\"font-size: 14pt;\"><strong>Rotation 6<\/strong><\/span><\/td>\n<td style=\"width: 12%; height: 144px;\">12 Carreaux<\/p>\n<p>Dimensions: 612 x 960\/1672 x H.1495 mm<\/td>\n<td style=\"width: 12%; height: 144px;\">12 Carreaux<\/p>\n<p>Dimensions: 612 x 1560\/2872 x H.1495 mm<\/td>\n<td style=\"width: 12%; height: 144px;\">12 Carreaux<\/p>\n<p>Dimensions: 612 x 1160\/2072x H.1194 mm<\/td>\n<td style=\"width: 12%; height: 144px;\">12 lastre<\/p>\n<p>Dimensions: 612 x 1160\/2072 x H.1895 mm<\/td>\n<td style=\"width: 12%; height: 144px;\">12 Carreaux<\/p>\n<p>Dimensions: 612 x 1260\/2272 x H.1294 mm<\/td>\n<td style=\"width: 12%; height: 144px;\">12 Carreaux<\/p>\n<p>Dimensions: 612 x 1260\/2472 \u00a0x H.1394 mm<\/td>\n<td style=\"width: 12%; height: 144px;\">12 lastre<\/p>\n<p>Dimensions: 612x 1110\/1972 x H.1795\u00a0mm<\/td>\n<\/tr>\n<tr style=\"height: 144px;\">\n<td style=\"width: 10%; height: 144px;\"><span style=\"font-size: 14pt;\"><strong>Rotation 7<\/strong><\/span><\/td>\n<td style=\"width: 12%; height: 144px;\">14 Carreaux<\/p>\n<p>Dimensions: 704 x 960\/1672 x H.1495 mm<\/td>\n<td style=\"width: 12%; height: 144px;\">14 Carreaux<\/p>\n<p>Dimensions: 704 x 1560\/2872 x H.1495 mm<\/td>\n<td style=\"width: 12%; height: 144px;\">14 Carreaux<\/p>\n<p>Dimensions: 704 x 1160\/2072 x H.1194 mm<\/td>\n<td style=\"width: 12%; height: 144px;\">14 lastre<\/p>\n<p>Dimensions: 704 x 1160\/2072 x H.1895 mm<\/td>\n<td style=\"width: 12%; height: 144px;\">14 Carreaux<\/p>\n<p>Dimensions: 704 x 1260\/2272 x H.1294 mm<\/td>\n<td style=\"width: 12%; height: 144px;\">14 Carreaux<\/p>\n<p>Dimensions: 704x 1260\/2472 \u00a0x H.1394 mm<\/td>\n<td style=\"width: 12%; height: 144px;\">14 lastre<\/p>\n<p>Dimensions: 704 x 1110\/1972 x H.1795\u00a0mm<\/td>\n<\/tr>\n<tr style=\"height: 24px;\">\n<td style=\"width: 10%; height: 24px;\"><span style=\"font-size: 14pt;\"><strong>Rotation 8<\/strong><\/span><\/td>\n<td style=\"width: 12%; height: 24px;\">16 Carreaux<\/p>\n<p>Dimensions: 796 x 960\/1672 x H.1495 mm<\/td>\n<td style=\"width: 12%; height: 24px;\">16 Carreaux<\/p>\n<p>Dimensions: 796 x 1560\/2872 x H.1495 mm<\/td>\n<td style=\"width: 12%; height: 24px;\">16 Carreaux<\/p>\n<p>Dimensions: 796 x 1160\/2072 x H.1194 mm<\/td>\n<td style=\"width: 12%; height: 24px;\">16 lastre<\/p>\n<p>Dimensions: 796 x 1160\/2072 x H.1895 mm<\/td>\n<td style=\"width: 12%; height: 24px;\">16 Carreaux<\/p>\n<p>Dimensions: 796 x 1260\/2272 x H.1294 mm<\/td>\n<td style=\"width: 12%; height: 24px;\">16 Carreaux<\/p>\n<p>Dimensions: 796 x 1260\/2472 \u00a0x H.1394 mm<\/td>\n<td style=\"width: 12%; height: 24px;\">16 lastre<\/p>\n<p>Dimensions: 796 x 1110\/1972 x H.1795\u00a0mm<\/td>\n<\/tr>\n<\/tbody>\n<\/table>\n<h3><\/h3>\n<p>&nbsp;<\/p>\n<h3 style=\"text-align: center;\">RAL et finitions<\/h3>\n<table style=\"width: 100%; border-collapse: collapse;\" border=\"1\" cellpadding=\"5px\">\n<thead>\n<tr>\n<th style=\"width: 10%; text-align: center;\"><strong>\u00a0<\/strong><\/th>\n<th style=\"width: 14.0597%; text-align: center;\"><\/th>\n<th style=\"width: 15.9403%; text-align: center;\"><\/th>\n<th style=\"width: 11.8808%; text-align: center;\"><\/th>\n<th style=\"width: 13.2062%; text-align: center;\"><\/th>\n<th style=\"width: 11.8227%; text-align: center;\"><\/th>\n<th style=\"width: 13.7282%; text-align: center;\"><\/th>\n<\/tr>\n<\/thead>\n<tbody>\n<tr>\n<td style=\"width: 10%; text-align: center;\"><strong>Lisse brillant<\/strong><\/td>\n<td style=\"width: 14.0597%; text-align: center;\">RAL 9001<\/p>\n<p><img decoding=\"async\" class=\"alignnone wp-image-1346 size-full\" src=\"https:\/\/showmotion.it\/wp-content\/uploads\/2019\/08\/RAL9001.jpg\" alt=\"\" width=\"50\" height=\"50\" \/><\/td>\n<td style=\"width: 15.9403%; text-align: center;\">RAL 9003<\/p>\n<p><img decoding=\"async\" class=\"alignnone wp-image-1347 size-full\" src=\"https:\/\/showmotion.it\/wp-content\/uploads\/2019\/08\/RAL9003.jpg\" alt=\"\" width=\"50\" height=\"50\" \/><\/td>\n<td style=\"width: 11.8808%; text-align: center;\">RAL 9006<\/p>\n<p><img loading=\"lazy\" decoding=\"async\" class=\"alignnone wp-image-1348 size-full\" src=\"https:\/\/showmotion.it\/wp-content\/uploads\/2019\/08\/RAL9006.jpg\" alt=\"\" width=\"50\" height=\"50\" \/><\/td>\n<td style=\"width: 13.2062%; text-align: center;\">RAL 9007<\/p>\n<p><img loading=\"lazy\" decoding=\"async\" class=\"alignnone wp-image-1349 size-full\" src=\"https:\/\/showmotion.it\/wp-content\/uploads\/2019\/08\/RAL9007.jpg\" alt=\"\" width=\"50\" height=\"50\" \/><\/td>\n<td style=\"width: 11.8227%; text-align: center;\">RAL 9010<\/p>\n<p><img loading=\"lazy\" decoding=\"async\" class=\"alignnone wp-image-1350 size-full\" src=\"https:\/\/showmotion.it\/wp-content\/uploads\/2019\/08\/RAL9010.jpg\" alt=\"\" width=\"50\" height=\"50\" \/><\/td>\n<td style=\"width: 13.7282%; text-align: center;\"><\/td>\n<\/tr>\n<tr>\n<td style=\"width: 10%; text-align: center;\"><strong>Lisse mat<\/strong><\/td>\n<td style=\"width: 14.0597%; text-align: center;\">RAL 9005<\/p>\n<p><img loading=\"lazy\" decoding=\"async\" class=\"alignnone wp-image-1351 size-full\" src=\"https:\/\/showmotion.it\/wp-content\/uploads\/2019\/08\/RAL9005.jpg\" alt=\"\" width=\"50\" height=\"50\" \/><\/td>\n<td style=\"width: 15.9403%; text-align: center;\">RAL 9016<\/p>\n<p><img loading=\"lazy\" decoding=\"async\" class=\"alignnone wp-image-4908 size-full\" src=\"https:\/\/showmotion.it\/wp-content\/uploads\/2020\/03\/RAL9016.jpg\" alt=\"\" width=\"50\" height=\"50\" \/><\/td>\n<td style=\"width: 11.8808%; text-align: center;\"><\/td>\n<td style=\"width: 13.2062%; text-align: center;\"><\/td>\n<td style=\"width: 11.8227%; text-align: center;\"><\/td>\n<td style=\"width: 13.7282%; text-align: center;\"><\/td>\n<\/tr>\n<tr>\n<td style=\"width: 10%; text-align: center;\"><strong>Gaufr\u00e9 (appel\u00e9 aussi pliss\u00e9) mat<\/strong><\/td>\n<td style=\"width: 14.0597%; text-align: center;\">RAL 7011<\/p>\n<p><img loading=\"lazy\" decoding=\"async\" class=\"alignnone wp-image-1353 size-full\" src=\"https:\/\/showmotion.it\/wp-content\/uploads\/2019\/08\/RAL7011.jpg\" alt=\"\" width=\"50\" height=\"50\" \/><\/td>\n<td style=\"width: 15.9403%; text-align: center;\">RAL 7015<\/p>\n<p><img loading=\"lazy\" decoding=\"async\" class=\"alignnone wp-image-1354 size-full\" src=\"https:\/\/showmotion.it\/wp-content\/uploads\/2019\/08\/RAL7015.jpg\" alt=\"\" width=\"50\" height=\"50\" \/><\/td>\n<td style=\"width: 11.8808%; text-align: center;\">RAL 7016<\/p>\n<p><img loading=\"lazy\" decoding=\"async\" class=\"alignnone wp-image-1355 size-full\" src=\"https:\/\/showmotion.it\/wp-content\/uploads\/2019\/08\/RAL7016.jpg\" alt=\"\" width=\"50\" height=\"50\" \/><\/td>\n<td style=\"width: 13.2062%; text-align: center;\">RAL 7035<\/p>\n<p><img loading=\"lazy\" decoding=\"async\" class=\"alignnone wp-image-1356 size-full\" src=\"https:\/\/showmotion.it\/wp-content\/uploads\/2019\/08\/RAL7035.jpg\" alt=\"\" width=\"50\" height=\"50\" \/><\/td>\n<td style=\"width: 11.8227%; text-align: center;\">RAL 7036<\/p>\n<p><img loading=\"lazy\" decoding=\"async\" class=\"alignnone wp-image-1357 size-full\" src=\"https:\/\/showmotion.it\/wp-content\/uploads\/2019\/08\/RAL7036.jpg\" alt=\"\" width=\"50\" height=\"50\" \/><\/td>\n<td style=\"width: 13.7282%; text-align: center;\">RAL 9006<\/p>\n<p><img loading=\"lazy\" decoding=\"async\" class=\"alignnone wp-image-1348 size-full\" src=\"https:\/\/showmotion.it\/wp-content\/uploads\/2019\/08\/RAL9006.jpg\" alt=\"\" width=\"50\" height=\"50\" \/><\/td>\n<\/tr>\n<\/tbody>\n<\/table>\n<p>&nbsp;<\/p>\n","protected":false},"excerpt":{"rendered":"<p>Pr\u00e9sentoir autoportant avec ch\u00e2ssis extractibles pivotants.. Le ch\u00e2ssis rotatif est \u00e9quip\u00e9 d\u2019aimants qui \u00e9vitent le renversement ind\u00e9sirable avec un blocage du ch\u00e2ssis pivotant en position verticale. Le ch\u00e2ssis est \u00e9quip\u00e9 d\u2019un syst\u00e8me de s\u00e9curit\u00e9 qui limite la rotation \u00e0 90 degr\u00e9s. Le carreau de carrelage est bloqu\u00e9 \u00e0 l\u2019int\u00e9rieur du ch\u00e2ssis avec des vis r\u00e9glables. [&hellip;]<\/p>\n","protected":false},"featured_media":7499,"comment_status":"closed","ping_status":"closed","template":"","meta":[],"product_brand":[],"product_cat":[261],"product_tag":[],"class_list":{"0":"post-7496","1":"product","2":"type-product","3":"status-publish","4":"has-post-thumbnail","6":"product_cat-presentoirs-pour-ceramique-et-carrelagee","8":"first","9":"instock","10":"shipping-taxable","11":"product-type-simple"},"yoast_head":"<!-- This site is optimized with the Yoast SEO plugin v24.6 - https:\/\/yoast.com\/wordpress\/plugins\/seo\/ -->\n<title>Rotation - Showmotion<\/title>\n<meta name=\"robots\" content=\"index, follow, max-snippet:-1, max-image-preview:large, max-video-preview:-1\" \/>\n<link rel=\"canonical\" href=\"https:\/\/showmotion.it\/fr\/produit\/presentoirs-pour-ceramique-et-carrelagee\/rotation\/\" \/>\n<meta property=\"og:locale\" content=\"fr_FR\" \/>\n<meta property=\"og:type\" content=\"article\" \/>\n<meta property=\"og:title\" content=\"Rotation - Showmotion\" \/>\n<meta property=\"og:description\" content=\"Pr\u00e9sentoir autoportant avec ch\u00e2ssis extractibles pivotants.. Le ch\u00e2ssis rotatif est \u00e9quip\u00e9 d\u2019aimants qui \u00e9vitent le renversement ind\u00e9sirable avec un blocage du ch\u00e2ssis pivotant en position verticale. Le ch\u00e2ssis est \u00e9quip\u00e9 d\u2019un syst\u00e8me de s\u00e9curit\u00e9 qui limite la rotation \u00e0 90 degr\u00e9s. Le carreau de carrelage est bloqu\u00e9 \u00e0 l\u2019int\u00e9rieur du ch\u00e2ssis avec des vis r\u00e9glables. [&hellip;]\" \/>\n<meta property=\"og:url\" content=\"https:\/\/showmotion.it\/fr\/produit\/presentoirs-pour-ceramique-et-carrelagee\/rotation\/\" \/>\n<meta property=\"og:site_name\" content=\"Showmotion\" \/>\n<meta property=\"article:publisher\" content=\"https:\/\/www.facebook.com\/showmotion.it\/\" \/>\n<meta property=\"og:image\" content=\"https:\/\/showmotion.it\/wp-content\/uploads\/2019\/09\/ShowMotion_ROTATION-5_espositore-per-ceramiche-grandi-formati-lastre.jpg\" \/>\n\t<meta property=\"og:image:width\" content=\"960\" \/>\n\t<meta property=\"og:image:height\" content=\"720\" \/>\n\t<meta property=\"og:image:type\" content=\"image\/jpeg\" \/>\n<meta name=\"twitter:card\" content=\"summary_large_image\" \/>\n<meta name=\"twitter:label1\" content=\"Dur\u00e9e de lecture estim\u00e9e\" \/>\n\t<meta name=\"twitter:data1\" content=\"1 minute\" \/>\n<script type=\"application\/ld+json\" class=\"yoast-schema-graph\">{\"@context\":\"https:\/\/schema.org\",\"@graph\":[{\"@type\":\"WebPage\",\"@id\":\"https:\/\/showmotion.it\/fr\/produit\/presentoirs-pour-ceramique-et-carrelagee\/rotation\/\",\"url\":\"https:\/\/showmotion.it\/fr\/produit\/presentoirs-pour-ceramique-et-carrelagee\/rotation\/\",\"name\":\"Rotation - Showmotion\",\"isPartOf\":{\"@id\":\"https:\/\/showmotion.it\/fr\/#website\"},\"primaryImageOfPage\":{\"@id\":\"https:\/\/showmotion.it\/fr\/produit\/presentoirs-pour-ceramique-et-carrelagee\/rotation\/#primaryimage\"},\"image\":{\"@id\":\"https:\/\/showmotion.it\/fr\/produit\/presentoirs-pour-ceramique-et-carrelagee\/rotation\/#primaryimage\"},\"thumbnailUrl\":\"https:\/\/showmotion.it\/wp-content\/uploads\/2019\/09\/ShowMotion_ROTATION-5_espositore-per-ceramiche-grandi-formati-lastre.jpg\",\"datePublished\":\"2019-09-26T15:35:50+00:00\",\"breadcrumb\":{\"@id\":\"https:\/\/showmotion.it\/fr\/produit\/presentoirs-pour-ceramique-et-carrelagee\/rotation\/#breadcrumb\"},\"inLanguage\":\"fr-FR\",\"potentialAction\":[{\"@type\":\"ReadAction\",\"target\":[\"https:\/\/showmotion.it\/fr\/produit\/presentoirs-pour-ceramique-et-carrelagee\/rotation\/\"]}]},{\"@type\":\"ImageObject\",\"inLanguage\":\"fr-FR\",\"@id\":\"https:\/\/showmotion.it\/fr\/produit\/presentoirs-pour-ceramique-et-carrelagee\/rotation\/#primaryimage\",\"url\":\"https:\/\/showmotion.it\/wp-content\/uploads\/2019\/09\/ShowMotion_ROTATION-5_espositore-per-ceramiche-grandi-formati-lastre.jpg\",\"contentUrl\":\"https:\/\/showmotion.it\/wp-content\/uploads\/2019\/09\/ShowMotion_ROTATION-5_espositore-per-ceramiche-grandi-formati-lastre.jpg\",\"width\":960,\"height\":720,\"caption\":\"Pr\u00e4sentationm\u00f6bel Fliesen - Modell Libero - Showmotion\"},{\"@type\":\"BreadcrumbList\",\"@id\":\"https:\/\/showmotion.it\/fr\/produit\/presentoirs-pour-ceramique-et-carrelagee\/rotation\/#breadcrumb\",\"itemListElement\":[{\"@type\":\"ListItem\",\"position\":1,\"name\":\"Home\",\"item\":\"https:\/\/showmotion.it\/fr\/\"},{\"@type\":\"ListItem\",\"position\":2,\"name\":\"Shop\",\"item\":\"https:\/\/showmotion.it\/fr\/shop\/\"},{\"@type\":\"ListItem\",\"position\":3,\"name\":\"Rotation\"}]},{\"@type\":\"WebSite\",\"@id\":\"https:\/\/showmotion.it\/fr\/#website\",\"url\":\"https:\/\/showmotion.it\/fr\/\",\"name\":\"Showmotion\",\"description\":\"Ogni showroom un&#039;emozione\",\"publisher\":{\"@id\":\"https:\/\/showmotion.it\/fr\/#organization\"},\"potentialAction\":[{\"@type\":\"SearchAction\",\"target\":{\"@type\":\"EntryPoint\",\"urlTemplate\":\"https:\/\/showmotion.it\/fr\/?s={search_term_string}\"},\"query-input\":{\"@type\":\"PropertyValueSpecification\",\"valueRequired\":true,\"valueName\":\"search_term_string\"}}],\"inLanguage\":\"fr-FR\"},{\"@type\":\"Organization\",\"@id\":\"https:\/\/showmotion.it\/fr\/#organization\",\"name\":\"ShowMotion\",\"url\":\"https:\/\/showmotion.it\/fr\/\",\"logo\":{\"@type\":\"ImageObject\",\"inLanguage\":\"fr-FR\",\"@id\":\"https:\/\/showmotion.it\/fr\/#\/schema\/logo\/image\/\",\"url\":\"https:\/\/showmotion.it\/wp-content\/uploads\/2021\/01\/logo.png\",\"contentUrl\":\"https:\/\/showmotion.it\/wp-content\/uploads\/2021\/01\/logo.png\",\"width\":272,\"height\":67,\"caption\":\"ShowMotion\"},\"image\":{\"@id\":\"https:\/\/showmotion.it\/fr\/#\/schema\/logo\/image\/\"},\"sameAs\":[\"https:\/\/www.facebook.com\/showmotion.it\/\",\"https:\/\/www.linkedin.com\/company\/showmotion-it\/\"]}]}<\/script>\n<!-- \/ Yoast SEO plugin. -->","yoast_head_json":{"title":"Rotation - Showmotion","robots":{"index":"index","follow":"follow","max-snippet":"max-snippet:-1","max-image-preview":"max-image-preview:large","max-video-preview":"max-video-preview:-1"},"canonical":"https:\/\/showmotion.it\/fr\/produit\/presentoirs-pour-ceramique-et-carrelagee\/rotation\/","og_locale":"fr_FR","og_type":"article","og_title":"Rotation - Showmotion","og_description":"Pr\u00e9sentoir autoportant avec ch\u00e2ssis extractibles pivotants.. Le ch\u00e2ssis rotatif est \u00e9quip\u00e9 d\u2019aimants qui \u00e9vitent le renversement ind\u00e9sirable avec un blocage du ch\u00e2ssis pivotant en position verticale. Le ch\u00e2ssis est \u00e9quip\u00e9 d\u2019un syst\u00e8me de s\u00e9curit\u00e9 qui limite la rotation \u00e0 90 degr\u00e9s. Le carreau de carrelage est bloqu\u00e9 \u00e0 l\u2019int\u00e9rieur du ch\u00e2ssis avec des vis r\u00e9glables. [&hellip;]","og_url":"https:\/\/showmotion.it\/fr\/produit\/presentoirs-pour-ceramique-et-carrelagee\/rotation\/","og_site_name":"Showmotion","article_publisher":"https:\/\/www.facebook.com\/showmotion.it\/","og_image":[{"width":960,"height":720,"url":"https:\/\/showmotion.it\/wp-content\/uploads\/2019\/09\/ShowMotion_ROTATION-5_espositore-per-ceramiche-grandi-formati-lastre.jpg","type":"image\/jpeg"}],"twitter_card":"summary_large_image","twitter_misc":{"Dur\u00e9e de lecture estim\u00e9e":"1 minute"},"schema":{"@context":"https:\/\/schema.org","@graph":[{"@type":"WebPage","@id":"https:\/\/showmotion.it\/fr\/produit\/presentoirs-pour-ceramique-et-carrelagee\/rotation\/","url":"https:\/\/showmotion.it\/fr\/produit\/presentoirs-pour-ceramique-et-carrelagee\/rotation\/","name":"Rotation - Showmotion","isPartOf":{"@id":"https:\/\/showmotion.it\/fr\/#website"},"primaryImageOfPage":{"@id":"https:\/\/showmotion.it\/fr\/produit\/presentoirs-pour-ceramique-et-carrelagee\/rotation\/#primaryimage"},"image":{"@id":"https:\/\/showmotion.it\/fr\/produit\/presentoirs-pour-ceramique-et-carrelagee\/rotation\/#primaryimage"},"thumbnailUrl":"https:\/\/showmotion.it\/wp-content\/uploads\/2019\/09\/ShowMotion_ROTATION-5_espositore-per-ceramiche-grandi-formati-lastre.jpg","datePublished":"2019-09-26T15:35:50+00:00","breadcrumb":{"@id":"https:\/\/showmotion.it\/fr\/produit\/presentoirs-pour-ceramique-et-carrelagee\/rotation\/#breadcrumb"},"inLanguage":"fr-FR","potentialAction":[{"@type":"ReadAction","target":["https:\/\/showmotion.it\/fr\/produit\/presentoirs-pour-ceramique-et-carrelagee\/rotation\/"]}]},{"@type":"ImageObject","inLanguage":"fr-FR","@id":"https:\/\/showmotion.it\/fr\/produit\/presentoirs-pour-ceramique-et-carrelagee\/rotation\/#primaryimage","url":"https:\/\/showmotion.it\/wp-content\/uploads\/2019\/09\/ShowMotion_ROTATION-5_espositore-per-ceramiche-grandi-formati-lastre.jpg","contentUrl":"https:\/\/showmotion.it\/wp-content\/uploads\/2019\/09\/ShowMotion_ROTATION-5_espositore-per-ceramiche-grandi-formati-lastre.jpg","width":960,"height":720,"caption":"Pr\u00e4sentationm\u00f6bel Fliesen - Modell Libero - Showmotion"},{"@type":"BreadcrumbList","@id":"https:\/\/showmotion.it\/fr\/produit\/presentoirs-pour-ceramique-et-carrelagee\/rotation\/#breadcrumb","itemListElement":[{"@type":"ListItem","position":1,"name":"Home","item":"https:\/\/showmotion.it\/fr\/"},{"@type":"ListItem","position":2,"name":"Shop","item":"https:\/\/showmotion.it\/fr\/shop\/"},{"@type":"ListItem","position":3,"name":"Rotation"}]},{"@type":"WebSite","@id":"https:\/\/showmotion.it\/fr\/#website","url":"https:\/\/showmotion.it\/fr\/","name":"Showmotion","description":"Ogni showroom un&#039;emozione","publisher":{"@id":"https:\/\/showmotion.it\/fr\/#organization"},"potentialAction":[{"@type":"SearchAction","target":{"@type":"EntryPoint","urlTemplate":"https:\/\/showmotion.it\/fr\/?s={search_term_string}"},"query-input":{"@type":"PropertyValueSpecification","valueRequired":true,"valueName":"search_term_string"}}],"inLanguage":"fr-FR"},{"@type":"Organization","@id":"https:\/\/showmotion.it\/fr\/#organization","name":"ShowMotion","url":"https:\/\/showmotion.it\/fr\/","logo":{"@type":"ImageObject","inLanguage":"fr-FR","@id":"https:\/\/showmotion.it\/fr\/#\/schema\/logo\/image\/","url":"https:\/\/showmotion.it\/wp-content\/uploads\/2021\/01\/logo.png","contentUrl":"https:\/\/showmotion.it\/wp-content\/uploads\/2021\/01\/logo.png","width":272,"height":67,"caption":"ShowMotion"},"image":{"@id":"https:\/\/showmotion.it\/fr\/#\/schema\/logo\/image\/"},"sameAs":["https:\/\/www.facebook.com\/showmotion.it\/","https:\/\/www.linkedin.com\/company\/showmotion-it\/"]}]}},"_links":{"self":[{"href":"https:\/\/showmotion.it\/fr\/wp-json\/wp\/v2\/product\/7496","targetHints":{"allow":["GET"]}}],"collection":[{"href":"https:\/\/showmotion.it\/fr\/wp-json\/wp\/v2\/product"}],"about":[{"href":"https:\/\/showmotion.it\/fr\/wp-json\/wp\/v2\/types\/product"}],"replies":[{"embeddable":true,"href":"https:\/\/showmotion.it\/fr\/wp-json\/wp\/v2\/comments?post=7496"}],"wp:featuredmedia":[{"embeddable":true,"href":"https:\/\/showmotion.it\/fr\/wp-json\/wp\/v2\/media\/7499"}],"wp:attachment":[{"href":"https:\/\/showmotion.it\/fr\/wp-json\/wp\/v2\/media?parent=7496"}],"wp:term":[{"taxonomy":"product_brand","embeddable":true,"href":"https:\/\/showmotion.it\/fr\/wp-json\/wp\/v2\/product_brand?post=7496"},{"taxonomy":"product_cat","embeddable":true,"href":"https:\/\/showmotion.it\/fr\/wp-json\/wp\/v2\/product_cat?post=7496"},{"taxonomy":"product_tag","embeddable":true,"href":"https:\/\/showmotion.it\/fr\/wp-json\/wp\/v2\/product_tag?post=7496"}],"curies":[{"name":"wp","href":"https:\/\/api.w.org\/{rel}","templated":true}]}}