{"id":7395,"date":"2019-11-25T17:01:33","date_gmt":"2019-11-25T17:01:33","guid":{"rendered":"https:\/\/showmotion.it\/prodotti\/non class\u00e9\/x-diagonal\/"},"modified":"2019-11-25T17:01:33","modified_gmt":"2019-11-25T17:01:33","slug":"x-diagonal","status":"publish","type":"product","link":"https:\/\/showmotion.it\/fr\/produit\/presentoirs-pour-portes-fenetres-cadres\/espositori-salvaspazio-fr\/x-diagonal\/","title":{"rendered":"X Diagonal"},"content":{"rendered":"<p>Pr\u00e9sentoir extractible pour 4+ \u00e9chantillons dans des ch\u00e2ssis coulissants.<\/p>\n<p>Inclinaison \u00e0 45\u00b0. Disponible aussi bien dans la version DROITE que GAUCHE.<\/p>\n<p>Fixation murale. Montage facile et rapide.<\/p>\n<table style=\"width: 100%; height: 293px;\" border=\"1\" cellpadding=\"5px\">\n<thead>\n<tr style=\"height: 24px;\">\n<th style=\"height: 24px; width: 10%;\"><\/th>\n<th style=\"width: 9.0617%; height: 24px;\"><strong>Jeu int\u00e9rieur du ch\u00e2ssis 91x218x10 cm<\/strong><\/th>\n<th style=\"width: 9.0617%; height: 24px;\"><strong>Jeu int\u00e9rieur du ch\u00e2ssis 103x218x10 cm<\/strong><\/th>\n<\/tr>\n<\/thead>\n<tbody>\n<tr style=\"height: 136px;\">\n<td style=\"width: 10%; height: 39px;\"><span style=\"font-size: 14pt;\"><strong>X 4 Diagonal<\/strong><\/span><\/td>\n<td style=\"width: 9.0617%; height: 39px;\">4 portes int\u00e9rieures 80&#215;210<\/p>\n<p>Dimensions: 1967\/2557 x 957\/1520 x H.2332 mm<\/p>\n<p>Capacit\u00e9 maximale d\u2019un ch\u00e2ssis: 70 Kg<\/td>\n<td style=\"width: 9.0617%; height: 39px;\">4 fen\u00eatres ou portillons<\/p>\n<p>Dimensions:<\/p>\n<p>Capacit\u00e9 maximale d\u2019un ch\u00e2ssis: 120 Kg<\/td>\n<\/tr>\n<tr style=\"height: 57px;\">\n<td style=\"width: 10%; height: 57px;\"><span style=\"font-size: 14pt;\"><strong>X 5 Diagonal<\/strong><\/span><\/td>\n<td style=\"width: 9.0617%; height: 57px;\">5 portes int\u00e9rieures 80&#215;210<\/p>\n<p>Dimensions: 2277\/2867 x 957\/1520 x H.2332 mm<\/p>\n<p>Capacit\u00e9 maximale d\u2019un ch\u00e2ssis: 70 Kg<\/td>\n<td style=\"width: 9.0617%; height: 57px;\">5 fen\u00eatres ou portillons<\/p>\n<p>Dimensions:<\/p>\n<p>Capacit\u00e9 maximale d\u2019un ch\u00e2ssis: 120 Kg<\/td>\n<\/tr>\n<tr style=\"height: 57px;\">\n<td style=\"width: 10%; height: 57px;\"><span style=\"font-size: 14pt;\"><strong>X 6 Diagonal<\/strong><\/span><\/td>\n<td style=\"width: 9.0617%; height: 57px;\">6 portes int\u00e9rieures 80&#215;210<\/p>\n<p>Dimensions: 2587\/3177 x 957\/1520 x H.2332 mm<\/p>\n<p>Capacit\u00e9 maximale d\u2019un ch\u00e2ssis: 70 Kg<\/td>\n<td style=\"width: 9.0617%; height: 57px;\">6 fen\u00eatres ou portillons<\/p>\n<p>Dimensions:<\/p>\n<p>Capacit\u00e9 maximale d\u2019un ch\u00e2ssis: 120 Kg<\/td>\n<\/tr>\n<tr style=\"height: 58px;\">\n<td style=\"width: 10%; height: 58px;\"><span style=\"font-size: 14pt;\"><strong>X 7 Diagonal<\/strong><\/span><\/td>\n<td style=\"width: 9.0617%; height: 58px;\">7 portes int\u00e9rieures 80&#215;210<\/p>\n<p>Dimensions: 2897\/3487 x 957\/1520 x H.2332 mm<\/p>\n<p>Capacit\u00e9 maximale d\u2019un ch\u00e2ssis: 70 Kg<\/td>\n<td style=\"width: 9.0617%; height: 58px;\">7 fen\u00eatres ou portillons<\/p>\n<p>Dimensions:<\/p>\n<p>Capacit\u00e9 maximale d\u2019un ch\u00e2ssis: 120 Kg<\/td>\n<\/tr>\n<tr style=\"height: 58px;\">\n<td style=\"width: 10%; height: 58px;\"><span style=\"font-size: 14pt;\"><strong>X 8 Diagonal<\/strong><\/span><\/td>\n<td style=\"width: 9.0617%; height: 58px;\">7 portes int\u00e9rieures 80&#215;210<\/p>\n<p>Dimensions: 3207\/3797 x 957\/1520 x H.2332 mm<\/p>\n<p>Capacit\u00e9 maximale d\u2019un ch\u00e2ssis: 70 Kg<\/td>\n<td style=\"width: 9.0617%; height: 58px;\">7 fen\u00eatres ou portillons<\/p>\n<p>Dimensions:<\/p>\n<p>Capacit\u00e9 maximale d\u2019un ch\u00e2ssis: 120 Kg<\/td>\n<\/tr>\n<\/tbody>\n<\/table>\n<h3><\/h3>\n<p>&nbsp;<\/p>\n<h3 style=\"text-align: center;\">RAL et finitions<\/h3>\n<table style=\"width: 100%; border-collapse: collapse;\" border=\"1\" cellpadding=\"5px\">\n<thead>\n<tr>\n<th style=\"width: 10%; text-align: center;\"><strong>\u00a0<\/strong><\/th>\n<th style=\"width: 14.0597%; text-align: center;\"><\/th>\n<th style=\"width: 15.9403%; text-align: center;\"><\/th>\n<th style=\"width: 11.8808%; text-align: center;\"><\/th>\n<th style=\"width: 13.2062%; text-align: center;\"><\/th>\n<th style=\"width: 11.8227%; text-align: center;\"><\/th>\n<th style=\"width: 13.7282%; text-align: center;\"><\/th>\n<\/tr>\n<\/thead>\n<tbody>\n<tr>\n<td style=\"width: 10%; text-align: center;\"><strong>Lisse brillant<\/strong><\/td>\n<td style=\"width: 14.0597%; text-align: center;\">RAL 9001<\/p>\n<p><img decoding=\"async\" class=\"alignnone wp-image-1346 size-full\" src=\"https:\/\/showmotion.it\/wp-content\/uploads\/2019\/08\/RAL9001.jpg\" alt=\"\" width=\"50\" height=\"50\" \/><\/td>\n<td style=\"width: 15.9403%; text-align: center;\">RAL 9003<\/p>\n<p><img decoding=\"async\" class=\"alignnone wp-image-1347 size-full\" src=\"https:\/\/showmotion.it\/wp-content\/uploads\/2019\/08\/RAL9003.jpg\" alt=\"\" width=\"50\" height=\"50\" \/><\/td>\n<td style=\"width: 11.8808%; text-align: center;\">RAL 9006<\/p>\n<p><img decoding=\"async\" class=\"alignnone wp-image-1348 size-full\" src=\"https:\/\/showmotion.it\/wp-content\/uploads\/2019\/08\/RAL9006.jpg\" alt=\"\" width=\"50\" height=\"50\" \/><\/td>\n<td style=\"width: 13.2062%; text-align: center;\">RAL 9007<\/p>\n<p><img loading=\"lazy\" decoding=\"async\" class=\"alignnone wp-image-1349 size-full\" src=\"https:\/\/showmotion.it\/wp-content\/uploads\/2019\/08\/RAL9007.jpg\" alt=\"\" width=\"50\" height=\"50\" \/><\/td>\n<td style=\"width: 11.8227%; text-align: center;\">RAL 9010<\/p>\n<p><img loading=\"lazy\" decoding=\"async\" class=\"alignnone wp-image-1350 size-full\" src=\"https:\/\/showmotion.it\/wp-content\/uploads\/2019\/08\/RAL9010.jpg\" alt=\"\" width=\"50\" height=\"50\" \/><\/td>\n<td style=\"width: 13.7282%; text-align: center;\"><\/td>\n<\/tr>\n<tr>\n<td style=\"width: 10%; text-align: center;\"><strong>Lisse mat<\/strong><\/td>\n<td style=\"width: 14.0597%; text-align: center;\">RAL 9005<\/p>\n<p><img loading=\"lazy\" decoding=\"async\" class=\"alignnone wp-image-1351 size-full\" src=\"https:\/\/showmotion.it\/wp-content\/uploads\/2019\/08\/RAL9005.jpg\" alt=\"\" width=\"50\" height=\"50\" \/><\/td>\n<td style=\"width: 15.9403%; text-align: center;\">RAL 9016<\/p>\n<p><img loading=\"lazy\" decoding=\"async\" class=\"alignnone wp-image-4908 size-full\" src=\"https:\/\/showmotion.it\/wp-content\/uploads\/2020\/03\/RAL9016.jpg\" alt=\"\" width=\"50\" height=\"50\" \/><\/td>\n<td style=\"width: 11.8808%; text-align: center;\"><\/td>\n<td style=\"width: 13.2062%; text-align: center;\"><\/td>\n<td style=\"width: 11.8227%; text-align: center;\"><\/td>\n<td style=\"width: 13.7282%; text-align: center;\"><\/td>\n<\/tr>\n<tr>\n<td style=\"width: 10%; text-align: center;\"><strong>Gaufr\u00e9 (appel\u00e9 aussi pliss\u00e9) mat<\/strong><\/td>\n<td style=\"width: 14.0597%; text-align: center;\">RAL 7011<\/p>\n<p><img loading=\"lazy\" decoding=\"async\" class=\"alignnone wp-image-1353 size-full\" src=\"https:\/\/showmotion.it\/wp-content\/uploads\/2019\/08\/RAL7011.jpg\" alt=\"\" width=\"50\" height=\"50\" \/><\/td>\n<td style=\"width: 15.9403%; text-align: center;\">RAL 7015<\/p>\n<p><img loading=\"lazy\" decoding=\"async\" class=\"alignnone wp-image-1354 size-full\" src=\"https:\/\/showmotion.it\/wp-content\/uploads\/2019\/08\/RAL7015.jpg\" alt=\"\" width=\"50\" height=\"50\" \/><\/td>\n<td style=\"width: 11.8808%; text-align: center;\">RAL 7016<\/p>\n<p><img loading=\"lazy\" decoding=\"async\" class=\"alignnone wp-image-1355 size-full\" src=\"https:\/\/showmotion.it\/wp-content\/uploads\/2019\/08\/RAL7016.jpg\" alt=\"\" width=\"50\" height=\"50\" \/><\/td>\n<td style=\"width: 13.2062%; text-align: center;\">RAL 7035<\/p>\n<p><img loading=\"lazy\" decoding=\"async\" class=\"alignnone wp-image-1356 size-full\" src=\"https:\/\/showmotion.it\/wp-content\/uploads\/2019\/08\/RAL7035.jpg\" alt=\"\" width=\"50\" height=\"50\" \/><\/td>\n<td style=\"width: 11.8227%; text-align: center;\">RAL 7036<\/p>\n<p><img loading=\"lazy\" decoding=\"async\" class=\"alignnone wp-image-1357 size-full\" src=\"https:\/\/showmotion.it\/wp-content\/uploads\/2019\/08\/RAL7036.jpg\" alt=\"\" width=\"50\" height=\"50\" \/><\/td>\n<td style=\"width: 13.7282%; text-align: center;\">RAL 9006<\/p>\n<p><img decoding=\"async\" class=\"alignnone wp-image-1348 size-full\" src=\"https:\/\/showmotion.it\/wp-content\/uploads\/2019\/08\/RAL9006.jpg\" alt=\"\" width=\"50\" height=\"50\" \/><\/td>\n<\/tr>\n<\/tbody>\n<\/table>\n<p>&nbsp;<\/p>\n","protected":false},"excerpt":{"rendered":"<p>Pr\u00e9sentoir extractible pour 4+ \u00e9chantillons dans des ch\u00e2ssis coulissants. Inclinaison \u00e0 45\u00b0. Disponible aussi bien dans la version DROITE que GAUCHE. Fixation murale. Montage facile et rapide. Jeu int\u00e9rieur du ch\u00e2ssis 91x218x10 cm Jeu int\u00e9rieur du ch\u00e2ssis 103x218x10 cm X 4 Diagonal 4 portes int\u00e9rieures 80&#215;210 Dimensions: 1967\/2557 x 957\/1520 x H.2332 mm Capacit\u00e9 maximale [&hellip;]<\/p>\n","protected":false},"featured_media":7402,"comment_status":"closed","ping_status":"closed","template":"","meta":[],"product_brand":[],"product_cat":[264,262],"product_tag":[],"class_list":{"0":"post-7395","1":"product","2":"type-product","3":"status-publish","4":"has-post-thumbnail","6":"product_cat-espositori-salvaspazio-fr","7":"product_cat-presentoirs-pour-portes-fenetres-cadres","9":"first","10":"instock","11":"shipping-taxable","12":"product-type-simple"},"yoast_head":"<!-- This site is optimized with the Yoast SEO plugin v24.6 - https:\/\/yoast.com\/wordpress\/plugins\/seo\/ -->\n<title>X Diagonal - Showmotion<\/title>\n<meta name=\"robots\" content=\"index, follow, max-snippet:-1, max-image-preview:large, max-video-preview:-1\" \/>\n<link rel=\"canonical\" href=\"https:\/\/showmotion.it\/fr\/produit\/presentoirs-pour-portes-fenetres-cadres\/espositori-salvaspazio-fr\/x-diagonal\/\" \/>\n<meta property=\"og:locale\" content=\"fr_FR\" \/>\n<meta property=\"og:type\" content=\"article\" \/>\n<meta property=\"og:title\" content=\"X Diagonal - Showmotion\" \/>\n<meta property=\"og:description\" content=\"Pr\u00e9sentoir extractible pour 4+ \u00e9chantillons dans des ch\u00e2ssis coulissants. Inclinaison \u00e0 45\u00b0. Disponible aussi bien dans la version DROITE que GAUCHE. Fixation murale. Montage facile et rapide. Jeu int\u00e9rieur du ch\u00e2ssis 91x218x10 cm Jeu int\u00e9rieur du ch\u00e2ssis 103x218x10 cm X 4 Diagonal 4 portes int\u00e9rieures 80&#215;210 Dimensions: 1967\/2557 x 957\/1520 x H.2332 mm Capacit\u00e9 maximale [&hellip;]\" \/>\n<meta property=\"og:url\" content=\"https:\/\/showmotion.it\/fr\/produit\/presentoirs-pour-portes-fenetres-cadres\/espositori-salvaspazio-fr\/x-diagonal\/\" \/>\n<meta property=\"og:site_name\" content=\"Showmotion\" \/>\n<meta property=\"article:publisher\" content=\"https:\/\/www.facebook.com\/showmotion.it\/\" \/>\n<meta property=\"og:image\" content=\"https:\/\/showmotion.it\/wp-content\/uploads\/2019\/11\/ShowMotion_X-DIAGONAL_Ausstellungssystem-fuer-Haustueren-und-Fenster.jpg\" \/>\n\t<meta property=\"og:image:width\" content=\"960\" \/>\n\t<meta property=\"og:image:height\" content=\"720\" \/>\n\t<meta property=\"og:image:type\" content=\"image\/jpeg\" \/>\n<meta name=\"twitter:card\" content=\"summary_large_image\" \/>\n<meta name=\"twitter:label1\" content=\"Dur\u00e9e de lecture estim\u00e9e\" \/>\n\t<meta name=\"twitter:data1\" content=\"1 minute\" \/>\n<script type=\"application\/ld+json\" class=\"yoast-schema-graph\">{\"@context\":\"https:\/\/schema.org\",\"@graph\":[{\"@type\":\"WebPage\",\"@id\":\"https:\/\/showmotion.it\/fr\/produit\/presentoirs-pour-portes-fenetres-cadres\/espositori-salvaspazio-fr\/x-diagonal\/\",\"url\":\"https:\/\/showmotion.it\/fr\/produit\/presentoirs-pour-portes-fenetres-cadres\/espositori-salvaspazio-fr\/x-diagonal\/\",\"name\":\"X Diagonal - Showmotion\",\"isPartOf\":{\"@id\":\"https:\/\/showmotion.it\/fr\/#website\"},\"primaryImageOfPage\":{\"@id\":\"https:\/\/showmotion.it\/fr\/produit\/presentoirs-pour-portes-fenetres-cadres\/espositori-salvaspazio-fr\/x-diagonal\/#primaryimage\"},\"image\":{\"@id\":\"https:\/\/showmotion.it\/fr\/produit\/presentoirs-pour-portes-fenetres-cadres\/espositori-salvaspazio-fr\/x-diagonal\/#primaryimage\"},\"thumbnailUrl\":\"https:\/\/showmotion.it\/wp-content\/uploads\/2019\/11\/ShowMotion_X-DIAGONAL_Ausstellungssystem-fuer-Haustueren-und-Fenster.jpg\",\"datePublished\":\"2019-11-25T17:01:33+00:00\",\"breadcrumb\":{\"@id\":\"https:\/\/showmotion.it\/fr\/produit\/presentoirs-pour-portes-fenetres-cadres\/espositori-salvaspazio-fr\/x-diagonal\/#breadcrumb\"},\"inLanguage\":\"fr-FR\",\"potentialAction\":[{\"@type\":\"ReadAction\",\"target\":[\"https:\/\/showmotion.it\/fr\/produit\/presentoirs-pour-portes-fenetres-cadres\/espositori-salvaspazio-fr\/x-diagonal\/\"]}]},{\"@type\":\"ImageObject\",\"inLanguage\":\"fr-FR\",\"@id\":\"https:\/\/showmotion.it\/fr\/produit\/presentoirs-pour-portes-fenetres-cadres\/espositori-salvaspazio-fr\/x-diagonal\/#primaryimage\",\"url\":\"https:\/\/showmotion.it\/wp-content\/uploads\/2019\/11\/ShowMotion_X-DIAGONAL_Ausstellungssystem-fuer-Haustueren-und-Fenster.jpg\",\"contentUrl\":\"https:\/\/showmotion.it\/wp-content\/uploads\/2019\/11\/ShowMotion_X-DIAGONAL_Ausstellungssystem-fuer-Haustueren-und-Fenster.jpg\",\"width\":960,\"height\":720},{\"@type\":\"BreadcrumbList\",\"@id\":\"https:\/\/showmotion.it\/fr\/produit\/presentoirs-pour-portes-fenetres-cadres\/espositori-salvaspazio-fr\/x-diagonal\/#breadcrumb\",\"itemListElement\":[{\"@type\":\"ListItem\",\"position\":1,\"name\":\"Home\",\"item\":\"https:\/\/showmotion.it\/fr\/\"},{\"@type\":\"ListItem\",\"position\":2,\"name\":\"Shop\",\"item\":\"https:\/\/showmotion.it\/fr\/shop\/\"},{\"@type\":\"ListItem\",\"position\":3,\"name\":\"X Diagonal\"}]},{\"@type\":\"WebSite\",\"@id\":\"https:\/\/showmotion.it\/fr\/#website\",\"url\":\"https:\/\/showmotion.it\/fr\/\",\"name\":\"Showmotion\",\"description\":\"Ogni showroom un&#039;emozione\",\"publisher\":{\"@id\":\"https:\/\/showmotion.it\/fr\/#organization\"},\"potentialAction\":[{\"@type\":\"SearchAction\",\"target\":{\"@type\":\"EntryPoint\",\"urlTemplate\":\"https:\/\/showmotion.it\/fr\/?s={search_term_string}\"},\"query-input\":{\"@type\":\"PropertyValueSpecification\",\"valueRequired\":true,\"valueName\":\"search_term_string\"}}],\"inLanguage\":\"fr-FR\"},{\"@type\":\"Organization\",\"@id\":\"https:\/\/showmotion.it\/fr\/#organization\",\"name\":\"ShowMotion\",\"url\":\"https:\/\/showmotion.it\/fr\/\",\"logo\":{\"@type\":\"ImageObject\",\"inLanguage\":\"fr-FR\",\"@id\":\"https:\/\/showmotion.it\/fr\/#\/schema\/logo\/image\/\",\"url\":\"https:\/\/showmotion.it\/wp-content\/uploads\/2021\/01\/logo.png\",\"contentUrl\":\"https:\/\/showmotion.it\/wp-content\/uploads\/2021\/01\/logo.png\",\"width\":272,\"height\":67,\"caption\":\"ShowMotion\"},\"image\":{\"@id\":\"https:\/\/showmotion.it\/fr\/#\/schema\/logo\/image\/\"},\"sameAs\":[\"https:\/\/www.facebook.com\/showmotion.it\/\",\"https:\/\/www.linkedin.com\/company\/showmotion-it\/\"]}]}<\/script>\n<!-- \/ Yoast SEO plugin. -->","yoast_head_json":{"title":"X Diagonal - Showmotion","robots":{"index":"index","follow":"follow","max-snippet":"max-snippet:-1","max-image-preview":"max-image-preview:large","max-video-preview":"max-video-preview:-1"},"canonical":"https:\/\/showmotion.it\/fr\/produit\/presentoirs-pour-portes-fenetres-cadres\/espositori-salvaspazio-fr\/x-diagonal\/","og_locale":"fr_FR","og_type":"article","og_title":"X Diagonal - Showmotion","og_description":"Pr\u00e9sentoir extractible pour 4+ \u00e9chantillons dans des ch\u00e2ssis coulissants. Inclinaison \u00e0 45\u00b0. Disponible aussi bien dans la version DROITE que GAUCHE. Fixation murale. Montage facile et rapide. Jeu int\u00e9rieur du ch\u00e2ssis 91x218x10 cm Jeu int\u00e9rieur du ch\u00e2ssis 103x218x10 cm X 4 Diagonal 4 portes int\u00e9rieures 80&#215;210 Dimensions: 1967\/2557 x 957\/1520 x H.2332 mm Capacit\u00e9 maximale [&hellip;]","og_url":"https:\/\/showmotion.it\/fr\/produit\/presentoirs-pour-portes-fenetres-cadres\/espositori-salvaspazio-fr\/x-diagonal\/","og_site_name":"Showmotion","article_publisher":"https:\/\/www.facebook.com\/showmotion.it\/","og_image":[{"width":960,"height":720,"url":"https:\/\/showmotion.it\/wp-content\/uploads\/2019\/11\/ShowMotion_X-DIAGONAL_Ausstellungssystem-fuer-Haustueren-und-Fenster.jpg","type":"image\/jpeg"}],"twitter_card":"summary_large_image","twitter_misc":{"Dur\u00e9e de lecture estim\u00e9e":"1 minute"},"schema":{"@context":"https:\/\/schema.org","@graph":[{"@type":"WebPage","@id":"https:\/\/showmotion.it\/fr\/produit\/presentoirs-pour-portes-fenetres-cadres\/espositori-salvaspazio-fr\/x-diagonal\/","url":"https:\/\/showmotion.it\/fr\/produit\/presentoirs-pour-portes-fenetres-cadres\/espositori-salvaspazio-fr\/x-diagonal\/","name":"X Diagonal - Showmotion","isPartOf":{"@id":"https:\/\/showmotion.it\/fr\/#website"},"primaryImageOfPage":{"@id":"https:\/\/showmotion.it\/fr\/produit\/presentoirs-pour-portes-fenetres-cadres\/espositori-salvaspazio-fr\/x-diagonal\/#primaryimage"},"image":{"@id":"https:\/\/showmotion.it\/fr\/produit\/presentoirs-pour-portes-fenetres-cadres\/espositori-salvaspazio-fr\/x-diagonal\/#primaryimage"},"thumbnailUrl":"https:\/\/showmotion.it\/wp-content\/uploads\/2019\/11\/ShowMotion_X-DIAGONAL_Ausstellungssystem-fuer-Haustueren-und-Fenster.jpg","datePublished":"2019-11-25T17:01:33+00:00","breadcrumb":{"@id":"https:\/\/showmotion.it\/fr\/produit\/presentoirs-pour-portes-fenetres-cadres\/espositori-salvaspazio-fr\/x-diagonal\/#breadcrumb"},"inLanguage":"fr-FR","potentialAction":[{"@type":"ReadAction","target":["https:\/\/showmotion.it\/fr\/produit\/presentoirs-pour-portes-fenetres-cadres\/espositori-salvaspazio-fr\/x-diagonal\/"]}]},{"@type":"ImageObject","inLanguage":"fr-FR","@id":"https:\/\/showmotion.it\/fr\/produit\/presentoirs-pour-portes-fenetres-cadres\/espositori-salvaspazio-fr\/x-diagonal\/#primaryimage","url":"https:\/\/showmotion.it\/wp-content\/uploads\/2019\/11\/ShowMotion_X-DIAGONAL_Ausstellungssystem-fuer-Haustueren-und-Fenster.jpg","contentUrl":"https:\/\/showmotion.it\/wp-content\/uploads\/2019\/11\/ShowMotion_X-DIAGONAL_Ausstellungssystem-fuer-Haustueren-und-Fenster.jpg","width":960,"height":720},{"@type":"BreadcrumbList","@id":"https:\/\/showmotion.it\/fr\/produit\/presentoirs-pour-portes-fenetres-cadres\/espositori-salvaspazio-fr\/x-diagonal\/#breadcrumb","itemListElement":[{"@type":"ListItem","position":1,"name":"Home","item":"https:\/\/showmotion.it\/fr\/"},{"@type":"ListItem","position":2,"name":"Shop","item":"https:\/\/showmotion.it\/fr\/shop\/"},{"@type":"ListItem","position":3,"name":"X Diagonal"}]},{"@type":"WebSite","@id":"https:\/\/showmotion.it\/fr\/#website","url":"https:\/\/showmotion.it\/fr\/","name":"Showmotion","description":"Ogni showroom un&#039;emozione","publisher":{"@id":"https:\/\/showmotion.it\/fr\/#organization"},"potentialAction":[{"@type":"SearchAction","target":{"@type":"EntryPoint","urlTemplate":"https:\/\/showmotion.it\/fr\/?s={search_term_string}"},"query-input":{"@type":"PropertyValueSpecification","valueRequired":true,"valueName":"search_term_string"}}],"inLanguage":"fr-FR"},{"@type":"Organization","@id":"https:\/\/showmotion.it\/fr\/#organization","name":"ShowMotion","url":"https:\/\/showmotion.it\/fr\/","logo":{"@type":"ImageObject","inLanguage":"fr-FR","@id":"https:\/\/showmotion.it\/fr\/#\/schema\/logo\/image\/","url":"https:\/\/showmotion.it\/wp-content\/uploads\/2021\/01\/logo.png","contentUrl":"https:\/\/showmotion.it\/wp-content\/uploads\/2021\/01\/logo.png","width":272,"height":67,"caption":"ShowMotion"},"image":{"@id":"https:\/\/showmotion.it\/fr\/#\/schema\/logo\/image\/"},"sameAs":["https:\/\/www.facebook.com\/showmotion.it\/","https:\/\/www.linkedin.com\/company\/showmotion-it\/"]}]}},"_links":{"self":[{"href":"https:\/\/showmotion.it\/fr\/wp-json\/wp\/v2\/product\/7395","targetHints":{"allow":["GET"]}}],"collection":[{"href":"https:\/\/showmotion.it\/fr\/wp-json\/wp\/v2\/product"}],"about":[{"href":"https:\/\/showmotion.it\/fr\/wp-json\/wp\/v2\/types\/product"}],"replies":[{"embeddable":true,"href":"https:\/\/showmotion.it\/fr\/wp-json\/wp\/v2\/comments?post=7395"}],"wp:featuredmedia":[{"embeddable":true,"href":"https:\/\/showmotion.it\/fr\/wp-json\/wp\/v2\/media\/7402"}],"wp:attachment":[{"href":"https:\/\/showmotion.it\/fr\/wp-json\/wp\/v2\/media?parent=7395"}],"wp:term":[{"taxonomy":"product_brand","embeddable":true,"href":"https:\/\/showmotion.it\/fr\/wp-json\/wp\/v2\/product_brand?post=7395"},{"taxonomy":"product_cat","embeddable":true,"href":"https:\/\/showmotion.it\/fr\/wp-json\/wp\/v2\/product_cat?post=7395"},{"taxonomy":"product_tag","embeddable":true,"href":"https:\/\/showmotion.it\/fr\/wp-json\/wp\/v2\/product_tag?post=7395"}],"curies":[{"name":"wp","href":"https:\/\/api.w.org\/{rel}","templated":true}]}}