{"id":7197,"date":"2020-03-20T13:20:58","date_gmt":"2020-03-20T13:20:58","guid":{"rendered":"https:\/\/showmotion.it\/prodotti\/non%20class\u00e9\/ponte\/"},"modified":"2021-04-19T14:48:45","modified_gmt":"2021-04-19T14:48:45","slug":"ponte","status":"publish","type":"product","link":"https:\/\/showmotion.it\/fr\/produit\/presentoirs-pour-ceramique-et-carrelagee\/ponte\/","title":{"rendered":"Ponte"},"content":{"rendered":"<p><a href=\"https:\/\/showmotion.it\/wp-content\/uploads\/2021\/04\/Icona_02_FR.jpg\"><img decoding=\"async\" class=\"alignnone size-full wp-image-7109\" src=\"https:\/\/showmotion.it\/wp-content\/uploads\/2021\/04\/Icona_02_FR.jpg\" alt=\"\" width=\"220\" height=\"72\" srcset=\"https:\/\/showmotion.it\/wp-content\/uploads\/2021\/04\/Icona_02_FR-200x65.jpg 200w, https:\/\/showmotion.it\/wp-content\/uploads\/2021\/04\/Icona_02_FR.jpg 220w\" sizes=\"(max-width: 220px) 100vw, 220px\" \/><\/a> <a href=\"https:\/\/showmotion.it\/wp-content\/uploads\/2021\/04\/Icona_03_FR.jpg\"><img decoding=\"async\" class=\"alignnone size-full wp-image-7113\" src=\"https:\/\/showmotion.it\/wp-content\/uploads\/2021\/04\/Icona_03_FR.jpg\" alt=\"\" width=\"220\" height=\"72\" srcset=\"https:\/\/showmotion.it\/wp-content\/uploads\/2021\/04\/Icona_03_FR-200x65.jpg 200w, https:\/\/showmotion.it\/wp-content\/uploads\/2021\/04\/Icona_03_FR.jpg 220w\" sizes=\"(max-width: 220px) 100vw, 220px\" \/><\/a> <a href=\"https:\/\/showmotion.it\/wp-content\/uploads\/2021\/04\/Icona_04_FR.jpg\"><img decoding=\"async\" class=\"alignnone size-full wp-image-7117\" src=\"https:\/\/showmotion.it\/wp-content\/uploads\/2021\/04\/Icona_04_FR.jpg\" alt=\"\" width=\"220\" height=\"72\" srcset=\"https:\/\/showmotion.it\/wp-content\/uploads\/2021\/04\/Icona_04_FR-200x65.jpg 200w, https:\/\/showmotion.it\/wp-content\/uploads\/2021\/04\/Icona_04_FR.jpg 220w\" sizes=\"(max-width: 220px) 100vw, 220px\" \/><\/a><\/p>\n<p>Pr\u00e9sentoir \u00e0 10 ou 20 ch\u00e2ssis coulissants double face \u00e0 grand impact visuel, effet portique et une grande compacit\u00e9 d\u2019exposition.<\/p>\n<p>Fixation de la partie sup\u00e9rieure au plafond. DIMENSIONS SUR MESURE, aussi bien la hauteur que la largeur s\u2019adaptent aux espaces d\u2019exposition.<\/p>\n<table style=\"width: 100%;\" border=\"1\" cellpadding=\"5px\">\n<thead>\n<tr>\n<th style=\"width: 26.8434%;\"><\/th>\n<th style=\"width: 36.2469%;\"><strong>Panneau 101,0&#215;201,0 cm \u00e9paisseur maxi 2,9 cm<\/strong><\/th>\n<th style=\"width: 36.2469%;\"><strong>Panneau 122,0&#215;244,0 cm \u00e9paisseur maxi 2,9 cm<br \/>\n<\/strong><\/th>\n<\/tr>\n<\/thead>\n<tbody>\n<tr>\n<td style=\"width: 26.8434%;\"><span style=\"font-size: 14pt;\"><strong>Ponte 10<\/strong><\/span><\/td>\n<td style=\"width: 36.2469%;\">20 panneaux \u00e9chantillons<\/p>\n<p>Dimensions: cm. 608 x 4638 x H.2776 mm<\/td>\n<td style=\"width: 36.2469%;\">20 panneaux \u00e9chantillons<\/p>\n<p>Dimensions: 608 x 5438 x H.2776 mm<\/td>\n<\/tr>\n<tr>\n<td style=\"width: 26.8434%;\"><span style=\"font-size: 14pt;\"><strong>Ponte 20<\/strong><\/span><\/td>\n<td style=\"width: 36.2469%;\">40 panneaux \u00e9chantillons<\/p>\n<p>Dimensions:\u00a01218 x 4638 x H.2776\u00a0mm<\/td>\n<td style=\"width: 36.2469%;\">40 panneaux \u00e9chantillons<\/p>\n<p>Dimensions: 1218 x 5438 x H.2776 mm<\/td>\n<\/tr>\n<\/tbody>\n<\/table>\n<h3><\/h3>\n<p>&nbsp;<\/p>\n<h3 style=\"text-align: center;\">RAL et finitions<\/h3>\n<p>&nbsp;<\/p>\n<table style=\"width: 100%; border-collapse: collapse;\" border=\"1\" cellpadding=\"5px\">\n<thead>\n<tr>\n<th style=\"width: 10%; text-align: center;\"><strong>\u00a0<\/strong><\/th>\n<th style=\"width: 14.0597%; text-align: center;\"><\/th>\n<th style=\"width: 15.9403%; text-align: center;\"><\/th>\n<th style=\"width: 11.8808%; text-align: center;\"><\/th>\n<th style=\"width: 13.2062%; text-align: center;\"><\/th>\n<th style=\"width: 11.8227%; text-align: center;\"><\/th>\n<th style=\"width: 13.7282%; text-align: center;\"><\/th>\n<\/tr>\n<\/thead>\n<tbody>\n<tr>\n<td style=\"width: 10%; text-align: center;\"><strong>Lisse brillant<\/strong><\/td>\n<td style=\"width: 14.0597%; text-align: center;\">RAL 9001<\/p>\n<p><img loading=\"lazy\" decoding=\"async\" class=\"alignnone wp-image-1346 size-full\" src=\"https:\/\/showmotion.it\/wp-content\/uploads\/2019\/08\/RAL9001.jpg\" alt=\"\" width=\"50\" height=\"50\" \/><\/td>\n<td style=\"width: 15.9403%; text-align: center;\">RAL 9003<\/p>\n<p><img loading=\"lazy\" decoding=\"async\" class=\"alignnone wp-image-1347 size-full\" src=\"https:\/\/showmotion.it\/wp-content\/uploads\/2019\/08\/RAL9003.jpg\" alt=\"\" width=\"50\" height=\"50\" \/><\/td>\n<td style=\"width: 11.8808%; text-align: center;\">RAL 9006<\/p>\n<p><img loading=\"lazy\" decoding=\"async\" class=\"alignnone wp-image-1348 size-full\" src=\"https:\/\/showmotion.it\/wp-content\/uploads\/2019\/08\/RAL9006.jpg\" alt=\"\" width=\"50\" height=\"50\" \/><\/td>\n<td style=\"width: 13.2062%; text-align: center;\">RAL 9007<\/p>\n<p><img loading=\"lazy\" decoding=\"async\" class=\"alignnone wp-image-1349 size-full\" src=\"https:\/\/showmotion.it\/wp-content\/uploads\/2019\/08\/RAL9007.jpg\" alt=\"\" width=\"50\" height=\"50\" \/><\/td>\n<td style=\"width: 11.8227%; text-align: center;\">RAL 9010<\/p>\n<p><img loading=\"lazy\" decoding=\"async\" class=\"alignnone wp-image-1350 size-full\" src=\"https:\/\/showmotion.it\/wp-content\/uploads\/2019\/08\/RAL9010.jpg\" alt=\"\" width=\"50\" height=\"50\" \/><\/td>\n<td style=\"width: 13.7282%; text-align: center;\"><\/td>\n<\/tr>\n<tr>\n<td style=\"width: 10%; text-align: center;\"><strong>Lisse mat<\/strong><\/td>\n<td style=\"width: 14.0597%; text-align: center;\">RAL 9005<\/p>\n<p><img loading=\"lazy\" decoding=\"async\" class=\"alignnone wp-image-1351 size-full\" src=\"https:\/\/showmotion.it\/wp-content\/uploads\/2019\/08\/RAL9005.jpg\" alt=\"\" width=\"50\" height=\"50\" \/><\/td>\n<td style=\"width: 15.9403%; text-align: center;\">RAL 9016<\/p>\n<p><img loading=\"lazy\" decoding=\"async\" class=\"alignnone wp-image-4908 size-full\" src=\"https:\/\/showmotion.it\/wp-content\/uploads\/2020\/03\/RAL9016.jpg\" alt=\"\" width=\"50\" height=\"50\" \/><\/td>\n<td style=\"width: 11.8808%; text-align: center;\"><\/td>\n<td style=\"width: 13.2062%; text-align: center;\"><\/td>\n<td style=\"width: 11.8227%; text-align: center;\"><\/td>\n<td style=\"width: 13.7282%; text-align: center;\"><\/td>\n<\/tr>\n<tr>\n<td style=\"width: 10%; text-align: center;\"><strong>Gaufr\u00e9 (appel\u00e9 aussi pliss\u00e9) mat<\/strong><\/td>\n<td style=\"width: 14.0597%; text-align: center;\">RAL 7011<\/p>\n<p><img loading=\"lazy\" decoding=\"async\" class=\"alignnone wp-image-1353 size-full\" src=\"https:\/\/showmotion.it\/wp-content\/uploads\/2019\/08\/RAL7011.jpg\" alt=\"\" width=\"50\" height=\"50\" \/><\/td>\n<td style=\"width: 15.9403%; text-align: center;\">RAL 7015<\/p>\n<p><img loading=\"lazy\" decoding=\"async\" class=\"alignnone wp-image-1354 size-full\" src=\"https:\/\/showmotion.it\/wp-content\/uploads\/2019\/08\/RAL7015.jpg\" alt=\"\" width=\"50\" height=\"50\" \/><\/td>\n<td style=\"width: 11.8808%; text-align: center;\">RAL 7016<\/p>\n<p><img loading=\"lazy\" decoding=\"async\" class=\"alignnone wp-image-1355 size-full\" src=\"https:\/\/showmotion.it\/wp-content\/uploads\/2019\/08\/RAL7016.jpg\" alt=\"\" width=\"50\" height=\"50\" \/><\/td>\n<td style=\"width: 13.2062%; text-align: center;\">RAL 7035<\/p>\n<p><img loading=\"lazy\" decoding=\"async\" class=\"alignnone wp-image-1356 size-full\" src=\"https:\/\/showmotion.it\/wp-content\/uploads\/2019\/08\/RAL7035.jpg\" alt=\"\" width=\"50\" height=\"50\" \/><\/td>\n<td style=\"width: 11.8227%; text-align: center;\">RAL 7036<\/p>\n<p><img loading=\"lazy\" decoding=\"async\" class=\"alignnone wp-image-1357 size-full\" src=\"https:\/\/showmotion.it\/wp-content\/uploads\/2019\/08\/RAL7036.jpg\" alt=\"\" width=\"50\" height=\"50\" \/><\/td>\n<td style=\"width: 13.7282%; text-align: center;\">RAL 9006<\/p>\n<p><img loading=\"lazy\" decoding=\"async\" class=\"alignnone wp-image-1348 size-full\" src=\"https:\/\/showmotion.it\/wp-content\/uploads\/2019\/08\/RAL9006.jpg\" alt=\"\" width=\"50\" height=\"50\" \/><\/td>\n<\/tr>\n<\/tbody>\n<\/table>\n<p>&nbsp;<\/p>\n","protected":false},"excerpt":{"rendered":"<p>Pr\u00e9sentoir \u00e0 10 ou 20 ch\u00e2ssis coulissants double face \u00e0 grand impact visuel, effet portique et une grande compacit\u00e9 d\u2019exposition. Fixation de la partie sup\u00e9rieure au plafond. DIMENSIONS SUR MESURE, aussi bien la hauteur que la largeur s\u2019adaptent aux espaces d\u2019exposition. Panneau 101,0&#215;201,0 cm \u00e9paisseur maxi 2,9 cm Panneau 122,0&#215;244,0 cm \u00e9paisseur maxi 2,9 cm [&hellip;]<\/p>\n","protected":false},"featured_media":7198,"comment_status":"closed","ping_status":"closed","template":"","meta":[],"product_brand":[],"product_cat":[261],"product_tag":[],"class_list":{"0":"post-7197","1":"product","2":"type-product","3":"status-publish","4":"has-post-thumbnail","6":"product_cat-presentoirs-pour-ceramique-et-carrelagee","8":"first","9":"instock","10":"featured","11":"shipping-taxable","12":"product-type-simple"},"yoast_head":"<!-- This site is optimized with the Yoast SEO plugin v24.6 - https:\/\/yoast.com\/wordpress\/plugins\/seo\/ -->\n<title>Ponte - Showmotion<\/title>\n<meta name=\"robots\" content=\"index, follow, max-snippet:-1, max-image-preview:large, max-video-preview:-1\" \/>\n<link rel=\"canonical\" href=\"https:\/\/showmotion.it\/fr\/produit\/presentoirs-pour-ceramique-et-carrelagee\/ponte\/\" \/>\n<meta property=\"og:locale\" content=\"fr_FR\" \/>\n<meta property=\"og:type\" content=\"article\" \/>\n<meta property=\"og:title\" content=\"Ponte - Showmotion\" \/>\n<meta property=\"og:description\" content=\"Pr\u00e9sentoir \u00e0 10 ou 20 ch\u00e2ssis coulissants double face \u00e0 grand impact visuel, effet portique et une grande compacit\u00e9 d\u2019exposition. Fixation de la partie sup\u00e9rieure au plafond. DIMENSIONS SUR MESURE, aussi bien la hauteur que la largeur s\u2019adaptent aux espaces d\u2019exposition. Panneau 101,0&#215;201,0 cm \u00e9paisseur maxi 2,9 cm Panneau 122,0&#215;244,0 cm \u00e9paisseur maxi 2,9 cm [&hellip;]\" \/>\n<meta property=\"og:url\" content=\"https:\/\/showmotion.it\/fr\/produit\/presentoirs-pour-ceramique-et-carrelagee\/ponte\/\" \/>\n<meta property=\"og:site_name\" content=\"Showmotion\" \/>\n<meta property=\"article:publisher\" content=\"https:\/\/www.facebook.com\/showmotion.it\/\" \/>\n<meta property=\"article:modified_time\" content=\"2021-04-19T14:48:45+00:00\" \/>\n<meta property=\"og:image\" content=\"https:\/\/showmotion.it\/wp-content\/uploads\/2019\/09\/ShowMotion_PONTE-10_espositore-centro-sala-bifacciale.jpg\" \/>\n\t<meta property=\"og:image:width\" content=\"960\" \/>\n\t<meta property=\"og:image:height\" content=\"720\" \/>\n\t<meta property=\"og:image:type\" content=\"image\/jpeg\" \/>\n<meta name=\"twitter:card\" content=\"summary_large_image\" \/>\n<meta name=\"twitter:label1\" content=\"Dur\u00e9e de lecture estim\u00e9e\" \/>\n\t<meta name=\"twitter:data1\" content=\"1 minute\" \/>\n<script type=\"application\/ld+json\" class=\"yoast-schema-graph\">{\"@context\":\"https:\/\/schema.org\",\"@graph\":[{\"@type\":\"WebPage\",\"@id\":\"https:\/\/showmotion.it\/fr\/produit\/presentoirs-pour-ceramique-et-carrelagee\/ponte\/\",\"url\":\"https:\/\/showmotion.it\/fr\/produit\/presentoirs-pour-ceramique-et-carrelagee\/ponte\/\",\"name\":\"Ponte - Showmotion\",\"isPartOf\":{\"@id\":\"https:\/\/showmotion.it\/fr\/#website\"},\"primaryImageOfPage\":{\"@id\":\"https:\/\/showmotion.it\/fr\/produit\/presentoirs-pour-ceramique-et-carrelagee\/ponte\/#primaryimage\"},\"image\":{\"@id\":\"https:\/\/showmotion.it\/fr\/produit\/presentoirs-pour-ceramique-et-carrelagee\/ponte\/#primaryimage\"},\"thumbnailUrl\":\"https:\/\/showmotion.it\/wp-content\/uploads\/2019\/09\/ShowMotion_PONTE-10_espositore-centro-sala-bifacciale.jpg\",\"datePublished\":\"2020-03-20T13:20:58+00:00\",\"dateModified\":\"2021-04-19T14:48:45+00:00\",\"breadcrumb\":{\"@id\":\"https:\/\/showmotion.it\/fr\/produit\/presentoirs-pour-ceramique-et-carrelagee\/ponte\/#breadcrumb\"},\"inLanguage\":\"fr-FR\",\"potentialAction\":[{\"@type\":\"ReadAction\",\"target\":[\"https:\/\/showmotion.it\/fr\/produit\/presentoirs-pour-ceramique-et-carrelagee\/ponte\/\"]}]},{\"@type\":\"ImageObject\",\"inLanguage\":\"fr-FR\",\"@id\":\"https:\/\/showmotion.it\/fr\/produit\/presentoirs-pour-ceramique-et-carrelagee\/ponte\/#primaryimage\",\"url\":\"https:\/\/showmotion.it\/wp-content\/uploads\/2019\/09\/ShowMotion_PONTE-10_espositore-centro-sala-bifacciale.jpg\",\"contentUrl\":\"https:\/\/showmotion.it\/wp-content\/uploads\/2019\/09\/ShowMotion_PONTE-10_espositore-centro-sala-bifacciale.jpg\",\"width\":960,\"height\":720,\"caption\":\"Ausstellungssystem mit 10 oder 20 doppelseitigen Schieberahmen - Showmotion\"},{\"@type\":\"BreadcrumbList\",\"@id\":\"https:\/\/showmotion.it\/fr\/produit\/presentoirs-pour-ceramique-et-carrelagee\/ponte\/#breadcrumb\",\"itemListElement\":[{\"@type\":\"ListItem\",\"position\":1,\"name\":\"Home\",\"item\":\"https:\/\/showmotion.it\/fr\/\"},{\"@type\":\"ListItem\",\"position\":2,\"name\":\"Shop\",\"item\":\"https:\/\/showmotion.it\/fr\/shop\/\"},{\"@type\":\"ListItem\",\"position\":3,\"name\":\"Ponte\"}]},{\"@type\":\"WebSite\",\"@id\":\"https:\/\/showmotion.it\/fr\/#website\",\"url\":\"https:\/\/showmotion.it\/fr\/\",\"name\":\"Showmotion\",\"description\":\"Ogni showroom un&#039;emozione\",\"publisher\":{\"@id\":\"https:\/\/showmotion.it\/fr\/#organization\"},\"potentialAction\":[{\"@type\":\"SearchAction\",\"target\":{\"@type\":\"EntryPoint\",\"urlTemplate\":\"https:\/\/showmotion.it\/fr\/?s={search_term_string}\"},\"query-input\":{\"@type\":\"PropertyValueSpecification\",\"valueRequired\":true,\"valueName\":\"search_term_string\"}}],\"inLanguage\":\"fr-FR\"},{\"@type\":\"Organization\",\"@id\":\"https:\/\/showmotion.it\/fr\/#organization\",\"name\":\"ShowMotion\",\"url\":\"https:\/\/showmotion.it\/fr\/\",\"logo\":{\"@type\":\"ImageObject\",\"inLanguage\":\"fr-FR\",\"@id\":\"https:\/\/showmotion.it\/fr\/#\/schema\/logo\/image\/\",\"url\":\"https:\/\/showmotion.it\/wp-content\/uploads\/2021\/01\/logo.png\",\"contentUrl\":\"https:\/\/showmotion.it\/wp-content\/uploads\/2021\/01\/logo.png\",\"width\":272,\"height\":67,\"caption\":\"ShowMotion\"},\"image\":{\"@id\":\"https:\/\/showmotion.it\/fr\/#\/schema\/logo\/image\/\"},\"sameAs\":[\"https:\/\/www.facebook.com\/showmotion.it\/\",\"https:\/\/www.linkedin.com\/company\/showmotion-it\/\"]}]}<\/script>\n<!-- \/ Yoast SEO plugin. -->","yoast_head_json":{"title":"Ponte - Showmotion","robots":{"index":"index","follow":"follow","max-snippet":"max-snippet:-1","max-image-preview":"max-image-preview:large","max-video-preview":"max-video-preview:-1"},"canonical":"https:\/\/showmotion.it\/fr\/produit\/presentoirs-pour-ceramique-et-carrelagee\/ponte\/","og_locale":"fr_FR","og_type":"article","og_title":"Ponte - Showmotion","og_description":"Pr\u00e9sentoir \u00e0 10 ou 20 ch\u00e2ssis coulissants double face \u00e0 grand impact visuel, effet portique et une grande compacit\u00e9 d\u2019exposition. Fixation de la partie sup\u00e9rieure au plafond. DIMENSIONS SUR MESURE, aussi bien la hauteur que la largeur s\u2019adaptent aux espaces d\u2019exposition. Panneau 101,0&#215;201,0 cm \u00e9paisseur maxi 2,9 cm Panneau 122,0&#215;244,0 cm \u00e9paisseur maxi 2,9 cm [&hellip;]","og_url":"https:\/\/showmotion.it\/fr\/produit\/presentoirs-pour-ceramique-et-carrelagee\/ponte\/","og_site_name":"Showmotion","article_publisher":"https:\/\/www.facebook.com\/showmotion.it\/","article_modified_time":"2021-04-19T14:48:45+00:00","og_image":[{"width":960,"height":720,"url":"https:\/\/showmotion.it\/wp-content\/uploads\/2019\/09\/ShowMotion_PONTE-10_espositore-centro-sala-bifacciale.jpg","type":"image\/jpeg"}],"twitter_card":"summary_large_image","twitter_misc":{"Dur\u00e9e de lecture estim\u00e9e":"1 minute"},"schema":{"@context":"https:\/\/schema.org","@graph":[{"@type":"WebPage","@id":"https:\/\/showmotion.it\/fr\/produit\/presentoirs-pour-ceramique-et-carrelagee\/ponte\/","url":"https:\/\/showmotion.it\/fr\/produit\/presentoirs-pour-ceramique-et-carrelagee\/ponte\/","name":"Ponte - Showmotion","isPartOf":{"@id":"https:\/\/showmotion.it\/fr\/#website"},"primaryImageOfPage":{"@id":"https:\/\/showmotion.it\/fr\/produit\/presentoirs-pour-ceramique-et-carrelagee\/ponte\/#primaryimage"},"image":{"@id":"https:\/\/showmotion.it\/fr\/produit\/presentoirs-pour-ceramique-et-carrelagee\/ponte\/#primaryimage"},"thumbnailUrl":"https:\/\/showmotion.it\/wp-content\/uploads\/2019\/09\/ShowMotion_PONTE-10_espositore-centro-sala-bifacciale.jpg","datePublished":"2020-03-20T13:20:58+00:00","dateModified":"2021-04-19T14:48:45+00:00","breadcrumb":{"@id":"https:\/\/showmotion.it\/fr\/produit\/presentoirs-pour-ceramique-et-carrelagee\/ponte\/#breadcrumb"},"inLanguage":"fr-FR","potentialAction":[{"@type":"ReadAction","target":["https:\/\/showmotion.it\/fr\/produit\/presentoirs-pour-ceramique-et-carrelagee\/ponte\/"]}]},{"@type":"ImageObject","inLanguage":"fr-FR","@id":"https:\/\/showmotion.it\/fr\/produit\/presentoirs-pour-ceramique-et-carrelagee\/ponte\/#primaryimage","url":"https:\/\/showmotion.it\/wp-content\/uploads\/2019\/09\/ShowMotion_PONTE-10_espositore-centro-sala-bifacciale.jpg","contentUrl":"https:\/\/showmotion.it\/wp-content\/uploads\/2019\/09\/ShowMotion_PONTE-10_espositore-centro-sala-bifacciale.jpg","width":960,"height":720,"caption":"Ausstellungssystem mit 10 oder 20 doppelseitigen Schieberahmen - Showmotion"},{"@type":"BreadcrumbList","@id":"https:\/\/showmotion.it\/fr\/produit\/presentoirs-pour-ceramique-et-carrelagee\/ponte\/#breadcrumb","itemListElement":[{"@type":"ListItem","position":1,"name":"Home","item":"https:\/\/showmotion.it\/fr\/"},{"@type":"ListItem","position":2,"name":"Shop","item":"https:\/\/showmotion.it\/fr\/shop\/"},{"@type":"ListItem","position":3,"name":"Ponte"}]},{"@type":"WebSite","@id":"https:\/\/showmotion.it\/fr\/#website","url":"https:\/\/showmotion.it\/fr\/","name":"Showmotion","description":"Ogni showroom un&#039;emozione","publisher":{"@id":"https:\/\/showmotion.it\/fr\/#organization"},"potentialAction":[{"@type":"SearchAction","target":{"@type":"EntryPoint","urlTemplate":"https:\/\/showmotion.it\/fr\/?s={search_term_string}"},"query-input":{"@type":"PropertyValueSpecification","valueRequired":true,"valueName":"search_term_string"}}],"inLanguage":"fr-FR"},{"@type":"Organization","@id":"https:\/\/showmotion.it\/fr\/#organization","name":"ShowMotion","url":"https:\/\/showmotion.it\/fr\/","logo":{"@type":"ImageObject","inLanguage":"fr-FR","@id":"https:\/\/showmotion.it\/fr\/#\/schema\/logo\/image\/","url":"https:\/\/showmotion.it\/wp-content\/uploads\/2021\/01\/logo.png","contentUrl":"https:\/\/showmotion.it\/wp-content\/uploads\/2021\/01\/logo.png","width":272,"height":67,"caption":"ShowMotion"},"image":{"@id":"https:\/\/showmotion.it\/fr\/#\/schema\/logo\/image\/"},"sameAs":["https:\/\/www.facebook.com\/showmotion.it\/","https:\/\/www.linkedin.com\/company\/showmotion-it\/"]}]}},"_links":{"self":[{"href":"https:\/\/showmotion.it\/fr\/wp-json\/wp\/v2\/product\/7197","targetHints":{"allow":["GET"]}}],"collection":[{"href":"https:\/\/showmotion.it\/fr\/wp-json\/wp\/v2\/product"}],"about":[{"href":"https:\/\/showmotion.it\/fr\/wp-json\/wp\/v2\/types\/product"}],"replies":[{"embeddable":true,"href":"https:\/\/showmotion.it\/fr\/wp-json\/wp\/v2\/comments?post=7197"}],"wp:featuredmedia":[{"embeddable":true,"href":"https:\/\/showmotion.it\/fr\/wp-json\/wp\/v2\/media\/7198"}],"wp:attachment":[{"href":"https:\/\/showmotion.it\/fr\/wp-json\/wp\/v2\/media?parent=7197"}],"wp:term":[{"taxonomy":"product_brand","embeddable":true,"href":"https:\/\/showmotion.it\/fr\/wp-json\/wp\/v2\/product_brand?post=7197"},{"taxonomy":"product_cat","embeddable":true,"href":"https:\/\/showmotion.it\/fr\/wp-json\/wp\/v2\/product_cat?post=7197"},{"taxonomy":"product_tag","embeddable":true,"href":"https:\/\/showmotion.it\/fr\/wp-json\/wp\/v2\/product_tag?post=7197"}],"curies":[{"name":"wp","href":"https:\/\/api.w.org\/{rel}","templated":true}]}}