{"id":7084,"date":"2020-01-14T11:20:07","date_gmt":"2020-01-14T11:20:07","guid":{"rendered":"https:\/\/showmotion.it\/prodotti\/non%20class\u00e9\/rotation-wood\/"},"modified":"2021-04-20T15:32:09","modified_gmt":"2021-04-20T15:32:09","slug":"rotation-wood","status":"publish","type":"product","link":"https:\/\/showmotion.it\/fr\/produit\/presentoirs-pour-parquet-sols-en-bois\/rotation-wood\/","title":{"rendered":"Rotation wood"},"content":{"rendered":"<p><img decoding=\"async\" class=\"icona alignnone wp-image-7117 size-full\" src=\"https:\/\/showmotion.it\/wp-content\/uploads\/2021\/04\/Icona_04_FR.jpg\" alt=\"\" width=\"220\" height=\"72\" srcset=\"https:\/\/showmotion.it\/wp-content\/uploads\/2021\/04\/Icona_04_FR-200x65.jpg 200w, https:\/\/showmotion.it\/wp-content\/uploads\/2021\/04\/Icona_04_FR.jpg 220w\" sizes=\"(max-width: 220px) 100vw, 220px\" \/><\/p>\n<p>Pr\u00e9sentoir autoportant avec ch\u00e2ssis extractibles pivotants.<\/p>\n<p>Le ch\u00e2ssis rotatif est \u00e9quip\u00e9 d\u2019aimants qui \u00e9vitent le renversement ind\u00e9sirable avec un blocage du ch\u00e2ssis pivotant en position verticale.<\/p>\n<p>Le ch\u00e2ssis est \u00e9quip\u00e9 d\u2019un syst\u00e8me de s\u00e9curit\u00e9 qui limite la rotation \u00e0 90 degr\u00e9s.<\/p>\n<p>Le carreau de carrelage est bloqu\u00e9 \u00e0 l\u2019int\u00e9rieur du ch\u00e2ssis avec des vis r\u00e9glables.<\/p>\n<p>&nbsp;<\/p>\n<table style=\"width: 100%; height: 122px;\" border=\"1\" cellpadding=\"5px\">\n<thead>\n<tr style=\"height: 22px;\">\n<td style=\"height: 22px; width: 10%;\"><\/td>\n<td style=\"height: 22px; width: 12%;\"><strong>Panneau 60&#215;120 \u00e9paisseur 1 cm<\/strong><\/td>\n<td style=\"height: 22px; width: 12%;\"><strong>Panneau 120&#215;120 \u00e9paisseur 1 cm<\/strong><\/td>\n<td style=\"height: 22px; width: 12%;\"><strong>Panneau 80&#215;80 \u00e9paisseur 1 cm<\/strong><\/td>\n<td style=\"height: 22px; width: 12%;\"><strong>Panneau 80&#215;160 \u00e9paisseur 1 cm<\/strong><\/td>\n<td style=\"height: 22px; width: 12%;\"><strong>Panneau 90&#215;90 \u00e9paisseur 1 cm<\/strong><\/td>\n<td style=\"height: 22px; width: 12%;\"><strong>Panneau 100&#215;100 \u00e9paisseur 1 cm<\/strong><\/td>\n<td style=\"height: 22px; width: 12%;\"><strong>Panneau 75&#215;150 \u00e9paisseur 1 cm<\/strong><\/td>\n<\/tr>\n<\/thead>\n<tbody>\n<tr style=\"height: 22px;\">\n<td style=\"height: 22px; width: 10%;\"><span style=\"font-size: 14pt;\"><strong>Rotation 5 Wood\u00a0<\/strong><\/span><\/td>\n<td style=\"height: 22px; width: 12%;\">10 panneaux<\/p>\n<p>Dimensions: 520 x 960\/1672 x H.1495 mm<\/td>\n<td style=\"height: 22px; width: 12%;\">10 panneaux<\/p>\n<p>Dimensions: 520 x 1560\/2872 x H.1495 mm<\/td>\n<td style=\"height: 22px; width: 12%;\">10 panneaux<\/p>\n<p>Dimensions: 520 x 1560\/2872 x H.1495 mm<\/td>\n<td style=\"height: 22px; width: 12%;\">10 panneaux<\/p>\n<p>Dimensions: 520 x 1560\/2872 x H.1495 mm<\/td>\n<td style=\"height: 22px; width: 12%;\">10 panneaux<\/p>\n<p>Dimensions: 520 x 1260\/2272 \u00a0x H.1294 mm<\/td>\n<td style=\"height: 22px; width: 12%;\">10 panneaux<\/p>\n<p>Dimensions: 520 x 1260\/2472 \u00a0x H.1394 mm<\/td>\n<td style=\"height: 22px; width: 12%;\">10 panneaux<\/p>\n<p>Dimensions: 520 x 1110\/1972 x H.1795 mm<\/td>\n<\/tr>\n<tr style=\"height: 26px;\">\n<td style=\"height: 26px; width: 10%;\"><span style=\"font-size: 14pt;\"><strong>Rotation 6 Wood\u00a0<\/strong><\/span><\/td>\n<td style=\"height: 26px; width: 12%;\">12 panneaux<\/p>\n<p>Dimensions: 612 x 960\/1672 x H.1495 mm<\/td>\n<td style=\"height: 26px; width: 12%;\">12 panneaux<\/p>\n<p>Dimensions: 612 x 1560\/2872 x H.1495 mm<\/td>\n<td style=\"height: 26px; width: 12%;\">12 panneaux<\/p>\n<p>Dimensions: 612 x 1160\/2072x H.1194 mm<\/td>\n<td style=\"height: 26px; width: 12%;\">12 panneaux<\/p>\n<p>Dimensions: 612 x 1160\/2072 x H.1895 mm<\/td>\n<td style=\"height: 26px; width: 12%;\">12 panneaux<\/p>\n<p>Dimensions: 612 x 1260\/2272 x H.1294 mm<\/td>\n<td style=\"height: 26px; width: 12%;\">12 panneaux<\/p>\n<p>Dimensions: 612 x 1260\/2472 \u00a0x H.1394 mm<\/td>\n<td style=\"height: 26px; width: 12%;\">12 panneaux<\/p>\n<p>Dimensions: 612x 1110\/1972 x H.1795 mm<\/td>\n<\/tr>\n<tr style=\"height: 26px;\">\n<td style=\"height: 26px; width: 10%;\"><span style=\"font-size: 14pt;\"><strong>Rotation 7 Wood\u00a0<\/strong><\/span><\/td>\n<td style=\"height: 26px; width: 12%;\">14 panneaux<\/p>\n<p>Dimensions: 704 x 960\/1672 x H.1495 mm<\/td>\n<td style=\"height: 26px; width: 12%;\">14 panneaux<\/p>\n<p>Dimensions: 704 x 1560\/2872 x H.1495 mm<\/td>\n<td style=\"height: 26px; width: 12%;\">14 panneaux<\/p>\n<p>Dimensions: 704 x 1160\/2072 x H.1194 mm<\/td>\n<td style=\"height: 26px; width: 12%;\">14 panneaux<\/p>\n<p>Dimensions: 704 x 1160\/2072 x H.1895 mm<\/td>\n<td style=\"height: 26px; width: 12%;\">14 panneaux<\/p>\n<p>Dimensions: 704 x 1260\/2272 x H.1294 mm<\/td>\n<td style=\"height: 26px; width: 12%;\">14 panneaux<\/p>\n<p>Dimensions: 704x 1260\/2472 \u00a0x H.1394 mm<\/td>\n<td style=\"height: 26px; width: 12%;\">14 panneaux<\/p>\n<p>Dimensions: 704 x 1110\/1972 x H.1795 mm<\/td>\n<\/tr>\n<tr style=\"height: 26px;\">\n<td style=\"height: 26px; width: 10%;\"><span style=\"font-size: 14pt;\"><strong>Rotation 8 Wood\u00a0<\/strong><\/span><\/td>\n<td style=\"height: 26px; width: 12%;\">16 panneaux<\/p>\n<p>Dimensions: 796 x 960\/1672 x H.1495 mm<\/td>\n<td style=\"height: 26px; width: 12%;\">16 panneaux<\/p>\n<p>Dimensions: 796 x 1560\/2872 x H.1495 mm<\/td>\n<td style=\"height: 26px; width: 12%;\">16 panneaux<\/p>\n<p>Dimensions: 796 x 1160\/2072 x H.1194 mm<\/td>\n<td style=\"height: 26px; width: 12%;\">16 panneaux<\/p>\n<p>Dimensions: 796 x 1160\/2072 x H.1895 mm<\/td>\n<td style=\"height: 26px; width: 12%;\">16 panneaux<\/p>\n<p>Dimensions: 796 x 1260\/2272 x H.1294 mm<\/td>\n<td style=\"height: 26px; width: 12%;\">16 panneaux<\/p>\n<p>Dimensions: 796 x 1260\/2472 \u00a0x H.1394 mm<\/td>\n<td style=\"height: 26px; width: 12%;\">16 panneaux<\/p>\n<p>Dimensions: 796 x 1110\/1972 x H.1795 mm<\/td>\n<\/tr>\n<\/tbody>\n<\/table>\n<p>&nbsp;<\/p>\n<h3 style=\"text-align: center;\">RAL et finitions<\/h3>\n<table style=\"width: 100%; border-collapse: collapse;\" border=\"1\" cellpadding=\"5px\">\n<thead>\n<tr>\n<th style=\"width: 10%; text-align: center;\"><strong>\u00a0<\/strong><\/th>\n<th style=\"width: 14.0597%; text-align: center;\"><\/th>\n<th style=\"width: 15.9403%; text-align: center;\"><\/th>\n<th style=\"width: 11.8808%; text-align: center;\"><\/th>\n<th style=\"width: 13.2062%; text-align: center;\"><\/th>\n<th style=\"width: 11.8227%; text-align: center;\"><\/th>\n<th style=\"width: 13.7282%; text-align: center;\"><\/th>\n<\/tr>\n<\/thead>\n<tbody>\n<tr>\n<td style=\"width: 10%; text-align: center;\"><strong>Lisse brillant<\/strong><\/td>\n<td style=\"width: 14.0597%; text-align: center;\">RAL 9001<\/p>\n<p><img decoding=\"async\" class=\"alignnone wp-image-1346 size-full\" src=\"https:\/\/showmotion.it\/wp-content\/uploads\/2019\/08\/RAL9001.jpg\" alt=\"\" width=\"50\" height=\"50\" \/><\/td>\n<td style=\"width: 15.9403%; text-align: center;\">RAL 9003<\/p>\n<p><img decoding=\"async\" class=\"alignnone wp-image-1347 size-full\" src=\"https:\/\/showmotion.it\/wp-content\/uploads\/2019\/08\/RAL9003.jpg\" alt=\"\" width=\"50\" height=\"50\" \/><\/td>\n<td style=\"width: 11.8808%; text-align: center;\">RAL 9006<\/p>\n<p><img loading=\"lazy\" decoding=\"async\" class=\"alignnone wp-image-1348 size-full\" src=\"https:\/\/showmotion.it\/wp-content\/uploads\/2019\/08\/RAL9006.jpg\" alt=\"\" width=\"50\" height=\"50\" \/><\/td>\n<td style=\"width: 13.2062%; text-align: center;\">RAL 9007<\/p>\n<p><img loading=\"lazy\" decoding=\"async\" class=\"alignnone wp-image-1349 size-full\" src=\"https:\/\/showmotion.it\/wp-content\/uploads\/2019\/08\/RAL9007.jpg\" alt=\"\" width=\"50\" height=\"50\" \/><\/td>\n<td style=\"width: 11.8227%; text-align: center;\">RAL 9010<\/p>\n<p><img loading=\"lazy\" decoding=\"async\" class=\"alignnone wp-image-1350 size-full\" src=\"https:\/\/showmotion.it\/wp-content\/uploads\/2019\/08\/RAL9010.jpg\" alt=\"\" width=\"50\" height=\"50\" \/><\/td>\n<td style=\"width: 13.7282%; text-align: center;\"><\/td>\n<\/tr>\n<tr>\n<td style=\"width: 10%; text-align: center;\"><strong>Lisse mat<\/strong><\/td>\n<td style=\"width: 14.0597%; text-align: center;\">RAL 9005<\/p>\n<p><img loading=\"lazy\" decoding=\"async\" class=\"alignnone wp-image-1351 size-full\" src=\"https:\/\/showmotion.it\/wp-content\/uploads\/2019\/08\/RAL9005.jpg\" alt=\"\" width=\"50\" height=\"50\" \/><\/td>\n<td style=\"width: 15.9403%; text-align: center;\">RAL 9016<\/p>\n<p><img loading=\"lazy\" decoding=\"async\" class=\"alignnone wp-image-4908 size-full\" src=\"https:\/\/showmotion.it\/wp-content\/uploads\/2020\/03\/RAL9016.jpg\" alt=\"\" width=\"50\" height=\"50\" \/><\/td>\n<td style=\"width: 11.8808%; text-align: center;\"><\/td>\n<td style=\"width: 13.2062%; text-align: center;\"><\/td>\n<td style=\"width: 11.8227%; text-align: center;\"><\/td>\n<td style=\"width: 13.7282%; text-align: center;\"><\/td>\n<\/tr>\n<tr>\n<td style=\"width: 10%; text-align: center;\"><strong>Gaufr\u00e9 (appel\u00e9 aussi pliss\u00e9) mat<\/strong><\/td>\n<td style=\"width: 14.0597%; text-align: center;\">RAL 7011<\/p>\n<p><img loading=\"lazy\" decoding=\"async\" class=\"alignnone wp-image-1353 size-full\" src=\"https:\/\/showmotion.it\/wp-content\/uploads\/2019\/08\/RAL7011.jpg\" alt=\"\" width=\"50\" height=\"50\" \/><\/td>\n<td style=\"width: 15.9403%; text-align: center;\">RAL 7015<\/p>\n<p><img loading=\"lazy\" decoding=\"async\" class=\"alignnone wp-image-1354 size-full\" src=\"https:\/\/showmotion.it\/wp-content\/uploads\/2019\/08\/RAL7015.jpg\" alt=\"\" width=\"50\" height=\"50\" \/><\/td>\n<td style=\"width: 11.8808%; text-align: center;\">RAL 7016<\/p>\n<p><img loading=\"lazy\" decoding=\"async\" class=\"alignnone wp-image-1355 size-full\" src=\"https:\/\/showmotion.it\/wp-content\/uploads\/2019\/08\/RAL7016.jpg\" alt=\"\" width=\"50\" height=\"50\" \/><\/td>\n<td style=\"width: 13.2062%; text-align: center;\">RAL 7035<\/p>\n<p><img loading=\"lazy\" decoding=\"async\" class=\"alignnone wp-image-1356 size-full\" src=\"https:\/\/showmotion.it\/wp-content\/uploads\/2019\/08\/RAL7035.jpg\" alt=\"\" width=\"50\" height=\"50\" \/><\/td>\n<td style=\"width: 11.8227%; text-align: center;\">RAL 7036<\/p>\n<p><img loading=\"lazy\" decoding=\"async\" class=\"alignnone wp-image-1357 size-full\" src=\"https:\/\/showmotion.it\/wp-content\/uploads\/2019\/08\/RAL7036.jpg\" alt=\"\" width=\"50\" height=\"50\" \/><\/td>\n<td style=\"width: 13.7282%; text-align: center;\">RAL 9006<\/p>\n<p><img loading=\"lazy\" decoding=\"async\" class=\"alignnone wp-image-1348 size-full\" src=\"https:\/\/showmotion.it\/wp-content\/uploads\/2019\/08\/RAL9006.jpg\" alt=\"\" width=\"50\" height=\"50\" \/><\/td>\n<\/tr>\n<\/tbody>\n<\/table>\n<p>&nbsp;<\/p>\n","protected":false},"excerpt":{"rendered":"<p>Pr\u00e9sentoir autoportant avec ch\u00e2ssis extractibles pivotants. Le ch\u00e2ssis rotatif est \u00e9quip\u00e9 d\u2019aimants qui \u00e9vitent le renversement ind\u00e9sirable avec un blocage du ch\u00e2ssis pivotant en position verticale. Le ch\u00e2ssis est \u00e9quip\u00e9 d\u2019un syst\u00e8me de s\u00e9curit\u00e9 qui limite la rotation \u00e0 90 degr\u00e9s. Le carreau de carrelage est bloqu\u00e9 \u00e0 l\u2019int\u00e9rieur du ch\u00e2ssis avec des vis r\u00e9glables. [&hellip;]<\/p>\n","protected":false},"featured_media":7085,"comment_status":"closed","ping_status":"closed","template":"","meta":[],"product_brand":[],"product_cat":[266],"product_tag":[],"class_list":{"0":"post-7084","1":"product","2":"type-product","3":"status-publish","4":"has-post-thumbnail","6":"product_cat-presentoirs-pour-parquet-sols-en-bois","8":"first","9":"instock","10":"shipping-taxable","11":"product-type-simple"},"yoast_head":"<!-- This site is optimized with the Yoast SEO plugin v24.6 - https:\/\/yoast.com\/wordpress\/plugins\/seo\/ -->\n<title>Rotation wood - Showmotion<\/title>\n<meta name=\"robots\" content=\"index, follow, max-snippet:-1, max-image-preview:large, max-video-preview:-1\" \/>\n<link rel=\"canonical\" href=\"https:\/\/showmotion.it\/fr\/produit\/presentoirs-pour-parquet-sols-en-bois\/rotation-wood\/\" \/>\n<meta property=\"og:locale\" content=\"fr_FR\" \/>\n<meta property=\"og:type\" content=\"article\" \/>\n<meta property=\"og:title\" content=\"Rotation wood - Showmotion\" \/>\n<meta property=\"og:description\" content=\"Pr\u00e9sentoir autoportant avec ch\u00e2ssis extractibles pivotants. Le ch\u00e2ssis rotatif est \u00e9quip\u00e9 d\u2019aimants qui \u00e9vitent le renversement ind\u00e9sirable avec un blocage du ch\u00e2ssis pivotant en position verticale. Le ch\u00e2ssis est \u00e9quip\u00e9 d\u2019un syst\u00e8me de s\u00e9curit\u00e9 qui limite la rotation \u00e0 90 degr\u00e9s. Le carreau de carrelage est bloqu\u00e9 \u00e0 l\u2019int\u00e9rieur du ch\u00e2ssis avec des vis r\u00e9glables. [&hellip;]\" \/>\n<meta property=\"og:url\" content=\"https:\/\/showmotion.it\/fr\/produit\/presentoirs-pour-parquet-sols-en-bois\/rotation-wood\/\" \/>\n<meta property=\"og:site_name\" content=\"Showmotion\" \/>\n<meta property=\"article:publisher\" content=\"https:\/\/www.facebook.com\/showmotion.it\/\" \/>\n<meta property=\"article:modified_time\" content=\"2021-04-20T15:32:09+00:00\" \/>\n<meta property=\"og:image\" content=\"https:\/\/showmotion.it\/wp-content\/uploads\/2020\/01\/ShowMotion_ROTATION-WOOD_Staender-fuer-Parkett.jpg\" \/>\n\t<meta property=\"og:image:width\" content=\"960\" \/>\n\t<meta property=\"og:image:height\" content=\"720\" \/>\n\t<meta property=\"og:image:type\" content=\"image\/jpeg\" \/>\n<meta name=\"twitter:card\" content=\"summary_large_image\" \/>\n<meta name=\"twitter:label1\" content=\"Dur\u00e9e de lecture estim\u00e9e\" \/>\n\t<meta name=\"twitter:data1\" content=\"5 minutes\" \/>\n<script type=\"application\/ld+json\" class=\"yoast-schema-graph\">{\"@context\":\"https:\/\/schema.org\",\"@graph\":[{\"@type\":\"WebPage\",\"@id\":\"https:\/\/showmotion.it\/fr\/produit\/presentoirs-pour-parquet-sols-en-bois\/rotation-wood\/\",\"url\":\"https:\/\/showmotion.it\/fr\/produit\/presentoirs-pour-parquet-sols-en-bois\/rotation-wood\/\",\"name\":\"Rotation wood - Showmotion\",\"isPartOf\":{\"@id\":\"https:\/\/showmotion.it\/fr\/#website\"},\"primaryImageOfPage\":{\"@id\":\"https:\/\/showmotion.it\/fr\/produit\/presentoirs-pour-parquet-sols-en-bois\/rotation-wood\/#primaryimage\"},\"image\":{\"@id\":\"https:\/\/showmotion.it\/fr\/produit\/presentoirs-pour-parquet-sols-en-bois\/rotation-wood\/#primaryimage\"},\"thumbnailUrl\":\"https:\/\/showmotion.it\/wp-content\/uploads\/2020\/01\/ShowMotion_ROTATION-WOOD_Staender-fuer-Parkett.jpg\",\"datePublished\":\"2020-01-14T11:20:07+00:00\",\"dateModified\":\"2021-04-20T15:32:09+00:00\",\"breadcrumb\":{\"@id\":\"https:\/\/showmotion.it\/fr\/produit\/presentoirs-pour-parquet-sols-en-bois\/rotation-wood\/#breadcrumb\"},\"inLanguage\":\"fr-FR\",\"potentialAction\":[{\"@type\":\"ReadAction\",\"target\":[\"https:\/\/showmotion.it\/fr\/produit\/presentoirs-pour-parquet-sols-en-bois\/rotation-wood\/\"]}]},{\"@type\":\"ImageObject\",\"inLanguage\":\"fr-FR\",\"@id\":\"https:\/\/showmotion.it\/fr\/produit\/presentoirs-pour-parquet-sols-en-bois\/rotation-wood\/#primaryimage\",\"url\":\"https:\/\/showmotion.it\/wp-content\/uploads\/2020\/01\/ShowMotion_ROTATION-WOOD_Staender-fuer-Parkett.jpg\",\"contentUrl\":\"https:\/\/showmotion.it\/wp-content\/uploads\/2020\/01\/ShowMotion_ROTATION-WOOD_Staender-fuer-Parkett.jpg\",\"width\":960,\"height\":720,\"caption\":\"St\u00e4nder f\u00fcr Parkett - Modell Rotation Wood - Showmotion\"},{\"@type\":\"BreadcrumbList\",\"@id\":\"https:\/\/showmotion.it\/fr\/produit\/presentoirs-pour-parquet-sols-en-bois\/rotation-wood\/#breadcrumb\",\"itemListElement\":[{\"@type\":\"ListItem\",\"position\":1,\"name\":\"Home\",\"item\":\"https:\/\/showmotion.it\/fr\/\"},{\"@type\":\"ListItem\",\"position\":2,\"name\":\"Shop\",\"item\":\"https:\/\/showmotion.it\/fr\/shop\/\"},{\"@type\":\"ListItem\",\"position\":3,\"name\":\"Rotation wood\"}]},{\"@type\":\"WebSite\",\"@id\":\"https:\/\/showmotion.it\/fr\/#website\",\"url\":\"https:\/\/showmotion.it\/fr\/\",\"name\":\"Showmotion\",\"description\":\"Ogni showroom un&#039;emozione\",\"publisher\":{\"@id\":\"https:\/\/showmotion.it\/fr\/#organization\"},\"potentialAction\":[{\"@type\":\"SearchAction\",\"target\":{\"@type\":\"EntryPoint\",\"urlTemplate\":\"https:\/\/showmotion.it\/fr\/?s={search_term_string}\"},\"query-input\":{\"@type\":\"PropertyValueSpecification\",\"valueRequired\":true,\"valueName\":\"search_term_string\"}}],\"inLanguage\":\"fr-FR\"},{\"@type\":\"Organization\",\"@id\":\"https:\/\/showmotion.it\/fr\/#organization\",\"name\":\"ShowMotion\",\"url\":\"https:\/\/showmotion.it\/fr\/\",\"logo\":{\"@type\":\"ImageObject\",\"inLanguage\":\"fr-FR\",\"@id\":\"https:\/\/showmotion.it\/fr\/#\/schema\/logo\/image\/\",\"url\":\"https:\/\/showmotion.it\/wp-content\/uploads\/2021\/01\/logo.png\",\"contentUrl\":\"https:\/\/showmotion.it\/wp-content\/uploads\/2021\/01\/logo.png\",\"width\":272,\"height\":67,\"caption\":\"ShowMotion\"},\"image\":{\"@id\":\"https:\/\/showmotion.it\/fr\/#\/schema\/logo\/image\/\"},\"sameAs\":[\"https:\/\/www.facebook.com\/showmotion.it\/\",\"https:\/\/www.linkedin.com\/company\/showmotion-it\/\"]}]}<\/script>\n<!-- \/ Yoast SEO plugin. -->","yoast_head_json":{"title":"Rotation wood - Showmotion","robots":{"index":"index","follow":"follow","max-snippet":"max-snippet:-1","max-image-preview":"max-image-preview:large","max-video-preview":"max-video-preview:-1"},"canonical":"https:\/\/showmotion.it\/fr\/produit\/presentoirs-pour-parquet-sols-en-bois\/rotation-wood\/","og_locale":"fr_FR","og_type":"article","og_title":"Rotation wood - Showmotion","og_description":"Pr\u00e9sentoir autoportant avec ch\u00e2ssis extractibles pivotants. Le ch\u00e2ssis rotatif est \u00e9quip\u00e9 d\u2019aimants qui \u00e9vitent le renversement ind\u00e9sirable avec un blocage du ch\u00e2ssis pivotant en position verticale. Le ch\u00e2ssis est \u00e9quip\u00e9 d\u2019un syst\u00e8me de s\u00e9curit\u00e9 qui limite la rotation \u00e0 90 degr\u00e9s. Le carreau de carrelage est bloqu\u00e9 \u00e0 l\u2019int\u00e9rieur du ch\u00e2ssis avec des vis r\u00e9glables. [&hellip;]","og_url":"https:\/\/showmotion.it\/fr\/produit\/presentoirs-pour-parquet-sols-en-bois\/rotation-wood\/","og_site_name":"Showmotion","article_publisher":"https:\/\/www.facebook.com\/showmotion.it\/","article_modified_time":"2021-04-20T15:32:09+00:00","og_image":[{"width":960,"height":720,"url":"https:\/\/showmotion.it\/wp-content\/uploads\/2020\/01\/ShowMotion_ROTATION-WOOD_Staender-fuer-Parkett.jpg","type":"image\/jpeg"}],"twitter_card":"summary_large_image","twitter_misc":{"Dur\u00e9e de lecture estim\u00e9e":"5 minutes"},"schema":{"@context":"https:\/\/schema.org","@graph":[{"@type":"WebPage","@id":"https:\/\/showmotion.it\/fr\/produit\/presentoirs-pour-parquet-sols-en-bois\/rotation-wood\/","url":"https:\/\/showmotion.it\/fr\/produit\/presentoirs-pour-parquet-sols-en-bois\/rotation-wood\/","name":"Rotation wood - Showmotion","isPartOf":{"@id":"https:\/\/showmotion.it\/fr\/#website"},"primaryImageOfPage":{"@id":"https:\/\/showmotion.it\/fr\/produit\/presentoirs-pour-parquet-sols-en-bois\/rotation-wood\/#primaryimage"},"image":{"@id":"https:\/\/showmotion.it\/fr\/produit\/presentoirs-pour-parquet-sols-en-bois\/rotation-wood\/#primaryimage"},"thumbnailUrl":"https:\/\/showmotion.it\/wp-content\/uploads\/2020\/01\/ShowMotion_ROTATION-WOOD_Staender-fuer-Parkett.jpg","datePublished":"2020-01-14T11:20:07+00:00","dateModified":"2021-04-20T15:32:09+00:00","breadcrumb":{"@id":"https:\/\/showmotion.it\/fr\/produit\/presentoirs-pour-parquet-sols-en-bois\/rotation-wood\/#breadcrumb"},"inLanguage":"fr-FR","potentialAction":[{"@type":"ReadAction","target":["https:\/\/showmotion.it\/fr\/produit\/presentoirs-pour-parquet-sols-en-bois\/rotation-wood\/"]}]},{"@type":"ImageObject","inLanguage":"fr-FR","@id":"https:\/\/showmotion.it\/fr\/produit\/presentoirs-pour-parquet-sols-en-bois\/rotation-wood\/#primaryimage","url":"https:\/\/showmotion.it\/wp-content\/uploads\/2020\/01\/ShowMotion_ROTATION-WOOD_Staender-fuer-Parkett.jpg","contentUrl":"https:\/\/showmotion.it\/wp-content\/uploads\/2020\/01\/ShowMotion_ROTATION-WOOD_Staender-fuer-Parkett.jpg","width":960,"height":720,"caption":"St\u00e4nder f\u00fcr Parkett - Modell Rotation Wood - Showmotion"},{"@type":"BreadcrumbList","@id":"https:\/\/showmotion.it\/fr\/produit\/presentoirs-pour-parquet-sols-en-bois\/rotation-wood\/#breadcrumb","itemListElement":[{"@type":"ListItem","position":1,"name":"Home","item":"https:\/\/showmotion.it\/fr\/"},{"@type":"ListItem","position":2,"name":"Shop","item":"https:\/\/showmotion.it\/fr\/shop\/"},{"@type":"ListItem","position":3,"name":"Rotation wood"}]},{"@type":"WebSite","@id":"https:\/\/showmotion.it\/fr\/#website","url":"https:\/\/showmotion.it\/fr\/","name":"Showmotion","description":"Ogni showroom un&#039;emozione","publisher":{"@id":"https:\/\/showmotion.it\/fr\/#organization"},"potentialAction":[{"@type":"SearchAction","target":{"@type":"EntryPoint","urlTemplate":"https:\/\/showmotion.it\/fr\/?s={search_term_string}"},"query-input":{"@type":"PropertyValueSpecification","valueRequired":true,"valueName":"search_term_string"}}],"inLanguage":"fr-FR"},{"@type":"Organization","@id":"https:\/\/showmotion.it\/fr\/#organization","name":"ShowMotion","url":"https:\/\/showmotion.it\/fr\/","logo":{"@type":"ImageObject","inLanguage":"fr-FR","@id":"https:\/\/showmotion.it\/fr\/#\/schema\/logo\/image\/","url":"https:\/\/showmotion.it\/wp-content\/uploads\/2021\/01\/logo.png","contentUrl":"https:\/\/showmotion.it\/wp-content\/uploads\/2021\/01\/logo.png","width":272,"height":67,"caption":"ShowMotion"},"image":{"@id":"https:\/\/showmotion.it\/fr\/#\/schema\/logo\/image\/"},"sameAs":["https:\/\/www.facebook.com\/showmotion.it\/","https:\/\/www.linkedin.com\/company\/showmotion-it\/"]}]}},"_links":{"self":[{"href":"https:\/\/showmotion.it\/fr\/wp-json\/wp\/v2\/product\/7084","targetHints":{"allow":["GET"]}}],"collection":[{"href":"https:\/\/showmotion.it\/fr\/wp-json\/wp\/v2\/product"}],"about":[{"href":"https:\/\/showmotion.it\/fr\/wp-json\/wp\/v2\/types\/product"}],"replies":[{"embeddable":true,"href":"https:\/\/showmotion.it\/fr\/wp-json\/wp\/v2\/comments?post=7084"}],"wp:featuredmedia":[{"embeddable":true,"href":"https:\/\/showmotion.it\/fr\/wp-json\/wp\/v2\/media\/7085"}],"wp:attachment":[{"href":"https:\/\/showmotion.it\/fr\/wp-json\/wp\/v2\/media?parent=7084"}],"wp:term":[{"taxonomy":"product_brand","embeddable":true,"href":"https:\/\/showmotion.it\/fr\/wp-json\/wp\/v2\/product_brand?post=7084"},{"taxonomy":"product_cat","embeddable":true,"href":"https:\/\/showmotion.it\/fr\/wp-json\/wp\/v2\/product_cat?post=7084"},{"taxonomy":"product_tag","embeddable":true,"href":"https:\/\/showmotion.it\/fr\/wp-json\/wp\/v2\/product_tag?post=7084"}],"curies":[{"name":"wp","href":"https:\/\/api.w.org\/{rel}","templated":true}]}}