{"id":7066,"date":"2020-01-23T17:19:31","date_gmt":"2020-01-23T17:19:31","guid":{"rendered":"https:\/\/showmotion.it\/prodotti\/non class\u00e9\/single-sliding\/"},"modified":"2020-01-23T17:19:31","modified_gmt":"2020-01-23T17:19:31","slug":"single-sliding","status":"publish","type":"product","link":"https:\/\/showmotion.it\/fr\/produit\/presentoirs-pour-portes-fenetres-cadres\/presentoirs-elements-simples\/single-sliding\/","title":{"rendered":"Single Sliding"},"content":{"rendered":"<p>Pr\u00e9sentoir simple autoportant pour l\u2019exposition d\u2019une porte coulissante et escamotable. Chaque pr\u00e9sentoir est bien entendu personnalis\u00e9 selon les dimensions de votre produit.<\/p>\n<h3 style=\"text-align: center;\">RAL et finitions<\/h3>\n<table style=\"width: 100%; border-collapse: collapse;\" border=\"1\" cellpadding=\"5px\">\n<thead>\n<tr>\n<th style=\"width: 10%; text-align: center;\"><strong>\u00a0<\/strong><\/th>\n<th style=\"width: 14.0597%; text-align: center;\"><\/th>\n<th style=\"width: 15.9403%; text-align: center;\"><\/th>\n<th style=\"width: 11.8808%; text-align: center;\"><\/th>\n<th style=\"width: 13.2062%; text-align: center;\"><\/th>\n<th style=\"width: 11.8227%; text-align: center;\"><\/th>\n<th style=\"width: 13.7282%; text-align: center;\"><\/th>\n<\/tr>\n<\/thead>\n<tbody>\n<tr>\n<td style=\"width: 10%; text-align: center;\"><strong>Lisse brillant<\/strong><\/td>\n<td style=\"width: 14.0597%; text-align: center;\">RAL 9001<\/p>\n<p><img decoding=\"async\" class=\"alignnone wp-image-1346 size-full\" src=\"https:\/\/showmotion.it\/wp-content\/uploads\/2019\/08\/RAL9001.jpg\" alt=\"\" width=\"50\" height=\"50\" \/><\/td>\n<td style=\"width: 15.9403%; text-align: center;\">RAL 9003<\/p>\n<p><img decoding=\"async\" class=\"alignnone wp-image-1347 size-full\" src=\"https:\/\/showmotion.it\/wp-content\/uploads\/2019\/08\/RAL9003.jpg\" alt=\"\" width=\"50\" height=\"50\" \/><\/td>\n<td style=\"width: 11.8808%; text-align: center;\">RAL 9006<\/p>\n<p><img decoding=\"async\" class=\"alignnone wp-image-1348 size-full\" src=\"https:\/\/showmotion.it\/wp-content\/uploads\/2019\/08\/RAL9006.jpg\" alt=\"\" width=\"50\" height=\"50\" \/><\/td>\n<td style=\"width: 13.2062%; text-align: center;\">RAL 9007<\/p>\n<p><img loading=\"lazy\" decoding=\"async\" class=\"alignnone wp-image-1349 size-full\" src=\"https:\/\/showmotion.it\/wp-content\/uploads\/2019\/08\/RAL9007.jpg\" alt=\"\" width=\"50\" height=\"50\" \/><\/td>\n<td style=\"width: 11.8227%; text-align: center;\">RAL 9010<\/p>\n<p><img loading=\"lazy\" decoding=\"async\" class=\"alignnone wp-image-1350 size-full\" src=\"https:\/\/showmotion.it\/wp-content\/uploads\/2019\/08\/RAL9010.jpg\" alt=\"\" width=\"50\" height=\"50\" \/><\/td>\n<td style=\"width: 13.7282%; text-align: center;\"><\/td>\n<\/tr>\n<tr>\n<td style=\"width: 10%; text-align: center;\"><strong>Lisse mat<\/strong><\/td>\n<td style=\"width: 14.0597%; text-align: center;\">RAL 9005<\/p>\n<p><img loading=\"lazy\" decoding=\"async\" class=\"alignnone wp-image-1351 size-full\" src=\"https:\/\/showmotion.it\/wp-content\/uploads\/2019\/08\/RAL9005.jpg\" alt=\"\" width=\"50\" height=\"50\" \/><\/td>\n<td style=\"width: 15.9403%; text-align: center;\">RAL 9016<\/p>\n<p><img loading=\"lazy\" decoding=\"async\" class=\"alignnone wp-image-4908 size-full\" src=\"https:\/\/showmotion.it\/wp-content\/uploads\/2020\/03\/RAL9016.jpg\" alt=\"\" width=\"50\" height=\"50\" \/><\/td>\n<td style=\"width: 11.8808%; text-align: center;\"><\/td>\n<td style=\"width: 13.2062%; text-align: center;\"><\/td>\n<td style=\"width: 11.8227%; text-align: center;\"><\/td>\n<td style=\"width: 13.7282%; text-align: center;\"><\/td>\n<\/tr>\n<tr>\n<td style=\"width: 10%; text-align: center;\"><strong>Gaufr\u00e9 (appel\u00e9 aussi pliss\u00e9) mat<\/strong><\/td>\n<td style=\"width: 14.0597%; text-align: center;\">RAL 7011<\/p>\n<p><img loading=\"lazy\" decoding=\"async\" class=\"alignnone wp-image-1353 size-full\" src=\"https:\/\/showmotion.it\/wp-content\/uploads\/2019\/08\/RAL7011.jpg\" alt=\"\" width=\"50\" height=\"50\" \/><\/td>\n<td style=\"width: 15.9403%; text-align: center;\">RAL 7015<\/p>\n<p><img loading=\"lazy\" decoding=\"async\" class=\"alignnone wp-image-1354 size-full\" src=\"https:\/\/showmotion.it\/wp-content\/uploads\/2019\/08\/RAL7015.jpg\" alt=\"\" width=\"50\" height=\"50\" \/><\/td>\n<td style=\"width: 11.8808%; text-align: center;\">RAL 7016<\/p>\n<p><img loading=\"lazy\" decoding=\"async\" class=\"alignnone wp-image-1355 size-full\" src=\"https:\/\/showmotion.it\/wp-content\/uploads\/2019\/08\/RAL7016.jpg\" alt=\"\" width=\"50\" height=\"50\" \/><\/td>\n<td style=\"width: 13.2062%; text-align: center;\">RAL 7035<\/p>\n<p><img loading=\"lazy\" decoding=\"async\" class=\"alignnone wp-image-1356 size-full\" src=\"https:\/\/showmotion.it\/wp-content\/uploads\/2019\/08\/RAL7035.jpg\" alt=\"\" width=\"50\" height=\"50\" \/><\/td>\n<td style=\"width: 11.8227%; text-align: center;\">RAL 7036<\/p>\n<p><img loading=\"lazy\" decoding=\"async\" class=\"alignnone wp-image-1357 size-full\" src=\"https:\/\/showmotion.it\/wp-content\/uploads\/2019\/08\/RAL7036.jpg\" alt=\"\" width=\"50\" height=\"50\" \/><\/td>\n<td style=\"width: 13.7282%; text-align: center;\">RAL 9006<\/p>\n<p><img decoding=\"async\" class=\"alignnone wp-image-1348 size-full\" src=\"https:\/\/showmotion.it\/wp-content\/uploads\/2019\/08\/RAL9006.jpg\" alt=\"\" width=\"50\" height=\"50\" \/><\/td>\n<\/tr>\n<\/tbody>\n<\/table>\n<p>&nbsp;<\/p>\n","protected":false},"excerpt":{"rendered":"<p>Pr\u00e9sentoir simple autoportant pour l\u2019exposition d\u2019une porte coulissante et escamotable. Chaque pr\u00e9sentoir est bien entendu personnalis\u00e9 selon les dimensions de votre produit. RAL et finitions \u00a0 Lisse brillant RAL 9001 RAL 9003 RAL 9006 RAL 9007 RAL 9010 Lisse mat RAL 9005 RAL 9016 Gaufr\u00e9 (appel\u00e9 aussi pliss\u00e9) mat RAL 7011 RAL 7015 RAL 7016 [&hellip;]<\/p>\n","protected":false},"featured_media":7067,"comment_status":"closed","ping_status":"closed","template":"","meta":[],"product_brand":[],"product_cat":[268,262],"product_tag":[],"class_list":{"0":"post-7066","1":"product","2":"type-product","3":"status-publish","4":"has-post-thumbnail","6":"product_cat-presentoirs-elements-simples","7":"product_cat-presentoirs-pour-portes-fenetres-cadres","9":"first","10":"instock","11":"shipping-taxable","12":"product-type-simple"},"yoast_head":"<!-- This site is optimized with the Yoast SEO plugin v24.6 - https:\/\/yoast.com\/wordpress\/plugins\/seo\/ -->\n<title>Single Sliding - Showmotion<\/title>\n<meta name=\"robots\" content=\"index, follow, max-snippet:-1, max-image-preview:large, max-video-preview:-1\" \/>\n<link rel=\"canonical\" href=\"https:\/\/showmotion.it\/fr\/produit\/presentoirs-pour-portes-fenetres-cadres\/presentoirs-elements-simples\/single-sliding\/\" \/>\n<meta property=\"og:locale\" content=\"fr_FR\" \/>\n<meta property=\"og:type\" content=\"article\" \/>\n<meta property=\"og:title\" content=\"Single Sliding - Showmotion\" \/>\n<meta property=\"og:description\" content=\"Pr\u00e9sentoir simple autoportant pour l\u2019exposition d\u2019une porte coulissante et escamotable. Chaque pr\u00e9sentoir est bien entendu personnalis\u00e9 selon les dimensions de votre produit. RAL et finitions \u00a0 Lisse brillant RAL 9001 RAL 9003 RAL 9006 RAL 9007 RAL 9010 Lisse mat RAL 9005 RAL 9016 Gaufr\u00e9 (appel\u00e9 aussi pliss\u00e9) mat RAL 7011 RAL 7015 RAL 7016 [&hellip;]\" \/>\n<meta property=\"og:url\" content=\"https:\/\/showmotion.it\/fr\/produit\/presentoirs-pour-portes-fenetres-cadres\/presentoirs-elements-simples\/single-sliding\/\" \/>\n<meta property=\"og:site_name\" content=\"Showmotion\" \/>\n<meta property=\"article:publisher\" content=\"https:\/\/www.facebook.com\/showmotion.it\/\" \/>\n<meta property=\"og:image\" content=\"https:\/\/showmotion.it\/wp-content\/uploads\/2020\/06\/SINGLE-SLIDING.jpg\" \/>\n\t<meta property=\"og:image:width\" content=\"960\" \/>\n\t<meta property=\"og:image:height\" content=\"720\" \/>\n\t<meta property=\"og:image:type\" content=\"image\/jpeg\" \/>\n<meta name=\"twitter:card\" content=\"summary_large_image\" \/>\n<script type=\"application\/ld+json\" class=\"yoast-schema-graph\">{\"@context\":\"https:\/\/schema.org\",\"@graph\":[{\"@type\":\"WebPage\",\"@id\":\"https:\/\/showmotion.it\/fr\/produit\/presentoirs-pour-portes-fenetres-cadres\/presentoirs-elements-simples\/single-sliding\/\",\"url\":\"https:\/\/showmotion.it\/fr\/produit\/presentoirs-pour-portes-fenetres-cadres\/presentoirs-elements-simples\/single-sliding\/\",\"name\":\"Single Sliding - Showmotion\",\"isPartOf\":{\"@id\":\"https:\/\/showmotion.it\/fr\/#website\"},\"primaryImageOfPage\":{\"@id\":\"https:\/\/showmotion.it\/fr\/produit\/presentoirs-pour-portes-fenetres-cadres\/presentoirs-elements-simples\/single-sliding\/#primaryimage\"},\"image\":{\"@id\":\"https:\/\/showmotion.it\/fr\/produit\/presentoirs-pour-portes-fenetres-cadres\/presentoirs-elements-simples\/single-sliding\/#primaryimage\"},\"thumbnailUrl\":\"https:\/\/showmotion.it\/wp-content\/uploads\/2020\/06\/SINGLE-SLIDING.jpg\",\"datePublished\":\"2020-01-23T17:19:31+00:00\",\"breadcrumb\":{\"@id\":\"https:\/\/showmotion.it\/fr\/produit\/presentoirs-pour-portes-fenetres-cadres\/presentoirs-elements-simples\/single-sliding\/#breadcrumb\"},\"inLanguage\":\"fr-FR\",\"potentialAction\":[{\"@type\":\"ReadAction\",\"target\":[\"https:\/\/showmotion.it\/fr\/produit\/presentoirs-pour-portes-fenetres-cadres\/presentoirs-elements-simples\/single-sliding\/\"]}]},{\"@type\":\"ImageObject\",\"inLanguage\":\"fr-FR\",\"@id\":\"https:\/\/showmotion.it\/fr\/produit\/presentoirs-pour-portes-fenetres-cadres\/presentoirs-elements-simples\/single-sliding\/#primaryimage\",\"url\":\"https:\/\/showmotion.it\/wp-content\/uploads\/2020\/06\/SINGLE-SLIDING.jpg\",\"contentUrl\":\"https:\/\/showmotion.it\/wp-content\/uploads\/2020\/06\/SINGLE-SLIDING.jpg\",\"width\":960,\"height\":720},{\"@type\":\"BreadcrumbList\",\"@id\":\"https:\/\/showmotion.it\/fr\/produit\/presentoirs-pour-portes-fenetres-cadres\/presentoirs-elements-simples\/single-sliding\/#breadcrumb\",\"itemListElement\":[{\"@type\":\"ListItem\",\"position\":1,\"name\":\"Home\",\"item\":\"https:\/\/showmotion.it\/fr\/\"},{\"@type\":\"ListItem\",\"position\":2,\"name\":\"Shop\",\"item\":\"https:\/\/showmotion.it\/fr\/shop\/\"},{\"@type\":\"ListItem\",\"position\":3,\"name\":\"Single Sliding\"}]},{\"@type\":\"WebSite\",\"@id\":\"https:\/\/showmotion.it\/fr\/#website\",\"url\":\"https:\/\/showmotion.it\/fr\/\",\"name\":\"Showmotion\",\"description\":\"Ogni showroom un&#039;emozione\",\"publisher\":{\"@id\":\"https:\/\/showmotion.it\/fr\/#organization\"},\"potentialAction\":[{\"@type\":\"SearchAction\",\"target\":{\"@type\":\"EntryPoint\",\"urlTemplate\":\"https:\/\/showmotion.it\/fr\/?s={search_term_string}\"},\"query-input\":{\"@type\":\"PropertyValueSpecification\",\"valueRequired\":true,\"valueName\":\"search_term_string\"}}],\"inLanguage\":\"fr-FR\"},{\"@type\":\"Organization\",\"@id\":\"https:\/\/showmotion.it\/fr\/#organization\",\"name\":\"ShowMotion\",\"url\":\"https:\/\/showmotion.it\/fr\/\",\"logo\":{\"@type\":\"ImageObject\",\"inLanguage\":\"fr-FR\",\"@id\":\"https:\/\/showmotion.it\/fr\/#\/schema\/logo\/image\/\",\"url\":\"https:\/\/showmotion.it\/wp-content\/uploads\/2021\/01\/logo.png\",\"contentUrl\":\"https:\/\/showmotion.it\/wp-content\/uploads\/2021\/01\/logo.png\",\"width\":272,\"height\":67,\"caption\":\"ShowMotion\"},\"image\":{\"@id\":\"https:\/\/showmotion.it\/fr\/#\/schema\/logo\/image\/\"},\"sameAs\":[\"https:\/\/www.facebook.com\/showmotion.it\/\",\"https:\/\/www.linkedin.com\/company\/showmotion-it\/\"]}]}<\/script>\n<!-- \/ Yoast SEO plugin. -->","yoast_head_json":{"title":"Single Sliding - Showmotion","robots":{"index":"index","follow":"follow","max-snippet":"max-snippet:-1","max-image-preview":"max-image-preview:large","max-video-preview":"max-video-preview:-1"},"canonical":"https:\/\/showmotion.it\/fr\/produit\/presentoirs-pour-portes-fenetres-cadres\/presentoirs-elements-simples\/single-sliding\/","og_locale":"fr_FR","og_type":"article","og_title":"Single Sliding - Showmotion","og_description":"Pr\u00e9sentoir simple autoportant pour l\u2019exposition d\u2019une porte coulissante et escamotable. Chaque pr\u00e9sentoir est bien entendu personnalis\u00e9 selon les dimensions de votre produit. RAL et finitions \u00a0 Lisse brillant RAL 9001 RAL 9003 RAL 9006 RAL 9007 RAL 9010 Lisse mat RAL 9005 RAL 9016 Gaufr\u00e9 (appel\u00e9 aussi pliss\u00e9) mat RAL 7011 RAL 7015 RAL 7016 [&hellip;]","og_url":"https:\/\/showmotion.it\/fr\/produit\/presentoirs-pour-portes-fenetres-cadres\/presentoirs-elements-simples\/single-sliding\/","og_site_name":"Showmotion","article_publisher":"https:\/\/www.facebook.com\/showmotion.it\/","og_image":[{"width":960,"height":720,"url":"https:\/\/showmotion.it\/wp-content\/uploads\/2020\/06\/SINGLE-SLIDING.jpg","type":"image\/jpeg"}],"twitter_card":"summary_large_image","schema":{"@context":"https:\/\/schema.org","@graph":[{"@type":"WebPage","@id":"https:\/\/showmotion.it\/fr\/produit\/presentoirs-pour-portes-fenetres-cadres\/presentoirs-elements-simples\/single-sliding\/","url":"https:\/\/showmotion.it\/fr\/produit\/presentoirs-pour-portes-fenetres-cadres\/presentoirs-elements-simples\/single-sliding\/","name":"Single Sliding - Showmotion","isPartOf":{"@id":"https:\/\/showmotion.it\/fr\/#website"},"primaryImageOfPage":{"@id":"https:\/\/showmotion.it\/fr\/produit\/presentoirs-pour-portes-fenetres-cadres\/presentoirs-elements-simples\/single-sliding\/#primaryimage"},"image":{"@id":"https:\/\/showmotion.it\/fr\/produit\/presentoirs-pour-portes-fenetres-cadres\/presentoirs-elements-simples\/single-sliding\/#primaryimage"},"thumbnailUrl":"https:\/\/showmotion.it\/wp-content\/uploads\/2020\/06\/SINGLE-SLIDING.jpg","datePublished":"2020-01-23T17:19:31+00:00","breadcrumb":{"@id":"https:\/\/showmotion.it\/fr\/produit\/presentoirs-pour-portes-fenetres-cadres\/presentoirs-elements-simples\/single-sliding\/#breadcrumb"},"inLanguage":"fr-FR","potentialAction":[{"@type":"ReadAction","target":["https:\/\/showmotion.it\/fr\/produit\/presentoirs-pour-portes-fenetres-cadres\/presentoirs-elements-simples\/single-sliding\/"]}]},{"@type":"ImageObject","inLanguage":"fr-FR","@id":"https:\/\/showmotion.it\/fr\/produit\/presentoirs-pour-portes-fenetres-cadres\/presentoirs-elements-simples\/single-sliding\/#primaryimage","url":"https:\/\/showmotion.it\/wp-content\/uploads\/2020\/06\/SINGLE-SLIDING.jpg","contentUrl":"https:\/\/showmotion.it\/wp-content\/uploads\/2020\/06\/SINGLE-SLIDING.jpg","width":960,"height":720},{"@type":"BreadcrumbList","@id":"https:\/\/showmotion.it\/fr\/produit\/presentoirs-pour-portes-fenetres-cadres\/presentoirs-elements-simples\/single-sliding\/#breadcrumb","itemListElement":[{"@type":"ListItem","position":1,"name":"Home","item":"https:\/\/showmotion.it\/fr\/"},{"@type":"ListItem","position":2,"name":"Shop","item":"https:\/\/showmotion.it\/fr\/shop\/"},{"@type":"ListItem","position":3,"name":"Single Sliding"}]},{"@type":"WebSite","@id":"https:\/\/showmotion.it\/fr\/#website","url":"https:\/\/showmotion.it\/fr\/","name":"Showmotion","description":"Ogni showroom un&#039;emozione","publisher":{"@id":"https:\/\/showmotion.it\/fr\/#organization"},"potentialAction":[{"@type":"SearchAction","target":{"@type":"EntryPoint","urlTemplate":"https:\/\/showmotion.it\/fr\/?s={search_term_string}"},"query-input":{"@type":"PropertyValueSpecification","valueRequired":true,"valueName":"search_term_string"}}],"inLanguage":"fr-FR"},{"@type":"Organization","@id":"https:\/\/showmotion.it\/fr\/#organization","name":"ShowMotion","url":"https:\/\/showmotion.it\/fr\/","logo":{"@type":"ImageObject","inLanguage":"fr-FR","@id":"https:\/\/showmotion.it\/fr\/#\/schema\/logo\/image\/","url":"https:\/\/showmotion.it\/wp-content\/uploads\/2021\/01\/logo.png","contentUrl":"https:\/\/showmotion.it\/wp-content\/uploads\/2021\/01\/logo.png","width":272,"height":67,"caption":"ShowMotion"},"image":{"@id":"https:\/\/showmotion.it\/fr\/#\/schema\/logo\/image\/"},"sameAs":["https:\/\/www.facebook.com\/showmotion.it\/","https:\/\/www.linkedin.com\/company\/showmotion-it\/"]}]}},"_links":{"self":[{"href":"https:\/\/showmotion.it\/fr\/wp-json\/wp\/v2\/product\/7066","targetHints":{"allow":["GET"]}}],"collection":[{"href":"https:\/\/showmotion.it\/fr\/wp-json\/wp\/v2\/product"}],"about":[{"href":"https:\/\/showmotion.it\/fr\/wp-json\/wp\/v2\/types\/product"}],"replies":[{"embeddable":true,"href":"https:\/\/showmotion.it\/fr\/wp-json\/wp\/v2\/comments?post=7066"}],"wp:featuredmedia":[{"embeddable":true,"href":"https:\/\/showmotion.it\/fr\/wp-json\/wp\/v2\/media\/7067"}],"wp:attachment":[{"href":"https:\/\/showmotion.it\/fr\/wp-json\/wp\/v2\/media?parent=7066"}],"wp:term":[{"taxonomy":"product_brand","embeddable":true,"href":"https:\/\/showmotion.it\/fr\/wp-json\/wp\/v2\/product_brand?post=7066"},{"taxonomy":"product_cat","embeddable":true,"href":"https:\/\/showmotion.it\/fr\/wp-json\/wp\/v2\/product_cat?post=7066"},{"taxonomy":"product_tag","embeddable":true,"href":"https:\/\/showmotion.it\/fr\/wp-json\/wp\/v2\/product_tag?post=7066"}],"curies":[{"name":"wp","href":"https:\/\/api.w.org\/{rel}","templated":true}]}}