{"id":7060,"date":"2020-01-24T07:54:01","date_gmt":"2020-01-24T07:54:01","guid":{"rendered":"https:\/\/showmotion.it\/prodotti\/non%20class\u00e9\/lateral\/"},"modified":"2021-04-15T15:31:35","modified_gmt":"2021-04-15T15:31:35","slug":"lateral","status":"publish","type":"product","link":"https:\/\/showmotion.it\/fr\/produit\/presentoirs-pour-ceramique-et-carrelagee\/lateral\/","title":{"rendered":"Lateral"},"content":{"rendered":"<p>Pr\u00e9sentoir autoportant avec chariot extractible pour carreaux en vrac au format identique.<\/p>\n<p>Le carreau de carrelage est bloqu\u00e9 sur le chariot avec des vis r\u00e9glables.<\/p>\n<p>Disponible dans la version droite et dans la version gauche.<\/p>\n<table style=\"width: 100%; height: 110px;\" border=\"1\" cellpadding=\"5px\">\n<thead>\n<tr style=\"height: 22px;\">\n<th style=\"height: 22px; width: 10%;\"><\/th>\n<th style=\"height: 22px; width: 22%;\"><strong>Carreau 60&#215;120<\/strong><\/th>\n<th style=\"height: 22px; width: 22%;\"><strong>Carreau 120&#215;120<\/strong><\/th>\n<th style=\"width: 22%;\"><strong>Grande plaque 100&#215;200<\/strong><\/th>\n<th style=\"width: 22%;\"><strong>Grande plaque 80&#215;160<\/strong><\/th>\n<td style=\"width: 22%;\"><strong>Grande plaque 75&#215;150<\/strong><\/td>\n<\/tr>\n<\/thead>\n<tbody>\n<tr style=\"height: 22px;\">\n<td style=\"height: 22px; width: 10%;\"><strong>Lateral 5<\/strong><\/td>\n<td style=\"height: 22px; width: 22%;\">5 carreaux<\/p>\n<p>Dimensions: 520 x 960\/1672 x H.1495 mm<\/td>\n<td style=\"height: 22px; width: 22%;\">5 carreaux<\/p>\n<p>Dimensions: 520 x 1560\/2872 x H.1495 mm<\/td>\n<td style=\"width: 22%;\"><\/td>\n<td style=\"width: 22%;\">5 plaques<\/p>\n<p>Dimensions: 520 x 1160\/2072 x H.1895 mm<\/td>\n<td style=\"width: 22%;\">5 plaques<\/p>\n<p>Dimensions: 520 x 1110\/1972 x H.1795 mm<\/td>\n<\/tr>\n<tr style=\"height: 22px;\">\n<td style=\"height: 22px; width: 10%;\"><strong>Lateral 6<\/strong><\/td>\n<td style=\"height: 22px; width: 22%;\">6 carreaux<\/p>\n<p>Dimensions: 612 x 960\/1672 x H.1495 mm<\/td>\n<td style=\"height: 22px; width: 22%;\">6 carreaux<\/p>\n<p>Dimensions: 612 x 1560\/2872 x H.1495 mm<\/td>\n<td style=\"width: 22%;\"><\/td>\n<td style=\"width: 22%;\">6 plaques<\/p>\n<p>Dimensions: 612 x 1160\/2072 x H.1895 mm<\/td>\n<td style=\"width: 22%;\">6 plaques<\/p>\n<p>Dimensions: 612x 1110\/1972 x H.1795 mm<\/td>\n<\/tr>\n<tr style=\"height: 22px;\">\n<td style=\"height: 22px; width: 10%;\"><strong>Lateral 7<\/strong><\/td>\n<td style=\"height: 22px; width: 22%;\">7 carreaux<\/p>\n<p>Dimensions: 704 x 960\/1672 x H.1495 mm<\/td>\n<td style=\"height: 22px; width: 22%;\">7 carreaux<\/p>\n<p>Dimensions: 704 x 1560\/2872 x H.1495 mm<\/td>\n<td style=\"width: 22%;\"><\/td>\n<td style=\"width: 22%;\">7 plaques<\/p>\n<p>Dimensions: 704 x 1160\/2072 x H.1895 mm<\/td>\n<td style=\"width: 22%;\">7 plaques<\/p>\n<p>Dimensions: 704 x 1110\/1972 x H.1795 mm<\/td>\n<\/tr>\n<tr style=\"height: 22px;\">\n<td style=\"height: 22px; width: 10%;\"><strong>Lateral 8<\/strong><\/td>\n<td style=\"height: 22px; width: 22%;\">8 carreaux<\/p>\n<p>Dimensions: 796 x 960\/1672 x H.1495 mm<\/td>\n<td style=\"height: 22px; width: 22%;\">8 carreaux<\/p>\n<p>Dimensions: 796 x 1560\/2872 x H.1495 mm<\/td>\n<td style=\"width: 22%;\"><\/td>\n<td style=\"width: 22%;\">8 plaques<\/p>\n<p>Dimensions: 796 x 1160\/2072 x H.1895 mm<\/td>\n<td style=\"width: 22%;\">8 plaques<\/p>\n<p>Dimensions: 796 x 1110\/1972 x H.1795 mm<\/td>\n<\/tr>\n<\/tbody>\n<\/table>\n<p>&nbsp;<\/p>\n<h3 style=\"text-align: center;\">RAL et finitions<\/h3>\n<table style=\"width: 100%; border-collapse: collapse;\" border=\"1\" cellpadding=\"5px\">\n<thead>\n<tr>\n<th style=\"width: 10%; text-align: center;\"><strong>\u00a0<\/strong><\/th>\n<th style=\"width: 14.0597%; text-align: center;\"><\/th>\n<th style=\"width: 15.9403%; text-align: center;\"><\/th>\n<th style=\"width: 11.8808%; text-align: center;\"><\/th>\n<th style=\"width: 13.2062%; text-align: center;\"><\/th>\n<th style=\"width: 11.8227%; text-align: center;\"><\/th>\n<th style=\"width: 13.7282%; text-align: center;\"><\/th>\n<\/tr>\n<\/thead>\n<tbody>\n<tr>\n<td style=\"width: 10%; text-align: center;\"><strong>Lisse brillant<\/strong><\/td>\n<td style=\"width: 14.0597%; text-align: center;\">RAL 9001<\/p>\n<p><img decoding=\"async\" class=\"alignnone wp-image-1346 size-full\" src=\"https:\/\/showmotion.it\/wp-content\/uploads\/2019\/08\/RAL9001.jpg\" alt=\"\" width=\"50\" height=\"50\" \/><\/td>\n<td style=\"width: 15.9403%; text-align: center;\">RAL 9003<\/p>\n<p><img decoding=\"async\" class=\"alignnone wp-image-1347 size-full\" src=\"https:\/\/showmotion.it\/wp-content\/uploads\/2019\/08\/RAL9003.jpg\" alt=\"\" width=\"50\" height=\"50\" \/><\/td>\n<td style=\"width: 11.8808%; text-align: center;\">RAL 9006<\/p>\n<p><img decoding=\"async\" class=\"alignnone wp-image-1348 size-full\" src=\"https:\/\/showmotion.it\/wp-content\/uploads\/2019\/08\/RAL9006.jpg\" alt=\"\" width=\"50\" height=\"50\" \/><\/td>\n<td style=\"width: 13.2062%; text-align: center;\">RAL 9007<\/p>\n<p><img loading=\"lazy\" decoding=\"async\" class=\"alignnone wp-image-1349 size-full\" src=\"https:\/\/showmotion.it\/wp-content\/uploads\/2019\/08\/RAL9007.jpg\" alt=\"\" width=\"50\" height=\"50\" \/><\/td>\n<td style=\"width: 11.8227%; text-align: center;\">RAL 9010<\/p>\n<p><img loading=\"lazy\" decoding=\"async\" class=\"alignnone wp-image-1350 size-full\" src=\"https:\/\/showmotion.it\/wp-content\/uploads\/2019\/08\/RAL9010.jpg\" alt=\"\" width=\"50\" height=\"50\" \/><\/td>\n<td style=\"width: 13.7282%; text-align: center;\"><\/td>\n<\/tr>\n<tr>\n<td style=\"width: 10%; text-align: center;\"><strong>Lisse mat<\/strong><\/td>\n<td style=\"width: 14.0597%; text-align: center;\">RAL 9005<\/p>\n<p><img loading=\"lazy\" decoding=\"async\" class=\"alignnone wp-image-1351 size-full\" src=\"https:\/\/showmotion.it\/wp-content\/uploads\/2019\/08\/RAL9005.jpg\" alt=\"\" width=\"50\" height=\"50\" \/><\/td>\n<td style=\"width: 15.9403%; text-align: center;\">RAL 9016<\/p>\n<p><img loading=\"lazy\" decoding=\"async\" class=\"alignnone wp-image-4908 size-full\" src=\"https:\/\/showmotion.it\/wp-content\/uploads\/2020\/03\/RAL9016.jpg\" alt=\"\" width=\"50\" height=\"50\" \/><\/td>\n<td style=\"width: 11.8808%; text-align: center;\"><\/td>\n<td style=\"width: 13.2062%; text-align: center;\"><\/td>\n<td style=\"width: 11.8227%; text-align: center;\"><\/td>\n<td style=\"width: 13.7282%; text-align: center;\"><\/td>\n<\/tr>\n<tr>\n<td style=\"width: 10%; text-align: center;\"><strong>Gaufr\u00e9 (appel\u00e9 aussi pliss\u00e9) mat<\/strong><\/td>\n<td style=\"width: 14.0597%; text-align: center;\">RAL 7011<\/p>\n<p><img loading=\"lazy\" decoding=\"async\" class=\"alignnone wp-image-1353 size-full\" src=\"https:\/\/showmotion.it\/wp-content\/uploads\/2019\/08\/RAL7011.jpg\" alt=\"\" width=\"50\" height=\"50\" \/><\/td>\n<td style=\"width: 15.9403%; text-align: center;\">RAL 7015<\/p>\n<p><img loading=\"lazy\" decoding=\"async\" class=\"alignnone wp-image-1354 size-full\" src=\"https:\/\/showmotion.it\/wp-content\/uploads\/2019\/08\/RAL7015.jpg\" alt=\"\" width=\"50\" height=\"50\" \/><\/td>\n<td style=\"width: 11.8808%; text-align: center;\">RAL 7016<\/p>\n<p><img loading=\"lazy\" decoding=\"async\" class=\"alignnone wp-image-1355 size-full\" src=\"https:\/\/showmotion.it\/wp-content\/uploads\/2019\/08\/RAL7016.jpg\" alt=\"\" width=\"50\" height=\"50\" \/><\/td>\n<td style=\"width: 13.2062%; text-align: center;\">RAL 7035<\/p>\n<p><img loading=\"lazy\" decoding=\"async\" class=\"alignnone wp-image-1356 size-full\" src=\"https:\/\/showmotion.it\/wp-content\/uploads\/2019\/08\/RAL7035.jpg\" alt=\"\" width=\"50\" height=\"50\" \/><\/td>\n<td style=\"width: 11.8227%; text-align: center;\">RAL 7036<\/p>\n<p><img loading=\"lazy\" decoding=\"async\" class=\"alignnone wp-image-1357 size-full\" src=\"https:\/\/showmotion.it\/wp-content\/uploads\/2019\/08\/RAL7036.jpg\" alt=\"\" width=\"50\" height=\"50\" \/><\/td>\n<td style=\"width: 13.7282%; text-align: center;\">RAL 9006<\/p>\n<p><img decoding=\"async\" class=\"alignnone wp-image-1348 size-full\" src=\"https:\/\/showmotion.it\/wp-content\/uploads\/2019\/08\/RAL9006.jpg\" alt=\"\" width=\"50\" height=\"50\" \/><\/td>\n<\/tr>\n<\/tbody>\n<\/table>\n<p>&nbsp;<\/p>\n","protected":false},"excerpt":{"rendered":"<p>Pr\u00e9sentoir autoportant avec chariot extractible pour carreaux en vrac au format identique. Le carreau de carrelage est bloqu\u00e9 sur le chariot avec des vis r\u00e9glables. Disponible dans la version droite et dans la version gauche. Carreau 60&#215;120 Carreau 120&#215;120 Grande plaque 100&#215;200 Grande plaque 80&#215;160 Grande plaque 75&#215;150 Lateral 5 5 carreaux Dimensions: 520 x [&hellip;]<\/p>\n","protected":false},"featured_media":7061,"comment_status":"closed","ping_status":"closed","template":"","meta":[],"product_brand":[],"product_cat":[261],"product_tag":[],"class_list":{"0":"post-7060","1":"product","2":"type-product","3":"status-publish","4":"has-post-thumbnail","6":"product_cat-presentoirs-pour-ceramique-et-carrelagee","8":"first","9":"instock","10":"shipping-taxable","11":"product-type-simple"},"yoast_head":"<!-- This site is optimized with the Yoast SEO plugin v24.6 - https:\/\/yoast.com\/wordpress\/plugins\/seo\/ -->\n<title>Lateral - Showmotion<\/title>\n<meta name=\"robots\" content=\"index, follow, max-snippet:-1, max-image-preview:large, max-video-preview:-1\" \/>\n<link rel=\"canonical\" href=\"https:\/\/showmotion.it\/fr\/produit\/presentoirs-pour-ceramique-et-carrelagee\/lateral\/\" \/>\n<meta property=\"og:locale\" content=\"fr_FR\" \/>\n<meta property=\"og:type\" content=\"article\" \/>\n<meta property=\"og:title\" content=\"Lateral - Showmotion\" \/>\n<meta property=\"og:description\" content=\"Pr\u00e9sentoir autoportant avec chariot extractible pour carreaux en vrac au format identique. Le carreau de carrelage est bloqu\u00e9 sur le chariot avec des vis r\u00e9glables. Disponible dans la version droite et dans la version gauche. Carreau 60&#215;120 Carreau 120&#215;120 Grande plaque 100&#215;200 Grande plaque 80&#215;160 Grande plaque 75&#215;150 Lateral 5 5 carreaux Dimensions: 520 x [&hellip;]\" \/>\n<meta property=\"og:url\" content=\"https:\/\/showmotion.it\/fr\/produit\/presentoirs-pour-ceramique-et-carrelagee\/lateral\/\" \/>\n<meta property=\"og:site_name\" content=\"Showmotion\" \/>\n<meta property=\"article:publisher\" content=\"https:\/\/www.facebook.com\/showmotion.it\/\" \/>\n<meta property=\"article:modified_time\" content=\"2021-04-15T15:31:35+00:00\" \/>\n<meta property=\"og:image\" content=\"https:\/\/showmotion.it\/wp-content\/uploads\/2020\/01\/ShowMotion_LATERAL_display-for-single-big-tiles.jpg\" \/>\n\t<meta property=\"og:image:width\" content=\"960\" \/>\n\t<meta property=\"og:image:height\" content=\"720\" \/>\n\t<meta property=\"og:image:type\" content=\"image\/jpeg\" \/>\n<meta name=\"twitter:card\" content=\"summary_large_image\" \/>\n<meta name=\"twitter:label1\" content=\"Dur\u00e9e de lecture estim\u00e9e\" \/>\n\t<meta name=\"twitter:data1\" content=\"1 minute\" \/>\n<script type=\"application\/ld+json\" class=\"yoast-schema-graph\">{\"@context\":\"https:\/\/schema.org\",\"@graph\":[{\"@type\":\"WebPage\",\"@id\":\"https:\/\/showmotion.it\/fr\/produit\/presentoirs-pour-ceramique-et-carrelagee\/lateral\/\",\"url\":\"https:\/\/showmotion.it\/fr\/produit\/presentoirs-pour-ceramique-et-carrelagee\/lateral\/\",\"name\":\"Lateral - Showmotion\",\"isPartOf\":{\"@id\":\"https:\/\/showmotion.it\/fr\/#website\"},\"primaryImageOfPage\":{\"@id\":\"https:\/\/showmotion.it\/fr\/produit\/presentoirs-pour-ceramique-et-carrelagee\/lateral\/#primaryimage\"},\"image\":{\"@id\":\"https:\/\/showmotion.it\/fr\/produit\/presentoirs-pour-ceramique-et-carrelagee\/lateral\/#primaryimage\"},\"thumbnailUrl\":\"https:\/\/showmotion.it\/wp-content\/uploads\/2020\/01\/ShowMotion_LATERAL_display-for-single-big-tiles.jpg\",\"datePublished\":\"2020-01-24T07:54:01+00:00\",\"dateModified\":\"2021-04-15T15:31:35+00:00\",\"breadcrumb\":{\"@id\":\"https:\/\/showmotion.it\/fr\/produit\/presentoirs-pour-ceramique-et-carrelagee\/lateral\/#breadcrumb\"},\"inLanguage\":\"fr-FR\",\"potentialAction\":[{\"@type\":\"ReadAction\",\"target\":[\"https:\/\/showmotion.it\/fr\/produit\/presentoirs-pour-ceramique-et-carrelagee\/lateral\/\"]}]},{\"@type\":\"ImageObject\",\"inLanguage\":\"fr-FR\",\"@id\":\"https:\/\/showmotion.it\/fr\/produit\/presentoirs-pour-ceramique-et-carrelagee\/lateral\/#primaryimage\",\"url\":\"https:\/\/showmotion.it\/wp-content\/uploads\/2020\/01\/ShowMotion_LATERAL_display-for-single-big-tiles.jpg\",\"contentUrl\":\"https:\/\/showmotion.it\/wp-content\/uploads\/2020\/01\/ShowMotion_LATERAL_display-for-single-big-tiles.jpg\",\"width\":960,\"height\":720,\"caption\":\"Pr\u00e4sentationm\u00f6bel Fliesen - Modell Lateral Bif - Showmotion\"},{\"@type\":\"BreadcrumbList\",\"@id\":\"https:\/\/showmotion.it\/fr\/produit\/presentoirs-pour-ceramique-et-carrelagee\/lateral\/#breadcrumb\",\"itemListElement\":[{\"@type\":\"ListItem\",\"position\":1,\"name\":\"Home\",\"item\":\"https:\/\/showmotion.it\/fr\/\"},{\"@type\":\"ListItem\",\"position\":2,\"name\":\"Shop\",\"item\":\"https:\/\/showmotion.it\/fr\/shop\/\"},{\"@type\":\"ListItem\",\"position\":3,\"name\":\"Lateral\"}]},{\"@type\":\"WebSite\",\"@id\":\"https:\/\/showmotion.it\/fr\/#website\",\"url\":\"https:\/\/showmotion.it\/fr\/\",\"name\":\"Showmotion\",\"description\":\"Ogni showroom un&#039;emozione\",\"publisher\":{\"@id\":\"https:\/\/showmotion.it\/fr\/#organization\"},\"potentialAction\":[{\"@type\":\"SearchAction\",\"target\":{\"@type\":\"EntryPoint\",\"urlTemplate\":\"https:\/\/showmotion.it\/fr\/?s={search_term_string}\"},\"query-input\":{\"@type\":\"PropertyValueSpecification\",\"valueRequired\":true,\"valueName\":\"search_term_string\"}}],\"inLanguage\":\"fr-FR\"},{\"@type\":\"Organization\",\"@id\":\"https:\/\/showmotion.it\/fr\/#organization\",\"name\":\"ShowMotion\",\"url\":\"https:\/\/showmotion.it\/fr\/\",\"logo\":{\"@type\":\"ImageObject\",\"inLanguage\":\"fr-FR\",\"@id\":\"https:\/\/showmotion.it\/fr\/#\/schema\/logo\/image\/\",\"url\":\"https:\/\/showmotion.it\/wp-content\/uploads\/2021\/01\/logo.png\",\"contentUrl\":\"https:\/\/showmotion.it\/wp-content\/uploads\/2021\/01\/logo.png\",\"width\":272,\"height\":67,\"caption\":\"ShowMotion\"},\"image\":{\"@id\":\"https:\/\/showmotion.it\/fr\/#\/schema\/logo\/image\/\"},\"sameAs\":[\"https:\/\/www.facebook.com\/showmotion.it\/\",\"https:\/\/www.linkedin.com\/company\/showmotion-it\/\"]}]}<\/script>\n<!-- \/ Yoast SEO plugin. -->","yoast_head_json":{"title":"Lateral - Showmotion","robots":{"index":"index","follow":"follow","max-snippet":"max-snippet:-1","max-image-preview":"max-image-preview:large","max-video-preview":"max-video-preview:-1"},"canonical":"https:\/\/showmotion.it\/fr\/produit\/presentoirs-pour-ceramique-et-carrelagee\/lateral\/","og_locale":"fr_FR","og_type":"article","og_title":"Lateral - Showmotion","og_description":"Pr\u00e9sentoir autoportant avec chariot extractible pour carreaux en vrac au format identique. Le carreau de carrelage est bloqu\u00e9 sur le chariot avec des vis r\u00e9glables. Disponible dans la version droite et dans la version gauche. Carreau 60&#215;120 Carreau 120&#215;120 Grande plaque 100&#215;200 Grande plaque 80&#215;160 Grande plaque 75&#215;150 Lateral 5 5 carreaux Dimensions: 520 x [&hellip;]","og_url":"https:\/\/showmotion.it\/fr\/produit\/presentoirs-pour-ceramique-et-carrelagee\/lateral\/","og_site_name":"Showmotion","article_publisher":"https:\/\/www.facebook.com\/showmotion.it\/","article_modified_time":"2021-04-15T15:31:35+00:00","og_image":[{"width":960,"height":720,"url":"https:\/\/showmotion.it\/wp-content\/uploads\/2020\/01\/ShowMotion_LATERAL_display-for-single-big-tiles.jpg","type":"image\/jpeg"}],"twitter_card":"summary_large_image","twitter_misc":{"Dur\u00e9e de lecture estim\u00e9e":"1 minute"},"schema":{"@context":"https:\/\/schema.org","@graph":[{"@type":"WebPage","@id":"https:\/\/showmotion.it\/fr\/produit\/presentoirs-pour-ceramique-et-carrelagee\/lateral\/","url":"https:\/\/showmotion.it\/fr\/produit\/presentoirs-pour-ceramique-et-carrelagee\/lateral\/","name":"Lateral - Showmotion","isPartOf":{"@id":"https:\/\/showmotion.it\/fr\/#website"},"primaryImageOfPage":{"@id":"https:\/\/showmotion.it\/fr\/produit\/presentoirs-pour-ceramique-et-carrelagee\/lateral\/#primaryimage"},"image":{"@id":"https:\/\/showmotion.it\/fr\/produit\/presentoirs-pour-ceramique-et-carrelagee\/lateral\/#primaryimage"},"thumbnailUrl":"https:\/\/showmotion.it\/wp-content\/uploads\/2020\/01\/ShowMotion_LATERAL_display-for-single-big-tiles.jpg","datePublished":"2020-01-24T07:54:01+00:00","dateModified":"2021-04-15T15:31:35+00:00","breadcrumb":{"@id":"https:\/\/showmotion.it\/fr\/produit\/presentoirs-pour-ceramique-et-carrelagee\/lateral\/#breadcrumb"},"inLanguage":"fr-FR","potentialAction":[{"@type":"ReadAction","target":["https:\/\/showmotion.it\/fr\/produit\/presentoirs-pour-ceramique-et-carrelagee\/lateral\/"]}]},{"@type":"ImageObject","inLanguage":"fr-FR","@id":"https:\/\/showmotion.it\/fr\/produit\/presentoirs-pour-ceramique-et-carrelagee\/lateral\/#primaryimage","url":"https:\/\/showmotion.it\/wp-content\/uploads\/2020\/01\/ShowMotion_LATERAL_display-for-single-big-tiles.jpg","contentUrl":"https:\/\/showmotion.it\/wp-content\/uploads\/2020\/01\/ShowMotion_LATERAL_display-for-single-big-tiles.jpg","width":960,"height":720,"caption":"Pr\u00e4sentationm\u00f6bel Fliesen - Modell Lateral Bif - Showmotion"},{"@type":"BreadcrumbList","@id":"https:\/\/showmotion.it\/fr\/produit\/presentoirs-pour-ceramique-et-carrelagee\/lateral\/#breadcrumb","itemListElement":[{"@type":"ListItem","position":1,"name":"Home","item":"https:\/\/showmotion.it\/fr\/"},{"@type":"ListItem","position":2,"name":"Shop","item":"https:\/\/showmotion.it\/fr\/shop\/"},{"@type":"ListItem","position":3,"name":"Lateral"}]},{"@type":"WebSite","@id":"https:\/\/showmotion.it\/fr\/#website","url":"https:\/\/showmotion.it\/fr\/","name":"Showmotion","description":"Ogni showroom un&#039;emozione","publisher":{"@id":"https:\/\/showmotion.it\/fr\/#organization"},"potentialAction":[{"@type":"SearchAction","target":{"@type":"EntryPoint","urlTemplate":"https:\/\/showmotion.it\/fr\/?s={search_term_string}"},"query-input":{"@type":"PropertyValueSpecification","valueRequired":true,"valueName":"search_term_string"}}],"inLanguage":"fr-FR"},{"@type":"Organization","@id":"https:\/\/showmotion.it\/fr\/#organization","name":"ShowMotion","url":"https:\/\/showmotion.it\/fr\/","logo":{"@type":"ImageObject","inLanguage":"fr-FR","@id":"https:\/\/showmotion.it\/fr\/#\/schema\/logo\/image\/","url":"https:\/\/showmotion.it\/wp-content\/uploads\/2021\/01\/logo.png","contentUrl":"https:\/\/showmotion.it\/wp-content\/uploads\/2021\/01\/logo.png","width":272,"height":67,"caption":"ShowMotion"},"image":{"@id":"https:\/\/showmotion.it\/fr\/#\/schema\/logo\/image\/"},"sameAs":["https:\/\/www.facebook.com\/showmotion.it\/","https:\/\/www.linkedin.com\/company\/showmotion-it\/"]}]}},"_links":{"self":[{"href":"https:\/\/showmotion.it\/fr\/wp-json\/wp\/v2\/product\/7060","targetHints":{"allow":["GET"]}}],"collection":[{"href":"https:\/\/showmotion.it\/fr\/wp-json\/wp\/v2\/product"}],"about":[{"href":"https:\/\/showmotion.it\/fr\/wp-json\/wp\/v2\/types\/product"}],"replies":[{"embeddable":true,"href":"https:\/\/showmotion.it\/fr\/wp-json\/wp\/v2\/comments?post=7060"}],"wp:featuredmedia":[{"embeddable":true,"href":"https:\/\/showmotion.it\/fr\/wp-json\/wp\/v2\/media\/7061"}],"wp:attachment":[{"href":"https:\/\/showmotion.it\/fr\/wp-json\/wp\/v2\/media?parent=7060"}],"wp:term":[{"taxonomy":"product_brand","embeddable":true,"href":"https:\/\/showmotion.it\/fr\/wp-json\/wp\/v2\/product_brand?post=7060"},{"taxonomy":"product_cat","embeddable":true,"href":"https:\/\/showmotion.it\/fr\/wp-json\/wp\/v2\/product_cat?post=7060"},{"taxonomy":"product_tag","embeddable":true,"href":"https:\/\/showmotion.it\/fr\/wp-json\/wp\/v2\/product_tag?post=7060"}],"curies":[{"name":"wp","href":"https:\/\/api.w.org\/{rel}","templated":true}]}}