{"id":6999,"date":"2020-01-29T08:21:40","date_gmt":"2020-01-29T08:21:40","guid":{"rendered":"https:\/\/showmotion.it\/prodotti\/non class\u00e9\/wood-library\/"},"modified":"2020-01-29T08:21:40","modified_gmt":"2020-01-29T08:21:40","slug":"wood-library","status":"publish","type":"product","link":"https:\/\/showmotion.it\/fr\/produit\/presentoirs-pour-parquet-sols-en-bois\/wood-library\/","title":{"rendered":"Wood Library"},"content":{"rendered":"<p>Biblioth\u00e8que pour l\u2019exposition d\u2019\u00e9chantillons de parquet, parquet pr\u00e9fini, sols en bois, sols en vinyle, \u00e9chantillons manuels, panneaux en bois, panneaux d&rsquo;\u00e9chantillonnage.<\/p>\n<p>Les \u00e9chantillons glissent avec un frottement minimum sur notre mat\u00e9riau en plastique sp\u00e9cial, un polym\u00e8re sp\u00e9cifiquement d\u00e9velopp\u00e9 pour le glissement optimal des \u00e9chantillons.<\/p>\n<p>En plus d\u2019un excellent confort au quotidien, cette solution d&rsquo;exposition offre un excellent potentiel en mati\u00e8re de design. Vu les nombreuses variantes, la configuration a besoin de conseils techniques individuels.<\/p>\n<h3 style=\"text-align: center;\">RAL et finitions<\/h3>\n<table style=\"width: 100%; border-collapse: collapse;\" border=\"1\" cellpadding=\"5px\">\n<thead>\n<tr>\n<th style=\"width: 10%; text-align: center;\"><strong>\u00a0<\/strong><\/th>\n<th style=\"width: 14.0597%; text-align: center;\"><\/th>\n<th style=\"width: 15.9403%; text-align: center;\"><\/th>\n<th style=\"width: 11.8808%; text-align: center;\"><\/th>\n<th style=\"width: 13.2062%; text-align: center;\"><\/th>\n<th style=\"width: 11.8227%; text-align: center;\"><\/th>\n<th style=\"width: 13.7282%; text-align: center;\"><\/th>\n<\/tr>\n<\/thead>\n<tbody>\n<tr>\n<td style=\"width: 10%; text-align: center;\"><strong>Lisse brillant<\/strong><\/td>\n<td style=\"width: 14.0597%; text-align: center;\">RAL 9001<\/p>\n<p><img decoding=\"async\" class=\"alignnone wp-image-1346 size-full\" src=\"https:\/\/showmotion.it\/wp-content\/uploads\/2019\/08\/RAL9001.jpg\" alt=\"\" width=\"50\" height=\"50\" \/><\/td>\n<td style=\"width: 15.9403%; text-align: center;\">RAL 9003<\/p>\n<p><img decoding=\"async\" class=\"alignnone wp-image-1347 size-full\" src=\"https:\/\/showmotion.it\/wp-content\/uploads\/2019\/08\/RAL9003.jpg\" alt=\"\" width=\"50\" height=\"50\" \/><\/td>\n<td style=\"width: 11.8808%; text-align: center;\">RAL 9006<\/p>\n<p><img decoding=\"async\" class=\"alignnone wp-image-1348 size-full\" src=\"https:\/\/showmotion.it\/wp-content\/uploads\/2019\/08\/RAL9006.jpg\" alt=\"\" width=\"50\" height=\"50\" \/><\/td>\n<td style=\"width: 13.2062%; text-align: center;\">RAL 9007<\/p>\n<p><img loading=\"lazy\" decoding=\"async\" class=\"alignnone wp-image-1349 size-full\" src=\"https:\/\/showmotion.it\/wp-content\/uploads\/2019\/08\/RAL9007.jpg\" alt=\"\" width=\"50\" height=\"50\" \/><\/td>\n<td style=\"width: 11.8227%; text-align: center;\">RAL 9010<\/p>\n<p><img loading=\"lazy\" decoding=\"async\" class=\"alignnone wp-image-1350 size-full\" src=\"https:\/\/showmotion.it\/wp-content\/uploads\/2019\/08\/RAL9010.jpg\" alt=\"\" width=\"50\" height=\"50\" \/><\/td>\n<td style=\"width: 13.7282%; text-align: center;\"><\/td>\n<\/tr>\n<tr>\n<td style=\"width: 10%; text-align: center;\"><strong>Lisse mat<\/strong><\/td>\n<td style=\"width: 14.0597%; text-align: center;\">RAL 9005<\/p>\n<p><img loading=\"lazy\" decoding=\"async\" class=\"alignnone wp-image-1351 size-full\" src=\"https:\/\/showmotion.it\/wp-content\/uploads\/2019\/08\/RAL9005.jpg\" alt=\"\" width=\"50\" height=\"50\" \/><\/td>\n<td style=\"width: 15.9403%; text-align: center;\">RAL 9016<\/p>\n<p><img loading=\"lazy\" decoding=\"async\" class=\"alignnone wp-image-4908 size-full\" src=\"https:\/\/showmotion.it\/wp-content\/uploads\/2020\/03\/RAL9016.jpg\" alt=\"\" width=\"50\" height=\"50\" \/><\/td>\n<td style=\"width: 11.8808%; text-align: center;\"><\/td>\n<td style=\"width: 13.2062%; text-align: center;\"><\/td>\n<td style=\"width: 11.8227%; text-align: center;\"><\/td>\n<td style=\"width: 13.7282%; text-align: center;\"><\/td>\n<\/tr>\n<tr>\n<td style=\"width: 10%; text-align: center;\"><strong>Gaufr\u00e9 (appel\u00e9 aussi pliss\u00e9) mat<\/strong><\/td>\n<td style=\"width: 14.0597%; text-align: center;\">RAL 7011<\/p>\n<p><img loading=\"lazy\" decoding=\"async\" class=\"alignnone wp-image-1353 size-full\" src=\"https:\/\/showmotion.it\/wp-content\/uploads\/2019\/08\/RAL7011.jpg\" alt=\"\" width=\"50\" height=\"50\" \/><\/td>\n<td style=\"width: 15.9403%; text-align: center;\">RAL 7015<\/p>\n<p><img loading=\"lazy\" decoding=\"async\" class=\"alignnone wp-image-1354 size-full\" src=\"https:\/\/showmotion.it\/wp-content\/uploads\/2019\/08\/RAL7015.jpg\" alt=\"\" width=\"50\" height=\"50\" \/><\/td>\n<td style=\"width: 11.8808%; text-align: center;\">RAL 7016<\/p>\n<p><img loading=\"lazy\" decoding=\"async\" class=\"alignnone wp-image-1355 size-full\" src=\"https:\/\/showmotion.it\/wp-content\/uploads\/2019\/08\/RAL7016.jpg\" alt=\"\" width=\"50\" height=\"50\" \/><\/td>\n<td style=\"width: 13.2062%; text-align: center;\">RAL 7035<\/p>\n<p><img loading=\"lazy\" decoding=\"async\" class=\"alignnone wp-image-1356 size-full\" src=\"https:\/\/showmotion.it\/wp-content\/uploads\/2019\/08\/RAL7035.jpg\" alt=\"\" width=\"50\" height=\"50\" \/><\/td>\n<td style=\"width: 11.8227%; text-align: center;\">RAL 7036<\/p>\n<p><img loading=\"lazy\" decoding=\"async\" class=\"alignnone wp-image-1357 size-full\" src=\"https:\/\/showmotion.it\/wp-content\/uploads\/2019\/08\/RAL7036.jpg\" alt=\"\" width=\"50\" height=\"50\" \/><\/td>\n<td style=\"width: 13.7282%; text-align: center;\">RAL 9006<\/p>\n<p><img decoding=\"async\" class=\"alignnone wp-image-1348 size-full\" src=\"https:\/\/showmotion.it\/wp-content\/uploads\/2019\/08\/RAL9006.jpg\" alt=\"\" width=\"50\" height=\"50\" \/><\/td>\n<\/tr>\n<\/tbody>\n<\/table>\n<p>&nbsp;<\/p>\n","protected":false},"excerpt":{"rendered":"<p>Biblioth\u00e8que pour l\u2019exposition d\u2019\u00e9chantillons de parquet, parquet pr\u00e9fini, sols en bois, sols en vinyle, \u00e9chantillons manuels, panneaux en bois, panneaux d&rsquo;\u00e9chantillonnage. Les \u00e9chantillons glissent avec un frottement minimum sur notre mat\u00e9riau en plastique sp\u00e9cial, un polym\u00e8re sp\u00e9cifiquement d\u00e9velopp\u00e9 pour le glissement optimal des \u00e9chantillons. En plus d\u2019un excellent confort au quotidien, cette solution d&rsquo;exposition offre [&hellip;]<\/p>\n","protected":false},"featured_media":7008,"comment_status":"closed","ping_status":"closed","template":"","meta":[],"product_brand":[],"product_cat":[266],"product_tag":[],"class_list":{"0":"post-6999","1":"product","2":"type-product","3":"status-publish","4":"has-post-thumbnail","6":"product_cat-presentoirs-pour-parquet-sols-en-bois","8":"first","9":"instock","10":"shipping-taxable","11":"product-type-simple"},"yoast_head":"<!-- This site is optimized with the Yoast SEO plugin v24.6 - https:\/\/yoast.com\/wordpress\/plugins\/seo\/ -->\n<title>Wood Library - Showmotion<\/title>\n<meta name=\"robots\" content=\"index, follow, max-snippet:-1, max-image-preview:large, max-video-preview:-1\" \/>\n<link rel=\"canonical\" href=\"https:\/\/showmotion.it\/fr\/produit\/presentoirs-pour-parquet-sols-en-bois\/wood-library\/\" \/>\n<meta property=\"og:locale\" content=\"fr_FR\" \/>\n<meta property=\"og:type\" content=\"article\" \/>\n<meta property=\"og:title\" content=\"Wood Library - Showmotion\" \/>\n<meta property=\"og:description\" content=\"Biblioth\u00e8que pour l\u2019exposition d\u2019\u00e9chantillons de parquet, parquet pr\u00e9fini, sols en bois, sols en vinyle, \u00e9chantillons manuels, panneaux en bois, panneaux d&rsquo;\u00e9chantillonnage. Les \u00e9chantillons glissent avec un frottement minimum sur notre mat\u00e9riau en plastique sp\u00e9cial, un polym\u00e8re sp\u00e9cifiquement d\u00e9velopp\u00e9 pour le glissement optimal des \u00e9chantillons. En plus d\u2019un excellent confort au quotidien, cette solution d&rsquo;exposition offre [&hellip;]\" \/>\n<meta property=\"og:url\" content=\"https:\/\/showmotion.it\/fr\/produit\/presentoirs-pour-parquet-sols-en-bois\/wood-library\/\" \/>\n<meta property=\"og:site_name\" content=\"Showmotion\" \/>\n<meta property=\"article:publisher\" content=\"https:\/\/www.facebook.com\/showmotion.it\/\" \/>\n<meta property=\"og:image\" content=\"https:\/\/showmotion.it\/wp-content\/uploads\/2020\/01\/ShowMotion_Regal-f\u00fcr-Parkett-Holzb\u00f6den-Handmuster.jpg\" \/>\n\t<meta property=\"og:image:width\" content=\"960\" \/>\n\t<meta property=\"og:image:height\" content=\"720\" \/>\n\t<meta property=\"og:image:type\" content=\"image\/jpeg\" \/>\n<meta name=\"twitter:card\" content=\"summary_large_image\" \/>\n<meta name=\"twitter:label1\" content=\"Dur\u00e9e de lecture estim\u00e9e\" \/>\n\t<meta name=\"twitter:data1\" content=\"1 minute\" \/>\n<script type=\"application\/ld+json\" class=\"yoast-schema-graph\">{\"@context\":\"https:\/\/schema.org\",\"@graph\":[{\"@type\":\"WebPage\",\"@id\":\"https:\/\/showmotion.it\/fr\/produit\/presentoirs-pour-parquet-sols-en-bois\/wood-library\/\",\"url\":\"https:\/\/showmotion.it\/fr\/produit\/presentoirs-pour-parquet-sols-en-bois\/wood-library\/\",\"name\":\"Wood Library - Showmotion\",\"isPartOf\":{\"@id\":\"https:\/\/showmotion.it\/fr\/#website\"},\"primaryImageOfPage\":{\"@id\":\"https:\/\/showmotion.it\/fr\/produit\/presentoirs-pour-parquet-sols-en-bois\/wood-library\/#primaryimage\"},\"image\":{\"@id\":\"https:\/\/showmotion.it\/fr\/produit\/presentoirs-pour-parquet-sols-en-bois\/wood-library\/#primaryimage\"},\"thumbnailUrl\":\"https:\/\/showmotion.it\/wp-content\/uploads\/2020\/01\/ShowMotion_Regal-f\u00fcr-Parkett-Holzb\u00f6den-Handmuster.jpg\",\"datePublished\":\"2020-01-29T08:21:40+00:00\",\"breadcrumb\":{\"@id\":\"https:\/\/showmotion.it\/fr\/produit\/presentoirs-pour-parquet-sols-en-bois\/wood-library\/#breadcrumb\"},\"inLanguage\":\"fr-FR\",\"potentialAction\":[{\"@type\":\"ReadAction\",\"target\":[\"https:\/\/showmotion.it\/fr\/produit\/presentoirs-pour-parquet-sols-en-bois\/wood-library\/\"]}]},{\"@type\":\"ImageObject\",\"inLanguage\":\"fr-FR\",\"@id\":\"https:\/\/showmotion.it\/fr\/produit\/presentoirs-pour-parquet-sols-en-bois\/wood-library\/#primaryimage\",\"url\":\"https:\/\/showmotion.it\/wp-content\/uploads\/2020\/01\/ShowMotion_Regal-f\u00fcr-Parkett-Holzb\u00f6den-Handmuster.jpg\",\"contentUrl\":\"https:\/\/showmotion.it\/wp-content\/uploads\/2020\/01\/ShowMotion_Regal-f\u00fcr-Parkett-Holzb\u00f6den-Handmuster.jpg\",\"width\":960,\"height\":720,\"caption\":\"Ausstellung Parkett\"},{\"@type\":\"BreadcrumbList\",\"@id\":\"https:\/\/showmotion.it\/fr\/produit\/presentoirs-pour-parquet-sols-en-bois\/wood-library\/#breadcrumb\",\"itemListElement\":[{\"@type\":\"ListItem\",\"position\":1,\"name\":\"Home\",\"item\":\"https:\/\/showmotion.it\/fr\/\"},{\"@type\":\"ListItem\",\"position\":2,\"name\":\"Shop\",\"item\":\"https:\/\/showmotion.it\/fr\/shop\/\"},{\"@type\":\"ListItem\",\"position\":3,\"name\":\"Wood Library\"}]},{\"@type\":\"WebSite\",\"@id\":\"https:\/\/showmotion.it\/fr\/#website\",\"url\":\"https:\/\/showmotion.it\/fr\/\",\"name\":\"Showmotion\",\"description\":\"Ogni showroom un&#039;emozione\",\"publisher\":{\"@id\":\"https:\/\/showmotion.it\/fr\/#organization\"},\"potentialAction\":[{\"@type\":\"SearchAction\",\"target\":{\"@type\":\"EntryPoint\",\"urlTemplate\":\"https:\/\/showmotion.it\/fr\/?s={search_term_string}\"},\"query-input\":{\"@type\":\"PropertyValueSpecification\",\"valueRequired\":true,\"valueName\":\"search_term_string\"}}],\"inLanguage\":\"fr-FR\"},{\"@type\":\"Organization\",\"@id\":\"https:\/\/showmotion.it\/fr\/#organization\",\"name\":\"ShowMotion\",\"url\":\"https:\/\/showmotion.it\/fr\/\",\"logo\":{\"@type\":\"ImageObject\",\"inLanguage\":\"fr-FR\",\"@id\":\"https:\/\/showmotion.it\/fr\/#\/schema\/logo\/image\/\",\"url\":\"https:\/\/showmotion.it\/wp-content\/uploads\/2021\/01\/logo.png\",\"contentUrl\":\"https:\/\/showmotion.it\/wp-content\/uploads\/2021\/01\/logo.png\",\"width\":272,\"height\":67,\"caption\":\"ShowMotion\"},\"image\":{\"@id\":\"https:\/\/showmotion.it\/fr\/#\/schema\/logo\/image\/\"},\"sameAs\":[\"https:\/\/www.facebook.com\/showmotion.it\/\",\"https:\/\/www.linkedin.com\/company\/showmotion-it\/\"]}]}<\/script>\n<!-- \/ Yoast SEO plugin. -->","yoast_head_json":{"title":"Wood Library - Showmotion","robots":{"index":"index","follow":"follow","max-snippet":"max-snippet:-1","max-image-preview":"max-image-preview:large","max-video-preview":"max-video-preview:-1"},"canonical":"https:\/\/showmotion.it\/fr\/produit\/presentoirs-pour-parquet-sols-en-bois\/wood-library\/","og_locale":"fr_FR","og_type":"article","og_title":"Wood Library - Showmotion","og_description":"Biblioth\u00e8que pour l\u2019exposition d\u2019\u00e9chantillons de parquet, parquet pr\u00e9fini, sols en bois, sols en vinyle, \u00e9chantillons manuels, panneaux en bois, panneaux d&rsquo;\u00e9chantillonnage. Les \u00e9chantillons glissent avec un frottement minimum sur notre mat\u00e9riau en plastique sp\u00e9cial, un polym\u00e8re sp\u00e9cifiquement d\u00e9velopp\u00e9 pour le glissement optimal des \u00e9chantillons. En plus d\u2019un excellent confort au quotidien, cette solution d&rsquo;exposition offre [&hellip;]","og_url":"https:\/\/showmotion.it\/fr\/produit\/presentoirs-pour-parquet-sols-en-bois\/wood-library\/","og_site_name":"Showmotion","article_publisher":"https:\/\/www.facebook.com\/showmotion.it\/","og_image":[{"width":960,"height":720,"url":"https:\/\/showmotion.it\/wp-content\/uploads\/2020\/01\/ShowMotion_Regal-f\u00fcr-Parkett-Holzb\u00f6den-Handmuster.jpg","type":"image\/jpeg"}],"twitter_card":"summary_large_image","twitter_misc":{"Dur\u00e9e de lecture estim\u00e9e":"1 minute"},"schema":{"@context":"https:\/\/schema.org","@graph":[{"@type":"WebPage","@id":"https:\/\/showmotion.it\/fr\/produit\/presentoirs-pour-parquet-sols-en-bois\/wood-library\/","url":"https:\/\/showmotion.it\/fr\/produit\/presentoirs-pour-parquet-sols-en-bois\/wood-library\/","name":"Wood Library - Showmotion","isPartOf":{"@id":"https:\/\/showmotion.it\/fr\/#website"},"primaryImageOfPage":{"@id":"https:\/\/showmotion.it\/fr\/produit\/presentoirs-pour-parquet-sols-en-bois\/wood-library\/#primaryimage"},"image":{"@id":"https:\/\/showmotion.it\/fr\/produit\/presentoirs-pour-parquet-sols-en-bois\/wood-library\/#primaryimage"},"thumbnailUrl":"https:\/\/showmotion.it\/wp-content\/uploads\/2020\/01\/ShowMotion_Regal-f\u00fcr-Parkett-Holzb\u00f6den-Handmuster.jpg","datePublished":"2020-01-29T08:21:40+00:00","breadcrumb":{"@id":"https:\/\/showmotion.it\/fr\/produit\/presentoirs-pour-parquet-sols-en-bois\/wood-library\/#breadcrumb"},"inLanguage":"fr-FR","potentialAction":[{"@type":"ReadAction","target":["https:\/\/showmotion.it\/fr\/produit\/presentoirs-pour-parquet-sols-en-bois\/wood-library\/"]}]},{"@type":"ImageObject","inLanguage":"fr-FR","@id":"https:\/\/showmotion.it\/fr\/produit\/presentoirs-pour-parquet-sols-en-bois\/wood-library\/#primaryimage","url":"https:\/\/showmotion.it\/wp-content\/uploads\/2020\/01\/ShowMotion_Regal-f\u00fcr-Parkett-Holzb\u00f6den-Handmuster.jpg","contentUrl":"https:\/\/showmotion.it\/wp-content\/uploads\/2020\/01\/ShowMotion_Regal-f\u00fcr-Parkett-Holzb\u00f6den-Handmuster.jpg","width":960,"height":720,"caption":"Ausstellung Parkett"},{"@type":"BreadcrumbList","@id":"https:\/\/showmotion.it\/fr\/produit\/presentoirs-pour-parquet-sols-en-bois\/wood-library\/#breadcrumb","itemListElement":[{"@type":"ListItem","position":1,"name":"Home","item":"https:\/\/showmotion.it\/fr\/"},{"@type":"ListItem","position":2,"name":"Shop","item":"https:\/\/showmotion.it\/fr\/shop\/"},{"@type":"ListItem","position":3,"name":"Wood Library"}]},{"@type":"WebSite","@id":"https:\/\/showmotion.it\/fr\/#website","url":"https:\/\/showmotion.it\/fr\/","name":"Showmotion","description":"Ogni showroom un&#039;emozione","publisher":{"@id":"https:\/\/showmotion.it\/fr\/#organization"},"potentialAction":[{"@type":"SearchAction","target":{"@type":"EntryPoint","urlTemplate":"https:\/\/showmotion.it\/fr\/?s={search_term_string}"},"query-input":{"@type":"PropertyValueSpecification","valueRequired":true,"valueName":"search_term_string"}}],"inLanguage":"fr-FR"},{"@type":"Organization","@id":"https:\/\/showmotion.it\/fr\/#organization","name":"ShowMotion","url":"https:\/\/showmotion.it\/fr\/","logo":{"@type":"ImageObject","inLanguage":"fr-FR","@id":"https:\/\/showmotion.it\/fr\/#\/schema\/logo\/image\/","url":"https:\/\/showmotion.it\/wp-content\/uploads\/2021\/01\/logo.png","contentUrl":"https:\/\/showmotion.it\/wp-content\/uploads\/2021\/01\/logo.png","width":272,"height":67,"caption":"ShowMotion"},"image":{"@id":"https:\/\/showmotion.it\/fr\/#\/schema\/logo\/image\/"},"sameAs":["https:\/\/www.facebook.com\/showmotion.it\/","https:\/\/www.linkedin.com\/company\/showmotion-it\/"]}]}},"_links":{"self":[{"href":"https:\/\/showmotion.it\/fr\/wp-json\/wp\/v2\/product\/6999","targetHints":{"allow":["GET"]}}],"collection":[{"href":"https:\/\/showmotion.it\/fr\/wp-json\/wp\/v2\/product"}],"about":[{"href":"https:\/\/showmotion.it\/fr\/wp-json\/wp\/v2\/types\/product"}],"replies":[{"embeddable":true,"href":"https:\/\/showmotion.it\/fr\/wp-json\/wp\/v2\/comments?post=6999"}],"wp:featuredmedia":[{"embeddable":true,"href":"https:\/\/showmotion.it\/fr\/wp-json\/wp\/v2\/media\/7008"}],"wp:attachment":[{"href":"https:\/\/showmotion.it\/fr\/wp-json\/wp\/v2\/media?parent=6999"}],"wp:term":[{"taxonomy":"product_brand","embeddable":true,"href":"https:\/\/showmotion.it\/fr\/wp-json\/wp\/v2\/product_brand?post=6999"},{"taxonomy":"product_cat","embeddable":true,"href":"https:\/\/showmotion.it\/fr\/wp-json\/wp\/v2\/product_cat?post=6999"},{"taxonomy":"product_tag","embeddable":true,"href":"https:\/\/showmotion.it\/fr\/wp-json\/wp\/v2\/product_tag?post=6999"}],"curies":[{"name":"wp","href":"https:\/\/api.w.org\/{rel}","templated":true}]}}