{"id":8293,"date":"2021-04-28T09:59:55","date_gmt":"2021-04-28T09:59:55","guid":{"rendered":"https:\/\/showmotion.it\/temoignages\/"},"modified":"2021-04-28T09:59:55","modified_gmt":"2021-04-28T09:59:55","slug":"temoignages","status":"publish","type":"page","link":"https:\/\/showmotion.it\/fr\/temoignages\/","title":{"rendered":"T\u00e9moignages"},"content":{"rendered":"<p><div class=\"fusion-bg-parallax\" data-bg-align=\"center center\" data-direction=\"up\" data-mute=\"false\" data-opacity=\"100\" data-velocity=\"-0.3\" data-mobile-enabled=\"true\" data-break_parents=\"0\" data-bg-image=\"https:\/\/showmotion.it\/wp-content\/uploads\/2019\/02\/Gautschi_slider_ausstellung_01_1200x600.jpg\" data-bg-repeat=\"false\" ><\/div><div class=\"fusion-fullwidth fullwidth-box fusion-builder-row-1 fusion-parallax-up nonhundred-percent-fullwidth non-hundred-percent-height-scrolling\" style=\"--awb-border-radius-top-left:0px;--awb-border-radius-top-right:0px;--awb-border-radius-bottom-right:0px;--awb-border-radius-bottom-left:0px;--awb-padding-top:130px;--awb-padding-bottom:120px;--awb-background-image:url(&quot;https:\/\/showmotion.it\/wp-content\/uploads\/2019\/02\/Gautschi_slider_ausstellung_01_1200x600.jpg&quot;);--awb-background-size:cover;--awb-flex-wrap:wrap;\" ><div class=\"fusion-builder-row fusion-row\"><div class=\"fusion-layout-column fusion_builder_column fusion-builder-column-0 fusion_builder_column_1_1 1_1 fusion-one-full fusion-column-first fusion-column-last\" style=\"--awb-bg-size:cover;\"><div class=\"fusion-column-wrapper fusion-flex-column-wrapper-legacy\"><div class=\"fusion-sep-clear\"><\/div><div class=\"fusion-separator fusion-full-width-sep\" style=\"margin-left: auto;margin-right: auto;margin-top:30px;margin-bottom:0px;width:100%;\"><\/div><div class=\"fusion-sep-clear\"><\/div><div class=\"fusion-title title fusion-title-1 fusion-sep-none fusion-title-text fusion-title-size-one shadow-black\"><h1 class=\"fusion-title-heading title-heading-left fusion-responsive-typography-calculated\" style=\"margin:0;--fontSize:60;line-height:1.33;\"><p style=\"text-align: left;\">T\u00e9moignages<\/p><\/h1><\/div><div class=\"fusion-clearfix\"><\/div><\/div><\/div><\/div><\/div><div class=\"fusion-fullwidth fullwidth-box fusion-builder-row-2 nonhundred-percent-fullwidth non-hundred-percent-height-scrolling\" style=\"--awb-border-radius-top-left:0px;--awb-border-radius-top-right:0px;--awb-border-radius-bottom-right:0px;--awb-border-radius-bottom-left:0px;--awb-margin-top:60px;--awb-flex-wrap:wrap;\" ><div class=\"fusion-builder-row fusion-row\"><div class=\"fusion-layout-column fusion_builder_column fusion-builder-column-1 fusion_builder_column_1_1 1_1 fusion-one-full fusion-column-first fusion-column-last\" style=\"--awb-bg-size:cover;\"><div class=\"fusion-column-wrapper fusion-flex-column-wrapper-legacy\"><div class=\"fusion-blog-shortcode fusion-blog-shortcode-1 fusion-blog-archive fusion-blog-layout-grid-wrapper fusion-blog-no\"><style type=\"text\/css\">.fusion-blog-shortcode-1 .fusion-blog-layout-grid .fusion-post-grid{padding:25px;}.fusion-blog-shortcode-1 .fusion-posts-container{margin-left: -25px !important; margin-right:-25px !important;}<\/style><div class=\"fusion-posts-container fusion-posts-container-no fusion-blog-rollover fusion-blog-layout-grid fusion-blog-layout-grid-3 isotope fusion-blog-equal-heights\" data-pages=\"0\" data-grid-col-space=\"50\" style=\"margin: -25px -25px 0;min-height:500px;\"><article id=\"blog-1-post-7864\" class=\"fusion-post-grid post-7864 post type-post status-publish format-standard has-post-thumbnail hentry category-temoignages tag-autres-secteurs\">\n<div class=\"fusion-post-wrapper\" style=\"background-color:rgba(255,255,255,0);border:1px solid #ebeaea;border-bottom-width:3px;\">\n\n\t\t\t<div class=\"fusion-flexslider flexslider fusion-flexslider-loading fusion-post-slideshow\" style=\"border-color:#ebeaea;\">\n\t\t<ul class=\"slides\">\n\t\t\t\n\t\t\t\t\t\t\t\t\t\t\t\t\t\t<li><div  class=\"fusion-image-wrapper\" aria-haspopup=\"true\">\n\t\t\t\t<img fetchpriority=\"high\" decoding=\"async\" width=\"1822\" height=\"1280\" src=\"https:\/\/showmotion.it\/wp-content\/uploads\/2019\/12\/Copertina-Herzog.jpg\" class=\"attachment-full size-full wp-post-image\" alt=\"\" srcset=\"https:\/\/showmotion.it\/wp-content\/uploads\/2019\/12\/Copertina-Herzog-200x141.jpg 200w, https:\/\/showmotion.it\/wp-content\/uploads\/2019\/12\/Copertina-Herzog-400x281.jpg 400w, https:\/\/showmotion.it\/wp-content\/uploads\/2019\/12\/Copertina-Herzog-600x422.jpg 600w, https:\/\/showmotion.it\/wp-content\/uploads\/2019\/12\/Copertina-Herzog-800x562.jpg 800w, https:\/\/showmotion.it\/wp-content\/uploads\/2019\/12\/Copertina-Herzog-1200x843.jpg 1200w, https:\/\/showmotion.it\/wp-content\/uploads\/2019\/12\/Copertina-Herzog.jpg 1822w\" sizes=\"(min-width: 2200px) 100vw, (min-width: 1104px) 357px, (min-width: 1012px) 535px, (min-width: 920px) 1012px, \" \/><div class=\"fusion-rollover\">\n\t<div class=\"fusion-rollover-content\">\n\n\t\t\t\t\t\t\t\t\t\t\t\t\t\t<a class=\"fusion-rollover-link\" href=\"https:\/\/showmotion.it\/fr\/herzog-bau-2\/\">Herzog Bau<\/a>\n\t\t\t\n\t\t\t\t\t\t\t\t\n\t\t\n\t\t\t\t\t\t\t\t\t\t\t\t<h4 class=\"fusion-rollover-title\">\n\t\t\t\t\t<a class=\"fusion-rollover-title-link\" href=\"https:\/\/showmotion.it\/fr\/herzog-bau-2\/\">\n\t\t\t\t\t\tHerzog Bau\t\t\t\t\t<\/a>\n\t\t\t\t<\/h4>\n\t\t\t\n\t\t\t\t\t\t\t\t\n\t\t\n\t\t\t\t\t\t<a class=\"fusion-link-wrapper\" href=\"https:\/\/showmotion.it\/fr\/herzog-bau-2\/\" aria-label=\"Herzog Bau\"><\/a>\n\t<\/div>\n<\/div>\n<\/div>\n<\/li>\n\t\t\t\n\t\t\t\n\t\t\t\t\t\t\t\t\t\t\t\t\t\t\t\t\t\t\t\t\t\t\t\t\t\t\t\t\t\t\t\t\t\t\t\t\t\t\t\t\t\t\t\t\t\t\t\t\t\t\t\t\t\t\t\t\t\t\t\t\t\t\t\t\t\t\t\t<\/ul>\n\t<\/div>\n\t<div class=\"fusion-post-content-wrapper\" style=\"padding:30px 25px 20px 25px;\"><div class=\"fusion-post-content post-content\"><h2 class=\"blog-shortcode-post-title entry-title\">Herzog Bau<\/h2><div class=\"fusion-content-sep sep-double sep-solid\"><\/div><div class=\"fusion-post-content-container\"><p>Oliver Herzog, PDG. Herzog Bau GmbH, D-91054 Erlangen      <\/p>\n<p>Si vous souhaitez un design exclusif pour exposer vos produits ainsi qu\u2019un excellent service transparent, ShowMotion est le partenaire id\u00e9al pour votre nouveau projet.<br>\n <a href=\"https:\/\/showmotion.it\/fr\/herzog-bau-2\/#more-7864\" class=\"more-link\"> [\u2026]<\/a><\/p>\n<\/div><\/div><div class=\"fusion-meta-info\"><div class=\"fusion-alignleft\"><a class=\"fusion-read-more\" href=\"https:\/\/showmotion.it\/fr\/herzog-bau-2\/\" aria-label=\"More on Herzog Bau\">Read More<\/a><\/div><\/div><\/div><div class=\"fusion-clearfix\"><\/div><\/div>\n<\/article>\n<article id=\"blog-1-post-7854\" class=\"fusion-post-grid post-7854 post type-post status-publish format-standard has-post-thumbnail hentry category-temoignages tag-autres-secteurs\">\n<div class=\"fusion-post-wrapper\" style=\"background-color:rgba(255,255,255,0);border:1px solid #ebeaea;border-bottom-width:3px;\">\n\n\t\t\t<div class=\"fusion-flexslider flexslider fusion-flexslider-loading fusion-post-slideshow\" style=\"border-color:#ebeaea;\">\n\t\t<ul class=\"slides\">\n\t\t\t\n\t\t\t\t\t\t\t\t\t\t\t\t\t\t<li><div  class=\"fusion-image-wrapper\" aria-haspopup=\"true\">\n\t\t\t\t<img decoding=\"async\" width=\"1822\" height=\"1280\" src=\"https:\/\/showmotion.it\/wp-content\/uploads\/2020\/02\/Copertina-Fliesenteam-Bock.jpg\" class=\"attachment-full size-full wp-post-image\" alt=\"\" srcset=\"https:\/\/showmotion.it\/wp-content\/uploads\/2020\/02\/Copertina-Fliesenteam-Bock-200x141.jpg 200w, https:\/\/showmotion.it\/wp-content\/uploads\/2020\/02\/Copertina-Fliesenteam-Bock-400x281.jpg 400w, https:\/\/showmotion.it\/wp-content\/uploads\/2020\/02\/Copertina-Fliesenteam-Bock-600x422.jpg 600w, https:\/\/showmotion.it\/wp-content\/uploads\/2020\/02\/Copertina-Fliesenteam-Bock-800x562.jpg 800w, https:\/\/showmotion.it\/wp-content\/uploads\/2020\/02\/Copertina-Fliesenteam-Bock-1200x843.jpg 1200w, https:\/\/showmotion.it\/wp-content\/uploads\/2020\/02\/Copertina-Fliesenteam-Bock.jpg 1822w\" sizes=\"(min-width: 2200px) 100vw, (min-width: 1104px) 357px, (min-width: 1012px) 535px, (min-width: 920px) 1012px, \" \/><div class=\"fusion-rollover\">\n\t<div class=\"fusion-rollover-content\">\n\n\t\t\t\t\t\t\t\t\t\t\t\t\t\t<a class=\"fusion-rollover-link\" href=\"https:\/\/showmotion.it\/fr\/frank-neuber\/\">Frank Neuber<\/a>\n\t\t\t\n\t\t\t\t\t\t\t\t\n\t\t\n\t\t\t\t\t\t\t\t\t\t\t\t<h4 class=\"fusion-rollover-title\">\n\t\t\t\t\t<a class=\"fusion-rollover-title-link\" href=\"https:\/\/showmotion.it\/fr\/frank-neuber\/\">\n\t\t\t\t\t\tFrank Neuber\t\t\t\t\t<\/a>\n\t\t\t\t<\/h4>\n\t\t\t\n\t\t\t\t\t\t\t\t\n\t\t\n\t\t\t\t\t\t<a class=\"fusion-link-wrapper\" href=\"https:\/\/showmotion.it\/fr\/frank-neuber\/\" aria-label=\"Frank Neuber\"><\/a>\n\t<\/div>\n<\/div>\n<\/div>\n<\/li>\n\t\t\t\n\t\t\t\n\t\t\t\t\t\t\t\t\t\t\t\t\t\t\t\t\t\t\t\t\t\t\t\t\t\t\t\t\t\t\t\t\t\t\t\t\t\t\t\t\t\t\t\t\t\t\t\t\t\t\t\t\t\t\t\t\t\t\t\t\t\t\t\t\t\t\t\t<\/ul>\n\t<\/div>\n\t<div class=\"fusion-post-content-wrapper\" style=\"padding:30px 25px 20px 25px;\"><div class=\"fusion-post-content post-content\"><h2 class=\"blog-shortcode-post-title entry-title\">Frank Neuber<\/h2><div class=\"fusion-content-sep sep-double sep-solid\"><\/div><div class=\"fusion-post-content-container\"><p>Frank Neuber, PDG. Fliesen Team Bock GmbH, D-21698 Harsefeld      <\/p>\n<p>ShowMotion m\u2019a fourni six pr\u00e9sentoirs SLIDE 14 pour panneaux \u00e9chantillons 122\u00d7244 cm et des accessoires TILE SHOP pour du carrelage en vrac. Les syst\u00e8mes d\u2019exposition fonctionnent tr\u00e8s bien et simplifient le travail dans la vente. <a>\n<\/a><\/p><\/div><\/div><div class=\"fusion-meta-info\"><div class=\"fusion-alignleft\"><a class=\"fusion-read-more\" href=\"https:\/\/showmotion.it\/fr\/frank-neuber\/\" aria-label=\"More on Frank Neuber\">Read More<\/a><\/div><\/div><\/div><div class=\"fusion-clearfix\"><\/div><\/div>\n<\/article>\n<article id=\"blog-1-post-7847\" class=\"fusion-post-grid post-7847 post type-post status-publish format-standard has-post-thumbnail hentry category-temoignages tag-autres-secteurs\">\n<div class=\"fusion-post-wrapper\" style=\"background-color:rgba(255,255,255,0);border:1px solid #ebeaea;border-bottom-width:3px;\">\n\n\t\t\t<div class=\"fusion-flexslider flexslider fusion-flexslider-loading fusion-post-slideshow\" style=\"border-color:#ebeaea;\">\n\t\t<ul class=\"slides\">\n\t\t\t\n\t\t\t\t\t\t\t\t\t\t\t\t\t\t<li><div  class=\"fusion-image-wrapper\" aria-haspopup=\"true\">\n\t\t\t\t<img decoding=\"async\" width=\"1822\" height=\"1280\" src=\"https:\/\/showmotion.it\/wp-content\/uploads\/2020\/02\/Copertina-Cambielli-Edilfriuli.jpg\" class=\"attachment-full size-full wp-post-image\" alt=\"\" srcset=\"https:\/\/showmotion.it\/wp-content\/uploads\/2020\/02\/Copertina-Cambielli-Edilfriuli-200x141.jpg 200w, https:\/\/showmotion.it\/wp-content\/uploads\/2020\/02\/Copertina-Cambielli-Edilfriuli-400x281.jpg 400w, https:\/\/showmotion.it\/wp-content\/uploads\/2020\/02\/Copertina-Cambielli-Edilfriuli-600x422.jpg 600w, https:\/\/showmotion.it\/wp-content\/uploads\/2020\/02\/Copertina-Cambielli-Edilfriuli-800x562.jpg 800w, https:\/\/showmotion.it\/wp-content\/uploads\/2020\/02\/Copertina-Cambielli-Edilfriuli-1200x843.jpg 1200w, https:\/\/showmotion.it\/wp-content\/uploads\/2020\/02\/Copertina-Cambielli-Edilfriuli.jpg 1822w\" sizes=\"(min-width: 2200px) 100vw, (min-width: 1104px) 357px, (min-width: 1012px) 535px, (min-width: 920px) 1012px, \" \/><div class=\"fusion-rollover\">\n\t<div class=\"fusion-rollover-content\">\n\n\t\t\t\t\t\t\t\t\t\t\t\t\t\t<a class=\"fusion-rollover-link\" href=\"https:\/\/showmotion.it\/fr\/cambielli-edilfriuli-spa\/\">Cambielli Edilfriuli spa<\/a>\n\t\t\t\n\t\t\t\t\t\t\t\t\n\t\t\n\t\t\t\t\t\t\t\t\t\t\t\t<h4 class=\"fusion-rollover-title\">\n\t\t\t\t\t<a class=\"fusion-rollover-title-link\" href=\"https:\/\/showmotion.it\/fr\/cambielli-edilfriuli-spa\/\">\n\t\t\t\t\t\tCambielli Edilfriuli spa\t\t\t\t\t<\/a>\n\t\t\t\t<\/h4>\n\t\t\t\n\t\t\t\t\t\t\t\t\n\t\t\n\t\t\t\t\t\t<a class=\"fusion-link-wrapper\" href=\"https:\/\/showmotion.it\/fr\/cambielli-edilfriuli-spa\/\" aria-label=\"Cambielli Edilfriuli spa\"><\/a>\n\t<\/div>\n<\/div>\n<\/div>\n<\/li>\n\t\t\t\n\t\t\t\n\t\t\t\t\t\t\t\t\t\t\t\t\t\t\t\t\t\t\t\t\t\t\t\t\t\t\t\t\t\t\t\t\t\t\t\t\t\t\t\t\t\t\t\t\t\t\t\t\t\t\t\t\t\t\t\t\t\t\t\t\t\t\t\t\t\t\t\t<\/ul>\n\t<\/div>\n\t<div class=\"fusion-post-content-wrapper\" style=\"padding:30px 25px 20px 25px;\"><div class=\"fusion-post-content post-content\"><h2 class=\"blog-shortcode-post-title entry-title\">Cambielli Edilfriuli spa<\/h2><div class=\"fusion-content-sep sep-double sep-solid\"><\/div><div class=\"fusion-post-content-container\"><p>Silvia Bezzegato, coordinatrice PoS Italia. Cambielli Edilfriuli Spa, I-20129 Milan.    <\/p>\n<p>Entreprise tr\u00e8s s\u00e9rieuse et professionnelle. J\u2019ai con\u00e7u, pour l\u2019important groupe avec lequel je travaille, plus d\u2019une dizaine de showroom de mobilier de salle de bains, sols et rev\u00eatements, tous r\u00e9alis\u00e9s selon les d\u00e9lais et les [\u2026]<\/p>\n<\/div><\/div><div class=\"fusion-meta-info\"><div class=\"fusion-alignleft\"><a class=\"fusion-read-more\" href=\"https:\/\/showmotion.it\/fr\/cambielli-edilfriuli-spa\/\" aria-label=\"More on Cambielli Edilfriuli spa\">Read More<\/a><\/div><\/div><\/div><div class=\"fusion-clearfix\"><\/div><\/div>\n<\/article>\n<article id=\"blog-1-post-7827\" class=\"fusion-post-grid post-7827 post type-post status-publish format-standard has-post-thumbnail hentry category-temoignages tag-autres-secteurs\">\n<div class=\"fusion-post-wrapper\" style=\"background-color:rgba(255,255,255,0);border:1px solid #ebeaea;border-bottom-width:3px;\">\n\n\t\t\t<div class=\"fusion-flexslider flexslider fusion-flexslider-loading fusion-post-slideshow\" style=\"border-color:#ebeaea;\">\n\t\t<ul class=\"slides\">\n\t\t\t\n\t\t\t\t\t\t\t\t\t\t\t\t\t\t<li><div  class=\"fusion-image-wrapper\" aria-haspopup=\"true\">\n\t\t\t\t<img loading=\"lazy\" decoding=\"async\" width=\"1822\" height=\"1280\" src=\"https:\/\/showmotion.it\/wp-content\/uploads\/2020\/03\/Copertina-Alois_Geiger_So\u0308hne.jpg\" class=\"attachment-full size-full wp-post-image\" alt=\"\" srcset=\"https:\/\/showmotion.it\/wp-content\/uploads\/2020\/03\/Copertina-Alois_Geiger_So\u0308hne-200x141.jpg 200w, https:\/\/showmotion.it\/wp-content\/uploads\/2020\/03\/Copertina-Alois_Geiger_So\u0308hne-400x281.jpg 400w, https:\/\/showmotion.it\/wp-content\/uploads\/2020\/03\/Copertina-Alois_Geiger_So\u0308hne-600x422.jpg 600w, https:\/\/showmotion.it\/wp-content\/uploads\/2020\/03\/Copertina-Alois_Geiger_So\u0308hne-800x562.jpg 800w, https:\/\/showmotion.it\/wp-content\/uploads\/2020\/03\/Copertina-Alois_Geiger_So\u0308hne-1200x843.jpg 1200w, https:\/\/showmotion.it\/wp-content\/uploads\/2020\/03\/Copertina-Alois_Geiger_So\u0308hne.jpg 1822w\" sizes=\"(min-width: 2200px) 100vw, (min-width: 1104px) 357px, (min-width: 1012px) 535px, (min-width: 920px) 1012px, \" \/><div class=\"fusion-rollover\">\n\t<div class=\"fusion-rollover-content\">\n\n\t\t\t\t\t\t\t\t\t\t\t\t\t\t<a class=\"fusion-rollover-link\" href=\"https:\/\/showmotion.it\/fr\/alois-geiger-sohne\/\">Alois Geiger S\u00f6hne<\/a>\n\t\t\t\n\t\t\t\t\t\t\t\t\n\t\t\n\t\t\t\t\t\t\t\t\t\t\t\t<h4 class=\"fusion-rollover-title\">\n\t\t\t\t\t<a class=\"fusion-rollover-title-link\" href=\"https:\/\/showmotion.it\/fr\/alois-geiger-sohne\/\">\n\t\t\t\t\t\tAlois Geiger S\u00f6hne\t\t\t\t\t<\/a>\n\t\t\t\t<\/h4>\n\t\t\t\n\t\t\t\t\t\t\t\t\n\t\t\n\t\t\t\t\t\t<a class=\"fusion-link-wrapper\" href=\"https:\/\/showmotion.it\/fr\/alois-geiger-sohne\/\" aria-label=\"Alois Geiger S\u00f6hne\"><\/a>\n\t<\/div>\n<\/div>\n<\/div>\n<\/li>\n\t\t\t\n\t\t\t\n\t\t\t\t\t\t\t\t\t\t\t\t\t\t\t\t\t\t\t\t\t\t\t\t\t\t\t\t\t\t\t\t\t\t\t\t\t\t\t\t\t\t\t\t\t\t\t\t\t\t\t\t\t\t\t\t\t\t\t\t\t\t\t\t\t\t\t\t<\/ul>\n\t<\/div>\n\t<div class=\"fusion-post-content-wrapper\" style=\"padding:30px 25px 20px 25px;\"><div class=\"fusion-post-content post-content\"><h2 class=\"blog-shortcode-post-title entry-title\">Alois Geiger S\u00f6hne<\/h2><div class=\"fusion-content-sep sep-double sep-solid\"><\/div><div class=\"fusion-post-content-container\"><p>Martin Geiger, PDG. Alois Geiger S\u00f6hne GmbH, D-63741 Aschaffenburg    <\/p>\n<p>NNous avons r\u00e9nov\u00e9 nos showrooms avec ShowMotion. Tous les syst\u00e8mes d\u2019exposition que nous avons mis en place dans nos points de vente depuis 2014 sont des solutions personnalis\u00e9es. Derri\u00e8re chaque solution d\u2019exposition et chaque d\u00e9tail de [\u2026]<\/p>\n<\/div><\/div><div class=\"fusion-meta-info\"><div class=\"fusion-alignleft\"><a class=\"fusion-read-more\" href=\"https:\/\/showmotion.it\/fr\/alois-geiger-sohne\/\" aria-label=\"More on Alois Geiger S\u00f6hne\">Read More<\/a><\/div><\/div><\/div><div class=\"fusion-clearfix\"><\/div><\/div>\n<\/article>\n<div class=\"fusion-clearfix\"><\/div><\/div><\/div><div class=\"fusion-sep-clear\"><\/div><div class=\"fusion-separator fusion-full-width-sep\" style=\"margin-left: auto;margin-right: auto;margin-bottom:25px;width:100%;\"><\/div><div class=\"fusion-sep-clear\"><\/div><div class=\"fusion-clearfix\"><\/div><\/div><\/div><\/div><\/div><\/p>\n","protected":false},"excerpt":{"rendered":"","protected":false},"author":1,"featured_media":0,"parent":0,"menu_order":0,"comment_status":"closed","ping_status":"closed","template":"100-width.php","meta":{"footnotes":""},"class_list":["post-8293","page","type-page","status-publish","hentry"],"yoast_head":"<!-- This site is optimized with the Yoast SEO plugin v24.6 - https:\/\/yoast.com\/wordpress\/plugins\/seo\/ -->\n<title>T\u00e9moignages - Showmotion<\/title>\n<meta name=\"robots\" content=\"index, follow, max-snippet:-1, max-image-preview:large, max-video-preview:-1\" \/>\n<link rel=\"canonical\" href=\"https:\/\/showmotion.it\/fr\/temoignages\/\" \/>\n<meta property=\"og:locale\" content=\"fr_FR\" \/>\n<meta property=\"og:type\" content=\"article\" \/>\n<meta property=\"og:title\" content=\"T\u00e9moignages - Showmotion\" \/>\n<meta property=\"og:url\" content=\"https:\/\/showmotion.it\/fr\/temoignages\/\" \/>\n<meta property=\"og:site_name\" content=\"Showmotion\" \/>\n<meta property=\"article:publisher\" content=\"https:\/\/www.facebook.com\/showmotion.it\/\" \/>\n<meta name=\"twitter:card\" content=\"summary_large_image\" \/>\n<meta name=\"twitter:label1\" content=\"Dur\u00e9e de lecture estim\u00e9e\" \/>\n\t<meta name=\"twitter:data1\" content=\"3 minutes\" \/>\n<script type=\"application\/ld+json\" class=\"yoast-schema-graph\">{\"@context\":\"https:\/\/schema.org\",\"@graph\":[{\"@type\":\"WebPage\",\"@id\":\"https:\/\/showmotion.it\/fr\/temoignages\/\",\"url\":\"https:\/\/showmotion.it\/fr\/temoignages\/\",\"name\":\"T\u00e9moignages - Showmotion\",\"isPartOf\":{\"@id\":\"https:\/\/showmotion.it\/fr\/#website\"},\"datePublished\":\"2021-04-28T09:59:55+00:00\",\"breadcrumb\":{\"@id\":\"https:\/\/showmotion.it\/fr\/temoignages\/#breadcrumb\"},\"inLanguage\":\"fr-FR\",\"potentialAction\":[{\"@type\":\"ReadAction\",\"target\":[\"https:\/\/showmotion.it\/fr\/temoignages\/\"]}]},{\"@type\":\"BreadcrumbList\",\"@id\":\"https:\/\/showmotion.it\/fr\/temoignages\/#breadcrumb\",\"itemListElement\":[{\"@type\":\"ListItem\",\"position\":1,\"name\":\"Home\",\"item\":\"https:\/\/showmotion.it\/fr\/\"},{\"@type\":\"ListItem\",\"position\":2,\"name\":\"T\u00e9moignages\"}]},{\"@type\":\"WebSite\",\"@id\":\"https:\/\/showmotion.it\/fr\/#website\",\"url\":\"https:\/\/showmotion.it\/fr\/\",\"name\":\"Showmotion\",\"description\":\"Ogni showroom un&#039;emozione\",\"publisher\":{\"@id\":\"https:\/\/showmotion.it\/fr\/#organization\"},\"potentialAction\":[{\"@type\":\"SearchAction\",\"target\":{\"@type\":\"EntryPoint\",\"urlTemplate\":\"https:\/\/showmotion.it\/fr\/?s={search_term_string}\"},\"query-input\":{\"@type\":\"PropertyValueSpecification\",\"valueRequired\":true,\"valueName\":\"search_term_string\"}}],\"inLanguage\":\"fr-FR\"},{\"@type\":\"Organization\",\"@id\":\"https:\/\/showmotion.it\/fr\/#organization\",\"name\":\"ShowMotion\",\"url\":\"https:\/\/showmotion.it\/fr\/\",\"logo\":{\"@type\":\"ImageObject\",\"inLanguage\":\"fr-FR\",\"@id\":\"https:\/\/showmotion.it\/fr\/#\/schema\/logo\/image\/\",\"url\":\"https:\/\/showmotion.it\/wp-content\/uploads\/2021\/01\/logo.png\",\"contentUrl\":\"https:\/\/showmotion.it\/wp-content\/uploads\/2021\/01\/logo.png\",\"width\":272,\"height\":67,\"caption\":\"ShowMotion\"},\"image\":{\"@id\":\"https:\/\/showmotion.it\/fr\/#\/schema\/logo\/image\/\"},\"sameAs\":[\"https:\/\/www.facebook.com\/showmotion.it\/\",\"https:\/\/www.linkedin.com\/company\/showmotion-it\/\"]}]}<\/script>\n<!-- \/ Yoast SEO plugin. -->","yoast_head_json":{"title":"T\u00e9moignages - Showmotion","robots":{"index":"index","follow":"follow","max-snippet":"max-snippet:-1","max-image-preview":"max-image-preview:large","max-video-preview":"max-video-preview:-1"},"canonical":"https:\/\/showmotion.it\/fr\/temoignages\/","og_locale":"fr_FR","og_type":"article","og_title":"T\u00e9moignages - Showmotion","og_url":"https:\/\/showmotion.it\/fr\/temoignages\/","og_site_name":"Showmotion","article_publisher":"https:\/\/www.facebook.com\/showmotion.it\/","twitter_card":"summary_large_image","twitter_misc":{"Dur\u00e9e de lecture estim\u00e9e":"3 minutes"},"schema":{"@context":"https:\/\/schema.org","@graph":[{"@type":"WebPage","@id":"https:\/\/showmotion.it\/fr\/temoignages\/","url":"https:\/\/showmotion.it\/fr\/temoignages\/","name":"T\u00e9moignages - Showmotion","isPartOf":{"@id":"https:\/\/showmotion.it\/fr\/#website"},"datePublished":"2021-04-28T09:59:55+00:00","breadcrumb":{"@id":"https:\/\/showmotion.it\/fr\/temoignages\/#breadcrumb"},"inLanguage":"fr-FR","potentialAction":[{"@type":"ReadAction","target":["https:\/\/showmotion.it\/fr\/temoignages\/"]}]},{"@type":"BreadcrumbList","@id":"https:\/\/showmotion.it\/fr\/temoignages\/#breadcrumb","itemListElement":[{"@type":"ListItem","position":1,"name":"Home","item":"https:\/\/showmotion.it\/fr\/"},{"@type":"ListItem","position":2,"name":"T\u00e9moignages"}]},{"@type":"WebSite","@id":"https:\/\/showmotion.it\/fr\/#website","url":"https:\/\/showmotion.it\/fr\/","name":"Showmotion","description":"Ogni showroom un&#039;emozione","publisher":{"@id":"https:\/\/showmotion.it\/fr\/#organization"},"potentialAction":[{"@type":"SearchAction","target":{"@type":"EntryPoint","urlTemplate":"https:\/\/showmotion.it\/fr\/?s={search_term_string}"},"query-input":{"@type":"PropertyValueSpecification","valueRequired":true,"valueName":"search_term_string"}}],"inLanguage":"fr-FR"},{"@type":"Organization","@id":"https:\/\/showmotion.it\/fr\/#organization","name":"ShowMotion","url":"https:\/\/showmotion.it\/fr\/","logo":{"@type":"ImageObject","inLanguage":"fr-FR","@id":"https:\/\/showmotion.it\/fr\/#\/schema\/logo\/image\/","url":"https:\/\/showmotion.it\/wp-content\/uploads\/2021\/01\/logo.png","contentUrl":"https:\/\/showmotion.it\/wp-content\/uploads\/2021\/01\/logo.png","width":272,"height":67,"caption":"ShowMotion"},"image":{"@id":"https:\/\/showmotion.it\/fr\/#\/schema\/logo\/image\/"},"sameAs":["https:\/\/www.facebook.com\/showmotion.it\/","https:\/\/www.linkedin.com\/company\/showmotion-it\/"]}]}},"_links":{"self":[{"href":"https:\/\/showmotion.it\/fr\/wp-json\/wp\/v2\/pages\/8293","targetHints":{"allow":["GET"]}}],"collection":[{"href":"https:\/\/showmotion.it\/fr\/wp-json\/wp\/v2\/pages"}],"about":[{"href":"https:\/\/showmotion.it\/fr\/wp-json\/wp\/v2\/types\/page"}],"author":[{"embeddable":true,"href":"https:\/\/showmotion.it\/fr\/wp-json\/wp\/v2\/users\/1"}],"replies":[{"embeddable":true,"href":"https:\/\/showmotion.it\/fr\/wp-json\/wp\/v2\/comments?post=8293"}],"version-history":[{"count":2,"href":"https:\/\/showmotion.it\/fr\/wp-json\/wp\/v2\/pages\/8293\/revisions"}],"predecessor-version":[{"id":8295,"href":"https:\/\/showmotion.it\/fr\/wp-json\/wp\/v2\/pages\/8293\/revisions\/8295"}],"wp:attachment":[{"href":"https:\/\/showmotion.it\/fr\/wp-json\/wp\/v2\/media?parent=8293"}],"curies":[{"name":"wp","href":"https:\/\/api.w.org\/{rel}","templated":true}]}}