{"id":8207,"date":"2021-04-28T07:16:59","date_gmt":"2021-04-28T07:16:59","guid":{"rendered":"https:\/\/showmotion.it\/presentoirs\/"},"modified":"2021-04-28T07:31:43","modified_gmt":"2021-04-28T07:31:43","slug":"presentoirs","status":"publish","type":"page","link":"https:\/\/showmotion.it\/fr\/presentoirs\/","title":{"rendered":"Pr\u00e9sentoirs"},"content":{"rendered":"<p><div class=\"fusion-bg-parallax\" data-bg-align=\"right center\" data-direction=\"up\" data-mute=\"false\" data-opacity=\"100\" data-velocity=\"-0.3\" data-mobile-enabled=\"true\" data-break_parents=\"0\" data-bg-image=\"https:\/\/showmotion.it\/wp-content\/uploads\/2020\/10\/ShowMotion_Musterschr\u00e4nke-f\u00fcr-Parkett-Holzb\u00f6den-1.jpg\" data-bg-repeat=\"false\" ><\/div><div class=\"fusion-fullwidth fullwidth-box fusion-builder-row-1 fusion-parallax-up nonhundred-percent-fullwidth non-hundred-percent-height-scrolling\" style=\"--awb-background-position:right center;--awb-border-radius-top-left:0px;--awb-border-radius-top-right:0px;--awb-border-radius-bottom-right:0px;--awb-border-radius-bottom-left:0px;--awb-padding-top:130px;--awb-padding-bottom:120px;--awb-background-image:url(&quot;https:\/\/showmotion.it\/wp-content\/uploads\/2020\/10\/ShowMotion_Musterschr\u00e4nke-f\u00fcr-Parkett-Holzb\u00f6den-1.jpg&quot;);--awb-background-size:cover;--awb-flex-wrap:wrap;\" ><div class=\"fusion-builder-row fusion-row\"><div class=\"fusion-layout-column fusion_builder_column fusion-builder-column-0 fusion_builder_column_2_3 2_3 fusion-two-third fusion-column-first\" style=\"--awb-bg-size:cover;width:66.666666666667%;width:calc(66.666666666667% - ( ( 4% ) * 0.66666666666667 ) );margin-right: 4%;\"><div class=\"fusion-column-wrapper fusion-flex-column-wrapper-legacy\"><div class=\"fusion-sep-clear\"><\/div><div class=\"fusion-separator fusion-full-width-sep\" style=\"margin-left: auto;margin-right: auto;margin-top:40px;width:100%;\"><\/div><div class=\"fusion-sep-clear\"><\/div><div class=\"fusion-text fusion-text-1 shadow-black\"><h2 style=\"text-align: left;\"><span style=\"color: #ffffff;\">Pr\u00e9sentoirs<\/span><\/h2>\n<h2 style=\"text-align: left;\"><span style=\"color: #ffffff;\">Fonctionnalit\u00e9, Qualit\u00e9, Design<\/span><\/h2>\n<\/div><div class=\"fusion-sep-clear\"><\/div><div class=\"fusion-separator fusion-full-width-sep\" style=\"margin-left: auto;margin-right: auto;margin-bottom:90px;width:100%;\"><\/div><div class=\"fusion-sep-clear\"><\/div><div class=\"fusion-clearfix\"><\/div><\/div><\/div><\/div><\/div><div class=\"fusion-fullwidth fullwidth-box fusion-builder-row-2 nonhundred-percent-fullwidth non-hundred-percent-height-scrolling\" style=\"--awb-border-radius-top-left:0px;--awb-border-radius-top-right:0px;--awb-border-radius-bottom-right:0px;--awb-border-radius-bottom-left:0px;--awb-padding-top:50px;--awb-flex-wrap:wrap;\" ><div class=\"fusion-builder-row fusion-row\"><div class=\"fusion-layout-column fusion_builder_column fusion-builder-column-1 fusion_builder_column_1_1 1_1 fusion-one-full fusion-column-first fusion-column-last\" style=\"--awb-bg-size:cover;\"><div class=\"fusion-column-wrapper fusion-flex-column-wrapper-legacy\"><div class=\"fusion-sep-clear\"><\/div><div class=\"fusion-separator fusion-full-width-sep\" style=\"margin-left: auto;margin-right: auto;margin-top:20px;width:100%;\"><\/div><div class=\"fusion-sep-clear\"><\/div><div class=\"fusion-text fusion-text-2\"><p style=\"text-align: left;\">L\u2019\u00e9quipe de Showmotion travaille depuis des d\u00e9cennies pour cr\u00e9er des syst\u00e8mes d&rsquo;exposition de qualit\u00e9, durables au fil du temps et dot\u00e9s de fonctionnalit\u00e9s en constante am\u00e9lioration par rapport \u00e0 la norme. Comme par exemple le syst\u00e8me d&rsquo;amortissement pour des charges importantes, d\u00e9sormais install\u00e9 sur la plupart de nos mod\u00e8les. Un autre point caract\u00e9ristique de nos pr\u00e9sentoirs est la recherche en mati\u00e8re de design. Parce que chaque d\u00e9tail enrichit non seulement le meuble d\u2019exposition mais aussi l&rsquo;ensemble du showroom.<\/p>\n<p style=\"text-align: left;\">Avantages<\/p>\n<ul>\n<li style=\"text-align: left;\">Caract\u00e9ristiques techniques uniques<\/li>\n<li style=\"text-align: left;\">Design exclusif<\/li>\n<li style=\"text-align: left;\">Durabilit\u00e9 dans le temps<\/li>\n<li style=\"text-align: left;\">Solutions sur mesure<\/li>\n<\/ul>\n<\/div><div class=\"fusion-clearfix\"><\/div><\/div><\/div><\/div><\/div><div class=\"fusion-fullwidth fullwidth-box fusion-builder-row-3 nonhundred-percent-fullwidth non-hundred-percent-height-scrolling\" style=\"--awb-border-radius-top-left:0px;--awb-border-radius-top-right:0px;--awb-border-radius-bottom-right:0px;--awb-border-radius-bottom-left:0px;--awb-flex-wrap:wrap;\" ><div class=\"fusion-builder-row fusion-row\"><div class=\"fusion-layout-column fusion_builder_column fusion-builder-column-2 fusion_builder_column_1_3 1_3 fusion-one-third fusion-column-first\" style=\"--awb-bg-size:cover;width:33.333333333333%;width:calc(33.333333333333% - ( ( 4% + 4% ) * 0.33333333333333 ) );margin-right: 4%;\"><div class=\"fusion-column-wrapper fusion-flex-column-wrapper-legacy\"><div class=\"fusion-image-element fusion-image-align-center in-legacy-container\" style=\"text-align:center;--awb-caption-title-font-family:var(--h2_typography-font-family);--awb-caption-title-font-weight:var(--h2_typography-font-weight);--awb-caption-title-font-style:var(--h2_typography-font-style);--awb-caption-title-size:var(--h2_typography-font-size);--awb-caption-title-transform:var(--h2_typography-text-transform);--awb-caption-title-line-height:var(--h2_typography-line-height);--awb-caption-title-letter-spacing:var(--h2_typography-letter-spacing);\"><div class=\"imageframe-align-center\"><span class=\" fusion-imageframe imageframe-dropshadow imageframe-1 hover-type-zoomin\" style=\"-webkit-box-shadow: 3px 3px 7px rgba(0,0,0,0.3);box-shadow: 3px 3px 7px rgba(0,0,0,0.3);\"><a class=\"fusion-no-lightbox\" href=\"https:\/\/showmotion.it\/fr\/presentoirs\/espositori-per-ceramiche-e-piastrelle\/\" target=\"_self\" aria-label=\"ShowMotion_thumbnail espositori per ceramiche e piastrelle\"><img fetchpriority=\"high\" fetchpriority=\"high\" decoding=\"async\" width=\"300\" height=\"225\" alt=\"Espositoi per ceramiche e piastrelle\" src=\"https:\/\/showmotion.it\/wp-content\/uploads\/2020\/02\/ShowMotion_thumbnail-espositori-per-ceramiche-e-piastrelle.jpg\" class=\"img-responsive wp-image-8222\" srcset=\"https:\/\/showmotion.it\/wp-content\/uploads\/2020\/02\/ShowMotion_thumbnail-espositori-per-ceramiche-e-piastrelle-200x150.jpg 200w, https:\/\/showmotion.it\/wp-content\/uploads\/2020\/02\/ShowMotion_thumbnail-espositori-per-ceramiche-e-piastrelle.jpg 300w\" sizes=\"(max-width: 1080px) 100vw, 300px\" \/><\/a><\/span><\/div><\/div><div class=\"fusion-text fusion-text-3\"><h4 style=\"text-align: center;\" data-fontsize=\"18\" data-lineheight=\"24\"><a href=\"https:\/\/showmotion.it\/fr\/espositori\/espositori-per-ceramiche-e-piastrelle\/\">Pr\u00e9sentoirs pour c\u00e9ramiques et carrelages<\/a><\/h4>\n<\/div><div class=\"fusion-clearfix\"><\/div><\/div><\/div><div class=\"fusion-layout-column fusion_builder_column fusion-builder-column-3 fusion_builder_column_1_3 1_3 fusion-one-third\" style=\"--awb-bg-size:cover;width:33.333333333333%;width:calc(33.333333333333% - ( ( 4% + 4% ) * 0.33333333333333 ) );margin-right: 4%;\"><div class=\"fusion-column-wrapper fusion-flex-column-wrapper-legacy\"><div class=\"fusion-image-element fusion-image-align-center in-legacy-container\" style=\"text-align:center;--awb-caption-title-font-family:var(--h2_typography-font-family);--awb-caption-title-font-weight:var(--h2_typography-font-weight);--awb-caption-title-font-style:var(--h2_typography-font-style);--awb-caption-title-size:var(--h2_typography-font-size);--awb-caption-title-transform:var(--h2_typography-text-transform);--awb-caption-title-line-height:var(--h2_typography-line-height);--awb-caption-title-letter-spacing:var(--h2_typography-letter-spacing);\"><div class=\"imageframe-align-center\"><span class=\" fusion-imageframe imageframe-dropshadow imageframe-2 hover-type-zoomin\" style=\"-webkit-box-shadow: 3px 3px 7px rgba(0,0,0,0.3);box-shadow: 3px 3px 7px rgba(0,0,0,0.3);\"><a class=\"fusion-no-lightbox\" href=\"https:\/\/showmotion.it\/fr\/presentoirs\/espositori-per-porte-finestre-infissi\/\" target=\"_self\" aria-label=\"5_mod\"><img decoding=\"async\" width=\"300\" height=\"225\" alt=\"Espositori per porte, finestre, infissi\" src=\"https:\/\/showmotion.it\/wp-content\/uploads\/2020\/03\/5_mod.jpg\" class=\"img-responsive wp-image-6974\" srcset=\"https:\/\/showmotion.it\/wp-content\/uploads\/2020\/03\/5_mod-200x150.jpg 200w, https:\/\/showmotion.it\/wp-content\/uploads\/2020\/03\/5_mod.jpg 300w\" sizes=\"(max-width: 1080px) 100vw, 300px\" \/><\/a><\/span><\/div><\/div><div class=\"fusion-text fusion-text-4\"><h4 style=\"text-align: center;\"><a href=\"https:\/\/showmotion.it\/fr\/espositori\/espositori-per-porte-finestre-infissi\/\">Pr\u00e9sentoirs pour portes, fen\u00eatres, cadres<\/a><\/h4>\n<\/div><div class=\"fusion-clearfix\"><\/div><\/div><\/div><div class=\"fusion-layout-column fusion_builder_column fusion-builder-column-4 fusion_builder_column_1_3 1_3 fusion-one-third fusion-column-last\" style=\"--awb-bg-size:cover;width:33.333333333333%;width:calc(33.333333333333% - ( ( 4% + 4% ) * 0.33333333333333 ) );\"><div class=\"fusion-column-wrapper fusion-flex-column-wrapper-legacy\"><div class=\"fusion-image-element fusion-image-align-center in-legacy-container\" style=\"text-align:center;--awb-caption-title-font-family:var(--h2_typography-font-family);--awb-caption-title-font-weight:var(--h2_typography-font-weight);--awb-caption-title-font-style:var(--h2_typography-font-style);--awb-caption-title-size:var(--h2_typography-font-size);--awb-caption-title-transform:var(--h2_typography-text-transform);--awb-caption-title-line-height:var(--h2_typography-line-height);--awb-caption-title-letter-spacing:var(--h2_typography-letter-spacing);\"><div class=\"imageframe-align-center\"><span class=\" fusion-imageframe imageframe-dropshadow imageframe-3 hover-type-zoomin\" style=\"-webkit-box-shadow: 3px 3px 7px rgba(0,0,0,0.3);box-shadow: 3px 3px 7px rgba(0,0,0,0.3);\"><a class=\"fusion-no-lightbox\" href=\"https:\/\/showmotion.it\/fr\/presentoirs\/espositori-per-parquet-pavimenti-in-legno\/\" target=\"_self\" aria-label=\"espositori-per-parquet-pavimenti-in-legno_thumb\"><img decoding=\"async\" width=\"300\" height=\"225\" alt=\"Espositori per porte, finestre, infissi\" src=\"https:\/\/showmotion.it\/wp-content\/uploads\/2019\/05\/espositori-per-parquet-pavimenti-in-legno_thumb.jpg\" class=\"img-responsive wp-image-6971\" srcset=\"https:\/\/showmotion.it\/wp-content\/uploads\/2019\/05\/espositori-per-parquet-pavimenti-in-legno_thumb-200x150.jpg 200w, https:\/\/showmotion.it\/wp-content\/uploads\/2019\/05\/espositori-per-parquet-pavimenti-in-legno_thumb.jpg 300w\" sizes=\"(max-width: 1080px) 100vw, 300px\" \/><\/a><\/span><\/div><\/div><div class=\"fusion-text fusion-text-5\"><h4 style=\"text-align: center;\" data-fontsize=\"18\" data-lineheight=\"24\"><a href=\"https:\/\/showmotion.it\/fr\/espositori\/espositori-per-parquet-pavimenti-in-legno\/\">Pr\u00e9sentoirs pour parquet, sols en bois<\/a><\/h4>\n<\/div><div class=\"fusion-clearfix\"><\/div><\/div><\/div><div class=\"fusion-layout-column fusion_builder_column fusion-builder-column-5 fusion_builder_column_1_1 1_1 fusion-one-full fusion-column-first fusion-column-last\" style=\"--awb-bg-size:cover;\"><div class=\"fusion-column-wrapper fusion-flex-column-wrapper-legacy\"><div class=\"fusion-sep-clear\"><\/div><div class=\"fusion-separator fusion-full-width-sep\" style=\"margin-left: auto;margin-right: auto;margin-top:1.5rem;width:100%;\"><\/div><div class=\"fusion-sep-clear\"><\/div><div class=\"fusion-clearfix\"><\/div><\/div><\/div><div class=\"fusion-layout-column fusion_builder_column fusion-builder-column-6 fusion_builder_column_1_3 1_3 fusion-one-third fusion-column-first\" style=\"--awb-bg-size:cover;width:33.333333333333%;width:calc(33.333333333333% - ( ( 4% + 4% ) * 0.33333333333333 ) );margin-right: 4%;\"><div class=\"fusion-column-wrapper fusion-flex-column-wrapper-legacy\"><div class=\"fusion-image-element fusion-image-align-center in-legacy-container\" style=\"text-align:center;--awb-caption-title-font-family:var(--h2_typography-font-family);--awb-caption-title-font-weight:var(--h2_typography-font-weight);--awb-caption-title-font-style:var(--h2_typography-font-style);--awb-caption-title-size:var(--h2_typography-font-size);--awb-caption-title-transform:var(--h2_typography-text-transform);--awb-caption-title-line-height:var(--h2_typography-line-height);--awb-caption-title-letter-spacing:var(--h2_typography-letter-spacing);\"><div class=\"imageframe-align-center\"><span class=\" fusion-imageframe imageframe-dropshadow imageframe-4 hover-type-zoomin\" style=\"-webkit-box-shadow: 3px 3px 7px rgba(0,0,0,0.3);box-shadow: 3px 3px 7px rgba(0,0,0,0.3);\"><a class=\"fusion-no-lightbox\" href=\"https:\/\/showmotion.it\/fr\/presentoirs\/espositori-per-marmo-e-spessorati-per-esterno\/\" target=\"_self\" aria-label=\"espositori-per-marmo-e-spessorati-per-esterno_thumb\"><img loading=\"lazy\" loading=\"lazy\" decoding=\"async\" width=\"300\" height=\"225\" alt=\"Espositori per marmo e spessorati per esterno\" src=\"https:\/\/showmotion.it\/wp-content\/uploads\/2019\/05\/espositori-per-marmo-e-spessorati-per-esterno_thumb.jpg\" class=\"img-responsive wp-image-6972\" srcset=\"https:\/\/showmotion.it\/wp-content\/uploads\/2019\/05\/espositori-per-marmo-e-spessorati-per-esterno_thumb-200x150.jpg 200w, https:\/\/showmotion.it\/wp-content\/uploads\/2019\/05\/espositori-per-marmo-e-spessorati-per-esterno_thumb.jpg 300w\" sizes=\"auto, (max-width: 1080px) 100vw, 300px\" \/><\/a><\/span><\/div><\/div><div class=\"fusion-text fusion-text-6\"><h4 style=\"text-align: center;\" data-fontsize=\"18\" data-lineheight=\"24\"><a href=\"https:\/\/showmotion.it\/fr\/espositori\/espositori-per-marmo-e-spessorati-per-esterno\/\">Pr\u00e9sentoirs pour marbre et dalles \u00e9paisses d\u2019ext\u00e9rieur<\/a><\/h4>\n<\/div><div class=\"fusion-clearfix\"><\/div><\/div><\/div><div class=\"fusion-layout-column fusion_builder_column fusion-builder-column-7 fusion_builder_column_1_3 1_3 fusion-one-third\" style=\"--awb-bg-size:cover;width:33.333333333333%;width:calc(33.333333333333% - ( ( 4% + 4% ) * 0.33333333333333 ) );margin-right: 4%;\"><div class=\"fusion-column-wrapper fusion-flex-column-wrapper-legacy\"><div class=\"fusion-image-element fusion-image-align-center in-legacy-container\" style=\"text-align:center;--awb-caption-title-font-family:var(--h2_typography-font-family);--awb-caption-title-font-weight:var(--h2_typography-font-weight);--awb-caption-title-font-style:var(--h2_typography-font-style);--awb-caption-title-size:var(--h2_typography-font-size);--awb-caption-title-transform:var(--h2_typography-text-transform);--awb-caption-title-line-height:var(--h2_typography-line-height);--awb-caption-title-letter-spacing:var(--h2_typography-letter-spacing);\"><div class=\"imageframe-align-center\"><span class=\" fusion-imageframe imageframe-dropshadow imageframe-5 hover-type-zoomin\" style=\"-webkit-box-shadow: 3px 3px 7px rgba(0,0,0,0.3);box-shadow: 3px 3px 7px rgba(0,0,0,0.3);\"><a class=\"fusion-no-lightbox\" href=\"https:\/\/showmotion.it\/fr\/presentoirs\/espositori-per-vetri\/\" target=\"_self\" aria-label=\"espositori-vetro_thumb\"><img loading=\"lazy\" loading=\"lazy\" decoding=\"async\" width=\"300\" height=\"225\" alt=\"Espositori per campioni vetro\" src=\"https:\/\/showmotion.it\/wp-content\/uploads\/2019\/05\/espositori-vetro_thumb.jpg\" class=\"img-responsive wp-image-6973\" srcset=\"https:\/\/showmotion.it\/wp-content\/uploads\/2019\/05\/espositori-vetro_thumb-200x150.jpg 200w, https:\/\/showmotion.it\/wp-content\/uploads\/2019\/05\/espositori-vetro_thumb.jpg 300w\" sizes=\"auto, (max-width: 1080px) 100vw, 300px\" \/><\/a><\/span><\/div><\/div><div class=\"fusion-text fusion-text-7\"><h4 style=\"text-align: center;\" data-fontsize=\"18\" data-lineheight=\"24\"><a href=\"https:\/\/showmotion.it\/fr\/espositori\/espositori-per-vetri\/\">Pr\u00e9sentoirs pour vitres<\/a><\/h4>\n<\/div><div class=\"fusion-clearfix\"><\/div><\/div><\/div><div class=\"fusion-layout-column fusion_builder_column fusion-builder-column-8 fusion_builder_column_1_3 1_3 fusion-one-third fusion-column-last\" style=\"--awb-bg-size:cover;width:33.333333333333%;width:calc(33.333333333333% - ( ( 4% + 4% ) * 0.33333333333333 ) );\"><div class=\"fusion-column-wrapper fusion-flex-column-wrapper-legacy\"><div class=\"fusion-image-element fusion-image-align-center in-legacy-container\" style=\"text-align:center;--awb-caption-title-font-family:var(--h2_typography-font-family);--awb-caption-title-font-weight:var(--h2_typography-font-weight);--awb-caption-title-font-style:var(--h2_typography-font-style);--awb-caption-title-size:var(--h2_typography-font-size);--awb-caption-title-transform:var(--h2_typography-text-transform);--awb-caption-title-line-height:var(--h2_typography-line-height);--awb-caption-title-letter-spacing:var(--h2_typography-letter-spacing);\"><div class=\"imageframe-align-center\"><span class=\" fusion-imageframe imageframe-dropshadow imageframe-6 hover-type-zoomin\" style=\"-webkit-box-shadow: 3px 3px 7px rgba(0,0,0,0.3);box-shadow: 3px 3px 7px rgba(0,0,0,0.3);\"><a class=\"fusion-no-lightbox\" href=\"https:\/\/showmotion.it\/fr\/presentoirs\/espositori-su-misura\/\" target=\"_self\" aria-label=\"espositori-per-ceramiche-e-piastrelle_thumb\"><img loading=\"lazy\" loading=\"lazy\" decoding=\"async\" width=\"300\" height=\"225\" src=\"https:\/\/showmotion.it\/wp-content\/uploads\/2019\/05\/espositori-per-ceramiche-e-piastrelle_thumb-2.jpg\" alt class=\"img-responsive wp-image-6969\" srcset=\"https:\/\/showmotion.it\/wp-content\/uploads\/2019\/05\/espositori-per-ceramiche-e-piastrelle_thumb-2-200x150.jpg 200w, https:\/\/showmotion.it\/wp-content\/uploads\/2019\/05\/espositori-per-ceramiche-e-piastrelle_thumb-2.jpg 300w\" sizes=\"auto, (max-width: 1080px) 100vw, 300px\" \/><\/a><\/span><\/div><\/div><div class=\"fusion-text fusion-text-8\"><h4 style=\"text-align: center;\" data-fontsize=\"18\" data-lineheight=\"24\"><a href=\"https:\/\/showmotion.it\/fr\/espositori\/espositori-su-misura\/\">Pr\u00e9sentoirs sur mesure<\/a><\/h4>\n<\/div><div class=\"fusion-clearfix\"><\/div><\/div><\/div><div class=\"fusion-layout-column fusion_builder_column fusion-builder-column-9 fusion_builder_column_1_1 1_1 fusion-one-full fusion-column-first fusion-column-last\" style=\"--awb-bg-size:cover;\"><div class=\"fusion-column-wrapper fusion-flex-column-wrapper-legacy\"><div class=\"fusion-sep-clear\"><\/div><div class=\"fusion-separator fusion-full-width-sep\" style=\"margin-left: auto;margin-right: auto;margin-top:1.5rem;width:100%;\"><\/div><div class=\"fusion-sep-clear\"><\/div><div class=\"fusion-clearfix\"><\/div><\/div><\/div><\/div><\/div><\/p>\n","protected":false},"excerpt":{"rendered":"","protected":false},"author":1,"featured_media":0,"parent":0,"menu_order":0,"comment_status":"closed","ping_status":"closed","template":"100-width.php","meta":{"footnotes":""},"class_list":["post-8207","page","type-page","status-publish","hentry"],"yoast_head":"<!-- This site is optimized with the Yoast SEO plugin v24.6 - https:\/\/yoast.com\/wordpress\/plugins\/seo\/ -->\n<title>Pr\u00e9sentoirs - Showmotion<\/title>\n<meta name=\"robots\" content=\"index, follow, max-snippet:-1, max-image-preview:large, max-video-preview:-1\" \/>\n<link rel=\"canonical\" href=\"https:\/\/showmotion.it\/fr\/presentoirs\/\" \/>\n<meta property=\"og:locale\" content=\"fr_FR\" \/>\n<meta property=\"og:type\" content=\"article\" \/>\n<meta property=\"og:title\" content=\"Pr\u00e9sentoirs - Showmotion\" \/>\n<meta property=\"og:url\" content=\"https:\/\/showmotion.it\/fr\/presentoirs\/\" \/>\n<meta property=\"og:site_name\" content=\"Showmotion\" \/>\n<meta property=\"article:publisher\" content=\"https:\/\/www.facebook.com\/showmotion.it\/\" \/>\n<meta property=\"article:modified_time\" content=\"2021-04-28T07:31:43+00:00\" \/>\n<meta name=\"twitter:card\" content=\"summary_large_image\" \/>\n<meta name=\"twitter:label1\" content=\"Dur\u00e9e de lecture estim\u00e9e\" \/>\n\t<meta name=\"twitter:data1\" content=\"10 minutes\" \/>\n<script type=\"application\/ld+json\" class=\"yoast-schema-graph\">{\"@context\":\"https:\/\/schema.org\",\"@graph\":[{\"@type\":\"WebPage\",\"@id\":\"https:\/\/showmotion.it\/fr\/presentoirs\/\",\"url\":\"https:\/\/showmotion.it\/fr\/presentoirs\/\",\"name\":\"Pr\u00e9sentoirs - Showmotion\",\"isPartOf\":{\"@id\":\"https:\/\/showmotion.it\/fr\/#website\"},\"datePublished\":\"2021-04-28T07:16:59+00:00\",\"dateModified\":\"2021-04-28T07:31:43+00:00\",\"breadcrumb\":{\"@id\":\"https:\/\/showmotion.it\/fr\/presentoirs\/#breadcrumb\"},\"inLanguage\":\"fr-FR\",\"potentialAction\":[{\"@type\":\"ReadAction\",\"target\":[\"https:\/\/showmotion.it\/fr\/presentoirs\/\"]}]},{\"@type\":\"BreadcrumbList\",\"@id\":\"https:\/\/showmotion.it\/fr\/presentoirs\/#breadcrumb\",\"itemListElement\":[{\"@type\":\"ListItem\",\"position\":1,\"name\":\"Home\",\"item\":\"https:\/\/showmotion.it\/fr\/\"},{\"@type\":\"ListItem\",\"position\":2,\"name\":\"Pr\u00e9sentoirs\"}]},{\"@type\":\"WebSite\",\"@id\":\"https:\/\/showmotion.it\/fr\/#website\",\"url\":\"https:\/\/showmotion.it\/fr\/\",\"name\":\"Showmotion\",\"description\":\"Ogni showroom un&#039;emozione\",\"publisher\":{\"@id\":\"https:\/\/showmotion.it\/fr\/#organization\"},\"potentialAction\":[{\"@type\":\"SearchAction\",\"target\":{\"@type\":\"EntryPoint\",\"urlTemplate\":\"https:\/\/showmotion.it\/fr\/?s={search_term_string}\"},\"query-input\":{\"@type\":\"PropertyValueSpecification\",\"valueRequired\":true,\"valueName\":\"search_term_string\"}}],\"inLanguage\":\"fr-FR\"},{\"@type\":\"Organization\",\"@id\":\"https:\/\/showmotion.it\/fr\/#organization\",\"name\":\"ShowMotion\",\"url\":\"https:\/\/showmotion.it\/fr\/\",\"logo\":{\"@type\":\"ImageObject\",\"inLanguage\":\"fr-FR\",\"@id\":\"https:\/\/showmotion.it\/fr\/#\/schema\/logo\/image\/\",\"url\":\"https:\/\/showmotion.it\/wp-content\/uploads\/2021\/01\/logo.png\",\"contentUrl\":\"https:\/\/showmotion.it\/wp-content\/uploads\/2021\/01\/logo.png\",\"width\":272,\"height\":67,\"caption\":\"ShowMotion\"},\"image\":{\"@id\":\"https:\/\/showmotion.it\/fr\/#\/schema\/logo\/image\/\"},\"sameAs\":[\"https:\/\/www.facebook.com\/showmotion.it\/\",\"https:\/\/www.linkedin.com\/company\/showmotion-it\/\"]}]}<\/script>\n<!-- \/ Yoast SEO plugin. -->","yoast_head_json":{"title":"Pr\u00e9sentoirs - Showmotion","robots":{"index":"index","follow":"follow","max-snippet":"max-snippet:-1","max-image-preview":"max-image-preview:large","max-video-preview":"max-video-preview:-1"},"canonical":"https:\/\/showmotion.it\/fr\/presentoirs\/","og_locale":"fr_FR","og_type":"article","og_title":"Pr\u00e9sentoirs - Showmotion","og_url":"https:\/\/showmotion.it\/fr\/presentoirs\/","og_site_name":"Showmotion","article_publisher":"https:\/\/www.facebook.com\/showmotion.it\/","article_modified_time":"2021-04-28T07:31:43+00:00","twitter_card":"summary_large_image","twitter_misc":{"Dur\u00e9e de lecture estim\u00e9e":"10 minutes"},"schema":{"@context":"https:\/\/schema.org","@graph":[{"@type":"WebPage","@id":"https:\/\/showmotion.it\/fr\/presentoirs\/","url":"https:\/\/showmotion.it\/fr\/presentoirs\/","name":"Pr\u00e9sentoirs - Showmotion","isPartOf":{"@id":"https:\/\/showmotion.it\/fr\/#website"},"datePublished":"2021-04-28T07:16:59+00:00","dateModified":"2021-04-28T07:31:43+00:00","breadcrumb":{"@id":"https:\/\/showmotion.it\/fr\/presentoirs\/#breadcrumb"},"inLanguage":"fr-FR","potentialAction":[{"@type":"ReadAction","target":["https:\/\/showmotion.it\/fr\/presentoirs\/"]}]},{"@type":"BreadcrumbList","@id":"https:\/\/showmotion.it\/fr\/presentoirs\/#breadcrumb","itemListElement":[{"@type":"ListItem","position":1,"name":"Home","item":"https:\/\/showmotion.it\/fr\/"},{"@type":"ListItem","position":2,"name":"Pr\u00e9sentoirs"}]},{"@type":"WebSite","@id":"https:\/\/showmotion.it\/fr\/#website","url":"https:\/\/showmotion.it\/fr\/","name":"Showmotion","description":"Ogni showroom un&#039;emozione","publisher":{"@id":"https:\/\/showmotion.it\/fr\/#organization"},"potentialAction":[{"@type":"SearchAction","target":{"@type":"EntryPoint","urlTemplate":"https:\/\/showmotion.it\/fr\/?s={search_term_string}"},"query-input":{"@type":"PropertyValueSpecification","valueRequired":true,"valueName":"search_term_string"}}],"inLanguage":"fr-FR"},{"@type":"Organization","@id":"https:\/\/showmotion.it\/fr\/#organization","name":"ShowMotion","url":"https:\/\/showmotion.it\/fr\/","logo":{"@type":"ImageObject","inLanguage":"fr-FR","@id":"https:\/\/showmotion.it\/fr\/#\/schema\/logo\/image\/","url":"https:\/\/showmotion.it\/wp-content\/uploads\/2021\/01\/logo.png","contentUrl":"https:\/\/showmotion.it\/wp-content\/uploads\/2021\/01\/logo.png","width":272,"height":67,"caption":"ShowMotion"},"image":{"@id":"https:\/\/showmotion.it\/fr\/#\/schema\/logo\/image\/"},"sameAs":["https:\/\/www.facebook.com\/showmotion.it\/","https:\/\/www.linkedin.com\/company\/showmotion-it\/"]}]}},"_links":{"self":[{"href":"https:\/\/showmotion.it\/fr\/wp-json\/wp\/v2\/pages\/8207","targetHints":{"allow":["GET"]}}],"collection":[{"href":"https:\/\/showmotion.it\/fr\/wp-json\/wp\/v2\/pages"}],"about":[{"href":"https:\/\/showmotion.it\/fr\/wp-json\/wp\/v2\/types\/page"}],"author":[{"embeddable":true,"href":"https:\/\/showmotion.it\/fr\/wp-json\/wp\/v2\/users\/1"}],"replies":[{"embeddable":true,"href":"https:\/\/showmotion.it\/fr\/wp-json\/wp\/v2\/comments?post=8207"}],"version-history":[{"count":3,"href":"https:\/\/showmotion.it\/fr\/wp-json\/wp\/v2\/pages\/8207\/revisions"}],"predecessor-version":[{"id":8211,"href":"https:\/\/showmotion.it\/fr\/wp-json\/wp\/v2\/pages\/8207\/revisions\/8211"}],"wp:attachment":[{"href":"https:\/\/showmotion.it\/fr\/wp-json\/wp\/v2\/media?parent=8207"}],"curies":[{"name":"wp","href":"https:\/\/api.w.org\/{rel}","templated":true}]}}