{"id":9830,"date":"2022-05-31T12:20:33","date_gmt":"2022-05-31T12:20:34","guid":{"rendered":"https:\/\/showmotion.it\/?post_type=product&#038;p=9830"},"modified":"2022-05-31T14:10:01","modified_gmt":"2022-05-31T14:10:01","slug":"ausstellungsmoebel-terra-lastre","status":"publish","type":"product","link":"https:\/\/showmotion.it\/de\/produkte\/ausstellungssysteme-fur-fliesen\/ausstellungsmoebel-terra-lastre\/","title":{"rendered":"Ausstellungsm\u00f6bel Terra Lastre"},"content":{"rendered":"<p>Selbsttragendes Ausstellungsm\u00f6bel f\u00fcr die Pr\u00e4sentation von Gro\u00dfformatfliesen aus Feinsteinzeug. Mit doppelseitigen Schieberahmen f\u00fcr die Ausstellung eines Mix aus verschiedenen Formaten von Keramikplatten, maximale Gr\u00f6\u00dfe 120\u00d7280 &#8211; 120\u00d7270 120\u00d7260 120\u00d7250 120\u00d7240 oder andere Zwischengr\u00f6\u00dfen. Alternativ k\u00f6nnen anstelle einer Platte auch 2 keramische Fliesen Format 120\u00d7120 cm ausgestellt werden.<\/p>\n<table style=\"width: 100%; height: 504px;\" border=\"1\" cellpadding=\"5px\">\n<thead>\n<tr style=\"height: 48px;\">\n<th style=\"height: 48px; width: 10%;\"><\/th>\n<th style=\"width: 12%; height: 48px;\"><strong>Gro\u00dfformatfliesen bis max. 120&#215;280 cm<\/strong><\/p>\n<p><strong>Fliesen Format 120&#215;120 cm\u00a0<\/strong><\/th>\n<\/tr>\n<\/thead>\n<tbody>\n<tr style=\"height: 144px;\">\n<td style=\"height: 144px; width: 10%;\"><span style=\"font-size: 14pt;\"><strong>Terra Lastre 4<\/strong><\/span><\/td>\n<td style=\"width: 12%; height: 144px;\">4 beidseitige Schieberahmen f\u00fcr 8 Gro\u00dfformatfliesen (oder 16 Fliesen 120&#215;120)<\/p>\n<p>Au\u00dfenma\u00dfe B x T(ein- und ausgefahren) x H: 448 x 1428\/2630 x H.3055 mm<\/p>\n<p>Traglast: 150 Kg<\/td>\n<\/tr>\n<tr style=\"height: 144px;\">\n<td style=\"height: 144px; width: 10%;\"><span style=\"font-size: 14pt;\"><strong>Terra Lastre 5<\/strong><\/span><\/td>\n<td style=\"width: 12%; height: 144px;\">5 beidseitige Schieberahmen f\u00fcr 10 Gro\u00dfformatfliesen (oder 20 Fliesen 120&#215;120)<\/p>\n<p>Au\u00dfenma\u00dfe B x T(ein- und ausgefahren) x H: 538 x 1428\/2630 x H.3055 mm<\/p>\n<p>Traglast: 150 Kg<\/td>\n<\/tr>\n<tr>\n<td style=\"width: 10%;\"><span style=\"font-size: 14pt;\"><strong> Terra Lastre 6<\/strong><\/span><\/td>\n<td style=\"width: 12%;\">6 beidseitige Schieberahmen f\u00fcr 12 Gro\u00dfformatfliesen (oder 24 Fliesen 120&#215;120)<\/p>\n<p>Au\u00dfenma\u00dfe B x T(ein- und ausgefahren) x H: 628 x 1428\/2630 x H.3055 mm<\/p>\n<p>Traglast: 150 Kg<\/td>\n<\/tr>\n<tr>\n<td style=\"width: 10%;\"><span style=\"font-size: 14pt;\"><strong> Terra Lastre 7<\/strong><\/span><\/td>\n<td style=\"width: 12%;\">7 beidseitige Schieberahmen f\u00fcr 14 Gro\u00dfformatfliesen (oder 28 Fliesen 120&#215;120)<\/p>\n<p>Au\u00dfenma\u00dfe B x T(ein- und ausgefahren) x H: 718 x 1428\/2630 x H.3055 mm<\/p>\n<p>Traglast: 150 Kg<\/td>\n<\/tr>\n<tr>\n<td style=\"width: 10%;\"><span style=\"font-size: 14pt;\"><strong> Terra Lastre 8<\/strong><\/span><\/td>\n<td style=\"width: 12%;\">8 beidseitige Schieberahmen f\u00fcr 16 Gro\u00dfformatfliesen (oder 32 Fliesen 120&#215;120)<\/p>\n<p>Au\u00dfenma\u00dfe B x T(ein- und ausgefahren) x H: 808 x 1428\/2630 x H.3055 mm<\/p>\n<p>Traglast: 150 Kg<\/td>\n<\/tr>\n<tr>\n<td style=\"width: 10%;\"><span style=\"font-size: 14pt;\"><strong> Terra Lastre 9<\/strong><\/span><\/td>\n<td style=\"width: 12%;\">9 beidseitige Schieberahmen f\u00fcr 18 Gro\u00dfformatfliesen (oder 36 Fliesen 120&#215;120)<\/p>\n<p>Au\u00dfenma\u00dfe B x T(ein- und ausgefahren) x H: 898 x 1428\/2630 x H.3055 mm<\/p>\n<p>Traglast: 150 Kg<\/td>\n<\/tr>\n<tr>\n<td style=\"width: 10%;\"><span style=\"font-size: 14pt;\"><strong> Terra Lastre 10<\/strong><\/span><\/td>\n<td style=\"width: 12%;\">10 beidseitige Schieberahmen f\u00fcr 20 Gro\u00dfformatfliesen (oder 40 Fliesen 120&#215;120)<\/p>\n<p>Au\u00dfenma\u00dfe B x T(ein- und ausgefahren) x H: 988 x 1428\/2630 x H.3055 mm<\/p>\n<p>Traglast: 150 Kg<\/td>\n<\/tr>\n<\/tbody>\n<\/table>\n<h3><\/h3>\n<p>&nbsp;<\/p>\n<h2 style=\"text-align: center; font-size: 22px;\">Ausstellungsm\u00f6bel Fliesen &#8211; Farbt\u00f6ne, Gloss und Fl\u00e4che<\/h2>\n<table style=\"width: 100%; border-collapse: collapse;\" border=\"1\" cellpadding=\"5px\">\n<thead>\n<tr>\n<th style=\"width: 10%; text-align: center;\"><strong>\u00a0<\/strong><\/th>\n<th style=\"width: 14.0597%; text-align: center;\"><\/th>\n<th style=\"width: 15.9403%; text-align: center;\"><\/th>\n<th style=\"width: 11.8808%; text-align: center;\"><\/th>\n<th style=\"width: 13.2062%; text-align: center;\"><\/th>\n<th style=\"width: 11.8227%; text-align: center;\"><\/th>\n<th style=\"width: 13.7282%; text-align: center;\"><\/th>\n<\/tr>\n<\/thead>\n<tbody>\n<tr>\n<td style=\"width: 10%; text-align: center;\"><strong>Glatt gl\u00e4nzend<\/strong><\/td>\n<td style=\"width: 14.0597%; text-align: center;\">RAL 9001<\/p>\n<p><img decoding=\"async\" class=\"lazyload alignnone wp-image-1346 size-full\" src=\"data:image\/svg+xml,%3Csvg%20xmlns%3D%27http%3A%2F%2Fwww.w3.org%2F2000%2Fsvg%27%20width%3D%2750%27%20height%3D%2750%27%20viewBox%3D%270%200%2050%2050%27%3E%3Crect%20width%3D%2750%27%20height%3D%2750%27%20fill-opacity%3D%220%22%2F%3E%3C%2Fsvg%3E\" data-orig-src=\"https:\/\/showmotion.it\/wp-content\/uploads\/2019\/08\/RAL9001.jpg\" alt=\"\" width=\"50\" height=\"50\" \/><\/td>\n<td style=\"width: 15.9403%; text-align: center;\">RAL 9003<\/p>\n<p><img decoding=\"async\" class=\"lazyload alignnone wp-image-1347 size-full\" src=\"data:image\/svg+xml,%3Csvg%20xmlns%3D%27http%3A%2F%2Fwww.w3.org%2F2000%2Fsvg%27%20width%3D%2750%27%20height%3D%2750%27%20viewBox%3D%270%200%2050%2050%27%3E%3Crect%20width%3D%2750%27%20height%3D%2750%27%20fill-opacity%3D%220%22%2F%3E%3C%2Fsvg%3E\" data-orig-src=\"https:\/\/showmotion.it\/wp-content\/uploads\/2019\/08\/RAL9003.jpg\" alt=\"\" width=\"50\" height=\"50\" \/><\/td>\n<td style=\"width: 11.8808%; text-align: center;\">RAL 9006<\/p>\n<p><img decoding=\"async\" class=\"lazyload alignnone wp-image-1348 size-full\" src=\"data:image\/svg+xml,%3Csvg%20xmlns%3D%27http%3A%2F%2Fwww.w3.org%2F2000%2Fsvg%27%20width%3D%2750%27%20height%3D%2750%27%20viewBox%3D%270%200%2050%2050%27%3E%3Crect%20width%3D%2750%27%20height%3D%2750%27%20fill-opacity%3D%220%22%2F%3E%3C%2Fsvg%3E\" data-orig-src=\"https:\/\/showmotion.it\/wp-content\/uploads\/2019\/08\/RAL9006.jpg\" alt=\"\" width=\"50\" height=\"50\" \/><\/td>\n<td style=\"width: 13.2062%; text-align: center;\">RAL 9007<\/p>\n<p><img loading=\"lazy\" decoding=\"async\" class=\"lazyload alignnone wp-image-1349 size-full\" src=\"data:image\/svg+xml,%3Csvg%20xmlns%3D%27http%3A%2F%2Fwww.w3.org%2F2000%2Fsvg%27%20width%3D%2750%27%20height%3D%2750%27%20viewBox%3D%270%200%2050%2050%27%3E%3Crect%20width%3D%2750%27%20height%3D%2750%27%20fill-opacity%3D%220%22%2F%3E%3C%2Fsvg%3E\" data-orig-src=\"https:\/\/showmotion.it\/wp-content\/uploads\/2019\/08\/RAL9007.jpg\" alt=\"\" width=\"50\" height=\"50\" \/><\/td>\n<td style=\"width: 11.8227%; text-align: center;\">RAL 9010<\/p>\n<p><img loading=\"lazy\" decoding=\"async\" class=\"lazyload alignnone wp-image-1350 size-full\" src=\"data:image\/svg+xml,%3Csvg%20xmlns%3D%27http%3A%2F%2Fwww.w3.org%2F2000%2Fsvg%27%20width%3D%2750%27%20height%3D%2750%27%20viewBox%3D%270%200%2050%2050%27%3E%3Crect%20width%3D%2750%27%20height%3D%2750%27%20fill-opacity%3D%220%22%2F%3E%3C%2Fsvg%3E\" data-orig-src=\"https:\/\/showmotion.it\/wp-content\/uploads\/2019\/08\/RAL9010.jpg\" alt=\"\" width=\"50\" height=\"50\" \/><\/td>\n<td style=\"width: 13.7282%; text-align: center;\"><\/td>\n<\/tr>\n<tr>\n<td style=\"width: 10%; text-align: center;\"><strong>Glatt matt<\/strong><\/td>\n<td style=\"width: 14.0597%; text-align: center;\">RAL 9005<\/p>\n<p><img loading=\"lazy\" decoding=\"async\" class=\"lazyload alignnone wp-image-1351 size-full\" src=\"data:image\/svg+xml,%3Csvg%20xmlns%3D%27http%3A%2F%2Fwww.w3.org%2F2000%2Fsvg%27%20width%3D%2750%27%20height%3D%2750%27%20viewBox%3D%270%200%2050%2050%27%3E%3Crect%20width%3D%2750%27%20height%3D%2750%27%20fill-opacity%3D%220%22%2F%3E%3C%2Fsvg%3E\" data-orig-src=\"https:\/\/showmotion.it\/wp-content\/uploads\/2019\/08\/RAL9005.jpg\" alt=\"\" width=\"50\" height=\"50\" \/><\/td>\n<td style=\"width: 15.9403%; text-align: center;\">RAL 9016<\/p>\n<p><img loading=\"lazy\" decoding=\"async\" class=\"lazyload alignnone wp-image-4909 size-full\" src=\"data:image\/svg+xml,%3Csvg%20xmlns%3D%27http%3A%2F%2Fwww.w3.org%2F2000%2Fsvg%27%20width%3D%2750%27%20height%3D%2750%27%20viewBox%3D%270%200%2050%2050%27%3E%3Crect%20width%3D%2750%27%20height%3D%2750%27%20fill-opacity%3D%220%22%2F%3E%3C%2Fsvg%3E\" data-orig-src=\"https:\/\/showmotion.it\/wp-content\/uploads\/2020\/03\/RAL9016.jpg\" alt=\"\" width=\"50\" height=\"50\" \/><\/td>\n<td style=\"width: 11.8808%; text-align: center;\"><\/td>\n<td style=\"width: 13.2062%; text-align: center;\"><\/td>\n<td style=\"width: 11.8227%; text-align: center;\"><\/td>\n<td style=\"width: 13.7282%; text-align: center;\"><\/td>\n<\/tr>\n<tr>\n<td style=\"width: 10%; text-align: center;\"><strong>Feinstruktur matt<\/strong><\/td>\n<td style=\"width: 14.0597%; text-align: center;\">RAL 7011<\/p>\n<p><img loading=\"lazy\" decoding=\"async\" class=\"lazyload alignnone wp-image-1353 size-full\" src=\"data:image\/svg+xml,%3Csvg%20xmlns%3D%27http%3A%2F%2Fwww.w3.org%2F2000%2Fsvg%27%20width%3D%2750%27%20height%3D%2750%27%20viewBox%3D%270%200%2050%2050%27%3E%3Crect%20width%3D%2750%27%20height%3D%2750%27%20fill-opacity%3D%220%22%2F%3E%3C%2Fsvg%3E\" data-orig-src=\"https:\/\/showmotion.it\/wp-content\/uploads\/2019\/08\/RAL7011.jpg\" alt=\"\" width=\"50\" height=\"50\" \/><\/td>\n<td style=\"width: 15.9403%; text-align: center;\">RAL 7015<\/p>\n<p><img loading=\"lazy\" decoding=\"async\" class=\"lazyload alignnone wp-image-1354 size-full\" src=\"data:image\/svg+xml,%3Csvg%20xmlns%3D%27http%3A%2F%2Fwww.w3.org%2F2000%2Fsvg%27%20width%3D%2750%27%20height%3D%2750%27%20viewBox%3D%270%200%2050%2050%27%3E%3Crect%20width%3D%2750%27%20height%3D%2750%27%20fill-opacity%3D%220%22%2F%3E%3C%2Fsvg%3E\" data-orig-src=\"https:\/\/showmotion.it\/wp-content\/uploads\/2019\/08\/RAL7015.jpg\" alt=\"\" width=\"50\" height=\"50\" \/><\/td>\n<td style=\"width: 11.8808%; text-align: center;\">RAL 7016<\/p>\n<p><img loading=\"lazy\" decoding=\"async\" class=\"lazyload alignnone wp-image-1355 size-full\" src=\"data:image\/svg+xml,%3Csvg%20xmlns%3D%27http%3A%2F%2Fwww.w3.org%2F2000%2Fsvg%27%20width%3D%2750%27%20height%3D%2750%27%20viewBox%3D%270%200%2050%2050%27%3E%3Crect%20width%3D%2750%27%20height%3D%2750%27%20fill-opacity%3D%220%22%2F%3E%3C%2Fsvg%3E\" data-orig-src=\"https:\/\/showmotion.it\/wp-content\/uploads\/2019\/08\/RAL7016.jpg\" alt=\"\" width=\"50\" height=\"50\" \/><\/td>\n<td style=\"width: 13.2062%; text-align: center;\">RAL 7035<\/p>\n<p><img loading=\"lazy\" decoding=\"async\" class=\"lazyload alignnone wp-image-1356 size-full\" src=\"data:image\/svg+xml,%3Csvg%20xmlns%3D%27http%3A%2F%2Fwww.w3.org%2F2000%2Fsvg%27%20width%3D%2750%27%20height%3D%2750%27%20viewBox%3D%270%200%2050%2050%27%3E%3Crect%20width%3D%2750%27%20height%3D%2750%27%20fill-opacity%3D%220%22%2F%3E%3C%2Fsvg%3E\" data-orig-src=\"https:\/\/showmotion.it\/wp-content\/uploads\/2019\/08\/RAL7035.jpg\" alt=\"\" width=\"50\" height=\"50\" \/><\/td>\n<td style=\"width: 11.8227%; text-align: center;\">RAL 7036<\/p>\n<p><img loading=\"lazy\" decoding=\"async\" class=\"lazyload alignnone wp-image-1357 size-full\" src=\"data:image\/svg+xml,%3Csvg%20xmlns%3D%27http%3A%2F%2Fwww.w3.org%2F2000%2Fsvg%27%20width%3D%2750%27%20height%3D%2750%27%20viewBox%3D%270%200%2050%2050%27%3E%3Crect%20width%3D%2750%27%20height%3D%2750%27%20fill-opacity%3D%220%22%2F%3E%3C%2Fsvg%3E\" data-orig-src=\"https:\/\/showmotion.it\/wp-content\/uploads\/2019\/08\/RAL7036.jpg\" alt=\"\" width=\"50\" height=\"50\" \/><\/td>\n<td style=\"width: 13.7282%; text-align: center;\">RAL 9006<\/p>\n<p><img decoding=\"async\" class=\"lazyload alignnone wp-image-1348 size-full\" src=\"data:image\/svg+xml,%3Csvg%20xmlns%3D%27http%3A%2F%2Fwww.w3.org%2F2000%2Fsvg%27%20width%3D%2750%27%20height%3D%2750%27%20viewBox%3D%270%200%2050%2050%27%3E%3Crect%20width%3D%2750%27%20height%3D%2750%27%20fill-opacity%3D%220%22%2F%3E%3C%2Fsvg%3E\" data-orig-src=\"https:\/\/showmotion.it\/wp-content\/uploads\/2019\/08\/RAL9006.jpg\" alt=\"\" width=\"50\" height=\"50\" \/><\/td>\n<\/tr>\n<\/tbody>\n<\/table>\n<p>&nbsp;<\/p>\n","protected":false},"excerpt":{"rendered":"<p>Selbsttragendes Ausstellungsm\u00f6bel f\u00fcr die Pr\u00e4sentation von Gro\u00dfformatfliesen aus Feinsteinzeug. Mit doppelseitigen Schieberahmen f\u00fcr die Ausstellung eines Mix aus verschiedenen Formaten von Keramikplatten, maximale Gr\u00f6\u00dfe 120\u00d7280 &#8211; 120\u00d7270 120\u00d7260 120\u00d7250 120\u00d7240 oder andere Zwischengr\u00f6\u00dfen. Alternativ k\u00f6nnen anstelle einer Platte auch 2 keramische Fliesen Format 120\u00d7120 cm ausgestellt werden. Gro\u00dfformatfliesen bis max. 120&#215;280 cm Fliesen Format 120&#215;120 [&hellip;]<\/p>\n","protected":false},"featured_media":9844,"comment_status":"closed","ping_status":"closed","template":"","meta":[],"product_brand":[],"product_cat":[186],"product_tag":[],"class_list":{"0":"post-9830","1":"product","2":"type-product","3":"status-publish","4":"has-post-thumbnail","6":"product_cat-ausstellungssysteme-fur-fliesen","8":"first","9":"instock","10":"shipping-taxable","11":"product-type-simple"},"yoast_head":"<!-- This site is optimized with the Yoast SEO plugin v24.6 - https:\/\/yoast.com\/wordpress\/plugins\/seo\/ -->\n<title>Ausstellungsm\u00f6bel f\u00fcr keramische Gro\u00dfformatfliesen | ShowMotion<\/title>\n<meta name=\"description\" content=\"\u2794 Ausstellungsm\u00f6bel f\u00fcr keramische Gro\u00dfformatfliesen \u2714 Flexible Pr\u00e4sentation \u2714 Formate von 120x280 bis 120x240 und 120x120 | ShowMotion\" \/>\n<meta name=\"robots\" content=\"index, follow, max-snippet:-1, max-image-preview:large, max-video-preview:-1\" \/>\n<link rel=\"canonical\" href=\"https:\/\/showmotion.it\/de\/produkte\/ausstellungssysteme-fur-fliesen\/ausstellungsmoebel-terra-lastre\/\" \/>\n<meta property=\"og:locale\" content=\"de_DE\" \/>\n<meta property=\"og:type\" content=\"article\" \/>\n<meta property=\"og:title\" content=\"Ausstellungsm\u00f6bel f\u00fcr keramische Gro\u00dfformatfliesen | ShowMotion\" \/>\n<meta property=\"og:description\" content=\"\u2794 Ausstellungsm\u00f6bel f\u00fcr keramische Gro\u00dfformatfliesen \u2714 Flexible Pr\u00e4sentation \u2714 Formate von 120x280 bis 120x240 und 120x120 | ShowMotion\" \/>\n<meta property=\"og:url\" content=\"https:\/\/showmotion.it\/de\/produkte\/ausstellungssysteme-fur-fliesen\/ausstellungsmoebel-terra-lastre\/\" \/>\n<meta property=\"og:site_name\" content=\"Showmotion\" \/>\n<meta property=\"article:publisher\" content=\"https:\/\/www.facebook.com\/showmotion.it\/\" \/>\n<meta property=\"article:modified_time\" content=\"2022-05-31T14:10:01+00:00\" \/>\n<meta property=\"og:image\" content=\"https:\/\/showmotion.it\/wp-content\/uploads\/2022\/05\/ShowMotion_Terra-Lastre_Ausstellungsmoebel-fuer-keramische-Grossformatfliesen.jpg\" \/>\n\t<meta property=\"og:image:width\" content=\"960\" \/>\n\t<meta property=\"og:image:height\" content=\"720\" \/>\n\t<meta property=\"og:image:type\" content=\"image\/jpeg\" \/>\n<meta name=\"twitter:card\" content=\"summary_large_image\" \/>\n<meta name=\"twitter:label1\" content=\"Gesch\u00e4tzte Lesezeit\" \/>\n\t<meta name=\"twitter:data1\" content=\"4\u00a0Minuten\" \/>\n<script type=\"application\/ld+json\" class=\"yoast-schema-graph\">{\"@context\":\"https:\/\/schema.org\",\"@graph\":[{\"@type\":\"WebPage\",\"@id\":\"https:\/\/showmotion.it\/de\/produkte\/ausstellungssysteme-fur-fliesen\/ausstellungsmoebel-terra-lastre\/\",\"url\":\"https:\/\/showmotion.it\/de\/produkte\/ausstellungssysteme-fur-fliesen\/ausstellungsmoebel-terra-lastre\/\",\"name\":\"Ausstellungsm\u00f6bel f\u00fcr keramische Gro\u00dfformatfliesen | ShowMotion\",\"isPartOf\":{\"@id\":\"https:\/\/showmotion.it\/de\/#website\"},\"primaryImageOfPage\":{\"@id\":\"https:\/\/showmotion.it\/de\/produkte\/ausstellungssysteme-fur-fliesen\/ausstellungsmoebel-terra-lastre\/#primaryimage\"},\"image\":{\"@id\":\"https:\/\/showmotion.it\/de\/produkte\/ausstellungssysteme-fur-fliesen\/ausstellungsmoebel-terra-lastre\/#primaryimage\"},\"thumbnailUrl\":\"https:\/\/showmotion.it\/wp-content\/uploads\/2022\/05\/ShowMotion_Terra-Lastre_Ausstellungsmoebel-fuer-keramische-Grossformatfliesen.jpg\",\"datePublished\":\"2022-05-31T12:20:34+00:00\",\"dateModified\":\"2022-05-31T14:10:01+00:00\",\"description\":\"\u2794 Ausstellungsm\u00f6bel f\u00fcr keramische Gro\u00dfformatfliesen \u2714 Flexible Pr\u00e4sentation \u2714 Formate von 120x280 bis 120x240 und 120x120 | ShowMotion\",\"breadcrumb\":{\"@id\":\"https:\/\/showmotion.it\/de\/produkte\/ausstellungssysteme-fur-fliesen\/ausstellungsmoebel-terra-lastre\/#breadcrumb\"},\"inLanguage\":\"de\",\"potentialAction\":[{\"@type\":\"ReadAction\",\"target\":[\"https:\/\/showmotion.it\/de\/produkte\/ausstellungssysteme-fur-fliesen\/ausstellungsmoebel-terra-lastre\/\"]}]},{\"@type\":\"ImageObject\",\"inLanguage\":\"de\",\"@id\":\"https:\/\/showmotion.it\/de\/produkte\/ausstellungssysteme-fur-fliesen\/ausstellungsmoebel-terra-lastre\/#primaryimage\",\"url\":\"https:\/\/showmotion.it\/wp-content\/uploads\/2022\/05\/ShowMotion_Terra-Lastre_Ausstellungsmoebel-fuer-keramische-Grossformatfliesen.jpg\",\"contentUrl\":\"https:\/\/showmotion.it\/wp-content\/uploads\/2022\/05\/ShowMotion_Terra-Lastre_Ausstellungsmoebel-fuer-keramische-Grossformatfliesen.jpg\",\"width\":960,\"height\":720,\"caption\":\"Selbsttragendes Ausstellungsm\u00f6bel f\u00fcr die Pr\u00e4sentation von keramischen Gro\u00dfformatfliesen\"},{\"@type\":\"BreadcrumbList\",\"@id\":\"https:\/\/showmotion.it\/de\/produkte\/ausstellungssysteme-fur-fliesen\/ausstellungsmoebel-terra-lastre\/#breadcrumb\",\"itemListElement\":[{\"@type\":\"ListItem\",\"position\":1,\"name\":\"Home\",\"item\":\"https:\/\/showmotion.it\/de\/\"},{\"@type\":\"ListItem\",\"position\":2,\"name\":\"Shop\",\"item\":\"https:\/\/showmotion.it\/de\/geschaft\/\"},{\"@type\":\"ListItem\",\"position\":3,\"name\":\"Ausstellungsm\u00f6bel Terra Lastre\"}]},{\"@type\":\"WebSite\",\"@id\":\"https:\/\/showmotion.it\/de\/#website\",\"url\":\"https:\/\/showmotion.it\/de\/\",\"name\":\"Showmotion\",\"description\":\"Ogni showroom un&#039;emozione\",\"publisher\":{\"@id\":\"https:\/\/showmotion.it\/de\/#organization\"},\"potentialAction\":[{\"@type\":\"SearchAction\",\"target\":{\"@type\":\"EntryPoint\",\"urlTemplate\":\"https:\/\/showmotion.it\/de\/?s={search_term_string}\"},\"query-input\":{\"@type\":\"PropertyValueSpecification\",\"valueRequired\":true,\"valueName\":\"search_term_string\"}}],\"inLanguage\":\"de\"},{\"@type\":\"Organization\",\"@id\":\"https:\/\/showmotion.it\/de\/#organization\",\"name\":\"ShowMotion\",\"url\":\"https:\/\/showmotion.it\/de\/\",\"logo\":{\"@type\":\"ImageObject\",\"inLanguage\":\"de\",\"@id\":\"https:\/\/showmotion.it\/de\/#\/schema\/logo\/image\/\",\"url\":\"https:\/\/showmotion.it\/wp-content\/uploads\/2021\/01\/logo.png\",\"contentUrl\":\"https:\/\/showmotion.it\/wp-content\/uploads\/2021\/01\/logo.png\",\"width\":272,\"height\":67,\"caption\":\"ShowMotion\"},\"image\":{\"@id\":\"https:\/\/showmotion.it\/de\/#\/schema\/logo\/image\/\"},\"sameAs\":[\"https:\/\/www.facebook.com\/showmotion.it\/\",\"https:\/\/www.linkedin.com\/company\/showmotion-it\/\"]}]}<\/script>\n<!-- \/ Yoast SEO plugin. -->","yoast_head_json":{"title":"Ausstellungsm\u00f6bel f\u00fcr keramische Gro\u00dfformatfliesen | ShowMotion","description":"\u2794 Ausstellungsm\u00f6bel f\u00fcr keramische Gro\u00dfformatfliesen \u2714 Flexible Pr\u00e4sentation \u2714 Formate von 120x280 bis 120x240 und 120x120 | ShowMotion","robots":{"index":"index","follow":"follow","max-snippet":"max-snippet:-1","max-image-preview":"max-image-preview:large","max-video-preview":"max-video-preview:-1"},"canonical":"https:\/\/showmotion.it\/de\/produkte\/ausstellungssysteme-fur-fliesen\/ausstellungsmoebel-terra-lastre\/","og_locale":"de_DE","og_type":"article","og_title":"Ausstellungsm\u00f6bel f\u00fcr keramische Gro\u00dfformatfliesen | ShowMotion","og_description":"\u2794 Ausstellungsm\u00f6bel f\u00fcr keramische Gro\u00dfformatfliesen \u2714 Flexible Pr\u00e4sentation \u2714 Formate von 120x280 bis 120x240 und 120x120 | ShowMotion","og_url":"https:\/\/showmotion.it\/de\/produkte\/ausstellungssysteme-fur-fliesen\/ausstellungsmoebel-terra-lastre\/","og_site_name":"Showmotion","article_publisher":"https:\/\/www.facebook.com\/showmotion.it\/","article_modified_time":"2022-05-31T14:10:01+00:00","og_image":[{"width":960,"height":720,"url":"https:\/\/showmotion.it\/wp-content\/uploads\/2022\/05\/ShowMotion_Terra-Lastre_Ausstellungsmoebel-fuer-keramische-Grossformatfliesen.jpg","type":"image\/jpeg"}],"twitter_card":"summary_large_image","twitter_misc":{"Gesch\u00e4tzte Lesezeit":"4\u00a0Minuten"},"schema":{"@context":"https:\/\/schema.org","@graph":[{"@type":"WebPage","@id":"https:\/\/showmotion.it\/de\/produkte\/ausstellungssysteme-fur-fliesen\/ausstellungsmoebel-terra-lastre\/","url":"https:\/\/showmotion.it\/de\/produkte\/ausstellungssysteme-fur-fliesen\/ausstellungsmoebel-terra-lastre\/","name":"Ausstellungsm\u00f6bel f\u00fcr keramische Gro\u00dfformatfliesen | ShowMotion","isPartOf":{"@id":"https:\/\/showmotion.it\/de\/#website"},"primaryImageOfPage":{"@id":"https:\/\/showmotion.it\/de\/produkte\/ausstellungssysteme-fur-fliesen\/ausstellungsmoebel-terra-lastre\/#primaryimage"},"image":{"@id":"https:\/\/showmotion.it\/de\/produkte\/ausstellungssysteme-fur-fliesen\/ausstellungsmoebel-terra-lastre\/#primaryimage"},"thumbnailUrl":"https:\/\/showmotion.it\/wp-content\/uploads\/2022\/05\/ShowMotion_Terra-Lastre_Ausstellungsmoebel-fuer-keramische-Grossformatfliesen.jpg","datePublished":"2022-05-31T12:20:34+00:00","dateModified":"2022-05-31T14:10:01+00:00","description":"\u2794 Ausstellungsm\u00f6bel f\u00fcr keramische Gro\u00dfformatfliesen \u2714 Flexible Pr\u00e4sentation \u2714 Formate von 120x280 bis 120x240 und 120x120 | ShowMotion","breadcrumb":{"@id":"https:\/\/showmotion.it\/de\/produkte\/ausstellungssysteme-fur-fliesen\/ausstellungsmoebel-terra-lastre\/#breadcrumb"},"inLanguage":"de","potentialAction":[{"@type":"ReadAction","target":["https:\/\/showmotion.it\/de\/produkte\/ausstellungssysteme-fur-fliesen\/ausstellungsmoebel-terra-lastre\/"]}]},{"@type":"ImageObject","inLanguage":"de","@id":"https:\/\/showmotion.it\/de\/produkte\/ausstellungssysteme-fur-fliesen\/ausstellungsmoebel-terra-lastre\/#primaryimage","url":"https:\/\/showmotion.it\/wp-content\/uploads\/2022\/05\/ShowMotion_Terra-Lastre_Ausstellungsmoebel-fuer-keramische-Grossformatfliesen.jpg","contentUrl":"https:\/\/showmotion.it\/wp-content\/uploads\/2022\/05\/ShowMotion_Terra-Lastre_Ausstellungsmoebel-fuer-keramische-Grossformatfliesen.jpg","width":960,"height":720,"caption":"Selbsttragendes Ausstellungsm\u00f6bel f\u00fcr die Pr\u00e4sentation von keramischen Gro\u00dfformatfliesen"},{"@type":"BreadcrumbList","@id":"https:\/\/showmotion.it\/de\/produkte\/ausstellungssysteme-fur-fliesen\/ausstellungsmoebel-terra-lastre\/#breadcrumb","itemListElement":[{"@type":"ListItem","position":1,"name":"Home","item":"https:\/\/showmotion.it\/de\/"},{"@type":"ListItem","position":2,"name":"Shop","item":"https:\/\/showmotion.it\/de\/geschaft\/"},{"@type":"ListItem","position":3,"name":"Ausstellungsm\u00f6bel Terra Lastre"}]},{"@type":"WebSite","@id":"https:\/\/showmotion.it\/de\/#website","url":"https:\/\/showmotion.it\/de\/","name":"Showmotion","description":"Ogni showroom un&#039;emozione","publisher":{"@id":"https:\/\/showmotion.it\/de\/#organization"},"potentialAction":[{"@type":"SearchAction","target":{"@type":"EntryPoint","urlTemplate":"https:\/\/showmotion.it\/de\/?s={search_term_string}"},"query-input":{"@type":"PropertyValueSpecification","valueRequired":true,"valueName":"search_term_string"}}],"inLanguage":"de"},{"@type":"Organization","@id":"https:\/\/showmotion.it\/de\/#organization","name":"ShowMotion","url":"https:\/\/showmotion.it\/de\/","logo":{"@type":"ImageObject","inLanguage":"de","@id":"https:\/\/showmotion.it\/de\/#\/schema\/logo\/image\/","url":"https:\/\/showmotion.it\/wp-content\/uploads\/2021\/01\/logo.png","contentUrl":"https:\/\/showmotion.it\/wp-content\/uploads\/2021\/01\/logo.png","width":272,"height":67,"caption":"ShowMotion"},"image":{"@id":"https:\/\/showmotion.it\/de\/#\/schema\/logo\/image\/"},"sameAs":["https:\/\/www.facebook.com\/showmotion.it\/","https:\/\/www.linkedin.com\/company\/showmotion-it\/"]}]}},"_links":{"self":[{"href":"https:\/\/showmotion.it\/de\/wp-json\/wp\/v2\/product\/9830","targetHints":{"allow":["GET"]}}],"collection":[{"href":"https:\/\/showmotion.it\/de\/wp-json\/wp\/v2\/product"}],"about":[{"href":"https:\/\/showmotion.it\/de\/wp-json\/wp\/v2\/types\/product"}],"replies":[{"embeddable":true,"href":"https:\/\/showmotion.it\/de\/wp-json\/wp\/v2\/comments?post=9830"}],"wp:featuredmedia":[{"embeddable":true,"href":"https:\/\/showmotion.it\/de\/wp-json\/wp\/v2\/media\/9844"}],"wp:attachment":[{"href":"https:\/\/showmotion.it\/de\/wp-json\/wp\/v2\/media?parent=9830"}],"wp:term":[{"taxonomy":"product_brand","embeddable":true,"href":"https:\/\/showmotion.it\/de\/wp-json\/wp\/v2\/product_brand?post=9830"},{"taxonomy":"product_cat","embeddable":true,"href":"https:\/\/showmotion.it\/de\/wp-json\/wp\/v2\/product_cat?post=9830"},{"taxonomy":"product_tag","embeddable":true,"href":"https:\/\/showmotion.it\/de\/wp-json\/wp\/v2\/product_tag?post=9830"}],"curies":[{"name":"wp","href":"https:\/\/api.w.org\/{rel}","templated":true}]}}