{"id":8793,"date":"2020-12-10T14:20:41","date_gmt":"2021-10-21T11:11:10","guid":{"rendered":"https:\/\/showmotion.it\/?post_type=product&#038;p=8793"},"modified":"2021-10-21T11:11:10","modified_gmt":"2021-10-21T11:11:10","slug":"book-32-kleiner-musterstaender-fuer-fliesen-wandfliesen","status":"publish","type":"product","link":"https:\/\/showmotion.it\/de\/produkte\/ausstellungssysteme-fur-fliesen\/book-32-kleiner-musterstaender-fuer-fliesen-wandfliesen\/","title":{"rendered":"Book 32"},"content":{"rendered":"<p>Kleiner Musterst\u00e4nder f\u00fcr Fliesen, Wandfliesen und Kleinformate. Mit 8 beidseitigen Rahmen zum Falten. Insgesamt k\u00f6nnen 32 Mustertafeln ausgestellt werden, 4 f\u00fcr jeden Rahmen. St\u00e4rke max 29 mm.<\/p>\n<h2 style=\"text-align: center; font-size: 22px;\">Farbt\u00f6ne, Gloss und Fl\u00e4che<\/h2>\n<table style=\"width: 100%; border-collapse: collapse;\" border=\"1\" cellpadding=\"5px\">\n<thead>\n<tr>\n<th style=\"width: 10%; text-align: center;\"><strong>\u00a0<\/strong><\/th>\n<th style=\"width: 14.0597%; text-align: center;\"><\/th>\n<th style=\"width: 15.9403%; text-align: center;\"><\/th>\n<th style=\"width: 11.8808%; text-align: center;\"><\/th>\n<th style=\"width: 13.2062%; text-align: center;\"><\/th>\n<th style=\"width: 11.8227%; text-align: center;\"><\/th>\n<th style=\"width: 13.7282%; text-align: center;\"><\/th>\n<\/tr>\n<\/thead>\n<tbody>\n<tr>\n<td style=\"width: 10%; text-align: center;\"><strong>Glatt gl\u00e4nzend<\/strong><\/td>\n<td style=\"width: 14.0597%; text-align: center;\">RAL 9001<\/p>\n<p><img decoding=\"async\" class=\"lazyload alignnone wp-image-1346 size-full\" src=\"data:image\/svg+xml,%3Csvg%20xmlns%3D%27http%3A%2F%2Fwww.w3.org%2F2000%2Fsvg%27%20width%3D%2750%27%20height%3D%2750%27%20viewBox%3D%270%200%2050%2050%27%3E%3Crect%20width%3D%2750%27%20height%3D%2750%27%20fill-opacity%3D%220%22%2F%3E%3C%2Fsvg%3E\" data-orig-src=\"https:\/\/showmotion.it\/wp-content\/uploads\/2019\/08\/RAL9001.jpg\" alt=\"\" width=\"50\" height=\"50\" \/><\/td>\n<td style=\"width: 15.9403%; text-align: center;\">RAL 9003<\/p>\n<p><img decoding=\"async\" class=\"lazyload alignnone wp-image-1347 size-full\" src=\"data:image\/svg+xml,%3Csvg%20xmlns%3D%27http%3A%2F%2Fwww.w3.org%2F2000%2Fsvg%27%20width%3D%2750%27%20height%3D%2750%27%20viewBox%3D%270%200%2050%2050%27%3E%3Crect%20width%3D%2750%27%20height%3D%2750%27%20fill-opacity%3D%220%22%2F%3E%3C%2Fsvg%3E\" data-orig-src=\"https:\/\/showmotion.it\/wp-content\/uploads\/2019\/08\/RAL9003.jpg\" alt=\"\" width=\"50\" height=\"50\" \/><\/td>\n<td style=\"width: 11.8808%; text-align: center;\">RAL 9006<\/p>\n<p><img decoding=\"async\" class=\"lazyload alignnone wp-image-1348 size-full\" src=\"data:image\/svg+xml,%3Csvg%20xmlns%3D%27http%3A%2F%2Fwww.w3.org%2F2000%2Fsvg%27%20width%3D%2750%27%20height%3D%2750%27%20viewBox%3D%270%200%2050%2050%27%3E%3Crect%20width%3D%2750%27%20height%3D%2750%27%20fill-opacity%3D%220%22%2F%3E%3C%2Fsvg%3E\" data-orig-src=\"https:\/\/showmotion.it\/wp-content\/uploads\/2019\/08\/RAL9006.jpg\" alt=\"\" width=\"50\" height=\"50\" \/><\/td>\n<td style=\"width: 13.2062%; text-align: center;\">RAL 9007<\/p>\n<p><img loading=\"lazy\" decoding=\"async\" class=\"lazyload alignnone wp-image-1349 size-full\" src=\"data:image\/svg+xml,%3Csvg%20xmlns%3D%27http%3A%2F%2Fwww.w3.org%2F2000%2Fsvg%27%20width%3D%2750%27%20height%3D%2750%27%20viewBox%3D%270%200%2050%2050%27%3E%3Crect%20width%3D%2750%27%20height%3D%2750%27%20fill-opacity%3D%220%22%2F%3E%3C%2Fsvg%3E\" data-orig-src=\"https:\/\/showmotion.it\/wp-content\/uploads\/2019\/08\/RAL9007.jpg\" alt=\"\" width=\"50\" height=\"50\" \/><\/td>\n<td style=\"width: 11.8227%; text-align: center;\">RAL 9010<\/p>\n<p><img loading=\"lazy\" decoding=\"async\" class=\"lazyload alignnone wp-image-1350 size-full\" src=\"data:image\/svg+xml,%3Csvg%20xmlns%3D%27http%3A%2F%2Fwww.w3.org%2F2000%2Fsvg%27%20width%3D%2750%27%20height%3D%2750%27%20viewBox%3D%270%200%2050%2050%27%3E%3Crect%20width%3D%2750%27%20height%3D%2750%27%20fill-opacity%3D%220%22%2F%3E%3C%2Fsvg%3E\" data-orig-src=\"https:\/\/showmotion.it\/wp-content\/uploads\/2019\/08\/RAL9010.jpg\" alt=\"\" width=\"50\" height=\"50\" \/><\/td>\n<td style=\"width: 13.7282%; text-align: center;\"><\/td>\n<\/tr>\n<tr>\n<td style=\"width: 10%; text-align: center;\"><strong>Glatt matt<\/strong><\/td>\n<td style=\"width: 14.0597%; text-align: center;\">RAL 9005<\/p>\n<p><img loading=\"lazy\" decoding=\"async\" class=\"lazyload alignnone wp-image-1351 size-full\" src=\"data:image\/svg+xml,%3Csvg%20xmlns%3D%27http%3A%2F%2Fwww.w3.org%2F2000%2Fsvg%27%20width%3D%2750%27%20height%3D%2750%27%20viewBox%3D%270%200%2050%2050%27%3E%3Crect%20width%3D%2750%27%20height%3D%2750%27%20fill-opacity%3D%220%22%2F%3E%3C%2Fsvg%3E\" data-orig-src=\"https:\/\/showmotion.it\/wp-content\/uploads\/2019\/08\/RAL9005.jpg\" alt=\"\" width=\"50\" height=\"50\" \/><\/td>\n<td style=\"width: 15.9403%; text-align: center;\">RAL 9016<\/p>\n<p><img loading=\"lazy\" decoding=\"async\" class=\"lazyload alignnone wp-image-4908 size-full\" src=\"data:image\/svg+xml,%3Csvg%20xmlns%3D%27http%3A%2F%2Fwww.w3.org%2F2000%2Fsvg%27%20width%3D%2750%27%20height%3D%2750%27%20viewBox%3D%270%200%2050%2050%27%3E%3Crect%20width%3D%2750%27%20height%3D%2750%27%20fill-opacity%3D%220%22%2F%3E%3C%2Fsvg%3E\" data-orig-src=\"https:\/\/showmotion.it\/wp-content\/uploads\/2020\/03\/RAL9016.jpg\" alt=\"\" width=\"50\" height=\"50\" \/><\/td>\n<td style=\"width: 11.8808%; text-align: center;\"><\/td>\n<td style=\"width: 13.2062%; text-align: center;\"><\/td>\n<td style=\"width: 11.8227%; text-align: center;\"><\/td>\n<td style=\"width: 13.7282%; text-align: center;\"><\/td>\n<\/tr>\n<tr>\n<td style=\"width: 10%; text-align: center;\"><strong>Feinstruktur matt<\/strong><\/td>\n<td style=\"width: 14.0597%; text-align: center;\">RAL 7011<\/p>\n<p><img loading=\"lazy\" decoding=\"async\" class=\"lazyload alignnone wp-image-1353 size-full\" src=\"data:image\/svg+xml,%3Csvg%20xmlns%3D%27http%3A%2F%2Fwww.w3.org%2F2000%2Fsvg%27%20width%3D%2750%27%20height%3D%2750%27%20viewBox%3D%270%200%2050%2050%27%3E%3Crect%20width%3D%2750%27%20height%3D%2750%27%20fill-opacity%3D%220%22%2F%3E%3C%2Fsvg%3E\" data-orig-src=\"https:\/\/showmotion.it\/wp-content\/uploads\/2019\/08\/RAL7011.jpg\" alt=\"\" width=\"50\" height=\"50\" \/><\/td>\n<td style=\"width: 15.9403%; text-align: center;\">RAL 7015<\/p>\n<p><img loading=\"lazy\" decoding=\"async\" class=\"lazyload alignnone wp-image-1354 size-full\" src=\"data:image\/svg+xml,%3Csvg%20xmlns%3D%27http%3A%2F%2Fwww.w3.org%2F2000%2Fsvg%27%20width%3D%2750%27%20height%3D%2750%27%20viewBox%3D%270%200%2050%2050%27%3E%3Crect%20width%3D%2750%27%20height%3D%2750%27%20fill-opacity%3D%220%22%2F%3E%3C%2Fsvg%3E\" data-orig-src=\"https:\/\/showmotion.it\/wp-content\/uploads\/2019\/08\/RAL7015.jpg\" alt=\"\" width=\"50\" height=\"50\" \/><\/td>\n<td style=\"width: 11.8808%; text-align: center;\">RAL 7016<\/p>\n<p><img loading=\"lazy\" decoding=\"async\" class=\"lazyload alignnone wp-image-1355 size-full\" src=\"data:image\/svg+xml,%3Csvg%20xmlns%3D%27http%3A%2F%2Fwww.w3.org%2F2000%2Fsvg%27%20width%3D%2750%27%20height%3D%2750%27%20viewBox%3D%270%200%2050%2050%27%3E%3Crect%20width%3D%2750%27%20height%3D%2750%27%20fill-opacity%3D%220%22%2F%3E%3C%2Fsvg%3E\" data-orig-src=\"https:\/\/showmotion.it\/wp-content\/uploads\/2019\/08\/RAL7016.jpg\" alt=\"\" width=\"50\" height=\"50\" \/><\/td>\n<td style=\"width: 13.2062%; text-align: center;\">RAL 7035<\/p>\n<p><img loading=\"lazy\" decoding=\"async\" class=\"lazyload alignnone wp-image-1356 size-full\" src=\"data:image\/svg+xml,%3Csvg%20xmlns%3D%27http%3A%2F%2Fwww.w3.org%2F2000%2Fsvg%27%20width%3D%2750%27%20height%3D%2750%27%20viewBox%3D%270%200%2050%2050%27%3E%3Crect%20width%3D%2750%27%20height%3D%2750%27%20fill-opacity%3D%220%22%2F%3E%3C%2Fsvg%3E\" data-orig-src=\"https:\/\/showmotion.it\/wp-content\/uploads\/2019\/08\/RAL7035.jpg\" alt=\"\" width=\"50\" height=\"50\" \/><\/td>\n<td style=\"width: 11.8227%; text-align: center;\">RAL 7036<\/p>\n<p><img loading=\"lazy\" decoding=\"async\" class=\"lazyload alignnone wp-image-1357 size-full\" src=\"data:image\/svg+xml,%3Csvg%20xmlns%3D%27http%3A%2F%2Fwww.w3.org%2F2000%2Fsvg%27%20width%3D%2750%27%20height%3D%2750%27%20viewBox%3D%270%200%2050%2050%27%3E%3Crect%20width%3D%2750%27%20height%3D%2750%27%20fill-opacity%3D%220%22%2F%3E%3C%2Fsvg%3E\" data-orig-src=\"https:\/\/showmotion.it\/wp-content\/uploads\/2019\/08\/RAL7036.jpg\" alt=\"\" width=\"50\" height=\"50\" \/><\/td>\n<td style=\"width: 13.7282%; text-align: center;\">RAL 9006<\/p>\n<p><img decoding=\"async\" class=\"lazyload alignnone wp-image-1348 size-full\" src=\"data:image\/svg+xml,%3Csvg%20xmlns%3D%27http%3A%2F%2Fwww.w3.org%2F2000%2Fsvg%27%20width%3D%2750%27%20height%3D%2750%27%20viewBox%3D%270%200%2050%2050%27%3E%3Crect%20width%3D%2750%27%20height%3D%2750%27%20fill-opacity%3D%220%22%2F%3E%3C%2Fsvg%3E\" data-orig-src=\"https:\/\/showmotion.it\/wp-content\/uploads\/2019\/08\/RAL9006.jpg\" alt=\"\" width=\"50\" height=\"50\" \/><\/td>\n<\/tr>\n<\/tbody>\n<\/table>\n<p>&nbsp;<\/p>\n","protected":false},"excerpt":{"rendered":"<p>Kleiner Musterst\u00e4nder f\u00fcr Fliesen, Wandfliesen und Kleinformate. Mit 8 beidseitigen Rahmen zum Falten. Insgesamt k\u00f6nnen 32 Mustertafeln ausgestellt werden, 4 f\u00fcr jeden Rahmen. St\u00e4rke max 29 mm. Farbt\u00f6ne, Gloss und Fl\u00e4che \u00a0 Glatt gl\u00e4nzend RAL 9001 RAL 9003 RAL 9006 RAL 9007 RAL 9010 Glatt matt RAL 9005 RAL 9016 Feinstruktur matt RAL 7011 RAL [&hellip;]<\/p>\n","protected":false},"featured_media":5328,"comment_status":"closed","ping_status":"closed","template":"","meta":[],"product_brand":[],"product_cat":[186],"product_tag":[],"class_list":{"0":"post-8793","1":"product","2":"type-product","3":"status-publish","4":"has-post-thumbnail","6":"product_cat-ausstellungssysteme-fur-fliesen","8":"first","9":"instock","10":"shipping-taxable","11":"product-type-simple"},"yoast_head":"<!-- This site is optimized with the Yoast SEO plugin v24.6 - https:\/\/yoast.com\/wordpress\/plugins\/seo\/ -->\n<title>Kleiner Musterst\u00e4nder \u00bb f\u00fcr Fliesen &amp; Wandfliesen | ShowMotion<\/title>\n<meta name=\"description\" content=\"\u2794 Musterst\u00e4nder f\u00fcr Fliesenausstellungen \u2714 f\u00fcr Fliesen, Wandfliesen und Kleinformate \u2714 Klein und kompakt | Mehr Erfahren !\" \/>\n<meta name=\"robots\" content=\"index, follow, max-snippet:-1, max-image-preview:large, max-video-preview:-1\" \/>\n<link rel=\"canonical\" href=\"https:\/\/showmotion.it\/de\/produkte\/ausstellungssysteme-fur-fliesen\/book-32-kleiner-musterstaender-fuer-fliesen-wandfliesen\/\" \/>\n<meta property=\"og:locale\" content=\"de_DE\" \/>\n<meta property=\"og:type\" content=\"article\" \/>\n<meta property=\"og:title\" content=\"Kleiner Musterst\u00e4nder \u00bb f\u00fcr Fliesen &amp; Wandfliesen | ShowMotion\" \/>\n<meta property=\"og:description\" content=\"\u2794 Musterst\u00e4nder f\u00fcr Fliesenausstellungen \u2714 f\u00fcr Fliesen, Wandfliesen und Kleinformate \u2714 Klein und kompakt | Mehr Erfahren !\" \/>\n<meta property=\"og:url\" content=\"https:\/\/showmotion.it\/de\/produkte\/ausstellungssysteme-fur-fliesen\/book-32-kleiner-musterstaender-fuer-fliesen-wandfliesen\/\" \/>\n<meta property=\"og:site_name\" content=\"Showmotion\" \/>\n<meta property=\"article:publisher\" content=\"https:\/\/www.facebook.com\/showmotion.it\/\" \/>\n<meta property=\"og:image\" content=\"https:\/\/showmotion.it\/wp-content\/uploads\/2020\/12\/ShowMotion_BOOK-16_espositore-per-rivestimenti-ceramica-1.jpg\" \/>\n\t<meta property=\"og:image:width\" content=\"960\" \/>\n\t<meta property=\"og:image:height\" content=\"720\" \/>\n\t<meta property=\"og:image:type\" content=\"image\/jpeg\" \/>\n<meta name=\"twitter:card\" content=\"summary_large_image\" \/>\n<meta name=\"twitter:label1\" content=\"Gesch\u00e4tzte Lesezeit\" \/>\n\t<meta name=\"twitter:data1\" content=\"3\u00a0Minuten\" \/>\n<script type=\"application\/ld+json\" class=\"yoast-schema-graph\">{\"@context\":\"https:\/\/schema.org\",\"@graph\":[{\"@type\":\"WebPage\",\"@id\":\"https:\/\/showmotion.it\/de\/produkte\/ausstellungssysteme-fur-fliesen\/book-32-kleiner-musterstaender-fuer-fliesen-wandfliesen\/\",\"url\":\"https:\/\/showmotion.it\/de\/produkte\/ausstellungssysteme-fur-fliesen\/book-32-kleiner-musterstaender-fuer-fliesen-wandfliesen\/\",\"name\":\"Kleiner Musterst\u00e4nder \u00bb f\u00fcr Fliesen & Wandfliesen | ShowMotion\",\"isPartOf\":{\"@id\":\"https:\/\/showmotion.it\/de\/#website\"},\"primaryImageOfPage\":{\"@id\":\"https:\/\/showmotion.it\/de\/produkte\/ausstellungssysteme-fur-fliesen\/book-32-kleiner-musterstaender-fuer-fliesen-wandfliesen\/#primaryimage\"},\"image\":{\"@id\":\"https:\/\/showmotion.it\/de\/produkte\/ausstellungssysteme-fur-fliesen\/book-32-kleiner-musterstaender-fuer-fliesen-wandfliesen\/#primaryimage\"},\"thumbnailUrl\":\"https:\/\/showmotion.it\/wp-content\/uploads\/2020\/12\/ShowMotion_BOOK-16_espositore-per-rivestimenti-ceramica-1.jpg\",\"datePublished\":\"2021-10-21T11:11:10+00:00\",\"description\":\"\u2794 Musterst\u00e4nder f\u00fcr Fliesenausstellungen \u2714 f\u00fcr Fliesen, Wandfliesen und Kleinformate \u2714 Klein und kompakt | Mehr Erfahren !\",\"breadcrumb\":{\"@id\":\"https:\/\/showmotion.it\/de\/produkte\/ausstellungssysteme-fur-fliesen\/book-32-kleiner-musterstaender-fuer-fliesen-wandfliesen\/#breadcrumb\"},\"inLanguage\":\"de\",\"potentialAction\":[{\"@type\":\"ReadAction\",\"target\":[\"https:\/\/showmotion.it\/de\/produkte\/ausstellungssysteme-fur-fliesen\/book-32-kleiner-musterstaender-fuer-fliesen-wandfliesen\/\"]}]},{\"@type\":\"ImageObject\",\"inLanguage\":\"de\",\"@id\":\"https:\/\/showmotion.it\/de\/produkte\/ausstellungssysteme-fur-fliesen\/book-32-kleiner-musterstaender-fuer-fliesen-wandfliesen\/#primaryimage\",\"url\":\"https:\/\/showmotion.it\/wp-content\/uploads\/2020\/12\/ShowMotion_BOOK-16_espositore-per-rivestimenti-ceramica-1.jpg\",\"contentUrl\":\"https:\/\/showmotion.it\/wp-content\/uploads\/2020\/12\/ShowMotion_BOOK-16_espositore-per-rivestimenti-ceramica-1.jpg\",\"width\":960,\"height\":720,\"caption\":\"Pr\u00e4sentationm\u00f6bel Fliesen - Modell Book 32 - Showmotion\"},{\"@type\":\"BreadcrumbList\",\"@id\":\"https:\/\/showmotion.it\/de\/produkte\/ausstellungssysteme-fur-fliesen\/book-32-kleiner-musterstaender-fuer-fliesen-wandfliesen\/#breadcrumb\",\"itemListElement\":[{\"@type\":\"ListItem\",\"position\":1,\"name\":\"Home\",\"item\":\"https:\/\/showmotion.it\/de\/\"},{\"@type\":\"ListItem\",\"position\":2,\"name\":\"Shop\",\"item\":\"https:\/\/showmotion.it\/de\/geschaft\/\"},{\"@type\":\"ListItem\",\"position\":3,\"name\":\"Book 32\"}]},{\"@type\":\"WebSite\",\"@id\":\"https:\/\/showmotion.it\/de\/#website\",\"url\":\"https:\/\/showmotion.it\/de\/\",\"name\":\"Showmotion\",\"description\":\"Ogni showroom un&#039;emozione\",\"publisher\":{\"@id\":\"https:\/\/showmotion.it\/de\/#organization\"},\"potentialAction\":[{\"@type\":\"SearchAction\",\"target\":{\"@type\":\"EntryPoint\",\"urlTemplate\":\"https:\/\/showmotion.it\/de\/?s={search_term_string}\"},\"query-input\":{\"@type\":\"PropertyValueSpecification\",\"valueRequired\":true,\"valueName\":\"search_term_string\"}}],\"inLanguage\":\"de\"},{\"@type\":\"Organization\",\"@id\":\"https:\/\/showmotion.it\/de\/#organization\",\"name\":\"ShowMotion\",\"url\":\"https:\/\/showmotion.it\/de\/\",\"logo\":{\"@type\":\"ImageObject\",\"inLanguage\":\"de\",\"@id\":\"https:\/\/showmotion.it\/de\/#\/schema\/logo\/image\/\",\"url\":\"https:\/\/showmotion.it\/wp-content\/uploads\/2021\/01\/logo.png\",\"contentUrl\":\"https:\/\/showmotion.it\/wp-content\/uploads\/2021\/01\/logo.png\",\"width\":272,\"height\":67,\"caption\":\"ShowMotion\"},\"image\":{\"@id\":\"https:\/\/showmotion.it\/de\/#\/schema\/logo\/image\/\"},\"sameAs\":[\"https:\/\/www.facebook.com\/showmotion.it\/\",\"https:\/\/www.linkedin.com\/company\/showmotion-it\/\"]}]}<\/script>\n<!-- \/ Yoast SEO plugin. -->","yoast_head_json":{"title":"Kleiner Musterst\u00e4nder \u00bb f\u00fcr Fliesen & Wandfliesen | ShowMotion","description":"\u2794 Musterst\u00e4nder f\u00fcr Fliesenausstellungen \u2714 f\u00fcr Fliesen, Wandfliesen und Kleinformate \u2714 Klein und kompakt | Mehr Erfahren !","robots":{"index":"index","follow":"follow","max-snippet":"max-snippet:-1","max-image-preview":"max-image-preview:large","max-video-preview":"max-video-preview:-1"},"canonical":"https:\/\/showmotion.it\/de\/produkte\/ausstellungssysteme-fur-fliesen\/book-32-kleiner-musterstaender-fuer-fliesen-wandfliesen\/","og_locale":"de_DE","og_type":"article","og_title":"Kleiner Musterst\u00e4nder \u00bb f\u00fcr Fliesen & Wandfliesen | ShowMotion","og_description":"\u2794 Musterst\u00e4nder f\u00fcr Fliesenausstellungen \u2714 f\u00fcr Fliesen, Wandfliesen und Kleinformate \u2714 Klein und kompakt | Mehr Erfahren !","og_url":"https:\/\/showmotion.it\/de\/produkte\/ausstellungssysteme-fur-fliesen\/book-32-kleiner-musterstaender-fuer-fliesen-wandfliesen\/","og_site_name":"Showmotion","article_publisher":"https:\/\/www.facebook.com\/showmotion.it\/","og_image":[{"width":960,"height":720,"url":"https:\/\/showmotion.it\/wp-content\/uploads\/2020\/12\/ShowMotion_BOOK-16_espositore-per-rivestimenti-ceramica-1.jpg","type":"image\/jpeg"}],"twitter_card":"summary_large_image","twitter_misc":{"Gesch\u00e4tzte Lesezeit":"3\u00a0Minuten"},"schema":{"@context":"https:\/\/schema.org","@graph":[{"@type":"WebPage","@id":"https:\/\/showmotion.it\/de\/produkte\/ausstellungssysteme-fur-fliesen\/book-32-kleiner-musterstaender-fuer-fliesen-wandfliesen\/","url":"https:\/\/showmotion.it\/de\/produkte\/ausstellungssysteme-fur-fliesen\/book-32-kleiner-musterstaender-fuer-fliesen-wandfliesen\/","name":"Kleiner Musterst\u00e4nder \u00bb f\u00fcr Fliesen & Wandfliesen | ShowMotion","isPartOf":{"@id":"https:\/\/showmotion.it\/de\/#website"},"primaryImageOfPage":{"@id":"https:\/\/showmotion.it\/de\/produkte\/ausstellungssysteme-fur-fliesen\/book-32-kleiner-musterstaender-fuer-fliesen-wandfliesen\/#primaryimage"},"image":{"@id":"https:\/\/showmotion.it\/de\/produkte\/ausstellungssysteme-fur-fliesen\/book-32-kleiner-musterstaender-fuer-fliesen-wandfliesen\/#primaryimage"},"thumbnailUrl":"https:\/\/showmotion.it\/wp-content\/uploads\/2020\/12\/ShowMotion_BOOK-16_espositore-per-rivestimenti-ceramica-1.jpg","datePublished":"2021-10-21T11:11:10+00:00","description":"\u2794 Musterst\u00e4nder f\u00fcr Fliesenausstellungen \u2714 f\u00fcr Fliesen, Wandfliesen und Kleinformate \u2714 Klein und kompakt | Mehr Erfahren !","breadcrumb":{"@id":"https:\/\/showmotion.it\/de\/produkte\/ausstellungssysteme-fur-fliesen\/book-32-kleiner-musterstaender-fuer-fliesen-wandfliesen\/#breadcrumb"},"inLanguage":"de","potentialAction":[{"@type":"ReadAction","target":["https:\/\/showmotion.it\/de\/produkte\/ausstellungssysteme-fur-fliesen\/book-32-kleiner-musterstaender-fuer-fliesen-wandfliesen\/"]}]},{"@type":"ImageObject","inLanguage":"de","@id":"https:\/\/showmotion.it\/de\/produkte\/ausstellungssysteme-fur-fliesen\/book-32-kleiner-musterstaender-fuer-fliesen-wandfliesen\/#primaryimage","url":"https:\/\/showmotion.it\/wp-content\/uploads\/2020\/12\/ShowMotion_BOOK-16_espositore-per-rivestimenti-ceramica-1.jpg","contentUrl":"https:\/\/showmotion.it\/wp-content\/uploads\/2020\/12\/ShowMotion_BOOK-16_espositore-per-rivestimenti-ceramica-1.jpg","width":960,"height":720,"caption":"Pr\u00e4sentationm\u00f6bel Fliesen - Modell Book 32 - Showmotion"},{"@type":"BreadcrumbList","@id":"https:\/\/showmotion.it\/de\/produkte\/ausstellungssysteme-fur-fliesen\/book-32-kleiner-musterstaender-fuer-fliesen-wandfliesen\/#breadcrumb","itemListElement":[{"@type":"ListItem","position":1,"name":"Home","item":"https:\/\/showmotion.it\/de\/"},{"@type":"ListItem","position":2,"name":"Shop","item":"https:\/\/showmotion.it\/de\/geschaft\/"},{"@type":"ListItem","position":3,"name":"Book 32"}]},{"@type":"WebSite","@id":"https:\/\/showmotion.it\/de\/#website","url":"https:\/\/showmotion.it\/de\/","name":"Showmotion","description":"Ogni showroom un&#039;emozione","publisher":{"@id":"https:\/\/showmotion.it\/de\/#organization"},"potentialAction":[{"@type":"SearchAction","target":{"@type":"EntryPoint","urlTemplate":"https:\/\/showmotion.it\/de\/?s={search_term_string}"},"query-input":{"@type":"PropertyValueSpecification","valueRequired":true,"valueName":"search_term_string"}}],"inLanguage":"de"},{"@type":"Organization","@id":"https:\/\/showmotion.it\/de\/#organization","name":"ShowMotion","url":"https:\/\/showmotion.it\/de\/","logo":{"@type":"ImageObject","inLanguage":"de","@id":"https:\/\/showmotion.it\/de\/#\/schema\/logo\/image\/","url":"https:\/\/showmotion.it\/wp-content\/uploads\/2021\/01\/logo.png","contentUrl":"https:\/\/showmotion.it\/wp-content\/uploads\/2021\/01\/logo.png","width":272,"height":67,"caption":"ShowMotion"},"image":{"@id":"https:\/\/showmotion.it\/de\/#\/schema\/logo\/image\/"},"sameAs":["https:\/\/www.facebook.com\/showmotion.it\/","https:\/\/www.linkedin.com\/company\/showmotion-it\/"]}]}},"_links":{"self":[{"href":"https:\/\/showmotion.it\/de\/wp-json\/wp\/v2\/product\/8793","targetHints":{"allow":["GET"]}}],"collection":[{"href":"https:\/\/showmotion.it\/de\/wp-json\/wp\/v2\/product"}],"about":[{"href":"https:\/\/showmotion.it\/de\/wp-json\/wp\/v2\/types\/product"}],"replies":[{"embeddable":true,"href":"https:\/\/showmotion.it\/de\/wp-json\/wp\/v2\/comments?post=8793"}],"wp:featuredmedia":[{"embeddable":true,"href":"https:\/\/showmotion.it\/de\/wp-json\/wp\/v2\/media\/5328"}],"wp:attachment":[{"href":"https:\/\/showmotion.it\/de\/wp-json\/wp\/v2\/media?parent=8793"}],"wp:term":[{"taxonomy":"product_brand","embeddable":true,"href":"https:\/\/showmotion.it\/de\/wp-json\/wp\/v2\/product_brand?post=8793"},{"taxonomy":"product_cat","embeddable":true,"href":"https:\/\/showmotion.it\/de\/wp-json\/wp\/v2\/product_cat?post=8793"},{"taxonomy":"product_tag","embeddable":true,"href":"https:\/\/showmotion.it\/de\/wp-json\/wp\/v2\/product_tag?post=8793"}],"curies":[{"name":"wp","href":"https:\/\/api.w.org\/{rel}","templated":true}]}}