{"id":4228,"date":"2019-09-26T15:58:11","date_gmt":"2019-09-26T15:58:11","guid":{"rendered":"https:\/\/showmotion.it\/prodotti\/unkategorisiert\/flexo-stand-alone\/"},"modified":"2022-12-08T18:44:49","modified_gmt":"2022-12-08T18:44:49","slug":"flexo-stand-alone","status":"publish","type":"product","link":"https:\/\/showmotion.it\/de\/produkte\/ausstellungssysteme-fur-hausturen-fenster-innenturen\/flexo-modulares-system\/flexo-stand-alone\/","title":{"rendered":"Freistehendes Ausstellungssystem &#8211; Modell Flexo"},"content":{"rendered":"<div class=\"fusion-fullwidth fullwidth-box fusion-builder-row-1 nonhundred-percent-fullwidth non-hundred-percent-height-scrolling\" style=\"--awb-border-radius-top-left:0px;--awb-border-radius-top-right:0px;--awb-border-radius-bottom-right:0px;--awb-border-radius-bottom-left:0px;--awb-flex-wrap:wrap;\" ><div class=\"fusion-builder-row fusion-row\"><div class=\"fusion-layout-column fusion_builder_column fusion-builder-column-0 fusion_builder_column_1_1 1_1 fusion-one-full fusion-column-first fusion-column-last\" style=\"--awb-bg-size:cover;--awb-margin-bottom:0px;\"><div class=\"fusion-column-wrapper fusion-flex-column-wrapper-legacy\"><div class=\"fusion-video fusion-youtube\" style=\"--awb-max-width:600px;--awb-max-height:360px;\"><div class=\"video-shortcode\"><div class=\"fluid-width-video-wrapper\" style=\"padding-top:60%;\" ><iframe title=\"YouTube video player 1\" src=\"https:\/\/www.youtube.com\/embed\/LLDWSEpczA8?wmode=transparent&autoplay=0\" width=\"600\" height=\"360\" allowfullscreen allow=\"autoplay; fullscreen\"><\/iframe><\/div><\/div><\/div><div class=\"fusion-sep-clear\"><\/div><div class=\"fusion-separator fusion-full-width-sep\" style=\"margin-left: auto;margin-right: auto;width:100%;\"><div class=\"fusion-separator-border sep-double\" style=\"--awb-height:20px;--awb-amount:20px;border-color:#e0dede;border-top-width:1px;border-bottom-width:1px;\"><\/div><\/div><div class=\"fusion-sep-clear\"><\/div><div class=\"fusion-text fusion-text-1\"><p><span style=\"font-weight: 400;\">STAND ALONE-Kombination f\u00fcr 1 Muster einer Fenster- oder Eingangst\u00fcr oder Innent\u00fcr.<\/span><\/p>\n<p>In zwei Varianten erh\u00e4ltlich:<br \/>\nAusf\u00fchrung f\u00fcr die Pr\u00e4sentation von Innent\u00fcren, Glast\u00fcren, Zimmert\u00fcren Blatt 860\u00d72110 mm.<br \/>\nAusf\u00fchrung um 110\u00d7210 cm Haust\u00fcren und Fenster Breite 110 cm (H\u00f6he frei w\u00e4hlbar) auszustellen.<\/p>\n<p>FLEXO ist in zwei Bautiefen erh\u00e4ltlich. FLEXO 100 mit Bautiefe 100mm. FLEXO 150 mit Bautiefe 150mm.<\/p>\n<p>Die obere 200mm Blende kann mit Schriften und Logos versehen werden.<\/p>\n<p><span style=\"font-weight: 400;\">Alle Rahmen der FLEXO-Serie sind austauschbar und in verschiedenen Figuren kombinierbar.\u00a0<\/span><\/p>\n<h2><span style=\"font-size: 22pt;\">Abmessungen freistehendes Ausstellungssystem<\/span><\/h2>\n<p><span style=\"font-weight: 400;\">Abmessungen 1112 x 1100 x H.2433 mm<\/span><\/p>\n<h2 style=\"text-align: center;\"><span style=\"font-size: 22pt;\">Materialien<\/span><\/h2>\n<table style=\"width: 100%; border-collapse: collapse;\" border=\"1\" cellpadding=\"5px\">\n<thead>\n<tr>\n<th style=\"width: 10%; text-align: center;\"><strong>\u00a0<\/strong><\/th>\n<th style=\"width: 14.0597%; text-align: center;\"><\/th>\n<th style=\"width: 15.9403%; text-align: center;\"><\/th>\n<th style=\"width: 11.8808%; text-align: center;\"><\/th>\n<th style=\"width: 13.2062%; text-align: center;\"><\/th>\n<th style=\"width: 11.8227%; text-align: center;\"><\/th>\n<th style=\"width: 13.7282%; text-align: center;\"><\/th>\n<\/tr>\n<\/thead>\n<tbody>\n<tr>\n<td style=\"width: 10%; text-align: center;\"><strong>Glatt gl\u00e4nzend<\/strong><\/td>\n<td style=\"width: 14.0597%; text-align: center;\">RAL 9001<\/p>\n<p><img decoding=\"async\" class=\"lazyload alignnone wp-image-1346 size-full\" src=\"data:image\/svg+xml,%3Csvg%20xmlns%3D%27http%3A%2F%2Fwww.w3.org%2F2000%2Fsvg%27%20width%3D%2750%27%20height%3D%2750%27%20viewBox%3D%270%200%2050%2050%27%3E%3Crect%20width%3D%2750%27%20height%3D%2750%27%20fill-opacity%3D%220%22%2F%3E%3C%2Fsvg%3E\" data-orig-src=\"https:\/\/showmotion.it\/wp-content\/uploads\/2019\/08\/RAL9001.jpg\" alt=\"\" width=\"50\" height=\"50\" \/><\/td>\n<td style=\"width: 15.9403%; text-align: center;\">RAL 9003<\/p>\n<p><img decoding=\"async\" class=\"lazyload alignnone wp-image-1347 size-full\" src=\"data:image\/svg+xml,%3Csvg%20xmlns%3D%27http%3A%2F%2Fwww.w3.org%2F2000%2Fsvg%27%20width%3D%2750%27%20height%3D%2750%27%20viewBox%3D%270%200%2050%2050%27%3E%3Crect%20width%3D%2750%27%20height%3D%2750%27%20fill-opacity%3D%220%22%2F%3E%3C%2Fsvg%3E\" data-orig-src=\"https:\/\/showmotion.it\/wp-content\/uploads\/2019\/08\/RAL9003.jpg\" alt=\"\" width=\"50\" height=\"50\" \/><\/td>\n<td style=\"width: 11.8808%; text-align: center;\">RAL 9006<\/p>\n<p><img decoding=\"async\" class=\"lazyload alignnone wp-image-1348 size-full\" src=\"data:image\/svg+xml,%3Csvg%20xmlns%3D%27http%3A%2F%2Fwww.w3.org%2F2000%2Fsvg%27%20width%3D%2750%27%20height%3D%2750%27%20viewBox%3D%270%200%2050%2050%27%3E%3Crect%20width%3D%2750%27%20height%3D%2750%27%20fill-opacity%3D%220%22%2F%3E%3C%2Fsvg%3E\" data-orig-src=\"https:\/\/showmotion.it\/wp-content\/uploads\/2019\/08\/RAL9006.jpg\" alt=\"\" width=\"50\" height=\"50\" \/><\/td>\n<td style=\"width: 13.2062%; text-align: center;\">RAL 9007<\/p>\n<p><img loading=\"lazy\" decoding=\"async\" class=\"lazyload alignnone wp-image-1349 size-full\" src=\"data:image\/svg+xml,%3Csvg%20xmlns%3D%27http%3A%2F%2Fwww.w3.org%2F2000%2Fsvg%27%20width%3D%2750%27%20height%3D%2750%27%20viewBox%3D%270%200%2050%2050%27%3E%3Crect%20width%3D%2750%27%20height%3D%2750%27%20fill-opacity%3D%220%22%2F%3E%3C%2Fsvg%3E\" data-orig-src=\"https:\/\/showmotion.it\/wp-content\/uploads\/2019\/08\/RAL9007.jpg\" alt=\"\" width=\"50\" height=\"50\" \/><\/td>\n<td style=\"width: 11.8227%; text-align: center;\">RAL 9010<\/p>\n<p><img loading=\"lazy\" decoding=\"async\" class=\"lazyload alignnone wp-image-1350 size-full\" src=\"data:image\/svg+xml,%3Csvg%20xmlns%3D%27http%3A%2F%2Fwww.w3.org%2F2000%2Fsvg%27%20width%3D%2750%27%20height%3D%2750%27%20viewBox%3D%270%200%2050%2050%27%3E%3Crect%20width%3D%2750%27%20height%3D%2750%27%20fill-opacity%3D%220%22%2F%3E%3C%2Fsvg%3E\" data-orig-src=\"https:\/\/showmotion.it\/wp-content\/uploads\/2019\/08\/RAL9010.jpg\" alt=\"\" width=\"50\" height=\"50\" \/><\/td>\n<td style=\"width: 13.7282%; text-align: center;\"><\/td>\n<\/tr>\n<tr>\n<td style=\"width: 10%; text-align: center;\"><strong>Glatt matt<\/strong><\/td>\n<td style=\"width: 14.0597%; text-align: center;\">RAL 9005<\/p>\n<p><img loading=\"lazy\" decoding=\"async\" class=\"lazyload alignnone wp-image-1351 size-full\" src=\"data:image\/svg+xml,%3Csvg%20xmlns%3D%27http%3A%2F%2Fwww.w3.org%2F2000%2Fsvg%27%20width%3D%2750%27%20height%3D%2750%27%20viewBox%3D%270%200%2050%2050%27%3E%3Crect%20width%3D%2750%27%20height%3D%2750%27%20fill-opacity%3D%220%22%2F%3E%3C%2Fsvg%3E\" data-orig-src=\"https:\/\/showmotion.it\/wp-content\/uploads\/2019\/08\/RAL9005.jpg\" alt=\"\" width=\"50\" height=\"50\" \/><\/td>\n<td style=\"width: 15.9403%; text-align: center;\">RAL 9016<\/p>\n<p><img loading=\"lazy\" decoding=\"async\" class=\"lazyload alignnone wp-image-4909 size-full\" src=\"data:image\/svg+xml,%3Csvg%20xmlns%3D%27http%3A%2F%2Fwww.w3.org%2F2000%2Fsvg%27%20width%3D%2750%27%20height%3D%2750%27%20viewBox%3D%270%200%2050%2050%27%3E%3Crect%20width%3D%2750%27%20height%3D%2750%27%20fill-opacity%3D%220%22%2F%3E%3C%2Fsvg%3E\" data-orig-src=\"https:\/\/showmotion.it\/wp-content\/uploads\/2020\/03\/RAL9016.jpg\" alt=\"\" width=\"50\" height=\"50\" \/><\/td>\n<td style=\"width: 11.8808%; text-align: center;\"><\/td>\n<td style=\"width: 13.2062%; text-align: center;\"><\/td>\n<td style=\"width: 11.8227%; text-align: center;\"><\/td>\n<td style=\"width: 13.7282%; text-align: center;\"><\/td>\n<\/tr>\n<tr>\n<td style=\"width: 10%; text-align: center;\"><strong>Feinstruktur matt<\/strong><\/td>\n<td style=\"width: 14.0597%; text-align: center;\">RAL 7011<\/p>\n<p><img loading=\"lazy\" decoding=\"async\" class=\"lazyload alignnone wp-image-1353 size-full\" src=\"data:image\/svg+xml,%3Csvg%20xmlns%3D%27http%3A%2F%2Fwww.w3.org%2F2000%2Fsvg%27%20width%3D%2750%27%20height%3D%2750%27%20viewBox%3D%270%200%2050%2050%27%3E%3Crect%20width%3D%2750%27%20height%3D%2750%27%20fill-opacity%3D%220%22%2F%3E%3C%2Fsvg%3E\" data-orig-src=\"https:\/\/showmotion.it\/wp-content\/uploads\/2019\/08\/RAL7011.jpg\" alt=\"\" width=\"50\" height=\"50\" \/><\/td>\n<td style=\"width: 15.9403%; text-align: center;\">RAL 7015<\/p>\n<p><img loading=\"lazy\" decoding=\"async\" class=\"lazyload alignnone wp-image-1354 size-full\" src=\"data:image\/svg+xml,%3Csvg%20xmlns%3D%27http%3A%2F%2Fwww.w3.org%2F2000%2Fsvg%27%20width%3D%2750%27%20height%3D%2750%27%20viewBox%3D%270%200%2050%2050%27%3E%3Crect%20width%3D%2750%27%20height%3D%2750%27%20fill-opacity%3D%220%22%2F%3E%3C%2Fsvg%3E\" data-orig-src=\"https:\/\/showmotion.it\/wp-content\/uploads\/2019\/08\/RAL7015.jpg\" alt=\"\" width=\"50\" height=\"50\" \/><\/td>\n<td style=\"width: 11.8808%; text-align: center;\">RAL 7016<\/p>\n<p><img loading=\"lazy\" decoding=\"async\" class=\"lazyload alignnone wp-image-1355 size-full\" src=\"data:image\/svg+xml,%3Csvg%20xmlns%3D%27http%3A%2F%2Fwww.w3.org%2F2000%2Fsvg%27%20width%3D%2750%27%20height%3D%2750%27%20viewBox%3D%270%200%2050%2050%27%3E%3Crect%20width%3D%2750%27%20height%3D%2750%27%20fill-opacity%3D%220%22%2F%3E%3C%2Fsvg%3E\" data-orig-src=\"https:\/\/showmotion.it\/wp-content\/uploads\/2019\/08\/RAL7016.jpg\" alt=\"\" width=\"50\" height=\"50\" \/><\/td>\n<td style=\"width: 13.2062%; text-align: center;\">RAL 7035<\/p>\n<p><img loading=\"lazy\" decoding=\"async\" class=\"lazyload alignnone wp-image-1356 size-full\" src=\"data:image\/svg+xml,%3Csvg%20xmlns%3D%27http%3A%2F%2Fwww.w3.org%2F2000%2Fsvg%27%20width%3D%2750%27%20height%3D%2750%27%20viewBox%3D%270%200%2050%2050%27%3E%3Crect%20width%3D%2750%27%20height%3D%2750%27%20fill-opacity%3D%220%22%2F%3E%3C%2Fsvg%3E\" data-orig-src=\"https:\/\/showmotion.it\/wp-content\/uploads\/2019\/08\/RAL7035.jpg\" alt=\"\" width=\"50\" height=\"50\" \/><\/td>\n<td style=\"width: 11.8227%; text-align: center;\">RAL 7036<\/p>\n<p><img loading=\"lazy\" decoding=\"async\" class=\"lazyload alignnone wp-image-1357 size-full\" src=\"data:image\/svg+xml,%3Csvg%20xmlns%3D%27http%3A%2F%2Fwww.w3.org%2F2000%2Fsvg%27%20width%3D%2750%27%20height%3D%2750%27%20viewBox%3D%270%200%2050%2050%27%3E%3Crect%20width%3D%2750%27%20height%3D%2750%27%20fill-opacity%3D%220%22%2F%3E%3C%2Fsvg%3E\" data-orig-src=\"https:\/\/showmotion.it\/wp-content\/uploads\/2019\/08\/RAL7036.jpg\" alt=\"\" width=\"50\" height=\"50\" \/><\/td>\n<td style=\"width: 13.7282%; text-align: center;\">RAL 9006<\/p>\n<p><img decoding=\"async\" class=\"lazyload alignnone wp-image-1348 size-full\" src=\"data:image\/svg+xml,%3Csvg%20xmlns%3D%27http%3A%2F%2Fwww.w3.org%2F2000%2Fsvg%27%20width%3D%2750%27%20height%3D%2750%27%20viewBox%3D%270%200%2050%2050%27%3E%3Crect%20width%3D%2750%27%20height%3D%2750%27%20fill-opacity%3D%220%22%2F%3E%3C%2Fsvg%3E\" data-orig-src=\"https:\/\/showmotion.it\/wp-content\/uploads\/2019\/08\/RAL9006.jpg\" alt=\"\" width=\"50\" height=\"50\" \/><\/td>\n<\/tr>\n<\/tbody>\n<\/table>\n<\/div><div class=\"fusion-clearfix\"><\/div><\/div><\/div><\/div><\/div>\n","protected":false},"excerpt":{"rendered":"","protected":false},"featured_media":5178,"comment_status":"closed","ping_status":"closed","template":"","meta":[],"product_brand":[],"product_cat":[191,193],"product_tag":[],"class_list":{"0":"post-4228","1":"product","2":"type-product","3":"status-publish","4":"has-post-thumbnail","6":"product_cat-ausstellungssysteme-fur-hausturen-fenster-innenturen","7":"product_cat-flexo-modulares-system","9":"first","10":"instock","11":"shipping-taxable","12":"product-type-simple"},"yoast_head":"<!-- This site is optimized with the Yoast SEO plugin v24.6 - https:\/\/yoast.com\/wordpress\/plugins\/seo\/ -->\n<title>Freistehendes Ausstellungssystem \u00bb Modell Flexo | ShowMotion<\/title>\n<meta name=\"description\" content=\"\u2794 Freistehendes Ausstellungssystem f\u00fcr Fenster oder T\u00fcren \u2794 Rahmenst\u00e4rke 100 mm oder 150 mm | Jetzt Modell Flexo beim Fachmann kaufen !\" \/>\n<meta name=\"robots\" content=\"index, follow, max-snippet:-1, max-image-preview:large, max-video-preview:-1\" \/>\n<link rel=\"canonical\" href=\"https:\/\/showmotion.it\/de\/produkte\/ausstellungssysteme-fur-hausturen-fenster-innenturen\/flexo-modulares-system\/flexo-stand-alone\/\" \/>\n<meta property=\"og:locale\" content=\"de_DE\" \/>\n<meta property=\"og:type\" content=\"article\" \/>\n<meta property=\"og:title\" content=\"Freistehendes Ausstellungssystem \u00bb Modell Flexo | ShowMotion\" \/>\n<meta property=\"og:description\" content=\"\u2794 Freistehendes Ausstellungssystem f\u00fcr Fenster oder T\u00fcren \u2794 Rahmenst\u00e4rke 100 mm oder 150 mm | Jetzt Modell Flexo beim Fachmann kaufen !\" \/>\n<meta property=\"og:url\" content=\"https:\/\/showmotion.it\/de\/produkte\/ausstellungssysteme-fur-hausturen-fenster-innenturen\/flexo-modulares-system\/flexo-stand-alone\/\" \/>\n<meta property=\"og:site_name\" content=\"Showmotion\" \/>\n<meta property=\"article:publisher\" content=\"https:\/\/www.facebook.com\/showmotion.it\/\" \/>\n<meta property=\"article:modified_time\" content=\"2022-12-08T18:44:49+00:00\" \/>\n<meta property=\"og:image\" content=\"https:\/\/showmotion.it\/wp-content\/uploads\/2019\/09\/ShowMotion_FLEXO_stand-alone_Staender-fuer-Fenster_base-modificata-29.10.jpg\" \/>\n\t<meta property=\"og:image:width\" content=\"960\" \/>\n\t<meta property=\"og:image:height\" content=\"720\" \/>\n\t<meta property=\"og:image:type\" content=\"image\/jpeg\" \/>\n<meta name=\"twitter:card\" content=\"summary_large_image\" \/>\n<meta name=\"twitter:label1\" content=\"Gesch\u00e4tzte Lesezeit\" \/>\n\t<meta name=\"twitter:data1\" content=\"4\u00a0Minuten\" \/>\n<script type=\"application\/ld+json\" class=\"yoast-schema-graph\">{\"@context\":\"https:\/\/schema.org\",\"@graph\":[{\"@type\":\"WebPage\",\"@id\":\"https:\/\/showmotion.it\/de\/produkte\/ausstellungssysteme-fur-hausturen-fenster-innenturen\/flexo-modulares-system\/flexo-stand-alone\/\",\"url\":\"https:\/\/showmotion.it\/de\/produkte\/ausstellungssysteme-fur-hausturen-fenster-innenturen\/flexo-modulares-system\/flexo-stand-alone\/\",\"name\":\"Freistehendes Ausstellungssystem \u00bb Modell Flexo | ShowMotion\",\"isPartOf\":{\"@id\":\"https:\/\/showmotion.it\/de\/#website\"},\"primaryImageOfPage\":{\"@id\":\"https:\/\/showmotion.it\/de\/produkte\/ausstellungssysteme-fur-hausturen-fenster-innenturen\/flexo-modulares-system\/flexo-stand-alone\/#primaryimage\"},\"image\":{\"@id\":\"https:\/\/showmotion.it\/de\/produkte\/ausstellungssysteme-fur-hausturen-fenster-innenturen\/flexo-modulares-system\/flexo-stand-alone\/#primaryimage\"},\"thumbnailUrl\":\"https:\/\/showmotion.it\/wp-content\/uploads\/2019\/09\/ShowMotion_FLEXO_stand-alone_Staender-fuer-Fenster_base-modificata-29.10.jpg\",\"datePublished\":\"2019-09-26T15:58:11+00:00\",\"dateModified\":\"2022-12-08T18:44:49+00:00\",\"description\":\"\u2794 Freistehendes Ausstellungssystem f\u00fcr Fenster oder T\u00fcren \u2794 Rahmenst\u00e4rke 100 mm oder 150 mm | Jetzt Modell Flexo beim Fachmann kaufen !\",\"breadcrumb\":{\"@id\":\"https:\/\/showmotion.it\/de\/produkte\/ausstellungssysteme-fur-hausturen-fenster-innenturen\/flexo-modulares-system\/flexo-stand-alone\/#breadcrumb\"},\"inLanguage\":\"de\",\"potentialAction\":[{\"@type\":\"ReadAction\",\"target\":[\"https:\/\/showmotion.it\/de\/produkte\/ausstellungssysteme-fur-hausturen-fenster-innenturen\/flexo-modulares-system\/flexo-stand-alone\/\"]}]},{\"@type\":\"ImageObject\",\"inLanguage\":\"de\",\"@id\":\"https:\/\/showmotion.it\/de\/produkte\/ausstellungssysteme-fur-hausturen-fenster-innenturen\/flexo-modulares-system\/flexo-stand-alone\/#primaryimage\",\"url\":\"https:\/\/showmotion.it\/wp-content\/uploads\/2019\/09\/ShowMotion_FLEXO_stand-alone_Staender-fuer-Fenster_base-modificata-29.10.jpg\",\"contentUrl\":\"https:\/\/showmotion.it\/wp-content\/uploads\/2019\/09\/ShowMotion_FLEXO_stand-alone_Staender-fuer-Fenster_base-modificata-29.10.jpg\",\"width\":960,\"height\":720,\"caption\":\"Freistehendes Ausstellungssystem f\u00fcr Fenster - FLEXO Stand alone | ShowMotion\"},{\"@type\":\"BreadcrumbList\",\"@id\":\"https:\/\/showmotion.it\/de\/produkte\/ausstellungssysteme-fur-hausturen-fenster-innenturen\/flexo-modulares-system\/flexo-stand-alone\/#breadcrumb\",\"itemListElement\":[{\"@type\":\"ListItem\",\"position\":1,\"name\":\"Home\",\"item\":\"https:\/\/showmotion.it\/de\/\"},{\"@type\":\"ListItem\",\"position\":2,\"name\":\"Shop\",\"item\":\"https:\/\/showmotion.it\/de\/geschaft\/\"},{\"@type\":\"ListItem\",\"position\":3,\"name\":\"Freistehendes Ausstellungssystem &#8211; Modell Flexo\"}]},{\"@type\":\"WebSite\",\"@id\":\"https:\/\/showmotion.it\/de\/#website\",\"url\":\"https:\/\/showmotion.it\/de\/\",\"name\":\"Showmotion\",\"description\":\"Ogni showroom un&#039;emozione\",\"publisher\":{\"@id\":\"https:\/\/showmotion.it\/de\/#organization\"},\"potentialAction\":[{\"@type\":\"SearchAction\",\"target\":{\"@type\":\"EntryPoint\",\"urlTemplate\":\"https:\/\/showmotion.it\/de\/?s={search_term_string}\"},\"query-input\":{\"@type\":\"PropertyValueSpecification\",\"valueRequired\":true,\"valueName\":\"search_term_string\"}}],\"inLanguage\":\"de\"},{\"@type\":\"Organization\",\"@id\":\"https:\/\/showmotion.it\/de\/#organization\",\"name\":\"ShowMotion\",\"url\":\"https:\/\/showmotion.it\/de\/\",\"logo\":{\"@type\":\"ImageObject\",\"inLanguage\":\"de\",\"@id\":\"https:\/\/showmotion.it\/de\/#\/schema\/logo\/image\/\",\"url\":\"https:\/\/showmotion.it\/wp-content\/uploads\/2021\/01\/logo.png\",\"contentUrl\":\"https:\/\/showmotion.it\/wp-content\/uploads\/2021\/01\/logo.png\",\"width\":272,\"height\":67,\"caption\":\"ShowMotion\"},\"image\":{\"@id\":\"https:\/\/showmotion.it\/de\/#\/schema\/logo\/image\/\"},\"sameAs\":[\"https:\/\/www.facebook.com\/showmotion.it\/\",\"https:\/\/www.linkedin.com\/company\/showmotion-it\/\"]}]}<\/script>\n<!-- \/ Yoast SEO plugin. -->","yoast_head_json":{"title":"Freistehendes Ausstellungssystem \u00bb Modell Flexo | ShowMotion","description":"\u2794 Freistehendes Ausstellungssystem f\u00fcr Fenster oder T\u00fcren \u2794 Rahmenst\u00e4rke 100 mm oder 150 mm | Jetzt Modell Flexo beim Fachmann kaufen !","robots":{"index":"index","follow":"follow","max-snippet":"max-snippet:-1","max-image-preview":"max-image-preview:large","max-video-preview":"max-video-preview:-1"},"canonical":"https:\/\/showmotion.it\/de\/produkte\/ausstellungssysteme-fur-hausturen-fenster-innenturen\/flexo-modulares-system\/flexo-stand-alone\/","og_locale":"de_DE","og_type":"article","og_title":"Freistehendes Ausstellungssystem \u00bb Modell Flexo | ShowMotion","og_description":"\u2794 Freistehendes Ausstellungssystem f\u00fcr Fenster oder T\u00fcren \u2794 Rahmenst\u00e4rke 100 mm oder 150 mm | Jetzt Modell Flexo beim Fachmann kaufen !","og_url":"https:\/\/showmotion.it\/de\/produkte\/ausstellungssysteme-fur-hausturen-fenster-innenturen\/flexo-modulares-system\/flexo-stand-alone\/","og_site_name":"Showmotion","article_publisher":"https:\/\/www.facebook.com\/showmotion.it\/","article_modified_time":"2022-12-08T18:44:49+00:00","og_image":[{"width":960,"height":720,"url":"https:\/\/showmotion.it\/wp-content\/uploads\/2019\/09\/ShowMotion_FLEXO_stand-alone_Staender-fuer-Fenster_base-modificata-29.10.jpg","type":"image\/jpeg"}],"twitter_card":"summary_large_image","twitter_misc":{"Gesch\u00e4tzte Lesezeit":"4\u00a0Minuten"},"schema":{"@context":"https:\/\/schema.org","@graph":[{"@type":"WebPage","@id":"https:\/\/showmotion.it\/de\/produkte\/ausstellungssysteme-fur-hausturen-fenster-innenturen\/flexo-modulares-system\/flexo-stand-alone\/","url":"https:\/\/showmotion.it\/de\/produkte\/ausstellungssysteme-fur-hausturen-fenster-innenturen\/flexo-modulares-system\/flexo-stand-alone\/","name":"Freistehendes Ausstellungssystem \u00bb Modell Flexo | ShowMotion","isPartOf":{"@id":"https:\/\/showmotion.it\/de\/#website"},"primaryImageOfPage":{"@id":"https:\/\/showmotion.it\/de\/produkte\/ausstellungssysteme-fur-hausturen-fenster-innenturen\/flexo-modulares-system\/flexo-stand-alone\/#primaryimage"},"image":{"@id":"https:\/\/showmotion.it\/de\/produkte\/ausstellungssysteme-fur-hausturen-fenster-innenturen\/flexo-modulares-system\/flexo-stand-alone\/#primaryimage"},"thumbnailUrl":"https:\/\/showmotion.it\/wp-content\/uploads\/2019\/09\/ShowMotion_FLEXO_stand-alone_Staender-fuer-Fenster_base-modificata-29.10.jpg","datePublished":"2019-09-26T15:58:11+00:00","dateModified":"2022-12-08T18:44:49+00:00","description":"\u2794 Freistehendes Ausstellungssystem f\u00fcr Fenster oder T\u00fcren \u2794 Rahmenst\u00e4rke 100 mm oder 150 mm | Jetzt Modell Flexo beim Fachmann kaufen !","breadcrumb":{"@id":"https:\/\/showmotion.it\/de\/produkte\/ausstellungssysteme-fur-hausturen-fenster-innenturen\/flexo-modulares-system\/flexo-stand-alone\/#breadcrumb"},"inLanguage":"de","potentialAction":[{"@type":"ReadAction","target":["https:\/\/showmotion.it\/de\/produkte\/ausstellungssysteme-fur-hausturen-fenster-innenturen\/flexo-modulares-system\/flexo-stand-alone\/"]}]},{"@type":"ImageObject","inLanguage":"de","@id":"https:\/\/showmotion.it\/de\/produkte\/ausstellungssysteme-fur-hausturen-fenster-innenturen\/flexo-modulares-system\/flexo-stand-alone\/#primaryimage","url":"https:\/\/showmotion.it\/wp-content\/uploads\/2019\/09\/ShowMotion_FLEXO_stand-alone_Staender-fuer-Fenster_base-modificata-29.10.jpg","contentUrl":"https:\/\/showmotion.it\/wp-content\/uploads\/2019\/09\/ShowMotion_FLEXO_stand-alone_Staender-fuer-Fenster_base-modificata-29.10.jpg","width":960,"height":720,"caption":"Freistehendes Ausstellungssystem f\u00fcr Fenster - FLEXO Stand alone | ShowMotion"},{"@type":"BreadcrumbList","@id":"https:\/\/showmotion.it\/de\/produkte\/ausstellungssysteme-fur-hausturen-fenster-innenturen\/flexo-modulares-system\/flexo-stand-alone\/#breadcrumb","itemListElement":[{"@type":"ListItem","position":1,"name":"Home","item":"https:\/\/showmotion.it\/de\/"},{"@type":"ListItem","position":2,"name":"Shop","item":"https:\/\/showmotion.it\/de\/geschaft\/"},{"@type":"ListItem","position":3,"name":"Freistehendes Ausstellungssystem &#8211; Modell Flexo"}]},{"@type":"WebSite","@id":"https:\/\/showmotion.it\/de\/#website","url":"https:\/\/showmotion.it\/de\/","name":"Showmotion","description":"Ogni showroom un&#039;emozione","publisher":{"@id":"https:\/\/showmotion.it\/de\/#organization"},"potentialAction":[{"@type":"SearchAction","target":{"@type":"EntryPoint","urlTemplate":"https:\/\/showmotion.it\/de\/?s={search_term_string}"},"query-input":{"@type":"PropertyValueSpecification","valueRequired":true,"valueName":"search_term_string"}}],"inLanguage":"de"},{"@type":"Organization","@id":"https:\/\/showmotion.it\/de\/#organization","name":"ShowMotion","url":"https:\/\/showmotion.it\/de\/","logo":{"@type":"ImageObject","inLanguage":"de","@id":"https:\/\/showmotion.it\/de\/#\/schema\/logo\/image\/","url":"https:\/\/showmotion.it\/wp-content\/uploads\/2021\/01\/logo.png","contentUrl":"https:\/\/showmotion.it\/wp-content\/uploads\/2021\/01\/logo.png","width":272,"height":67,"caption":"ShowMotion"},"image":{"@id":"https:\/\/showmotion.it\/de\/#\/schema\/logo\/image\/"},"sameAs":["https:\/\/www.facebook.com\/showmotion.it\/","https:\/\/www.linkedin.com\/company\/showmotion-it\/"]}]}},"_links":{"self":[{"href":"https:\/\/showmotion.it\/de\/wp-json\/wp\/v2\/product\/4228","targetHints":{"allow":["GET"]}}],"collection":[{"href":"https:\/\/showmotion.it\/de\/wp-json\/wp\/v2\/product"}],"about":[{"href":"https:\/\/showmotion.it\/de\/wp-json\/wp\/v2\/types\/product"}],"replies":[{"embeddable":true,"href":"https:\/\/showmotion.it\/de\/wp-json\/wp\/v2\/comments?post=4228"}],"wp:featuredmedia":[{"embeddable":true,"href":"https:\/\/showmotion.it\/de\/wp-json\/wp\/v2\/media\/5178"}],"wp:attachment":[{"href":"https:\/\/showmotion.it\/de\/wp-json\/wp\/v2\/media?parent=4228"}],"wp:term":[{"taxonomy":"product_brand","embeddable":true,"href":"https:\/\/showmotion.it\/de\/wp-json\/wp\/v2\/product_brand?post=4228"},{"taxonomy":"product_cat","embeddable":true,"href":"https:\/\/showmotion.it\/de\/wp-json\/wp\/v2\/product_cat?post=4228"},{"taxonomy":"product_tag","embeddable":true,"href":"https:\/\/showmotion.it\/de\/wp-json\/wp\/v2\/product_tag?post=4228"}],"curies":[{"name":"wp","href":"https:\/\/api.w.org\/{rel}","templated":true}]}}