{"id":4147,"date":"2019-11-14T16:11:06","date_gmt":"2019-11-14T16:11:06","guid":{"rendered":"https:\/\/showmotion.it\/prodotti\/unkategorisiert\/z\/"},"modified":"2022-10-18T13:40:07","modified_gmt":"2022-10-18T13:40:07","slug":"z","status":"publish","type":"product","link":"https:\/\/showmotion.it\/de\/produkte\/ausstellungssysteme-fur-hausturen-fenster-innenturen\/platzsparende-ausstellungssysteme\/z\/","title":{"rendered":"Z"},"content":{"rendered":"<p><img decoding=\"async\" class=\"lazyload icona alignnone wp-image-3713 size-full\" src=\"https:\/\/showmotion.it\/wp-content\/uploads\/2019\/09\/Icona_02_DE-1.jpg\" data-orig-src=\"https:\/\/showmotion.it\/wp-content\/uploads\/2019\/09\/Icona_02_DE-1.jpg\" alt=\"\" width=\"220\" height=\"72\" srcset=\"data:image\/svg+xml,%3Csvg%20xmlns%3D%27http%3A%2F%2Fwww.w3.org%2F2000%2Fsvg%27%20width%3D%27220%27%20height%3D%2772%27%20viewBox%3D%270%200%20220%2072%27%3E%3Crect%20width%3D%27220%27%20height%3D%2772%27%20fill-opacity%3D%220%22%2F%3E%3C%2Fsvg%3E\" data-srcset=\"https:\/\/showmotion.it\/wp-content\/uploads\/2019\/09\/Icona_02_DE-1-200x65.jpg 200w, https:\/\/showmotion.it\/wp-content\/uploads\/2019\/09\/Icona_02_DE-1.jpg 220w\" data-sizes=\"auto\" data-orig-sizes=\"(max-width: 220px) 100vw, 220px\" \/><img decoding=\"async\" class=\"lazyload icona alignnone wp-image-3719 size-full\" src=\"https:\/\/showmotion.it\/wp-content\/uploads\/2019\/09\/Icona_05_DE-1.jpg\" data-orig-src=\"https:\/\/showmotion.it\/wp-content\/uploads\/2019\/09\/Icona_05_DE-1.jpg\" alt=\"\" width=\"220\" height=\"72\" srcset=\"data:image\/svg+xml,%3Csvg%20xmlns%3D%27http%3A%2F%2Fwww.w3.org%2F2000%2Fsvg%27%20width%3D%27220%27%20height%3D%2772%27%20viewBox%3D%270%200%20220%2072%27%3E%3Crect%20width%3D%27220%27%20height%3D%2772%27%20fill-opacity%3D%220%22%2F%3E%3C%2Fsvg%3E\" data-srcset=\"https:\/\/showmotion.it\/wp-content\/uploads\/2019\/09\/Icona_05_DE-1-200x65.jpg 200w, https:\/\/showmotion.it\/wp-content\/uploads\/2019\/09\/Icona_05_DE-1.jpg 220w\" data-sizes=\"auto\" data-orig-sizes=\"(max-width: 220px) 100vw, 220px\" \/><\/p>\n<p>Der selbsttragende Musterst\u00e4nder Modell Z hat 4 oder mehr Schieberahmen, um vier oder mehr Mustert\u00fcren und Musterfenster in Schieberahmen auszustellen.<\/p>\n<p>Schnelle und einfache Montage.<\/p>\n<p>An den Seiten ist es m\u00f6glich, Verkleidungsplatten zu befestigen (optionale Lieferung) oder das Ausstellungssystem kann in einer Nische eingebaut werden.<\/p>\n<p>In zwei Varianten erh\u00e4ltlich:<br \/>\nAusf\u00fchrung f\u00fcr die Pr\u00e4sentation von Innent\u00fcren, Glast\u00fcren, Zimmert\u00fcren Blatt 860&#215;2110 mm.<br \/>\nAusf\u00fchrung um 110&#215;210 cm Haust\u00fcren und Fenster Breite 110 cm (H\u00f6he frei w\u00e4hlbar) auszustellen.<\/p>\n<table style=\"width: 100%; height: 480px;\" border=\"1\" cellpadding=\"5px\">\n<thead>\n<tr style=\"height: 24px;\">\n<th style=\"height: 24px; width: 10%;\"><\/th>\n<th style=\"width: 18.1234%; height: 24px;\"><strong>Lichte Rahmen\u00f6ffnung<\/strong><\/p>\n<p><strong>900 x 2135 x 100 mm<\/strong><\/th>\n<th style=\"width: 18.1234%; height: 24px;\"><strong>Lichte Rahmen\u00f6ffnung<\/strong><\/p>\n<p><strong>1105 x 2105 x 100 mm<\/strong><\/th>\n<\/tr>\n<\/thead>\n<tbody>\n<tr style=\"height: 136px;\">\n<td style=\"height: 136px; width: 10%;\"><span style=\"font-size: 14pt;\"><strong>Z 4<\/strong><\/span><\/td>\n<td style=\"width: 18.1234%; height: 136px;\">4 Innent\u00fcren mit 860\u00d72110 mm Blatt<\/p>\n<p>Au\u00dfenma\u00dfe: 1100 x 1220\/2270 x H.2285 mm<\/p>\n<p>Traglast: 70 Kg<\/td>\n<td style=\"width: 18.1234%; height: 136px;\">4 Haust\u00fcren und\/oder Fenster<\/p>\n<p>Au\u00dfenma\u00dfe: 1160 x 1385\/2600 x H.2255 mm<\/p>\n<p>Traglast: 120 Kg<\/td>\n<\/tr>\n<tr style=\"height: 136px;\">\n<td style=\"height: 136px; width: 10%;\"><span style=\"font-size: 14pt;\"><strong>Z 5<\/strong><\/span><\/td>\n<td style=\"width: 18.1234%; height: 136px;\">5 Innent\u00fcren mit 860\u00d72110 mm Blatt<\/p>\n<p>Au\u00dfenma\u00dfe: 1340 x 1220\/2270 x H.2285 mm<\/p>\n<p>Traglast: 70 Kg<\/td>\n<td style=\"width: 18.1234%; height: 136px;\">5 Haust\u00fcren und\/oder Fenster<\/p>\n<p>Au\u00dfenma\u00dfe: 1420 x 1385\/2600 x H.2255 mm<\/p>\n<p>Traglast: 120 Kg<\/td>\n<\/tr>\n<tr style=\"height: 136px;\">\n<td style=\"height: 136px; width: 10%;\"><span style=\"font-size: 14pt;\"><strong>Z 6<\/strong><\/span><\/td>\n<td style=\"width: 18.1234%; height: 136px;\">6 Innent\u00fcren mit 860\u00d72110 mm Blatt<\/p>\n<p>Au\u00dfenma\u00dfe: 1580 x 1220\/2270 x H.2285 mm<\/p>\n<p>Traglast: 70 Kg<\/td>\n<td style=\"width: 18.1234%; height: 136px;\">6 Haust\u00fcren und\/oder Fenster<\/p>\n<p>Au\u00dfenma\u00dfe: 1680 x 1385\/2600 x H.2255 mm<\/p>\n<p>Traglast: 120 Kg<\/td>\n<\/tr>\n<tr style=\"height: 24px;\">\n<td style=\"height: 24px; width: 10%;\"><span style=\"font-size: 14pt;\"><strong>Z 7<\/strong><\/span><\/td>\n<td style=\"width: 18.1234%; height: 24px;\">7 Innent\u00fcren mit 860\u00d72110 mm Blatt<\/p>\n<p>Au\u00dfenma\u00dfe: 1820 x 1220\/2270 x H.2285 mm<\/p>\n<p>Traglast: 70 Kg<\/td>\n<td style=\"width: 18.1234%; height: 24px;\">7 Haust\u00fcren und\/oder Fenster<\/p>\n<p>Au\u00dfenma\u00dfe: 1940 x 1385\/2600 x H.2255 mm<\/p>\n<p>Traglast: 120 Kg<\/td>\n<\/tr>\n<tr style=\"height: 24px;\">\n<td style=\"height: 24px; width: 10%;\"><span style=\"font-size: 14pt;\"><strong>Z 8<\/strong><\/span><\/td>\n<td style=\"width: 18.1234%; height: 24px;\">8 Innent\u00fcren mit 860\u00d72110 mm Blatt<\/p>\n<p>Au\u00dfenma\u00dfe: 2060 x 1220\/2270 x H.2285 mm<\/p>\n<p>Traglast: 70 Kg<\/td>\n<td style=\"width: 18.1234%; height: 24px;\">8 Haust\u00fcren und\/oder Fenster<\/p>\n<p>Au\u00dfenma\u00dfe: 2200 x 1385\/2600 x H.2255 mm<\/p>\n<p>Traglast: 120 Kg<\/td>\n<\/tr>\n<\/tbody>\n<\/table>\n<h3><\/h3>\n<p>&nbsp;<\/p>\n<h3 style=\"text-align: center;\">RAL-Ton, Gloss und Fl\u00e4che<\/h3>\n<table style=\"width: 100%; border-collapse: collapse;\" border=\"1\" cellpadding=\"5px\">\n<thead>\n<tr>\n<th style=\"width: 10%; text-align: center;\"><strong>\u00a0<\/strong><\/th>\n<th style=\"width: 14.0597%; text-align: center;\"><\/th>\n<th style=\"width: 15.9403%; text-align: center;\"><\/th>\n<th style=\"width: 11.8808%; text-align: center;\"><\/th>\n<th style=\"width: 13.2062%; text-align: center;\"><\/th>\n<th style=\"width: 11.8227%; text-align: center;\"><\/th>\n<th style=\"width: 13.7282%; text-align: center;\"><\/th>\n<\/tr>\n<\/thead>\n<tbody>\n<tr>\n<td style=\"width: 10%; text-align: center;\"><strong>Glatt gl\u00e4nzend<\/strong><\/td>\n<td style=\"width: 14.0597%; text-align: center;\">RAL 9001<\/p>\n<p><img decoding=\"async\" class=\"lazyload alignnone wp-image-1346 size-full\" src=\"data:image\/svg+xml,%3Csvg%20xmlns%3D%27http%3A%2F%2Fwww.w3.org%2F2000%2Fsvg%27%20width%3D%2750%27%20height%3D%2750%27%20viewBox%3D%270%200%2050%2050%27%3E%3Crect%20width%3D%2750%27%20height%3D%2750%27%20fill-opacity%3D%220%22%2F%3E%3C%2Fsvg%3E\" data-orig-src=\"https:\/\/showmotion.it\/wp-content\/uploads\/2019\/08\/RAL9001.jpg\" alt=\"\" width=\"50\" height=\"50\" \/><\/td>\n<td style=\"width: 15.9403%; text-align: center;\">RAL 9003<\/p>\n<p><img loading=\"lazy\" decoding=\"async\" class=\"lazyload alignnone wp-image-1347 size-full\" src=\"data:image\/svg+xml,%3Csvg%20xmlns%3D%27http%3A%2F%2Fwww.w3.org%2F2000%2Fsvg%27%20width%3D%2750%27%20height%3D%2750%27%20viewBox%3D%270%200%2050%2050%27%3E%3Crect%20width%3D%2750%27%20height%3D%2750%27%20fill-opacity%3D%220%22%2F%3E%3C%2Fsvg%3E\" data-orig-src=\"https:\/\/showmotion.it\/wp-content\/uploads\/2019\/08\/RAL9003.jpg\" alt=\"\" width=\"50\" height=\"50\" \/><\/td>\n<td style=\"width: 11.8808%; text-align: center;\">RAL 9006<\/p>\n<p><img loading=\"lazy\" decoding=\"async\" class=\"lazyload alignnone wp-image-1348 size-full\" src=\"data:image\/svg+xml,%3Csvg%20xmlns%3D%27http%3A%2F%2Fwww.w3.org%2F2000%2Fsvg%27%20width%3D%2750%27%20height%3D%2750%27%20viewBox%3D%270%200%2050%2050%27%3E%3Crect%20width%3D%2750%27%20height%3D%2750%27%20fill-opacity%3D%220%22%2F%3E%3C%2Fsvg%3E\" data-orig-src=\"https:\/\/showmotion.it\/wp-content\/uploads\/2019\/08\/RAL9006.jpg\" alt=\"\" width=\"50\" height=\"50\" \/><\/td>\n<td style=\"width: 13.2062%; text-align: center;\">RAL 9007<\/p>\n<p><img loading=\"lazy\" decoding=\"async\" class=\"lazyload alignnone wp-image-1349 size-full\" src=\"data:image\/svg+xml,%3Csvg%20xmlns%3D%27http%3A%2F%2Fwww.w3.org%2F2000%2Fsvg%27%20width%3D%2750%27%20height%3D%2750%27%20viewBox%3D%270%200%2050%2050%27%3E%3Crect%20width%3D%2750%27%20height%3D%2750%27%20fill-opacity%3D%220%22%2F%3E%3C%2Fsvg%3E\" data-orig-src=\"https:\/\/showmotion.it\/wp-content\/uploads\/2019\/08\/RAL9007.jpg\" alt=\"\" width=\"50\" height=\"50\" \/><\/td>\n<td style=\"width: 11.8227%; text-align: center;\">RAL 9010<\/p>\n<p><img loading=\"lazy\" decoding=\"async\" class=\"lazyload alignnone wp-image-1350 size-full\" src=\"data:image\/svg+xml,%3Csvg%20xmlns%3D%27http%3A%2F%2Fwww.w3.org%2F2000%2Fsvg%27%20width%3D%2750%27%20height%3D%2750%27%20viewBox%3D%270%200%2050%2050%27%3E%3Crect%20width%3D%2750%27%20height%3D%2750%27%20fill-opacity%3D%220%22%2F%3E%3C%2Fsvg%3E\" data-orig-src=\"https:\/\/showmotion.it\/wp-content\/uploads\/2019\/08\/RAL9010.jpg\" alt=\"\" width=\"50\" height=\"50\" \/><\/td>\n<td style=\"width: 13.7282%; text-align: center;\"><\/td>\n<\/tr>\n<tr>\n<td style=\"width: 10%; text-align: center;\"><strong>Glatt matt<\/strong><\/td>\n<td style=\"width: 14.0597%; text-align: center;\">RAL 9005<\/p>\n<p><img loading=\"lazy\" decoding=\"async\" class=\"lazyload alignnone wp-image-1351 size-full\" src=\"data:image\/svg+xml,%3Csvg%20xmlns%3D%27http%3A%2F%2Fwww.w3.org%2F2000%2Fsvg%27%20width%3D%2750%27%20height%3D%2750%27%20viewBox%3D%270%200%2050%2050%27%3E%3Crect%20width%3D%2750%27%20height%3D%2750%27%20fill-opacity%3D%220%22%2F%3E%3C%2Fsvg%3E\" data-orig-src=\"https:\/\/showmotion.it\/wp-content\/uploads\/2019\/08\/RAL9005.jpg\" alt=\"\" width=\"50\" height=\"50\" \/><\/td>\n<td style=\"width: 15.9403%; text-align: center;\">RAL 9016<\/p>\n<p><img loading=\"lazy\" decoding=\"async\" class=\"lazyload alignnone wp-image-4909 size-full\" src=\"data:image\/svg+xml,%3Csvg%20xmlns%3D%27http%3A%2F%2Fwww.w3.org%2F2000%2Fsvg%27%20width%3D%2750%27%20height%3D%2750%27%20viewBox%3D%270%200%2050%2050%27%3E%3Crect%20width%3D%2750%27%20height%3D%2750%27%20fill-opacity%3D%220%22%2F%3E%3C%2Fsvg%3E\" data-orig-src=\"https:\/\/showmotion.it\/wp-content\/uploads\/2020\/03\/RAL9016.jpg\" alt=\"\" width=\"50\" height=\"50\" \/><\/td>\n<td style=\"width: 11.8808%; text-align: center;\"><\/td>\n<td style=\"width: 13.2062%; text-align: center;\"><\/td>\n<td style=\"width: 11.8227%; text-align: center;\"><\/td>\n<td style=\"width: 13.7282%; text-align: center;\"><\/td>\n<\/tr>\n<tr>\n<td style=\"width: 10%; text-align: center;\"><strong>Feinstruktur matt<\/strong><\/td>\n<td style=\"width: 14.0597%; text-align: center;\">RAL 7011<\/p>\n<p><img loading=\"lazy\" decoding=\"async\" class=\"lazyload alignnone wp-image-1353 size-full\" src=\"data:image\/svg+xml,%3Csvg%20xmlns%3D%27http%3A%2F%2Fwww.w3.org%2F2000%2Fsvg%27%20width%3D%2750%27%20height%3D%2750%27%20viewBox%3D%270%200%2050%2050%27%3E%3Crect%20width%3D%2750%27%20height%3D%2750%27%20fill-opacity%3D%220%22%2F%3E%3C%2Fsvg%3E\" data-orig-src=\"https:\/\/showmotion.it\/wp-content\/uploads\/2019\/08\/RAL7011.jpg\" alt=\"\" width=\"50\" height=\"50\" \/><\/td>\n<td style=\"width: 15.9403%; text-align: center;\">RAL 7015<\/p>\n<p><img loading=\"lazy\" decoding=\"async\" class=\"lazyload alignnone wp-image-1354 size-full\" src=\"data:image\/svg+xml,%3Csvg%20xmlns%3D%27http%3A%2F%2Fwww.w3.org%2F2000%2Fsvg%27%20width%3D%2750%27%20height%3D%2750%27%20viewBox%3D%270%200%2050%2050%27%3E%3Crect%20width%3D%2750%27%20height%3D%2750%27%20fill-opacity%3D%220%22%2F%3E%3C%2Fsvg%3E\" data-orig-src=\"https:\/\/showmotion.it\/wp-content\/uploads\/2019\/08\/RAL7015.jpg\" alt=\"\" width=\"50\" height=\"50\" \/><\/td>\n<td style=\"width: 11.8808%; text-align: center;\">RAL 7016<\/p>\n<p><img loading=\"lazy\" decoding=\"async\" class=\"lazyload alignnone wp-image-1355 size-full\" src=\"data:image\/svg+xml,%3Csvg%20xmlns%3D%27http%3A%2F%2Fwww.w3.org%2F2000%2Fsvg%27%20width%3D%2750%27%20height%3D%2750%27%20viewBox%3D%270%200%2050%2050%27%3E%3Crect%20width%3D%2750%27%20height%3D%2750%27%20fill-opacity%3D%220%22%2F%3E%3C%2Fsvg%3E\" data-orig-src=\"https:\/\/showmotion.it\/wp-content\/uploads\/2019\/08\/RAL7016.jpg\" alt=\"\" width=\"50\" height=\"50\" \/><\/td>\n<td style=\"width: 13.2062%; text-align: center;\">RAL 7035<\/p>\n<p><img loading=\"lazy\" decoding=\"async\" class=\"lazyload alignnone wp-image-1356 size-full\" src=\"data:image\/svg+xml,%3Csvg%20xmlns%3D%27http%3A%2F%2Fwww.w3.org%2F2000%2Fsvg%27%20width%3D%2750%27%20height%3D%2750%27%20viewBox%3D%270%200%2050%2050%27%3E%3Crect%20width%3D%2750%27%20height%3D%2750%27%20fill-opacity%3D%220%22%2F%3E%3C%2Fsvg%3E\" data-orig-src=\"https:\/\/showmotion.it\/wp-content\/uploads\/2019\/08\/RAL7035.jpg\" alt=\"\" width=\"50\" height=\"50\" \/><\/td>\n<td style=\"width: 11.8227%; text-align: center;\">RAL 7036<\/p>\n<p><img loading=\"lazy\" decoding=\"async\" class=\"lazyload alignnone wp-image-1357 size-full\" src=\"data:image\/svg+xml,%3Csvg%20xmlns%3D%27http%3A%2F%2Fwww.w3.org%2F2000%2Fsvg%27%20width%3D%2750%27%20height%3D%2750%27%20viewBox%3D%270%200%2050%2050%27%3E%3Crect%20width%3D%2750%27%20height%3D%2750%27%20fill-opacity%3D%220%22%2F%3E%3C%2Fsvg%3E\" data-orig-src=\"https:\/\/showmotion.it\/wp-content\/uploads\/2019\/08\/RAL7036.jpg\" alt=\"\" width=\"50\" height=\"50\" \/><\/td>\n<td style=\"width: 13.7282%; text-align: center;\">RAL 9006<\/p>\n<p><img loading=\"lazy\" decoding=\"async\" class=\"lazyload alignnone wp-image-1348 size-full\" src=\"data:image\/svg+xml,%3Csvg%20xmlns%3D%27http%3A%2F%2Fwww.w3.org%2F2000%2Fsvg%27%20width%3D%2750%27%20height%3D%2750%27%20viewBox%3D%270%200%2050%2050%27%3E%3Crect%20width%3D%2750%27%20height%3D%2750%27%20fill-opacity%3D%220%22%2F%3E%3C%2Fsvg%3E\" data-orig-src=\"https:\/\/showmotion.it\/wp-content\/uploads\/2019\/08\/RAL9006.jpg\" alt=\"\" width=\"50\" height=\"50\" \/><\/td>\n<\/tr>\n<\/tbody>\n<\/table>\n<p>&nbsp;<\/p>\n","protected":false},"excerpt":{"rendered":"<p>Der selbsttragende Musterst\u00e4nder Modell Z hat 4 oder mehr Schieberahmen, um vier oder mehr Mustert\u00fcren und Musterfenster in Schieberahmen auszustellen. Schnelle und einfache Montage. An den Seiten ist es m\u00f6glich, Verkleidungsplatten zu befestigen (optionale Lieferung) oder das Ausstellungssystem kann in einer Nische eingebaut werden. In zwei Varianten erh\u00e4ltlich: Ausf\u00fchrung f\u00fcr die Pr\u00e4sentation von Innent\u00fcren, Glast\u00fcren, [&hellip;]<\/p>\n","protected":false},"featured_media":4149,"comment_status":"closed","ping_status":"closed","template":"","meta":[],"product_brand":[],"product_cat":[191,230],"product_tag":[],"class_list":{"0":"post-4147","1":"product","2":"type-product","3":"status-publish","4":"has-post-thumbnail","6":"product_cat-ausstellungssysteme-fur-hausturen-fenster-innenturen","7":"product_cat-platzsparende-ausstellungssysteme","9":"first","10":"instock","11":"shipping-taxable","12":"product-type-simple"},"yoast_head":"<!-- This site is optimized with the Yoast SEO plugin v24.6 - https:\/\/yoast.com\/wordpress\/plugins\/seo\/ -->\n<title>Z - Showmotion<\/title>\n<meta name=\"description\" content=\"Musterst\u00e4nder Modell Z f\u00fcr Haust\u00fcren Fenster und Innent\u00fcren. Bauelemente k\u00f6nnen platzsparend ausgestellt werden. Optimierung der Ausstellung.\" \/>\n<meta name=\"robots\" content=\"index, follow, max-snippet:-1, max-image-preview:large, max-video-preview:-1\" \/>\n<link rel=\"canonical\" href=\"https:\/\/showmotion.it\/de\/produkte\/ausstellungssysteme-fur-hausturen-fenster-innenturen\/platzsparende-ausstellungssysteme\/z\/\" \/>\n<meta property=\"og:locale\" content=\"de_DE\" \/>\n<meta property=\"og:type\" content=\"article\" \/>\n<meta property=\"og:title\" content=\"Z - Showmotion\" \/>\n<meta property=\"og:description\" content=\"Musterst\u00e4nder Modell Z f\u00fcr Haust\u00fcren Fenster und Innent\u00fcren. Bauelemente k\u00f6nnen platzsparend ausgestellt werden. Optimierung der Ausstellung.\" \/>\n<meta property=\"og:url\" content=\"https:\/\/showmotion.it\/de\/produkte\/ausstellungssysteme-fur-hausturen-fenster-innenturen\/platzsparende-ausstellungssysteme\/z\/\" \/>\n<meta property=\"og:site_name\" content=\"Showmotion\" \/>\n<meta property=\"article:publisher\" content=\"https:\/\/www.facebook.com\/showmotion.it\/\" \/>\n<meta property=\"article:modified_time\" content=\"2022-10-18T13:40:07+00:00\" \/>\n<meta property=\"og:image\" content=\"https:\/\/showmotion.it\/wp-content\/uploads\/2019\/11\/ShowMotion_Z5_selbsttragendes-Ausstellungssystem-fuer-Tueren-und-Fenster.jpg\" \/>\n\t<meta property=\"og:image:width\" content=\"960\" \/>\n\t<meta property=\"og:image:height\" content=\"720\" \/>\n\t<meta property=\"og:image:type\" content=\"image\/jpeg\" \/>\n<meta name=\"twitter:card\" content=\"summary_large_image\" \/>\n<meta name=\"twitter:label1\" content=\"Gesch\u00e4tzte Lesezeit\" \/>\n\t<meta name=\"twitter:data1\" content=\"5\u00a0Minuten\" \/>\n<script type=\"application\/ld+json\" class=\"yoast-schema-graph\">{\"@context\":\"https:\/\/schema.org\",\"@graph\":[{\"@type\":\"WebPage\",\"@id\":\"https:\/\/showmotion.it\/de\/produkte\/ausstellungssysteme-fur-hausturen-fenster-innenturen\/platzsparende-ausstellungssysteme\/z\/\",\"url\":\"https:\/\/showmotion.it\/de\/produkte\/ausstellungssysteme-fur-hausturen-fenster-innenturen\/platzsparende-ausstellungssysteme\/z\/\",\"name\":\"Z - Showmotion\",\"isPartOf\":{\"@id\":\"https:\/\/showmotion.it\/de\/#website\"},\"primaryImageOfPage\":{\"@id\":\"https:\/\/showmotion.it\/de\/produkte\/ausstellungssysteme-fur-hausturen-fenster-innenturen\/platzsparende-ausstellungssysteme\/z\/#primaryimage\"},\"image\":{\"@id\":\"https:\/\/showmotion.it\/de\/produkte\/ausstellungssysteme-fur-hausturen-fenster-innenturen\/platzsparende-ausstellungssysteme\/z\/#primaryimage\"},\"thumbnailUrl\":\"https:\/\/showmotion.it\/wp-content\/uploads\/2019\/11\/ShowMotion_Z5_selbsttragendes-Ausstellungssystem-fuer-Tueren-und-Fenster.jpg\",\"datePublished\":\"2019-11-14T16:11:06+00:00\",\"dateModified\":\"2022-10-18T13:40:07+00:00\",\"description\":\"Musterst\u00e4nder Modell Z f\u00fcr Haust\u00fcren Fenster und Innent\u00fcren. Bauelemente k\u00f6nnen platzsparend ausgestellt werden. Optimierung der Ausstellung.\",\"breadcrumb\":{\"@id\":\"https:\/\/showmotion.it\/de\/produkte\/ausstellungssysteme-fur-hausturen-fenster-innenturen\/platzsparende-ausstellungssysteme\/z\/#breadcrumb\"},\"inLanguage\":\"de\",\"potentialAction\":[{\"@type\":\"ReadAction\",\"target\":[\"https:\/\/showmotion.it\/de\/produkte\/ausstellungssysteme-fur-hausturen-fenster-innenturen\/platzsparende-ausstellungssysteme\/z\/\"]}]},{\"@type\":\"ImageObject\",\"inLanguage\":\"de\",\"@id\":\"https:\/\/showmotion.it\/de\/produkte\/ausstellungssysteme-fur-hausturen-fenster-innenturen\/platzsparende-ausstellungssysteme\/z\/#primaryimage\",\"url\":\"https:\/\/showmotion.it\/wp-content\/uploads\/2019\/11\/ShowMotion_Z5_selbsttragendes-Ausstellungssystem-fuer-Tueren-und-Fenster.jpg\",\"contentUrl\":\"https:\/\/showmotion.it\/wp-content\/uploads\/2019\/11\/ShowMotion_Z5_selbsttragendes-Ausstellungssystem-fuer-Tueren-und-Fenster.jpg\",\"width\":960,\"height\":720},{\"@type\":\"BreadcrumbList\",\"@id\":\"https:\/\/showmotion.it\/de\/produkte\/ausstellungssysteme-fur-hausturen-fenster-innenturen\/platzsparende-ausstellungssysteme\/z\/#breadcrumb\",\"itemListElement\":[{\"@type\":\"ListItem\",\"position\":1,\"name\":\"Home\",\"item\":\"https:\/\/showmotion.it\/de\/\"},{\"@type\":\"ListItem\",\"position\":2,\"name\":\"Shop\",\"item\":\"https:\/\/showmotion.it\/de\/geschaft\/\"},{\"@type\":\"ListItem\",\"position\":3,\"name\":\"Z\"}]},{\"@type\":\"WebSite\",\"@id\":\"https:\/\/showmotion.it\/de\/#website\",\"url\":\"https:\/\/showmotion.it\/de\/\",\"name\":\"Showmotion\",\"description\":\"Ogni showroom un&#039;emozione\",\"publisher\":{\"@id\":\"https:\/\/showmotion.it\/de\/#organization\"},\"potentialAction\":[{\"@type\":\"SearchAction\",\"target\":{\"@type\":\"EntryPoint\",\"urlTemplate\":\"https:\/\/showmotion.it\/de\/?s={search_term_string}\"},\"query-input\":{\"@type\":\"PropertyValueSpecification\",\"valueRequired\":true,\"valueName\":\"search_term_string\"}}],\"inLanguage\":\"de\"},{\"@type\":\"Organization\",\"@id\":\"https:\/\/showmotion.it\/de\/#organization\",\"name\":\"ShowMotion\",\"url\":\"https:\/\/showmotion.it\/de\/\",\"logo\":{\"@type\":\"ImageObject\",\"inLanguage\":\"de\",\"@id\":\"https:\/\/showmotion.it\/de\/#\/schema\/logo\/image\/\",\"url\":\"https:\/\/showmotion.it\/wp-content\/uploads\/2021\/01\/logo.png\",\"contentUrl\":\"https:\/\/showmotion.it\/wp-content\/uploads\/2021\/01\/logo.png\",\"width\":272,\"height\":67,\"caption\":\"ShowMotion\"},\"image\":{\"@id\":\"https:\/\/showmotion.it\/de\/#\/schema\/logo\/image\/\"},\"sameAs\":[\"https:\/\/www.facebook.com\/showmotion.it\/\",\"https:\/\/www.linkedin.com\/company\/showmotion-it\/\"]}]}<\/script>\n<!-- \/ Yoast SEO plugin. -->","yoast_head_json":{"title":"Z - Showmotion","description":"Musterst\u00e4nder Modell Z f\u00fcr Haust\u00fcren Fenster und Innent\u00fcren. Bauelemente k\u00f6nnen platzsparend ausgestellt werden. Optimierung der Ausstellung.","robots":{"index":"index","follow":"follow","max-snippet":"max-snippet:-1","max-image-preview":"max-image-preview:large","max-video-preview":"max-video-preview:-1"},"canonical":"https:\/\/showmotion.it\/de\/produkte\/ausstellungssysteme-fur-hausturen-fenster-innenturen\/platzsparende-ausstellungssysteme\/z\/","og_locale":"de_DE","og_type":"article","og_title":"Z - Showmotion","og_description":"Musterst\u00e4nder Modell Z f\u00fcr Haust\u00fcren Fenster und Innent\u00fcren. Bauelemente k\u00f6nnen platzsparend ausgestellt werden. Optimierung der Ausstellung.","og_url":"https:\/\/showmotion.it\/de\/produkte\/ausstellungssysteme-fur-hausturen-fenster-innenturen\/platzsparende-ausstellungssysteme\/z\/","og_site_name":"Showmotion","article_publisher":"https:\/\/www.facebook.com\/showmotion.it\/","article_modified_time":"2022-10-18T13:40:07+00:00","og_image":[{"width":960,"height":720,"url":"https:\/\/showmotion.it\/wp-content\/uploads\/2019\/11\/ShowMotion_Z5_selbsttragendes-Ausstellungssystem-fuer-Tueren-und-Fenster.jpg","type":"image\/jpeg"}],"twitter_card":"summary_large_image","twitter_misc":{"Gesch\u00e4tzte Lesezeit":"5\u00a0Minuten"},"schema":{"@context":"https:\/\/schema.org","@graph":[{"@type":"WebPage","@id":"https:\/\/showmotion.it\/de\/produkte\/ausstellungssysteme-fur-hausturen-fenster-innenturen\/platzsparende-ausstellungssysteme\/z\/","url":"https:\/\/showmotion.it\/de\/produkte\/ausstellungssysteme-fur-hausturen-fenster-innenturen\/platzsparende-ausstellungssysteme\/z\/","name":"Z - Showmotion","isPartOf":{"@id":"https:\/\/showmotion.it\/de\/#website"},"primaryImageOfPage":{"@id":"https:\/\/showmotion.it\/de\/produkte\/ausstellungssysteme-fur-hausturen-fenster-innenturen\/platzsparende-ausstellungssysteme\/z\/#primaryimage"},"image":{"@id":"https:\/\/showmotion.it\/de\/produkte\/ausstellungssysteme-fur-hausturen-fenster-innenturen\/platzsparende-ausstellungssysteme\/z\/#primaryimage"},"thumbnailUrl":"https:\/\/showmotion.it\/wp-content\/uploads\/2019\/11\/ShowMotion_Z5_selbsttragendes-Ausstellungssystem-fuer-Tueren-und-Fenster.jpg","datePublished":"2019-11-14T16:11:06+00:00","dateModified":"2022-10-18T13:40:07+00:00","description":"Musterst\u00e4nder Modell Z f\u00fcr Haust\u00fcren Fenster und Innent\u00fcren. Bauelemente k\u00f6nnen platzsparend ausgestellt werden. Optimierung der Ausstellung.","breadcrumb":{"@id":"https:\/\/showmotion.it\/de\/produkte\/ausstellungssysteme-fur-hausturen-fenster-innenturen\/platzsparende-ausstellungssysteme\/z\/#breadcrumb"},"inLanguage":"de","potentialAction":[{"@type":"ReadAction","target":["https:\/\/showmotion.it\/de\/produkte\/ausstellungssysteme-fur-hausturen-fenster-innenturen\/platzsparende-ausstellungssysteme\/z\/"]}]},{"@type":"ImageObject","inLanguage":"de","@id":"https:\/\/showmotion.it\/de\/produkte\/ausstellungssysteme-fur-hausturen-fenster-innenturen\/platzsparende-ausstellungssysteme\/z\/#primaryimage","url":"https:\/\/showmotion.it\/wp-content\/uploads\/2019\/11\/ShowMotion_Z5_selbsttragendes-Ausstellungssystem-fuer-Tueren-und-Fenster.jpg","contentUrl":"https:\/\/showmotion.it\/wp-content\/uploads\/2019\/11\/ShowMotion_Z5_selbsttragendes-Ausstellungssystem-fuer-Tueren-und-Fenster.jpg","width":960,"height":720},{"@type":"BreadcrumbList","@id":"https:\/\/showmotion.it\/de\/produkte\/ausstellungssysteme-fur-hausturen-fenster-innenturen\/platzsparende-ausstellungssysteme\/z\/#breadcrumb","itemListElement":[{"@type":"ListItem","position":1,"name":"Home","item":"https:\/\/showmotion.it\/de\/"},{"@type":"ListItem","position":2,"name":"Shop","item":"https:\/\/showmotion.it\/de\/geschaft\/"},{"@type":"ListItem","position":3,"name":"Z"}]},{"@type":"WebSite","@id":"https:\/\/showmotion.it\/de\/#website","url":"https:\/\/showmotion.it\/de\/","name":"Showmotion","description":"Ogni showroom un&#039;emozione","publisher":{"@id":"https:\/\/showmotion.it\/de\/#organization"},"potentialAction":[{"@type":"SearchAction","target":{"@type":"EntryPoint","urlTemplate":"https:\/\/showmotion.it\/de\/?s={search_term_string}"},"query-input":{"@type":"PropertyValueSpecification","valueRequired":true,"valueName":"search_term_string"}}],"inLanguage":"de"},{"@type":"Organization","@id":"https:\/\/showmotion.it\/de\/#organization","name":"ShowMotion","url":"https:\/\/showmotion.it\/de\/","logo":{"@type":"ImageObject","inLanguage":"de","@id":"https:\/\/showmotion.it\/de\/#\/schema\/logo\/image\/","url":"https:\/\/showmotion.it\/wp-content\/uploads\/2021\/01\/logo.png","contentUrl":"https:\/\/showmotion.it\/wp-content\/uploads\/2021\/01\/logo.png","width":272,"height":67,"caption":"ShowMotion"},"image":{"@id":"https:\/\/showmotion.it\/de\/#\/schema\/logo\/image\/"},"sameAs":["https:\/\/www.facebook.com\/showmotion.it\/","https:\/\/www.linkedin.com\/company\/showmotion-it\/"]}]}},"_links":{"self":[{"href":"https:\/\/showmotion.it\/de\/wp-json\/wp\/v2\/product\/4147","targetHints":{"allow":["GET"]}}],"collection":[{"href":"https:\/\/showmotion.it\/de\/wp-json\/wp\/v2\/product"}],"about":[{"href":"https:\/\/showmotion.it\/de\/wp-json\/wp\/v2\/types\/product"}],"replies":[{"embeddable":true,"href":"https:\/\/showmotion.it\/de\/wp-json\/wp\/v2\/comments?post=4147"}],"wp:featuredmedia":[{"embeddable":true,"href":"https:\/\/showmotion.it\/de\/wp-json\/wp\/v2\/media\/4149"}],"wp:attachment":[{"href":"https:\/\/showmotion.it\/de\/wp-json\/wp\/v2\/media?parent=4147"}],"wp:term":[{"taxonomy":"product_brand","embeddable":true,"href":"https:\/\/showmotion.it\/de\/wp-json\/wp\/v2\/product_brand?post=4147"},{"taxonomy":"product_cat","embeddable":true,"href":"https:\/\/showmotion.it\/de\/wp-json\/wp\/v2\/product_cat?post=4147"},{"taxonomy":"product_tag","embeddable":true,"href":"https:\/\/showmotion.it\/de\/wp-json\/wp\/v2\/product_tag?post=4147"}],"curies":[{"name":"wp","href":"https:\/\/api.w.org\/{rel}","templated":true}]}}