{"id":3760,"date":"2019-09-24T14:13:33","date_gmt":"2019-09-24T14:13:33","guid":{"rendered":"https:\/\/showmotion.it\/prodotti\/unkategorisiert\/show-frame\/"},"modified":"2021-10-19T15:34:05","modified_gmt":"2021-10-19T15:34:05","slug":"show-frame-rahmen-fuer-fliesen","status":"publish","type":"product","link":"https:\/\/showmotion.it\/de\/produkte\/ausstellungssysteme-fur-fliesen\/show-frame-rahmen-fuer-fliesen\/","title":{"rendered":"Show Frame"},"content":{"rendered":"<p>Bei Show Frame handelt es sich um Rahmen f\u00fcr die Ausstellung von Fliesen. Der modulare Bausatz besteht aus einem Halterungsrahmen und aus einem Abdeckungsrahmen. Dazwischen wird eine Mustertafel mit geklebten Fliesen ausgestellt. Die Mustertafeln k\u00f6nnen mit Fliesen, Mosaik, Gro\u00dfformatfliesen und jeglichen Belagskombinationen bemustert werden.<\/p>\n<p>Gr\u00f6\u00dfter Vorteil ist dabei, dass Kojen schnell, einfach und kosteng\u00fcnstig neu bemustert werden k\u00f6nnen.<\/p>\n<p>Oberfl\u00e4chen: pulverbeschichtet.<\/p>\n<p>F\u00fcr Tafeln mit den folgenden Abmessungen:<\/p>\n<p>122 x 244 cm<br \/>\n1210&#215;1210 cm<br \/>\n150,5 x 200,5 cm<br \/>\n100,5 x 200,5 cm<br \/>\n80,5 x 200,5 cm<br \/>\n60,5 x 180,5 cm<br \/>\n30,5 x 180,5 cm<br \/>\n80,5 x 100,5 cm<br \/>\n60,5 x 90,5 cm<br \/>\n30,5 x 90,5 cm<\/p>\n<p>&nbsp;<\/p>\n<h3 style=\"text-align: center;\">RAL-Ton, Gloss und Fl\u00e4che<\/h3>\n<table style=\"width: 100%; border-collapse: collapse;\" border=\"1\" cellpadding=\"5px\">\n<thead>\n<tr>\n<th style=\"width: 10%; text-align: center;\"><strong>\u00a0<\/strong><\/th>\n<th style=\"width: 14.0597%; text-align: center;\"><\/th>\n<th style=\"width: 15.9403%; text-align: center;\"><\/th>\n<th style=\"width: 11.8808%; text-align: center;\"><\/th>\n<th style=\"width: 13.2062%; text-align: center;\"><\/th>\n<th style=\"width: 11.8227%; text-align: center;\"><\/th>\n<th style=\"width: 13.7282%; text-align: center;\"><\/th>\n<\/tr>\n<\/thead>\n<tbody>\n<tr>\n<td style=\"width: 10%; text-align: center;\"><strong>Glatt gl\u00e4nzend<\/strong><\/td>\n<td style=\"width: 14.0597%; text-align: center;\">RAL 9001<\/p>\n<p><img decoding=\"async\" class=\"lazyload alignnone wp-image-1346 size-full\" src=\"data:image\/svg+xml,%3Csvg%20xmlns%3D%27http%3A%2F%2Fwww.w3.org%2F2000%2Fsvg%27%20width%3D%2750%27%20height%3D%2750%27%20viewBox%3D%270%200%2050%2050%27%3E%3Crect%20width%3D%2750%27%20height%3D%2750%27%20fill-opacity%3D%220%22%2F%3E%3C%2Fsvg%3E\" data-orig-src=\"https:\/\/showmotion.it\/wp-content\/uploads\/2019\/08\/RAL9001.jpg\" alt=\"\" width=\"50\" height=\"50\" \/><\/td>\n<td style=\"width: 15.9403%; text-align: center;\">RAL 9003<\/p>\n<p><img decoding=\"async\" class=\"lazyload alignnone wp-image-1347 size-full\" src=\"data:image\/svg+xml,%3Csvg%20xmlns%3D%27http%3A%2F%2Fwww.w3.org%2F2000%2Fsvg%27%20width%3D%2750%27%20height%3D%2750%27%20viewBox%3D%270%200%2050%2050%27%3E%3Crect%20width%3D%2750%27%20height%3D%2750%27%20fill-opacity%3D%220%22%2F%3E%3C%2Fsvg%3E\" data-orig-src=\"https:\/\/showmotion.it\/wp-content\/uploads\/2019\/08\/RAL9003.jpg\" alt=\"\" width=\"50\" height=\"50\" \/><\/td>\n<td style=\"width: 11.8808%; text-align: center;\">RAL 9006<\/p>\n<p><img decoding=\"async\" class=\"lazyload alignnone wp-image-1348 size-full\" src=\"data:image\/svg+xml,%3Csvg%20xmlns%3D%27http%3A%2F%2Fwww.w3.org%2F2000%2Fsvg%27%20width%3D%2750%27%20height%3D%2750%27%20viewBox%3D%270%200%2050%2050%27%3E%3Crect%20width%3D%2750%27%20height%3D%2750%27%20fill-opacity%3D%220%22%2F%3E%3C%2Fsvg%3E\" data-orig-src=\"https:\/\/showmotion.it\/wp-content\/uploads\/2019\/08\/RAL9006.jpg\" alt=\"\" width=\"50\" height=\"50\" \/><\/td>\n<td style=\"width: 13.2062%; text-align: center;\">RAL 9007<\/p>\n<p><img loading=\"lazy\" decoding=\"async\" class=\"lazyload alignnone wp-image-1349 size-full\" src=\"data:image\/svg+xml,%3Csvg%20xmlns%3D%27http%3A%2F%2Fwww.w3.org%2F2000%2Fsvg%27%20width%3D%2750%27%20height%3D%2750%27%20viewBox%3D%270%200%2050%2050%27%3E%3Crect%20width%3D%2750%27%20height%3D%2750%27%20fill-opacity%3D%220%22%2F%3E%3C%2Fsvg%3E\" data-orig-src=\"https:\/\/showmotion.it\/wp-content\/uploads\/2019\/08\/RAL9007.jpg\" alt=\"\" width=\"50\" height=\"50\" \/><\/td>\n<td style=\"width: 11.8227%; text-align: center;\">RAL 9010<\/p>\n<p><img loading=\"lazy\" decoding=\"async\" class=\"lazyload alignnone wp-image-1350 size-full\" src=\"data:image\/svg+xml,%3Csvg%20xmlns%3D%27http%3A%2F%2Fwww.w3.org%2F2000%2Fsvg%27%20width%3D%2750%27%20height%3D%2750%27%20viewBox%3D%270%200%2050%2050%27%3E%3Crect%20width%3D%2750%27%20height%3D%2750%27%20fill-opacity%3D%220%22%2F%3E%3C%2Fsvg%3E\" data-orig-src=\"https:\/\/showmotion.it\/wp-content\/uploads\/2019\/08\/RAL9010.jpg\" alt=\"\" width=\"50\" height=\"50\" \/><\/td>\n<td style=\"width: 13.7282%; text-align: center;\"><\/td>\n<\/tr>\n<tr>\n<td style=\"width: 10%; text-align: center;\"><strong>Glatt matt<\/strong><\/td>\n<td style=\"width: 14.0597%; text-align: center;\">RAL 9005<\/p>\n<p><img loading=\"lazy\" decoding=\"async\" class=\"lazyload alignnone wp-image-1351 size-full\" src=\"data:image\/svg+xml,%3Csvg%20xmlns%3D%27http%3A%2F%2Fwww.w3.org%2F2000%2Fsvg%27%20width%3D%2750%27%20height%3D%2750%27%20viewBox%3D%270%200%2050%2050%27%3E%3Crect%20width%3D%2750%27%20height%3D%2750%27%20fill-opacity%3D%220%22%2F%3E%3C%2Fsvg%3E\" data-orig-src=\"https:\/\/showmotion.it\/wp-content\/uploads\/2019\/08\/RAL9005.jpg\" alt=\"\" width=\"50\" height=\"50\" \/><\/td>\n<td style=\"width: 15.9403%; text-align: center;\">RAL 9016<\/p>\n<p><img loading=\"lazy\" decoding=\"async\" class=\"lazyload alignnone wp-image-4909 size-full\" src=\"data:image\/svg+xml,%3Csvg%20xmlns%3D%27http%3A%2F%2Fwww.w3.org%2F2000%2Fsvg%27%20width%3D%2750%27%20height%3D%2750%27%20viewBox%3D%270%200%2050%2050%27%3E%3Crect%20width%3D%2750%27%20height%3D%2750%27%20fill-opacity%3D%220%22%2F%3E%3C%2Fsvg%3E\" data-orig-src=\"https:\/\/showmotion.it\/wp-content\/uploads\/2020\/03\/RAL9016.jpg\" alt=\"\" width=\"50\" height=\"50\" \/><\/td>\n<td style=\"width: 11.8808%; text-align: center;\"><\/td>\n<td style=\"width: 13.2062%; text-align: center;\"><\/td>\n<td style=\"width: 11.8227%; text-align: center;\"><\/td>\n<td style=\"width: 13.7282%; text-align: center;\"><\/td>\n<\/tr>\n<tr>\n<td style=\"width: 10%; text-align: center;\"><strong>Feinstruktur matt<\/strong><\/td>\n<td style=\"width: 14.0597%; text-align: center;\">RAL 7011<\/p>\n<p><img loading=\"lazy\" decoding=\"async\" class=\"lazyload alignnone wp-image-1353 size-full\" src=\"data:image\/svg+xml,%3Csvg%20xmlns%3D%27http%3A%2F%2Fwww.w3.org%2F2000%2Fsvg%27%20width%3D%2750%27%20height%3D%2750%27%20viewBox%3D%270%200%2050%2050%27%3E%3Crect%20width%3D%2750%27%20height%3D%2750%27%20fill-opacity%3D%220%22%2F%3E%3C%2Fsvg%3E\" data-orig-src=\"https:\/\/showmotion.it\/wp-content\/uploads\/2019\/08\/RAL7011.jpg\" alt=\"\" width=\"50\" height=\"50\" \/><\/td>\n<td style=\"width: 15.9403%; text-align: center;\">RAL 7015<\/p>\n<p><img loading=\"lazy\" decoding=\"async\" class=\"lazyload alignnone wp-image-1354 size-full\" src=\"data:image\/svg+xml,%3Csvg%20xmlns%3D%27http%3A%2F%2Fwww.w3.org%2F2000%2Fsvg%27%20width%3D%2750%27%20height%3D%2750%27%20viewBox%3D%270%200%2050%2050%27%3E%3Crect%20width%3D%2750%27%20height%3D%2750%27%20fill-opacity%3D%220%22%2F%3E%3C%2Fsvg%3E\" data-orig-src=\"https:\/\/showmotion.it\/wp-content\/uploads\/2019\/08\/RAL7015.jpg\" alt=\"\" width=\"50\" height=\"50\" \/><\/td>\n<td style=\"width: 11.8808%; text-align: center;\">RAL 7016<\/p>\n<p><img loading=\"lazy\" decoding=\"async\" class=\"lazyload alignnone wp-image-1355 size-full\" src=\"data:image\/svg+xml,%3Csvg%20xmlns%3D%27http%3A%2F%2Fwww.w3.org%2F2000%2Fsvg%27%20width%3D%2750%27%20height%3D%2750%27%20viewBox%3D%270%200%2050%2050%27%3E%3Crect%20width%3D%2750%27%20height%3D%2750%27%20fill-opacity%3D%220%22%2F%3E%3C%2Fsvg%3E\" data-orig-src=\"https:\/\/showmotion.it\/wp-content\/uploads\/2019\/08\/RAL7016.jpg\" alt=\"\" width=\"50\" height=\"50\" \/><\/td>\n<td style=\"width: 13.2062%; text-align: center;\">RAL 7035<\/p>\n<p><img loading=\"lazy\" decoding=\"async\" class=\"lazyload alignnone wp-image-1356 size-full\" src=\"data:image\/svg+xml,%3Csvg%20xmlns%3D%27http%3A%2F%2Fwww.w3.org%2F2000%2Fsvg%27%20width%3D%2750%27%20height%3D%2750%27%20viewBox%3D%270%200%2050%2050%27%3E%3Crect%20width%3D%2750%27%20height%3D%2750%27%20fill-opacity%3D%220%22%2F%3E%3C%2Fsvg%3E\" data-orig-src=\"https:\/\/showmotion.it\/wp-content\/uploads\/2019\/08\/RAL7035.jpg\" alt=\"\" width=\"50\" height=\"50\" \/><\/td>\n<td style=\"width: 11.8227%; text-align: center;\">RAL 7036<\/p>\n<p><img loading=\"lazy\" decoding=\"async\" class=\"lazyload alignnone wp-image-1357 size-full\" src=\"data:image\/svg+xml,%3Csvg%20xmlns%3D%27http%3A%2F%2Fwww.w3.org%2F2000%2Fsvg%27%20width%3D%2750%27%20height%3D%2750%27%20viewBox%3D%270%200%2050%2050%27%3E%3Crect%20width%3D%2750%27%20height%3D%2750%27%20fill-opacity%3D%220%22%2F%3E%3C%2Fsvg%3E\" data-orig-src=\"https:\/\/showmotion.it\/wp-content\/uploads\/2019\/08\/RAL7036.jpg\" alt=\"\" width=\"50\" height=\"50\" \/><\/td>\n<td style=\"width: 13.7282%; text-align: center;\">RAL 9006<\/p>\n<p><img decoding=\"async\" class=\"lazyload alignnone wp-image-1348 size-full\" src=\"data:image\/svg+xml,%3Csvg%20xmlns%3D%27http%3A%2F%2Fwww.w3.org%2F2000%2Fsvg%27%20width%3D%2750%27%20height%3D%2750%27%20viewBox%3D%270%200%2050%2050%27%3E%3Crect%20width%3D%2750%27%20height%3D%2750%27%20fill-opacity%3D%220%22%2F%3E%3C%2Fsvg%3E\" data-orig-src=\"https:\/\/showmotion.it\/wp-content\/uploads\/2019\/08\/RAL9006.jpg\" alt=\"\" width=\"50\" height=\"50\" \/><\/td>\n<\/tr>\n<\/tbody>\n<\/table>\n<p>&nbsp;<\/p>\n","protected":false},"excerpt":{"rendered":"<p>Bei Show Frame handelt es sich um Rahmen f\u00fcr die Ausstellung von Fliesen. Der modulare Bausatz besteht aus einem Halterungsrahmen und aus einem Abdeckungsrahmen. Dazwischen wird eine Mustertafel mit geklebten Fliesen ausgestellt. Die Mustertafeln k\u00f6nnen mit Fliesen, Mosaik, Gro\u00dfformatfliesen und jeglichen Belagskombinationen bemustert werden. Gr\u00f6\u00dfter Vorteil ist dabei, dass Kojen schnell, einfach und kosteng\u00fcnstig neu [&hellip;]<\/p>\n","protected":false},"featured_media":3761,"comment_status":"closed","ping_status":"closed","template":"","meta":[],"product_brand":[],"product_cat":[186],"product_tag":[],"class_list":{"0":"post-3760","1":"product","2":"type-product","3":"status-publish","4":"has-post-thumbnail","6":"product_cat-ausstellungssysteme-fur-fliesen","8":"first","9":"instock","10":"shipping-taxable","11":"product-type-simple"},"yoast_head":"<!-- This site is optimized with the Yoast SEO plugin v24.6 - https:\/\/yoast.com\/wordpress\/plugins\/seo\/ -->\n<title>Show Frame \u00bb Rahmen f\u00fcr Ausstellung von Fliesen | ShowMotion<\/title>\n<meta name=\"description\" content=\"\u2794 Rahmen zum Pr\u00e4sentieren von Fliesen &amp; Mustertafeln \u2714 Viele Kombinationen verschiedener Fliesenformate | Ihre Ausstellung optimieren!\" \/>\n<meta name=\"robots\" content=\"index, follow, max-snippet:-1, max-image-preview:large, max-video-preview:-1\" \/>\n<link rel=\"canonical\" href=\"https:\/\/showmotion.it\/de\/produkte\/ausstellungssysteme-fur-fliesen\/show-frame-rahmen-fuer-fliesen\/\" \/>\n<meta property=\"og:locale\" content=\"de_DE\" \/>\n<meta property=\"og:type\" content=\"article\" \/>\n<meta property=\"og:title\" content=\"Show Frame \u00bb Rahmen f\u00fcr Ausstellung von Fliesen | ShowMotion\" \/>\n<meta property=\"og:description\" content=\"\u2794 Rahmen zum Pr\u00e4sentieren von Fliesen &amp; Mustertafeln \u2714 Viele Kombinationen verschiedener Fliesenformate | Ihre Ausstellung optimieren!\" \/>\n<meta property=\"og:url\" content=\"https:\/\/showmotion.it\/de\/produkte\/ausstellungssysteme-fur-fliesen\/show-frame-rahmen-fuer-fliesen\/\" \/>\n<meta property=\"og:site_name\" content=\"Showmotion\" \/>\n<meta property=\"article:publisher\" content=\"https:\/\/www.facebook.com\/showmotion.it\/\" \/>\n<meta property=\"article:modified_time\" content=\"2021-10-19T15:34:05+00:00\" \/>\n<meta property=\"og:image\" content=\"https:\/\/showmotion.it\/wp-content\/uploads\/2019\/09\/ShowMotion_SHOW-FRAME_sistema-modulare.jpg\" \/>\n\t<meta property=\"og:image:width\" content=\"960\" \/>\n\t<meta property=\"og:image:height\" content=\"720\" \/>\n\t<meta property=\"og:image:type\" content=\"image\/jpeg\" \/>\n<meta name=\"twitter:card\" content=\"summary_large_image\" \/>\n<meta name=\"twitter:label1\" content=\"Gesch\u00e4tzte Lesezeit\" \/>\n\t<meta name=\"twitter:data1\" content=\"4\u00a0Minuten\" \/>\n<script type=\"application\/ld+json\" class=\"yoast-schema-graph\">{\"@context\":\"https:\/\/schema.org\",\"@graph\":[{\"@type\":\"WebPage\",\"@id\":\"https:\/\/showmotion.it\/de\/produkte\/ausstellungssysteme-fur-fliesen\/show-frame-rahmen-fuer-fliesen\/\",\"url\":\"https:\/\/showmotion.it\/de\/produkte\/ausstellungssysteme-fur-fliesen\/show-frame-rahmen-fuer-fliesen\/\",\"name\":\"Show Frame \u00bb Rahmen f\u00fcr Ausstellung von Fliesen | ShowMotion\",\"isPartOf\":{\"@id\":\"https:\/\/showmotion.it\/de\/#website\"},\"primaryImageOfPage\":{\"@id\":\"https:\/\/showmotion.it\/de\/produkte\/ausstellungssysteme-fur-fliesen\/show-frame-rahmen-fuer-fliesen\/#primaryimage\"},\"image\":{\"@id\":\"https:\/\/showmotion.it\/de\/produkte\/ausstellungssysteme-fur-fliesen\/show-frame-rahmen-fuer-fliesen\/#primaryimage\"},\"thumbnailUrl\":\"https:\/\/showmotion.it\/wp-content\/uploads\/2019\/09\/ShowMotion_SHOW-FRAME_sistema-modulare.jpg\",\"datePublished\":\"2019-09-24T14:13:33+00:00\",\"dateModified\":\"2021-10-19T15:34:05+00:00\",\"description\":\"\u2794 Rahmen zum Pr\u00e4sentieren von Fliesen & Mustertafeln \u2714 Viele Kombinationen verschiedener Fliesenformate | Ihre Ausstellung optimieren!\",\"breadcrumb\":{\"@id\":\"https:\/\/showmotion.it\/de\/produkte\/ausstellungssysteme-fur-fliesen\/show-frame-rahmen-fuer-fliesen\/#breadcrumb\"},\"inLanguage\":\"de\",\"potentialAction\":[{\"@type\":\"ReadAction\",\"target\":[\"https:\/\/showmotion.it\/de\/produkte\/ausstellungssysteme-fur-fliesen\/show-frame-rahmen-fuer-fliesen\/\"]}]},{\"@type\":\"ImageObject\",\"inLanguage\":\"de\",\"@id\":\"https:\/\/showmotion.it\/de\/produkte\/ausstellungssysteme-fur-fliesen\/show-frame-rahmen-fuer-fliesen\/#primaryimage\",\"url\":\"https:\/\/showmotion.it\/wp-content\/uploads\/2019\/09\/ShowMotion_SHOW-FRAME_sistema-modulare.jpg\",\"contentUrl\":\"https:\/\/showmotion.it\/wp-content\/uploads\/2019\/09\/ShowMotion_SHOW-FRAME_sistema-modulare.jpg\",\"width\":960,\"height\":720,\"caption\":\"Pr\u00e4sentationm\u00f6bel Fliesen - Modell Rotation - Showmotion\"},{\"@type\":\"BreadcrumbList\",\"@id\":\"https:\/\/showmotion.it\/de\/produkte\/ausstellungssysteme-fur-fliesen\/show-frame-rahmen-fuer-fliesen\/#breadcrumb\",\"itemListElement\":[{\"@type\":\"ListItem\",\"position\":1,\"name\":\"Home\",\"item\":\"https:\/\/showmotion.it\/de\/\"},{\"@type\":\"ListItem\",\"position\":2,\"name\":\"Shop\",\"item\":\"https:\/\/showmotion.it\/de\/geschaft\/\"},{\"@type\":\"ListItem\",\"position\":3,\"name\":\"Show Frame\"}]},{\"@type\":\"WebSite\",\"@id\":\"https:\/\/showmotion.it\/de\/#website\",\"url\":\"https:\/\/showmotion.it\/de\/\",\"name\":\"Showmotion\",\"description\":\"Ogni showroom un&#039;emozione\",\"publisher\":{\"@id\":\"https:\/\/showmotion.it\/de\/#organization\"},\"potentialAction\":[{\"@type\":\"SearchAction\",\"target\":{\"@type\":\"EntryPoint\",\"urlTemplate\":\"https:\/\/showmotion.it\/de\/?s={search_term_string}\"},\"query-input\":{\"@type\":\"PropertyValueSpecification\",\"valueRequired\":true,\"valueName\":\"search_term_string\"}}],\"inLanguage\":\"de\"},{\"@type\":\"Organization\",\"@id\":\"https:\/\/showmotion.it\/de\/#organization\",\"name\":\"ShowMotion\",\"url\":\"https:\/\/showmotion.it\/de\/\",\"logo\":{\"@type\":\"ImageObject\",\"inLanguage\":\"de\",\"@id\":\"https:\/\/showmotion.it\/de\/#\/schema\/logo\/image\/\",\"url\":\"https:\/\/showmotion.it\/wp-content\/uploads\/2021\/01\/logo.png\",\"contentUrl\":\"https:\/\/showmotion.it\/wp-content\/uploads\/2021\/01\/logo.png\",\"width\":272,\"height\":67,\"caption\":\"ShowMotion\"},\"image\":{\"@id\":\"https:\/\/showmotion.it\/de\/#\/schema\/logo\/image\/\"},\"sameAs\":[\"https:\/\/www.facebook.com\/showmotion.it\/\",\"https:\/\/www.linkedin.com\/company\/showmotion-it\/\"]}]}<\/script>\n<!-- \/ Yoast SEO plugin. -->","yoast_head_json":{"title":"Show Frame \u00bb Rahmen f\u00fcr Ausstellung von Fliesen | ShowMotion","description":"\u2794 Rahmen zum Pr\u00e4sentieren von Fliesen & Mustertafeln \u2714 Viele Kombinationen verschiedener Fliesenformate | Ihre Ausstellung optimieren!","robots":{"index":"index","follow":"follow","max-snippet":"max-snippet:-1","max-image-preview":"max-image-preview:large","max-video-preview":"max-video-preview:-1"},"canonical":"https:\/\/showmotion.it\/de\/produkte\/ausstellungssysteme-fur-fliesen\/show-frame-rahmen-fuer-fliesen\/","og_locale":"de_DE","og_type":"article","og_title":"Show Frame \u00bb Rahmen f\u00fcr Ausstellung von Fliesen | ShowMotion","og_description":"\u2794 Rahmen zum Pr\u00e4sentieren von Fliesen & Mustertafeln \u2714 Viele Kombinationen verschiedener Fliesenformate | Ihre Ausstellung optimieren!","og_url":"https:\/\/showmotion.it\/de\/produkte\/ausstellungssysteme-fur-fliesen\/show-frame-rahmen-fuer-fliesen\/","og_site_name":"Showmotion","article_publisher":"https:\/\/www.facebook.com\/showmotion.it\/","article_modified_time":"2021-10-19T15:34:05+00:00","og_image":[{"width":960,"height":720,"url":"https:\/\/showmotion.it\/wp-content\/uploads\/2019\/09\/ShowMotion_SHOW-FRAME_sistema-modulare.jpg","type":"image\/jpeg"}],"twitter_card":"summary_large_image","twitter_misc":{"Gesch\u00e4tzte Lesezeit":"4\u00a0Minuten"},"schema":{"@context":"https:\/\/schema.org","@graph":[{"@type":"WebPage","@id":"https:\/\/showmotion.it\/de\/produkte\/ausstellungssysteme-fur-fliesen\/show-frame-rahmen-fuer-fliesen\/","url":"https:\/\/showmotion.it\/de\/produkte\/ausstellungssysteme-fur-fliesen\/show-frame-rahmen-fuer-fliesen\/","name":"Show Frame \u00bb Rahmen f\u00fcr Ausstellung von Fliesen | ShowMotion","isPartOf":{"@id":"https:\/\/showmotion.it\/de\/#website"},"primaryImageOfPage":{"@id":"https:\/\/showmotion.it\/de\/produkte\/ausstellungssysteme-fur-fliesen\/show-frame-rahmen-fuer-fliesen\/#primaryimage"},"image":{"@id":"https:\/\/showmotion.it\/de\/produkte\/ausstellungssysteme-fur-fliesen\/show-frame-rahmen-fuer-fliesen\/#primaryimage"},"thumbnailUrl":"https:\/\/showmotion.it\/wp-content\/uploads\/2019\/09\/ShowMotion_SHOW-FRAME_sistema-modulare.jpg","datePublished":"2019-09-24T14:13:33+00:00","dateModified":"2021-10-19T15:34:05+00:00","description":"\u2794 Rahmen zum Pr\u00e4sentieren von Fliesen & Mustertafeln \u2714 Viele Kombinationen verschiedener Fliesenformate | Ihre Ausstellung optimieren!","breadcrumb":{"@id":"https:\/\/showmotion.it\/de\/produkte\/ausstellungssysteme-fur-fliesen\/show-frame-rahmen-fuer-fliesen\/#breadcrumb"},"inLanguage":"de","potentialAction":[{"@type":"ReadAction","target":["https:\/\/showmotion.it\/de\/produkte\/ausstellungssysteme-fur-fliesen\/show-frame-rahmen-fuer-fliesen\/"]}]},{"@type":"ImageObject","inLanguage":"de","@id":"https:\/\/showmotion.it\/de\/produkte\/ausstellungssysteme-fur-fliesen\/show-frame-rahmen-fuer-fliesen\/#primaryimage","url":"https:\/\/showmotion.it\/wp-content\/uploads\/2019\/09\/ShowMotion_SHOW-FRAME_sistema-modulare.jpg","contentUrl":"https:\/\/showmotion.it\/wp-content\/uploads\/2019\/09\/ShowMotion_SHOW-FRAME_sistema-modulare.jpg","width":960,"height":720,"caption":"Pr\u00e4sentationm\u00f6bel Fliesen - Modell Rotation - Showmotion"},{"@type":"BreadcrumbList","@id":"https:\/\/showmotion.it\/de\/produkte\/ausstellungssysteme-fur-fliesen\/show-frame-rahmen-fuer-fliesen\/#breadcrumb","itemListElement":[{"@type":"ListItem","position":1,"name":"Home","item":"https:\/\/showmotion.it\/de\/"},{"@type":"ListItem","position":2,"name":"Shop","item":"https:\/\/showmotion.it\/de\/geschaft\/"},{"@type":"ListItem","position":3,"name":"Show Frame"}]},{"@type":"WebSite","@id":"https:\/\/showmotion.it\/de\/#website","url":"https:\/\/showmotion.it\/de\/","name":"Showmotion","description":"Ogni showroom un&#039;emozione","publisher":{"@id":"https:\/\/showmotion.it\/de\/#organization"},"potentialAction":[{"@type":"SearchAction","target":{"@type":"EntryPoint","urlTemplate":"https:\/\/showmotion.it\/de\/?s={search_term_string}"},"query-input":{"@type":"PropertyValueSpecification","valueRequired":true,"valueName":"search_term_string"}}],"inLanguage":"de"},{"@type":"Organization","@id":"https:\/\/showmotion.it\/de\/#organization","name":"ShowMotion","url":"https:\/\/showmotion.it\/de\/","logo":{"@type":"ImageObject","inLanguage":"de","@id":"https:\/\/showmotion.it\/de\/#\/schema\/logo\/image\/","url":"https:\/\/showmotion.it\/wp-content\/uploads\/2021\/01\/logo.png","contentUrl":"https:\/\/showmotion.it\/wp-content\/uploads\/2021\/01\/logo.png","width":272,"height":67,"caption":"ShowMotion"},"image":{"@id":"https:\/\/showmotion.it\/de\/#\/schema\/logo\/image\/"},"sameAs":["https:\/\/www.facebook.com\/showmotion.it\/","https:\/\/www.linkedin.com\/company\/showmotion-it\/"]}]}},"_links":{"self":[{"href":"https:\/\/showmotion.it\/de\/wp-json\/wp\/v2\/product\/3760","targetHints":{"allow":["GET"]}}],"collection":[{"href":"https:\/\/showmotion.it\/de\/wp-json\/wp\/v2\/product"}],"about":[{"href":"https:\/\/showmotion.it\/de\/wp-json\/wp\/v2\/types\/product"}],"replies":[{"embeddable":true,"href":"https:\/\/showmotion.it\/de\/wp-json\/wp\/v2\/comments?post=3760"}],"wp:featuredmedia":[{"embeddable":true,"href":"https:\/\/showmotion.it\/de\/wp-json\/wp\/v2\/media\/3761"}],"wp:attachment":[{"href":"https:\/\/showmotion.it\/de\/wp-json\/wp\/v2\/media?parent=3760"}],"wp:term":[{"taxonomy":"product_brand","embeddable":true,"href":"https:\/\/showmotion.it\/de\/wp-json\/wp\/v2\/product_brand?post=3760"},{"taxonomy":"product_cat","embeddable":true,"href":"https:\/\/showmotion.it\/de\/wp-json\/wp\/v2\/product_cat?post=3760"},{"taxonomy":"product_tag","embeddable":true,"href":"https:\/\/showmotion.it\/de\/wp-json\/wp\/v2\/product_tag?post=3760"}],"curies":[{"name":"wp","href":"https:\/\/api.w.org\/{rel}","templated":true}]}}