{"id":3282,"date":"2019-12-11T15:15:41","date_gmt":"2019-12-11T15:15:41","guid":{"rendered":"https:\/\/showmotion.it\/testimonials\/"},"modified":"2020-04-02T09:43:14","modified_gmt":"2020-04-02T09:43:14","slug":"kunden-uber-showmotion","status":"publish","type":"page","link":"https:\/\/showmotion.it\/de\/kunden-uber-showmotion\/","title":{"rendered":"Testimonials"},"content":{"rendered":"<p><div class=\"fusion-bg-parallax\" data-bg-align=\"center center\" data-direction=\"up\" data-mute=\"false\" data-opacity=\"100\" data-velocity=\"-0.3\" data-mobile-enabled=\"true\" data-break_parents=\"0\" data-bg-image=\"https:\/\/showmotion.it\/wp-content\/uploads\/2019\/02\/Gautschi_slider_ausstellung_01_1200x600.jpg\" data-bg-repeat=\"false\" ><\/div><div class=\"fusion-fullwidth fullwidth-box fusion-builder-row-1 fusion-parallax-up nonhundred-percent-fullwidth non-hundred-percent-height-scrolling lazyload\" style=\"--awb-border-radius-top-left:0px;--awb-border-radius-top-right:0px;--awb-border-radius-bottom-right:0px;--awb-border-radius-bottom-left:0px;--awb-padding-top:130px;--awb-padding-bottom:120px;--awb-background-size:cover;--awb-flex-wrap:wrap;\" data-bg=\"https:\/\/showmotion.it\/wp-content\/uploads\/2019\/02\/Gautschi_slider_ausstellung_01_1200x600.jpg\" ><div class=\"fusion-builder-row fusion-row\"><div class=\"fusion-layout-column fusion_builder_column fusion-builder-column-0 fusion_builder_column_1_1 1_1 fusion-one-full fusion-column-first fusion-column-last\" style=\"--awb-bg-size:cover;\"><div class=\"fusion-column-wrapper fusion-flex-column-wrapper-legacy\"><div class=\"fusion-sep-clear\"><\/div><div class=\"fusion-separator fusion-full-width-sep\" style=\"margin-left: auto;margin-right: auto;margin-top:30px;margin-bottom:0px;width:100%;\"><\/div><div class=\"fusion-sep-clear\"><\/div><div class=\"fusion-title title fusion-title-1 fusion-sep-none fusion-title-text fusion-title-size-one shadow-black\"><h1 class=\"fusion-title-heading title-heading-left fusion-responsive-typography-calculated\" style=\"margin:0;--fontSize:60;line-height:1.33;\"><p style=\"text-align: left;\">Kunden \u00fcber ShowMotion<\/p><\/h1><\/div><div class=\"fusion-clearfix\"><\/div><\/div><\/div><\/div><\/div><div class=\"fusion-fullwidth fullwidth-box fusion-builder-row-2 nonhundred-percent-fullwidth non-hundred-percent-height-scrolling\" style=\"--awb-border-radius-top-left:0px;--awb-border-radius-top-right:0px;--awb-border-radius-bottom-right:0px;--awb-border-radius-bottom-left:0px;--awb-margin-top:60px;--awb-flex-wrap:wrap;\" ><div class=\"fusion-builder-row fusion-row\"><div class=\"fusion-layout-column fusion_builder_column fusion-builder-column-1 fusion_builder_column_1_1 1_1 fusion-one-full fusion-column-first fusion-column-last\" style=\"--awb-bg-size:cover;\"><div class=\"fusion-column-wrapper fusion-flex-column-wrapper-legacy\"><div class=\"fusion-blog-shortcode fusion-blog-shortcode-1 fusion-blog-archive fusion-blog-layout-grid-wrapper fusion-blog-no\"><style type=\"text\/css\">.fusion-blog-shortcode-1 .fusion-blog-layout-grid .fusion-post-grid{padding:25px;}.fusion-blog-shortcode-1 .fusion-posts-container{margin-left: -25px !important; margin-right:-25px !important;}<\/style><div class=\"fusion-posts-container fusion-posts-container-no fusion-blog-rollover fusion-blog-layout-grid fusion-blog-layout-grid-3 isotope fusion-blog-equal-heights\" data-pages=\"0\" data-grid-col-space=\"50\" style=\"margin: -25px -25px 0;min-height:500px;\"><article id=\"blog-1-post-4337\" class=\"fusion-post-grid post-4337 post type-post status-publish format-standard has-post-thumbnail hentry category-testimonials tag-andere-sektoren\">\n<div class=\"fusion-post-wrapper\" style=\"background-color:rgba(255,255,255,0);border:1px solid #ebeaea;border-bottom-width:3px;\">\n\n\t\t\t<div class=\"fusion-flexslider flexslider fusion-flexslider-loading fusion-post-slideshow\" style=\"border-color:#ebeaea;\">\n\t\t<ul class=\"slides\">\n\t\t\t\n\t\t\t\t\t\t\t\t\t\t\t\t\t\t<li><div  class=\"fusion-image-wrapper\" aria-haspopup=\"true\">\n\t\t\t\t<img fetchpriority=\"high\" decoding=\"async\" width=\"1822\" height=\"1280\" src=\"https:\/\/showmotion.it\/wp-content\/uploads\/2020\/03\/Copertina-Alois_Geiger_So\u0308hne.jpg\" class=\"attachment-full size-full lazyload wp-post-image\" alt=\"\" srcset=\"data:image\/svg+xml,%3Csvg%20xmlns%3D%27http%3A%2F%2Fwww.w3.org%2F2000%2Fsvg%27%20width%3D%271822%27%20height%3D%271280%27%20viewBox%3D%270%200%201822%201280%27%3E%3Crect%20width%3D%271822%27%20height%3D%271280%27%20fill-opacity%3D%220%22%2F%3E%3C%2Fsvg%3E\" data-orig-src=\"https:\/\/showmotion.it\/wp-content\/uploads\/2020\/03\/Copertina-Alois_Geiger_So\u0308hne.jpg\" data-srcset=\"https:\/\/showmotion.it\/wp-content\/uploads\/2020\/03\/Copertina-Alois_Geiger_So\u0308hne-200x141.jpg 200w, https:\/\/showmotion.it\/wp-content\/uploads\/2020\/03\/Copertina-Alois_Geiger_So\u0308hne-400x281.jpg 400w, https:\/\/showmotion.it\/wp-content\/uploads\/2020\/03\/Copertina-Alois_Geiger_So\u0308hne-600x422.jpg 600w, https:\/\/showmotion.it\/wp-content\/uploads\/2020\/03\/Copertina-Alois_Geiger_So\u0308hne-800x562.jpg 800w, https:\/\/showmotion.it\/wp-content\/uploads\/2020\/03\/Copertina-Alois_Geiger_So\u0308hne-1200x843.jpg 1200w, https:\/\/showmotion.it\/wp-content\/uploads\/2020\/03\/Copertina-Alois_Geiger_So\u0308hne.jpg 1822w\" data-sizes=\"auto\" \/><div class=\"fusion-rollover\">\n\t<div class=\"fusion-rollover-content\">\n\n\t\t\t\t\t\t\t\t\t\t\t\t\t\t<a class=\"fusion-rollover-link\" href=\"https:\/\/showmotion.it\/de\/alois-geiger-sohne\/\">Alois Geiger S\u00f6hne<\/a>\n\t\t\t\n\t\t\t\t\t\t\t\t\n\t\t\n\t\t\t\t\t\t\t\t\t\t\t\t<h4 class=\"fusion-rollover-title\">\n\t\t\t\t\t<a class=\"fusion-rollover-title-link\" href=\"https:\/\/showmotion.it\/de\/alois-geiger-sohne\/\">\n\t\t\t\t\t\tAlois Geiger S\u00f6hne\t\t\t\t\t<\/a>\n\t\t\t\t<\/h4>\n\t\t\t\n\t\t\t\t\t\t\t\t\n\t\t\n\t\t\t\t\t\t<a class=\"fusion-link-wrapper\" href=\"https:\/\/showmotion.it\/de\/alois-geiger-sohne\/\" aria-label=\"Alois Geiger S\u00f6hne\"><\/a>\n\t<\/div>\n<\/div>\n<\/div>\n<\/li>\n\t\t\t\n\t\t\t\n\t\t\t\t\t\t\t\t\t\t\t\t\t\t\t\t\t\t\t\t\t\t\t\t\t\t\t\t\t\t\t\t\t\t\t\t\t\t\t\t\t\t\t\t\t\t\t\t\t\t\t\t\t\t\t\t\t\t\t\t\t\t\t\t\t\t\t\t<\/ul>\n\t<\/div>\n\t<div class=\"fusion-post-content-wrapper\" style=\"padding:30px 25px 20px 25px;\"><div class=\"fusion-post-content post-content\"><h2 class=\"blog-shortcode-post-title entry-title\"><a href=\"https:\/\/showmotion.it\/de\/alois-geiger-sohne\/\">Alois Geiger S\u00f6hne<\/a><\/h2><div class=\"fusion-content-sep sep-double sep-solid\"><\/div><div class=\"fusion-post-content-container\"><p>Martin Geiger, Gesch\u00e4ftsf\u00fchrer. Alois Geiger S\u00f6hne GmbH, D-63741 Aschaffenburg    <\/p>\n<p>Wir haben mit ShowMotion unsere Ausstellungsr\u00e4ume neu gestaltet. Bei allen Ausstellungssystemen, die [\u2026]<\/p>\n<\/div><\/div><div class=\"fusion-meta-info\"><div class=\"fusion-alignleft\"><a class=\"fusion-read-more\" href=\"https:\/\/showmotion.it\/de\/alois-geiger-sohne\/\" aria-label=\"More on Alois Geiger S\u00f6hne\">Weiterlesen<\/a><\/div><\/div><\/div><div class=\"fusion-clearfix\"><\/div><\/div>\n<\/article>\n<article id=\"blog-1-post-4347\" class=\"fusion-post-grid post-4347 post type-post status-publish format-standard has-post-thumbnail hentry category-testimonials tag-andere-sektoren\">\n<div class=\"fusion-post-wrapper\" style=\"background-color:rgba(255,255,255,0);border:1px solid #ebeaea;border-bottom-width:3px;\">\n\n\t\t\t<div class=\"fusion-flexslider flexslider fusion-flexslider-loading fusion-post-slideshow\" style=\"border-color:#ebeaea;\">\n\t\t<ul class=\"slides\">\n\t\t\t\n\t\t\t\t\t\t\t\t\t\t\t\t\t\t<li><div  class=\"fusion-image-wrapper\" aria-haspopup=\"true\">\n\t\t\t\t<img decoding=\"async\" width=\"1822\" height=\"1280\" src=\"https:\/\/showmotion.it\/wp-content\/uploads\/2020\/02\/Copertina-Cambielli-Edilfriuli.jpg\" class=\"attachment-full size-full lazyload wp-post-image\" alt=\"\" srcset=\"data:image\/svg+xml,%3Csvg%20xmlns%3D%27http%3A%2F%2Fwww.w3.org%2F2000%2Fsvg%27%20width%3D%271822%27%20height%3D%271280%27%20viewBox%3D%270%200%201822%201280%27%3E%3Crect%20width%3D%271822%27%20height%3D%271280%27%20fill-opacity%3D%220%22%2F%3E%3C%2Fsvg%3E\" data-orig-src=\"https:\/\/showmotion.it\/wp-content\/uploads\/2020\/02\/Copertina-Cambielli-Edilfriuli.jpg\" data-srcset=\"https:\/\/showmotion.it\/wp-content\/uploads\/2020\/02\/Copertina-Cambielli-Edilfriuli-200x141.jpg 200w, https:\/\/showmotion.it\/wp-content\/uploads\/2020\/02\/Copertina-Cambielli-Edilfriuli-400x281.jpg 400w, https:\/\/showmotion.it\/wp-content\/uploads\/2020\/02\/Copertina-Cambielli-Edilfriuli-600x422.jpg 600w, https:\/\/showmotion.it\/wp-content\/uploads\/2020\/02\/Copertina-Cambielli-Edilfriuli-800x562.jpg 800w, https:\/\/showmotion.it\/wp-content\/uploads\/2020\/02\/Copertina-Cambielli-Edilfriuli-1200x843.jpg 1200w, https:\/\/showmotion.it\/wp-content\/uploads\/2020\/02\/Copertina-Cambielli-Edilfriuli.jpg 1822w\" data-sizes=\"auto\" \/><div class=\"fusion-rollover\">\n\t<div class=\"fusion-rollover-content\">\n\n\t\t\t\t\t\t\t\t\t\t\t\t\t\t<a class=\"fusion-rollover-link\" href=\"https:\/\/showmotion.it\/de\/cambielli-edilfriuli-spa\/\">Cambielli Edilfriuli spa<\/a>\n\t\t\t\n\t\t\t\t\t\t\t\t\n\t\t\n\t\t\t\t\t\t\t\t\t\t\t\t<h4 class=\"fusion-rollover-title\">\n\t\t\t\t\t<a class=\"fusion-rollover-title-link\" href=\"https:\/\/showmotion.it\/de\/cambielli-edilfriuli-spa\/\">\n\t\t\t\t\t\tCambielli Edilfriuli spa\t\t\t\t\t<\/a>\n\t\t\t\t<\/h4>\n\t\t\t\n\t\t\t\t\t\t\t\t\n\t\t\n\t\t\t\t\t\t<a class=\"fusion-link-wrapper\" href=\"https:\/\/showmotion.it\/de\/cambielli-edilfriuli-spa\/\" aria-label=\"Cambielli Edilfriuli spa\"><\/a>\n\t<\/div>\n<\/div>\n<\/div>\n<\/li>\n\t\t\t\n\t\t\t\n\t\t\t\t\t\t\t\t\t\t\t\t\t\t\t\t\t\t\t\t\t\t\t\t\t\t\t\t\t\t\t\t\t\t\t\t\t\t\t\t\t\t\t\t\t\t\t\t\t\t\t\t\t\t\t\t\t\t\t\t\t\t\t\t\t\t\t\t<\/ul>\n\t<\/div>\n\t<div class=\"fusion-post-content-wrapper\" style=\"padding:30px 25px 20px 25px;\"><div class=\"fusion-post-content post-content\"><h2 class=\"blog-shortcode-post-title entry-title\"><a href=\"https:\/\/showmotion.it\/de\/cambielli-edilfriuli-spa\/\">Cambielli Edilfriuli spa<\/a><\/h2><div class=\"fusion-content-sep sep-double sep-solid\"><\/div><div class=\"fusion-post-content-container\"><p>Silvia Bezzegato, Marketingleiter PoS Italien. Cambielli Edilfriuli Spa, I-20129 Mailand    <\/p>\n<p>Seri\u00f6ses und professionelles Unternehmen. F\u00fcr die wichtige Unternehmentsgruppe, f\u00fcr die ich [\u2026]<\/p>\n<\/div><\/div><div class=\"fusion-meta-info\"><div class=\"fusion-alignleft\"><a class=\"fusion-read-more\" href=\"https:\/\/showmotion.it\/de\/cambielli-edilfriuli-spa\/\" aria-label=\"More on Cambielli Edilfriuli spa\">Weiterlesen<\/a><\/div><\/div><\/div><div class=\"fusion-clearfix\"><\/div><\/div>\n<\/article>\n<article id=\"blog-1-post-4350\" class=\"fusion-post-grid post-4350 post type-post status-publish format-standard has-post-thumbnail hentry category-testimonials tag-andere-sektoren\">\n<div class=\"fusion-post-wrapper\" style=\"background-color:rgba(255,255,255,0);border:1px solid #ebeaea;border-bottom-width:3px;\">\n\n\t\t\t<div class=\"fusion-flexslider flexslider fusion-flexslider-loading fusion-post-slideshow\" style=\"border-color:#ebeaea;\">\n\t\t<ul class=\"slides\">\n\t\t\t\n\t\t\t\t\t\t\t\t\t\t\t\t\t\t<li><div  class=\"fusion-image-wrapper\" aria-haspopup=\"true\">\n\t\t\t\t<img decoding=\"async\" width=\"1822\" height=\"1280\" src=\"https:\/\/showmotion.it\/wp-content\/uploads\/2020\/02\/Copertina-Fliesenteam-Bock.jpg\" class=\"attachment-full size-full lazyload wp-post-image\" alt=\"\" srcset=\"data:image\/svg+xml,%3Csvg%20xmlns%3D%27http%3A%2F%2Fwww.w3.org%2F2000%2Fsvg%27%20width%3D%271822%27%20height%3D%271280%27%20viewBox%3D%270%200%201822%201280%27%3E%3Crect%20width%3D%271822%27%20height%3D%271280%27%20fill-opacity%3D%220%22%2F%3E%3C%2Fsvg%3E\" data-orig-src=\"https:\/\/showmotion.it\/wp-content\/uploads\/2020\/02\/Copertina-Fliesenteam-Bock.jpg\" data-srcset=\"https:\/\/showmotion.it\/wp-content\/uploads\/2020\/02\/Copertina-Fliesenteam-Bock-200x141.jpg 200w, https:\/\/showmotion.it\/wp-content\/uploads\/2020\/02\/Copertina-Fliesenteam-Bock-400x281.jpg 400w, https:\/\/showmotion.it\/wp-content\/uploads\/2020\/02\/Copertina-Fliesenteam-Bock-600x422.jpg 600w, https:\/\/showmotion.it\/wp-content\/uploads\/2020\/02\/Copertina-Fliesenteam-Bock-800x562.jpg 800w, https:\/\/showmotion.it\/wp-content\/uploads\/2020\/02\/Copertina-Fliesenteam-Bock-1200x843.jpg 1200w, https:\/\/showmotion.it\/wp-content\/uploads\/2020\/02\/Copertina-Fliesenteam-Bock.jpg 1822w\" data-sizes=\"auto\" \/><div class=\"fusion-rollover\">\n\t<div class=\"fusion-rollover-content\">\n\n\t\t\t\t\t\t\t\t\t\t\t\t\t\t<a class=\"fusion-rollover-link\" href=\"https:\/\/showmotion.it\/de\/fliesen-team-bock\/\">Fliesen Team Bock<\/a>\n\t\t\t\n\t\t\t\t\t\t\t\t\n\t\t\n\t\t\t\t\t\t\t\t\t\t\t\t<h4 class=\"fusion-rollover-title\">\n\t\t\t\t\t<a class=\"fusion-rollover-title-link\" href=\"https:\/\/showmotion.it\/de\/fliesen-team-bock\/\">\n\t\t\t\t\t\tFliesen Team Bock\t\t\t\t\t<\/a>\n\t\t\t\t<\/h4>\n\t\t\t\n\t\t\t\t\t\t\t\t\n\t\t\n\t\t\t\t\t\t<a class=\"fusion-link-wrapper\" href=\"https:\/\/showmotion.it\/de\/fliesen-team-bock\/\" aria-label=\"Fliesen Team Bock\"><\/a>\n\t<\/div>\n<\/div>\n<\/div>\n<\/li>\n\t\t\t\n\t\t\t\n\t\t\t\t\t\t\t\t\t\t\t\t\t\t\t\t\t\t\t\t\t\t\t\t\t\t\t\t\t\t\t\t\t\t\t\t\t\t\t\t\t\t\t\t\t\t\t\t\t\t\t\t\t\t\t\t\t\t\t\t\t\t\t\t\t\t\t\t<\/ul>\n\t<\/div>\n\t<div class=\"fusion-post-content-wrapper\" style=\"padding:30px 25px 20px 25px;\"><div class=\"fusion-post-content post-content\"><h2 class=\"blog-shortcode-post-title entry-title\"><a href=\"https:\/\/showmotion.it\/de\/fliesen-team-bock\/\">Fliesen Team Bock<\/a><\/h2><div class=\"fusion-content-sep sep-double sep-solid\"><\/div><div class=\"fusion-post-content-container\"><p>Frank Neuber, Gesch\u00e4ftsf\u00fchrer. Fliesen Team Bock GmbH, D-21698 Harsefeld      <\/p>\n<p>Ich habe sechs Ausstellungssysteme SLIDE 14 f\u00fcr 122\u00d7244 cm Fliesentafeln und ma\u00dfgeschneiderte [\u2026]<\/p>\n<\/div><\/div><div class=\"fusion-meta-info\"><div class=\"fusion-alignleft\"><a class=\"fusion-read-more\" href=\"https:\/\/showmotion.it\/de\/fliesen-team-bock\/\" aria-label=\"More on Fliesen Team Bock\">Weiterlesen<\/a><\/div><\/div><\/div><div class=\"fusion-clearfix\"><\/div><\/div>\n<\/article>\n<article id=\"blog-1-post-4343\" class=\"fusion-post-grid post-4343 post type-post status-publish format-standard has-post-thumbnail hentry category-testimonials tag-andere-sektoren\">\n<div class=\"fusion-post-wrapper\" style=\"background-color:rgba(255,255,255,0);border:1px solid #ebeaea;border-bottom-width:3px;\">\n\n\t\t\t<div class=\"fusion-flexslider flexslider fusion-flexslider-loading fusion-post-slideshow\" style=\"border-color:#ebeaea;\">\n\t\t<ul class=\"slides\">\n\t\t\t\n\t\t\t\t\t\t\t\t\t\t\t\t\t\t<li><div  class=\"fusion-image-wrapper\" aria-haspopup=\"true\">\n\t\t\t\t<img loading=\"lazy\" decoding=\"async\" width=\"640\" height=\"269\" src=\"https:\/\/showmotion.it\/wp-content\/uploads\/2019\/12\/ShowMotion_herzog-bau-gmbh-_erlangen.jpg\" class=\"attachment-full size-full lazyload wp-post-image\" alt=\"\" srcset=\"data:image\/svg+xml,%3Csvg%20xmlns%3D%27http%3A%2F%2Fwww.w3.org%2F2000%2Fsvg%27%20width%3D%27640%27%20height%3D%27269%27%20viewBox%3D%270%200%20640%20269%27%3E%3Crect%20width%3D%27640%27%20height%3D%27269%27%20fill-opacity%3D%220%22%2F%3E%3C%2Fsvg%3E\" data-orig-src=\"https:\/\/showmotion.it\/wp-content\/uploads\/2019\/12\/ShowMotion_herzog-bau-gmbh-_erlangen.jpg\" data-srcset=\"https:\/\/showmotion.it\/wp-content\/uploads\/2019\/12\/ShowMotion_herzog-bau-gmbh-_erlangen-200x84.jpg 200w, https:\/\/showmotion.it\/wp-content\/uploads\/2019\/12\/ShowMotion_herzog-bau-gmbh-_erlangen-400x168.jpg 400w, https:\/\/showmotion.it\/wp-content\/uploads\/2019\/12\/ShowMotion_herzog-bau-gmbh-_erlangen-600x252.jpg 600w, https:\/\/showmotion.it\/wp-content\/uploads\/2019\/12\/ShowMotion_herzog-bau-gmbh-_erlangen.jpg 640w\" data-sizes=\"auto\" \/><div class=\"fusion-rollover\">\n\t<div class=\"fusion-rollover-content\">\n\n\t\t\t\t\t\t\t\t\t\t\t\t\t\t<a class=\"fusion-rollover-link\" href=\"https:\/\/showmotion.it\/de\/herzog-bau\/\">Herzog Bau<\/a>\n\t\t\t\n\t\t\t\t\t\t\t\t\n\t\t\n\t\t\t\t\t\t\t\t\t\t\t\t<h4 class=\"fusion-rollover-title\">\n\t\t\t\t\t<a class=\"fusion-rollover-title-link\" href=\"https:\/\/showmotion.it\/de\/herzog-bau\/\">\n\t\t\t\t\t\tHerzog Bau\t\t\t\t\t<\/a>\n\t\t\t\t<\/h4>\n\t\t\t\n\t\t\t\t\t\t\t\t\n\t\t\n\t\t\t\t\t\t<a class=\"fusion-link-wrapper\" href=\"https:\/\/showmotion.it\/de\/herzog-bau\/\" aria-label=\"Herzog Bau\"><\/a>\n\t<\/div>\n<\/div>\n<\/div>\n<\/li>\n\t\t\t\n\t\t\t\n\t\t\t\t\t\t\t\t\t\t\t\t\t\t\t\t\t\t\t\t\t\t\t\t\t\t\t\t\t\t\t\t\t\t\t\t\t\t\t\t\t\t\t\t\t\t\t\t\t\t\t\t\t\t\t\t\t\t\t\t\t\t\t\t\t\t\t\t<\/ul>\n\t<\/div>\n\t<div class=\"fusion-post-content-wrapper\" style=\"padding:30px 25px 20px 25px;\"><div class=\"fusion-post-content post-content\"><h2 class=\"blog-shortcode-post-title entry-title\"><a href=\"https:\/\/showmotion.it\/de\/herzog-bau\/\">Herzog Bau<\/a><\/h2><div class=\"fusion-content-sep sep-double sep-solid\"><\/div><div class=\"fusion-post-content-container\"><p>Oliver Herzog, Gesch\u00e4ftsf\u00fchrer. Herzog Bau GmbH, D-91054 Erlangen      <\/p>\n<p>Wenn Sie Wert auf ein exklusives Ausstellungsdesign und sehr guten, transparenten Service legen, [\u2026]<\/p>\n<\/div><\/div><div class=\"fusion-meta-info\"><div class=\"fusion-alignleft\"><a class=\"fusion-read-more\" href=\"https:\/\/showmotion.it\/de\/herzog-bau\/\" aria-label=\"More on Herzog Bau\">Weiterlesen<\/a><\/div><\/div><\/div><div class=\"fusion-clearfix\"><\/div><\/div>\n<\/article>\n<div class=\"fusion-clearfix\"><\/div><\/div><\/div><div class=\"fusion-sep-clear\"><\/div><div class=\"fusion-separator fusion-full-width-sep\" style=\"margin-left: auto;margin-right: auto;margin-bottom:25px;width:100%;\"><\/div><div class=\"fusion-sep-clear\"><\/div><div class=\"fusion-clearfix\"><\/div><\/div><\/div><\/div><\/div><\/p>\n","protected":false},"excerpt":{"rendered":"","protected":false},"author":1,"featured_media":0,"parent":0,"menu_order":0,"comment_status":"closed","ping_status":"closed","template":"100-width.php","meta":{"footnotes":""},"class_list":["post-3282","page","type-page","status-publish","hentry"],"yoast_head":"<!-- This site is optimized with the Yoast SEO plugin v24.6 - https:\/\/yoast.com\/wordpress\/plugins\/seo\/ -->\n<title>Testimonials - Showmotion<\/title>\n<meta name=\"robots\" content=\"index, follow, max-snippet:-1, max-image-preview:large, max-video-preview:-1\" \/>\n<link rel=\"canonical\" href=\"https:\/\/showmotion.it\/de\/kunden-uber-showmotion\/\" \/>\n<meta property=\"og:locale\" content=\"de_DE\" \/>\n<meta property=\"og:type\" content=\"article\" \/>\n<meta property=\"og:title\" content=\"Testimonials - Showmotion\" \/>\n<meta property=\"og:url\" content=\"https:\/\/showmotion.it\/de\/kunden-uber-showmotion\/\" \/>\n<meta property=\"og:site_name\" content=\"Showmotion\" \/>\n<meta property=\"article:publisher\" content=\"https:\/\/www.facebook.com\/showmotion.it\/\" \/>\n<meta property=\"article:modified_time\" content=\"2020-04-02T09:43:14+00:00\" \/>\n<meta name=\"twitter:card\" content=\"summary_large_image\" \/>\n<meta name=\"twitter:label1\" content=\"Gesch\u00e4tzte Lesezeit\" \/>\n\t<meta name=\"twitter:data1\" content=\"3\u00a0Minuten\" \/>\n<script type=\"application\/ld+json\" class=\"yoast-schema-graph\">{\"@context\":\"https:\/\/schema.org\",\"@graph\":[{\"@type\":\"WebPage\",\"@id\":\"https:\/\/showmotion.it\/de\/kunden-uber-showmotion\/\",\"url\":\"https:\/\/showmotion.it\/de\/kunden-uber-showmotion\/\",\"name\":\"Testimonials - Showmotion\",\"isPartOf\":{\"@id\":\"https:\/\/showmotion.it\/de\/#website\"},\"datePublished\":\"2019-12-11T15:15:41+00:00\",\"dateModified\":\"2020-04-02T09:43:14+00:00\",\"breadcrumb\":{\"@id\":\"https:\/\/showmotion.it\/de\/kunden-uber-showmotion\/#breadcrumb\"},\"inLanguage\":\"de\",\"potentialAction\":[{\"@type\":\"ReadAction\",\"target\":[\"https:\/\/showmotion.it\/de\/kunden-uber-showmotion\/\"]}]},{\"@type\":\"BreadcrumbList\",\"@id\":\"https:\/\/showmotion.it\/de\/kunden-uber-showmotion\/#breadcrumb\",\"itemListElement\":[{\"@type\":\"ListItem\",\"position\":1,\"name\":\"Home\",\"item\":\"https:\/\/showmotion.it\/de\/\"},{\"@type\":\"ListItem\",\"position\":2,\"name\":\"Testimonials\"}]},{\"@type\":\"WebSite\",\"@id\":\"https:\/\/showmotion.it\/de\/#website\",\"url\":\"https:\/\/showmotion.it\/de\/\",\"name\":\"Showmotion\",\"description\":\"Ogni showroom un&#039;emozione\",\"publisher\":{\"@id\":\"https:\/\/showmotion.it\/de\/#organization\"},\"potentialAction\":[{\"@type\":\"SearchAction\",\"target\":{\"@type\":\"EntryPoint\",\"urlTemplate\":\"https:\/\/showmotion.it\/de\/?s={search_term_string}\"},\"query-input\":{\"@type\":\"PropertyValueSpecification\",\"valueRequired\":true,\"valueName\":\"search_term_string\"}}],\"inLanguage\":\"de\"},{\"@type\":\"Organization\",\"@id\":\"https:\/\/showmotion.it\/de\/#organization\",\"name\":\"ShowMotion\",\"url\":\"https:\/\/showmotion.it\/de\/\",\"logo\":{\"@type\":\"ImageObject\",\"inLanguage\":\"de\",\"@id\":\"https:\/\/showmotion.it\/de\/#\/schema\/logo\/image\/\",\"url\":\"https:\/\/showmotion.it\/wp-content\/uploads\/2021\/01\/logo.png\",\"contentUrl\":\"https:\/\/showmotion.it\/wp-content\/uploads\/2021\/01\/logo.png\",\"width\":272,\"height\":67,\"caption\":\"ShowMotion\"},\"image\":{\"@id\":\"https:\/\/showmotion.it\/de\/#\/schema\/logo\/image\/\"},\"sameAs\":[\"https:\/\/www.facebook.com\/showmotion.it\/\",\"https:\/\/www.linkedin.com\/company\/showmotion-it\/\"]}]}<\/script>\n<!-- \/ Yoast SEO plugin. -->","yoast_head_json":{"title":"Testimonials - Showmotion","robots":{"index":"index","follow":"follow","max-snippet":"max-snippet:-1","max-image-preview":"max-image-preview:large","max-video-preview":"max-video-preview:-1"},"canonical":"https:\/\/showmotion.it\/de\/kunden-uber-showmotion\/","og_locale":"de_DE","og_type":"article","og_title":"Testimonials - Showmotion","og_url":"https:\/\/showmotion.it\/de\/kunden-uber-showmotion\/","og_site_name":"Showmotion","article_publisher":"https:\/\/www.facebook.com\/showmotion.it\/","article_modified_time":"2020-04-02T09:43:14+00:00","twitter_card":"summary_large_image","twitter_misc":{"Gesch\u00e4tzte Lesezeit":"3\u00a0Minuten"},"schema":{"@context":"https:\/\/schema.org","@graph":[{"@type":"WebPage","@id":"https:\/\/showmotion.it\/de\/kunden-uber-showmotion\/","url":"https:\/\/showmotion.it\/de\/kunden-uber-showmotion\/","name":"Testimonials - Showmotion","isPartOf":{"@id":"https:\/\/showmotion.it\/de\/#website"},"datePublished":"2019-12-11T15:15:41+00:00","dateModified":"2020-04-02T09:43:14+00:00","breadcrumb":{"@id":"https:\/\/showmotion.it\/de\/kunden-uber-showmotion\/#breadcrumb"},"inLanguage":"de","potentialAction":[{"@type":"ReadAction","target":["https:\/\/showmotion.it\/de\/kunden-uber-showmotion\/"]}]},{"@type":"BreadcrumbList","@id":"https:\/\/showmotion.it\/de\/kunden-uber-showmotion\/#breadcrumb","itemListElement":[{"@type":"ListItem","position":1,"name":"Home","item":"https:\/\/showmotion.it\/de\/"},{"@type":"ListItem","position":2,"name":"Testimonials"}]},{"@type":"WebSite","@id":"https:\/\/showmotion.it\/de\/#website","url":"https:\/\/showmotion.it\/de\/","name":"Showmotion","description":"Ogni showroom un&#039;emozione","publisher":{"@id":"https:\/\/showmotion.it\/de\/#organization"},"potentialAction":[{"@type":"SearchAction","target":{"@type":"EntryPoint","urlTemplate":"https:\/\/showmotion.it\/de\/?s={search_term_string}"},"query-input":{"@type":"PropertyValueSpecification","valueRequired":true,"valueName":"search_term_string"}}],"inLanguage":"de"},{"@type":"Organization","@id":"https:\/\/showmotion.it\/de\/#organization","name":"ShowMotion","url":"https:\/\/showmotion.it\/de\/","logo":{"@type":"ImageObject","inLanguage":"de","@id":"https:\/\/showmotion.it\/de\/#\/schema\/logo\/image\/","url":"https:\/\/showmotion.it\/wp-content\/uploads\/2021\/01\/logo.png","contentUrl":"https:\/\/showmotion.it\/wp-content\/uploads\/2021\/01\/logo.png","width":272,"height":67,"caption":"ShowMotion"},"image":{"@id":"https:\/\/showmotion.it\/de\/#\/schema\/logo\/image\/"},"sameAs":["https:\/\/www.facebook.com\/showmotion.it\/","https:\/\/www.linkedin.com\/company\/showmotion-it\/"]}]}},"_links":{"self":[{"href":"https:\/\/showmotion.it\/de\/wp-json\/wp\/v2\/pages\/3282","targetHints":{"allow":["GET"]}}],"collection":[{"href":"https:\/\/showmotion.it\/de\/wp-json\/wp\/v2\/pages"}],"about":[{"href":"https:\/\/showmotion.it\/de\/wp-json\/wp\/v2\/types\/page"}],"author":[{"embeddable":true,"href":"https:\/\/showmotion.it\/de\/wp-json\/wp\/v2\/users\/1"}],"replies":[{"embeddable":true,"href":"https:\/\/showmotion.it\/de\/wp-json\/wp\/v2\/comments?post=3282"}],"version-history":[{"count":5,"href":"https:\/\/showmotion.it\/de\/wp-json\/wp\/v2\/pages\/3282\/revisions"}],"predecessor-version":[{"id":4898,"href":"https:\/\/showmotion.it\/de\/wp-json\/wp\/v2\/pages\/3282\/revisions\/4898"}],"wp:attachment":[{"href":"https:\/\/showmotion.it\/de\/wp-json\/wp\/v2\/media?parent=3282"}],"curies":[{"name":"wp","href":"https:\/\/api.w.org\/{rel}","templated":true}]}}